{"id":99,"date":"2021-10-28T11:28:37","date_gmt":"2021-10-28T09:28:37","guid":{"rendered":"https:\/\/semmelweis.hu\/zoldegyetem\/?page_id=99"},"modified":"2021-11-04T12:15:47","modified_gmt":"2021-11-04T11:15:47","slug":"fenntarthato-fogaszat","status":"publish","type":"page","link":"https:\/\/semmelweis.hu\/zoldegyetem\/fenntarthato-fogaszat\/","title":{"rendered":"Fenntarthat\u00f3 Fog\u00e1szat"},"content":{"rendered":"<h5 style=\"text-align: right;\">2021. \u00c1PRILIS<br \/>\nSemmelweis Egyetem<br \/>\nFogorvostudom\u00e1nyi Kar<br \/>\nPropedeutikai Tansz\u00e9k<\/h5>\n<h1 style=\"text-align: center;\">FENNTARTHAT\u00d3 FOG\u00c1SZAT<\/h1>\n<p><a href=\"https:\/\/semmelweis.hu\/zoldegyetem\/files\/2021\/10\/Fenntarthato-fogaszat-kep-01.png\"><img loading=\"lazy\" decoding=\"async\" class=\"alignnone size-full wp-image-105\" src=\"https:\/\/semmelweis.hu\/zoldegyetem\/files\/2021\/10\/Fenntarthato-fogaszat-kep-01.png\" alt=\"\" width=\"1500\" height=\"1500\" srcset=\"https:\/\/semmelweis.hu\/zoldegyetem\/files\/2021\/10\/Fenntarthato-fogaszat-kep-01.png 1500w, https:\/\/semmelweis.hu\/zoldegyetem\/files\/2021\/10\/Fenntarthato-fogaszat-kep-01-400x400.png 400w, https:\/\/semmelweis.hu\/zoldegyetem\/files\/2021\/10\/Fenntarthato-fogaszat-kep-01-1024x1024.png 1024w, https:\/\/semmelweis.hu\/zoldegyetem\/files\/2021\/10\/Fenntarthato-fogaszat-kep-01-150x150.png 150w, https:\/\/semmelweis.hu\/zoldegyetem\/files\/2021\/10\/Fenntarthato-fogaszat-kep-01-768x768.png 768w, https:\/\/semmelweis.hu\/zoldegyetem\/files\/2021\/10\/Fenntarthato-fogaszat-kep-01-753x753.png 753w\" sizes=\"auto, (max-width: 1500px) 100vw, 1500px\" \/><\/a><\/p>\n<h3>\u00a0<\/h3>\n<h5 style=\"text-align: right;\"><a href=\"https:\/\/semmelweis.hu\/zoldegyetem\/files\/2021\/10\/Fenntarthato-fogaszat-kep-02.png\"><img loading=\"lazy\" decoding=\"async\" class=\"wp-image-113 alignleft\" src=\"https:\/\/semmelweis.hu\/zoldegyetem\/files\/2021\/10\/Fenntarthato-fogaszat-kep-02.png\" alt=\"\" width=\"305\" height=\"458\" srcset=\"https:\/\/semmelweis.hu\/zoldegyetem\/files\/2021\/10\/Fenntarthato-fogaszat-kep-02.png 640w, https:\/\/semmelweis.hu\/zoldegyetem\/files\/2021\/10\/Fenntarthato-fogaszat-kep-02-267x400.png 267w\" sizes=\"auto, (max-width: 305px) 100vw, 305px\" \/><\/a><\/h5>\n<h3 style=\"text-align: justify;\"><span style=\"font-size: 18pt;\">C\u00c9LKIT\u0170Z\u00c9S<\/span><\/h3>\n<p style=\"text-align: justify;\">&#8222;Nil nocere &#8211; Gy\u00f3gy\u00edtsd a fogakat, ne \u00e1rts a k\u00f6rnyezetnek!&#8221;<\/p>\n<p style=\"text-align: justify;\">Csak egy F\u00f6ld\u00fcnk van, melyre a jelenlegin\u00e9l sokkal jobban kell vigy\u00e1znunk. Az eg\u00e9szs\u00e9ges sz\u00e1j ugyanis semmit nem \u00e9r egy beteg bolyg\u00f3n.<\/p>\n<p style=\"text-align: justify;\">Csapatunk az\u00e9rt alakult, hogy \u00f6kol\u00f3giai szeml\u00e9letm\u00f3ddal felv\u00e9rtezve a fog\u00e1szat minden szegmens\u00e9t elind\u00edtsuk egy tudatosabb, fenntarthat\u00f3bb \u00e9s k\u00f6rnyezetbar\u00e1tabb \u00faton.<\/p>\n<p style=\"text-align: justify;\">Ennek \u00e9rdek\u00e9ben a t\u00e1j\u00e9koztat\u00e1son, motiv\u00e1l\u00e1son \u00e9s szeml\u00e9letform\u00e1l\u00e1son t\u00fal c\u00e9lunk a legfrissebb kutat\u00e1si eredm\u00e9nyek bemutat\u00e1sa, valamint saj\u00e1t kutat\u00e1si projektek kidolgoz\u00e1sa a fog\u00e1szati fenntarthat\u00f3s\u00e1g ter\u00fclet\u00e9n.<\/p>\n<p style=\"text-align: justify;\">Azon dolgozunk, hogy munkacsoportunk tev\u00e9kenys\u00e9ge r\u00e9v\u00e9n a Semmelweis Egyetem kataliz\u00e1tor szerepet t\u00f6lts\u00f6n be az \u00f6sszes magyarorsz\u00e1gi fog\u00e1szat z\u00f6ld\u00edt\u00e9s\u00e9ben.<\/p>\n<h3>\u00a0<\/h3>\n<h3 style=\"text-align: justify;\">MUNKACSOPORT A K\u00d6RNYEZETTUDATOS \u00c9S FENNTARTHAT\u00d3 FOG\u00c1SZAT\u00c9RT<\/h3>\n<p style=\"text-align: justify;\">Csapatunk tagjai egyt\u0151l egyig elhivatott k\u00f6rnyezetv\u00e9d\u0151k. Eddig a mag\u00e1n\u00e9letben \u00e9s a mindennapokban gyakoroltuk z\u00f6ld\u00edt\u0151 tev\u00e9kenys\u00e9geinket, azonban most egy r\u00e9g \u00e1h\u00edtott projekt\u00fcnk val\u00f3sul meg.<\/p>\n<p style=\"text-align: justify;\">K\u00f6z\u00f6sen v\u00e9gzett, elsz\u00e1nt munk\u00e1nkkal lehet\u0151s\u00e9g\u00fcnk ny\u00edlik a hivat\u00e1sunk v\u00e9gz\u00e9s\u00e9t fenntarthat\u00f3bb\u00e1, k\u00f6rnyezettudatosabb\u00e1 tenni, amely \u00e1ltal \u00faj dimenzi\u00f3ba emelj\u00fck a fog\u00e1szat \u00e9rt\u00e9kess\u00e9g\u00e9t.<\/p>\n<p style=\"text-align: justify;\">Munkacsoportunk alakul\u00e1sakor gondos figyelmet ford\u00edtottunk arra, hogy a harm\u00f3ni\u00e1t meg\u0151rizve a lehet\u0151 leghat\u00e9konyabbak legy\u00fcnk az\u00e1ltal, hogy kompetenci\u00e1ink tekintet\u00e9ben kieg\u00e9sz\u00edtj\u00fck egym\u00e1st.<\/p>\n<h5 style=\"text-align: right;\"><a href=\"https:\/\/semmelweis.hu\/zoldegyetem\/files\/2021\/10\/Fenntarthato-fogaszat-kep-03.png\"><img loading=\"lazy\" decoding=\"async\" class=\"wp-image-114 aligncenter\" src=\"https:\/\/semmelweis.hu\/zoldegyetem\/files\/2021\/10\/Fenntarthato-fogaszat-kep-03.png\" alt=\"\" width=\"623\" height=\"415\" srcset=\"https:\/\/semmelweis.hu\/zoldegyetem\/files\/2021\/10\/Fenntarthato-fogaszat-kep-03.png 2560w, https:\/\/semmelweis.hu\/zoldegyetem\/files\/2021\/10\/Fenntarthato-fogaszat-kep-03-400x267.png 400w, https:\/\/semmelweis.hu\/zoldegyetem\/files\/2021\/10\/Fenntarthato-fogaszat-kep-03-1024x683.png 1024w, https:\/\/semmelweis.hu\/zoldegyetem\/files\/2021\/10\/Fenntarthato-fogaszat-kep-03-768x512.png 768w, https:\/\/semmelweis.hu\/zoldegyetem\/files\/2021\/10\/Fenntarthato-fogaszat-kep-03-1536x1024.png 1536w, https:\/\/semmelweis.hu\/zoldegyetem\/files\/2021\/10\/Fenntarthato-fogaszat-kep-03-2048x1365.png 2048w, https:\/\/semmelweis.hu\/zoldegyetem\/files\/2021\/10\/Fenntarthato-fogaszat-kep-03-753x502.png 753w, https:\/\/semmelweis.hu\/zoldegyetem\/files\/2021\/10\/Fenntarthato-fogaszat-kep-03-203x135.png 203w\" sizes=\"auto, (max-width: 623px) 100vw, 623px\" \/><\/a><\/h5>\n<h3>\u00a0<\/h3>\n<h1 style=\"text-align: center;\">PROJEKTEK<\/h1>\n<h3>FENNTARTHAT\u00d3S\u00c1GGAL, K\u00d6RNYEZETTUDATOSS\u00c1GGAL KAPCSOLATOS HOZZ\u00c1\u00c1LL\u00c1S, ATTIT\u0170D VIZSG\u00c1LATA A SZAKMABELIEK \u00c9S A P\u00c1CIENSEK K\u00d6R\u00c9BEN<\/h3>\n<p style=\"text-align: justify;\">A KEVESEBB N\u00c9HA T\u00d6BB, DE SOK KICSI SOKRA MEGY!<\/p>\n<p style=\"text-align: justify;\">A k\u00f6rnyezettudatos viselked\u00e9sre, az \u00f6kol\u00f3giai gondolkod\u00e1sm\u00f3dra, vagy a m\u00e9rt\u00e9kletess\u00e9gre val\u00f3 hajland\u00f3s\u00e1gunk az alapvet\u0151 \u00e9rt\u00e9krend\u00fcnket is t\u00fckr\u00f6zi.<br \/>\nSokszor nagysz\u00e1m\u00fa, \u00e1m egy\u00e9nenk\u00e9nt kicsi v\u00e1ltoztat\u00e1s is el\u00e9g ahhoz, hogy tan\u00fai \u00e9s mozgat\u00f3rug\u00f3i legy\u00fcnk egy bolyg\u00f3bar\u00e1tabb fog\u00e1szat fels\u0151bb, d\u00f6nt\u00e9shoz\u00f3i szintek \u00e1ltal is t\u00e1mogatott l\u00e9trej\u00f6tt\u00e9nek.<\/p>\n<p style=\"text-align: justify;\">Ahhoz, hogy tudjuk, hov\u00e1 tartunk, tudnunk kell, honnan indulunk.<\/p>\n<p style=\"text-align: justify;\">Reprezentat\u00edv felm\u00e9r\u00e9seket v\u00e9gz\u00fcnk a szakma k\u00e9pvisel\u0151i, illetve a fog\u00e1szati ell\u00e1t\u00e1sra \u00e9rkez\u0151 p\u00e1ciensek k\u00f6r\u00e9ben a k\u00f6rnyezettudatoss\u00e1ghoz val\u00f3 hozz\u00e1\u00e1ll\u00e1s\u00e1r\u00f3l.<\/p>\n<p>&nbsp;<\/p>\n<h3><span style=\"text-align: justify;\">FOG\u00c1SZATI HULLAD\u00c9KKEZEL\u00c9S OPTIMALIZ\u00c1L\u00c1SA<\/span><\/h3>\n<p style=\"text-align: justify;\">Egyel\u0151re nem \u00e1ll hatalmunkban a hullad\u00e9kgazd\u00e1lkod\u00e1si szervek m\u0171k\u00f6d\u00e9s\u00e9t befoly\u00e1solni.<\/p>\n<p style=\"text-align: justify;\">Ugyanakkor a m\u0171k\u00f6d\u00e9s sor\u00e1n k\u00e9pz\u0151d\u0151 hullad\u00e9kok keletkez\u00e9s\u00e9nek megel\u0151z\u00e9s\u00e9ben, vagy cs\u00f6kkent\u00e9s\u00e9ben, tov\u00e1bb\u00e1 a tudatos \u00e9s a t\u00f6rv\u00e9nyi el\u0151\u00edr\u00e1soknak megfelel\u0151 szelekt\u00e1l\u00e1s\u00e1ban \u00e9s k\u00f6lts\u00e9goptimaliz\u00e1l\u00f3 oszt\u00e1lyoz\u00e1s\u00e1ban a tettek mezej\u00e9re tudunk \u00e9s k\u00edv\u00e1nunk l\u00e9pni.<\/p>\n<p style=\"text-align: justify;\">Tantervbe illeszthet\u0151 oktat\u00e1ssal szeretn\u00e9nk m\u00e1r a kezdetekt\u0151l t\u00e1j\u00e9koztatni a hallgat\u00f3kat a fog\u00e1szati ell\u00e1t\u00e1s, valamint a rendel\u0151k \u00e9s a klinika m\u0171k\u00f6d\u00e9se sor\u00e1n keletkez\u0151 hullad\u00e9kok \u00fatj\u00e1r\u00f3l \u00e9s kezel\u00e9s\u00e9r\u0151l. Az alapokt\u00f3l kezdj\u00fck az eduk\u00e1l\u00e1st, az oktat\u00e1s anyag\u00e1t pedig \u00e1ltalunk gy\u0171jt\u00f6tt \u00e9s feldolgozott adatokkal t\u00e1masztjuk al\u00e1.<\/p>\n<p style=\"text-align: justify;\">B\u00edzunk abban, hogy ezen m\u00e9rt adatok \u00e9s sz\u00e1mok a z\u00f6ld\u00edt\u00e9st \u00f6szt\u00f6nz\u0151 jelleggel hatnak mind a fog\u00e1szatokon dolgoz\u00f3 szem\u00e9lyzet \u00f6sszes tagj\u00e1ra, mind a p\u00e1ly\u00e1juk kapuj\u00e1ban \u00e1ll\u00f3 fogorvostanhallgat\u00f3kra.<\/p>\n<p>&nbsp;<\/p>\n<h3>FENNTARTHAT\u00d3 \u00c9S K\u00d6RNYEZETBAR\u00c1T FOG\u00c1SZATI ANYAGOK \u00c9S ESZK\u00d6Z\u00d6K<\/h3>\n<h5 style=\"text-align: right;\"><a href=\"https:\/\/semmelweis.hu\/zoldegyetem\/files\/2021\/10\/Fenntarthato-fogaszat-kep-04.png\"><img loading=\"lazy\" decoding=\"async\" class=\" wp-image-115 alignleft\" src=\"https:\/\/semmelweis.hu\/zoldegyetem\/files\/2021\/10\/Fenntarthato-fogaszat-kep-04.png\" alt=\"\" width=\"252\" height=\"378\" srcset=\"https:\/\/semmelweis.hu\/zoldegyetem\/files\/2021\/10\/Fenntarthato-fogaszat-kep-04.png 2383w, https:\/\/semmelweis.hu\/zoldegyetem\/files\/2021\/10\/Fenntarthato-fogaszat-kep-04-267x400.png 267w, https:\/\/semmelweis.hu\/zoldegyetem\/files\/2021\/10\/Fenntarthato-fogaszat-kep-04-683x1024.png 683w, https:\/\/semmelweis.hu\/zoldegyetem\/files\/2021\/10\/Fenntarthato-fogaszat-kep-04-768x1152.png 768w, https:\/\/semmelweis.hu\/zoldegyetem\/files\/2021\/10\/Fenntarthato-fogaszat-kep-04-1024x1536.png 1024w, https:\/\/semmelweis.hu\/zoldegyetem\/files\/2021\/10\/Fenntarthato-fogaszat-kep-04-1366x2048.png 1366w, https:\/\/semmelweis.hu\/zoldegyetem\/files\/2021\/10\/Fenntarthato-fogaszat-kep-04-753x1129.png 753w\" sizes=\"auto, (max-width: 252px) 100vw, 252px\" \/><\/a><\/h5>\n<p style=\"text-align: justify;\">A mindennapi \u00e9letben m\u00e1r egyre t\u00f6bben tudatosanker\u00fclik a m\u0171anyag g\u00f6ngy\u00f6legeket \u00e9s az ezekbefeleslegesen csomagolt \u00e1rukat.<\/p>\n<p style=\"text-align: justify;\">Ugyanakkor a fog\u00e1szati ell\u00e1t\u00e1s sor\u00e1n haszn\u00e1latos anyagok \u00e9s eszk\u00f6z\u00f6k, tov\u00e1bb\u00e1 a szem\u00e9lyzet \u00e9s a p\u00e1ciensek v\u00e9delm\u00e9t szolg\u00e1l\u00f3 v\u00e9d\u0151eszk\u00f6z\u00f6k (barrierek) jelent\u0151s r\u00e9sze egyszer haszn\u00e1latos, eldobhat\u00f3 m\u0171anyagb\u00f3l k\u00e9sz\u00fcl, melyek napi haszn\u00e1lata nagym\u00e9rt\u00e9kben n\u00f6veli a praxis \u00f6kol\u00f3giai l\u00e1bnyom\u00e1t.<br \/>\nGondoljunk csak a tucatsz\u00e1mra a kuk\u00e1ban landol\u00f3 m\u0171anyag ny\u00e1lsz\u00edv\u00f3-v\u00e9gz\u0151d\u00e9sekre, vagy az \u00f6bl\u00edt\u0151poharakra.<\/p>\n<p style=\"text-align: justify;\">El\u00e9rhet\u0151ek m\u00e1r azonban ezeknek a <strong>t\u00f6bbsz\u00f6r haszn\u00e1latos, steriliz\u00e1lhat\u00f3<\/strong>, esetleg <strong>\u00fajrahasznos\u00edtott, vagy leboml\u00f3, komposzt\u00e1lhat\u00f3<\/strong> alternat\u00edv\u00e1i.<\/p>\n<p style=\"text-align: justify;\">Az otthoni sz\u00e1j\u00e1pol\u00e1si eszk\u00f6z\u00f6k piac\u00e1n is egyresz\u00e9lesebb a fenntarthat\u00f3bb, z\u00f6ldebb opci\u00f3k t\u00e1rh\u00e1za.<\/p>\n<p style=\"text-align: justify;\"><strong>K\u00fcldet\u00e9s\u00fcnknek tartjuk ezen megold\u00e1sok beszerz\u00e9si forr\u00e1sainak, hat\u00e9konys\u00e1g\u00e1nak \u00e9s \u00f6kol\u00f3giai l\u00e1bnyom\u00e1nak tudom\u00e1nyos vizsg\u00e1lat\u00e1t, melynek alapj\u00e1n hiteles aj\u00e1nl\u00e1sokat fogalmazhatunk meg mind a szakmabeliek, minda p\u00e1ciensek sz\u00e1m\u00e1ra.<\/strong><\/p>\n<h3>\u00a0<\/h3>\n<h3>K\u00d6RNYEZETTUDATOS \u00c9S FENNTARTHAT\u00d3 FOG\u00c1SZATOK MIN\u0150S\u00cdT\u00c9SI RENDSZER<\/h3>\n<p style=\"text-align: justify;\">C\u00e9lunk egy orsz\u00e1gos, \u00e1llami \u00e9s mag\u00e1nfinansz\u00edroz\u00e1s\u00fa rendel\u0151ket egyar\u00e1nt \u00e9rt\u00e9kel\u0151 hiteles\u00edtett min\u0151s\u00edt\u00e9si rendszer kidolgoz\u00e1sa.<\/p>\n<p style=\"text-align: justify;\">A min\u0151s\u00edt\u00e9si rendszernek k\u00f6sz\u00f6nhet\u0151en objekt\u00edven \u00e9s m\u00e9rhet\u0151en meg\u00edt\u00e9lhet\u0151 egy praxis fenntarthat\u00f3s\u00e1gi t\u00f6rekv\u00e9seinek hat\u00e1sfoka.<\/p>\n<p style=\"text-align: justify;\"><strong>A min\u0151s\u00edt\u00e9s \u00e1ltal k\u00f6rnyezettudatos \u00e9sfenntarthat\u00f3 \u00e9rt\u00e9keket vall\u00f3 \u00e9s k\u00f6zvet\u00edt\u0151 fog\u00e1szatok k\u00f6z\u00f6ss\u00e9g\u00e9t teremtj\u00fck meg.<\/strong><\/p>\n<p>&nbsp;<\/p>\n<h3>EGY\u00dcTTM\u0170K\u00d6D\u00c9S, KAPCSOLATTART\u00c1S,K\u00d6Z\u00d6SS\u00c9G\u00c9P\u00cdT\u00c9S<\/h3>\n<p style=\"text-align: justify;\">A 24. \u00f3r\u00e1ban vagyunk, hogy cselekedj\u00fcnk. K\u00e9ts\u00e9gbees\u00e9s helyett azonban hisz\u00fcnk egy \u00faj paradigma megsz\u00fclet\u00e9s\u00e9ben, \u00e9s szeretn\u00e9nk lerakni az els\u0151 \u00e9p\u00edt\u0151kock\u00e1it egy m\u00e9lt\u00e1nyosabb, \u00f6kol\u00f3giailag fenntarthat\u00f3bb \u00e9rt\u00e9kek ment\u00e9n szervez\u0151d\u0151 eg\u00e9szs\u00e9g\u00fcgyi \u00e9s fog\u00e1szati ell\u00e1t\u00e1snak.<\/p>\n<h4 style=\"text-align: center;\">&#8222;Egys\u00e9gben az er\u0151&#8221;<\/h4>\n<p style=\"text-align: justify;\"><strong>Nyitottak vagyunk az egy\u00fcttm\u0171k\u00f6d\u00e9sre hasonl\u00f3 c\u00e9lok\u00e9rt k\u00fczd\u0151szakmai vagy civil szervezetekkel \u00e9s \u00e1gazati szerepl\u0151kkel, mind ahazai, mind a nemzetk\u00f6zi er\u0151t\u00e9rben.<\/strong><\/p>\n<p style=\"text-align: justify;\">\u00daj szakmai kapcsolatokat keres\u00fcnk, l\u00e9tes\u00edt\u00fcnk \u00e9s tartunk fent mind afogorvostudom\u00e1ny, mind pedig a t\u00e1rsdiszcipl\u00edn\u00e1kat k\u00e9pvisel\u0151fels\u0151oktat\u00e1si \u00e9s kutat\u00f3 int\u00e9zm\u00e9nyek szakembereivel.<\/p>\n<p>\n<\/p>\n<h3>SOCIAL MEDIA<\/h3>\n<h4>FONTOS SZ\u00c1MUNKRA A HITELESS\u00c9G \u00c9S AZ ALAPOSS\u00c1G.<\/h4>\n<p style=\"text-align: justify;\">Projektjeinket csapatunk tagjanak t\u00f6bb \u00e9ves szakirodalmi kutat\u00f3munk\u00e1ja alapozza meg, amelyekb\u0151l szemezgetve sz\u00edvesen megosztunk \u00e9rdekess\u00e9geket!<br \/>\nErre a k\u00f6z\u00f6ss\u00e9gi m\u00e9dia eszk\u00f6zeit haszn\u00e1ljuk.<\/p>\n<p style=\"text-align: justify;\">Follow, like, share. B\u00edzunk abban, hogy a socialmedia csatorn\u00e1in kereszt\u00fcl hat\u00e9konyabb\u00e1 v\u00e1lik a csapatunk \u00e1ltal fontosnak tartott \u00e9rt\u00e9kek k\u00f6zvet\u00edt\u00e9se!<\/p>\n<p style=\"text-align: center;\">@semmelweis_susdent<\/p>\n<h5 style=\"text-align: right;\"><a href=\"https:\/\/semmelweis.hu\/zoldegyetem\/files\/2021\/10\/Fenntarthato-fogaszat-kep-05.png\"><img loading=\"lazy\" decoding=\"async\" class=\"wp-image-116 aligncenter\" src=\"https:\/\/semmelweis.hu\/zoldegyetem\/files\/2021\/10\/Fenntarthato-fogaszat-kep-05.png\" alt=\"\" width=\"900\" height=\"1349\" srcset=\"https:\/\/semmelweis.hu\/zoldegyetem\/files\/2021\/10\/Fenntarthato-fogaszat-kep-05.png 2560w, https:\/\/semmelweis.hu\/zoldegyetem\/files\/2021\/10\/Fenntarthato-fogaszat-kep-05-267x400.png 267w, https:\/\/semmelweis.hu\/zoldegyetem\/files\/2021\/10\/Fenntarthato-fogaszat-kep-05-684x1024.png 684w, https:\/\/semmelweis.hu\/zoldegyetem\/files\/2021\/10\/Fenntarthato-fogaszat-kep-05-768x1151.png 768w, https:\/\/semmelweis.hu\/zoldegyetem\/files\/2021\/10\/Fenntarthato-fogaszat-kep-05-1025x1536.png 1025w, https:\/\/semmelweis.hu\/zoldegyetem\/files\/2021\/10\/Fenntarthato-fogaszat-kep-05-1367x2048.png 1367w, https:\/\/semmelweis.hu\/zoldegyetem\/files\/2021\/10\/Fenntarthato-fogaszat-kep-05-753x1128.png 753w\" sizes=\"auto, (max-width: 900px) 100vw, 900px\" \/><\/a><\/h5>\n<p style=\"text-align: center;\">e-mail: kornyezettudatosfogaszat@gmail.com<\/p>\n<p>&nbsp;<\/p>\n<p>Szerkesztette: Fogorvostudom\u00e1nyi Kar Propedeutikai tansz\u00e9k<\/p>\n","protected":false},"excerpt":{"rendered":"<p>2021. \u00c1PRILIS Semmelweis Egyetem Fogorvostudom\u00e1nyi Kar Propedeutikai Tansz\u00e9k FENNTARTHAT\u00d3 FOG\u00c1SZAT <a href=\"https:\/\/semmelweis.hu\/zoldegyetem\/files\/2021\/10\/Fenntarthato-fogaszat-kep-01.png\"><\/a> \u00a0 <a href=\"https:\/\/semmelweis.hu\/zoldegyetem\/files\/2021\/10\/Fenntarthato-fogaszat-kep-02.png\"><\/a> C\u00c9LKIT\u0170Z\u00c9S &#8222;Nil nocere &#8211; Gy\u00f3gy\u00edtsd a fogakat, ne \u00e1rts a k\u00f6rnyezetnek!&#8221; Csak egy F\u00f6ld\u00fcnk van, melyre a jelenlegin\u00e9l sokkal jobban kell vigy\u00e1znunk. Az eg\u00e9szs\u00e9ges sz\u00e1j ugyanis semmit nem \u00e9r egy beteg bolyg\u00f3n. Csapatunk az\u00e9rt alakult, hogy \u00f6kol\u00f3giai szeml\u00e9letm\u00f3ddal felv\u00e9rtezve a fog\u00e1szat minden szegmens\u00e9t elind\u00edtsuk &hellip;<\/p>\n","protected":false},"author":288,"featured_media":0,"parent":0,"menu_order":0,"comment_status":"closed","ping_status":"closed","template":"","meta":{"_acf_changed":false,"footnotes":""},"categories":[],"tags":[],"class_list":["post-99","page","type-page","status-publish","hentry"],"acf":[],"_links":{"self":[{"href":"https:\/\/semmelweis.hu\/zoldegyetem\/wp-json\/wp\/v2\/pages\/99","targetHints":{"allow":["GET"]}}],"collection":[{"href":"https:\/\/semmelweis.hu\/zoldegyetem\/wp-json\/wp\/v2\/pages"}],"about":[{"href":"https:\/\/semmelweis.hu\/zoldegyetem\/wp-json\/wp\/v2\/types\/page"}],"author":[{"embeddable":true,"href":"https:\/\/semmelweis.hu\/zoldegyetem\/wp-json\/wp\/v2\/users\/288"}],"replies":[{"embeddable":true,"href":"https:\/\/semmelweis.hu\/zoldegyetem\/wp-json\/wp\/v2\/comments?post=99"}],"version-history":[{"count":10,"href":"https:\/\/semmelweis.hu\/zoldegyetem\/wp-json\/wp\/v2\/pages\/99\/revisions"}],"predecessor-version":[{"id":125,"href":"https:\/\/semmelweis.hu\/zoldegyetem\/wp-json\/wp\/v2\/pages\/99\/revisions\/125"}],"wp:attachment":[{"href":"https:\/\/semmelweis.hu\/zoldegyetem\/wp-json\/wp\/v2\/media?parent=99"}],"wp:term":[{"taxonomy":"category","embeddable":true,"href":"https:\/\/semmelweis.hu\/zoldegyetem\/wp-json\/wp\/v2\/categories?post=99"},{"taxonomy":"post_tag","embeddable":true,"href":"https:\/\/semmelweis.hu\/zoldegyetem\/wp-json\/wp\/v2\/tags?post=99"}],"curies":[{"name":"wp","href":"https:\/\/api.w.org\/{rel}","templated":true}]}}