{"id":8,"date":"2021-09-02T13:24:05","date_gmt":"2021-09-02T11:24:05","guid":{"rendered":"https:\/\/semmelweis.hu\/zoldegyetem\/?page_id=8"},"modified":"2022-03-26T11:02:50","modified_gmt":"2022-03-26T10:02:50","slug":"bemutatkozas","status":"publish","type":"page","link":"https:\/\/semmelweis.hu\/zoldegyetem\/bemutatkozas\/","title":{"rendered":"Bemutatkoz\u00e1s"},"content":{"rendered":"<h1 style=\"text-align: center\">Bemutatkoz\u00e1s<\/h1>\n<p><strong>Kedves L\u00e1togat\u00f3!<\/strong><\/p>\n<p style=\"text-align: justify\">K\u00f6sz\u00f6nj\u00fck, hogy felkereste a Semmelweis Egyetem &#8211; Z\u00f6ld Egyetem honlapj\u00e1t, melyet Egyetem\u00fcnk fenntarthat\u00f3s\u00e1ggal, k\u00f6rnyezetv\u00e9delemmel kapcsolatos tev\u00e9kenys\u00e9g\u00e9nek bemutat\u00e1s\u00e1ra hoztuk l\u00e9tre.<\/p>\n<p style=\"text-align: justify\">Az oldalon felh\u00edv\u00e1sokat tesz\u00fcnk k\u00f6zz\u00e9 egyetemi, orsz\u00e1gos vagy ak\u00e1r nemzetk\u00f6zi programokr\u00f3l, esem\u00e9nyekr\u0151l, mint amilyen pl. a <em>M\u0171anyagmentes J\u00falius<\/em>, a <em>Nemzetk\u00f6zi Aut\u00f3mentes H\u00e9t<\/em> vagy a <em>Moon Bike kih\u00edv\u00e1s<\/em>. Minden kedves \u00e9rdekl\u0151d\u0151t arra buzd\u00edtunk, hogy csatlakozzanak ezekhez a programokhoz egy\u00e9nileg, kisebb k\u00f6z\u00f6ss\u00e9ggel vagy ak\u00e1r a komplett szervezeti egys\u00e9g\u00fcket is bevonva. \u00cdgy r\u00e9szes\u00e9v\u00e9 v\u00e1lhatnak a fenntarthat\u00f3bb, \u00e9lhet\u0151bb bolyg\u00f3 megteremt\u00e9s\u00e9nek, amire ezek az esem\u00e9nyek ir\u00e1nyulnak. A lezajlott programokr\u00f3l besz\u00e1mol\u00f3kat tesz\u00fcnk k\u00f6zz\u00e9 az oldalon, amit a H\u00edrek men\u00fcpontban olvashatnak.<\/p>\n<p style=\"text-align: justify\">Olyan egyetemi csoportokat, szervezeti egys\u00e9geket is bemutatunk, akik saj\u00e1t projektekkel, v\u00e1llal\u00e1sokkal most is jav\u00e1ban tesznek a z\u00f6ldebb k\u00f6rnyezet\u00e9rt. Vel\u00fck az Akikre b\u00fcszk\u00e9k vagyunk f\u00fcl alatt tal\u00e1lkozhatnak.<\/p>\n<p style=\"text-align: justify\">Z\u00f6ld t\u00e9rk\u00e9p\u00fcnk interakt\u00edv m\u00f3don mutatja meg, hol tal\u00e1lhat\u00f3ak az Egyetem k\u00f6rnyezetv\u00e9delemhez kapcsol\u00f3d\u00f3 infrastrukt\u00far\u00e1i (szelekt\u00edv hullad\u00e9kgy\u0171jt\u0151k, ker\u00e9kp\u00e1rt\u00e1rol\u00f3k, elemgy\u0171jt\u0151k, stb.), lehet\u0151s\u00e9geinkhez m\u00e9rten naprak\u00e9szen.<\/p>\n<p>&nbsp;<\/p>\n<p style=\"text-align: justify\"><strong>Kellemes b\u00f6ng\u00e9sz\u00e9st k\u00edv\u00e1nunk!<\/strong><\/p>\n","protected":false},"excerpt":{"rendered":"<p>Kedves L\u00e1togat\u00f3!<\/p>\n<p>K\u00f6sz\u00f6nj\u00fck, hogy felkereste a Semmelweis Egyetem &#8211; Z\u00f6ld Egyetem honlapj\u00e1t, melyet Egyetem\u00fcnk fenntarthat\u00f3s\u00e1ggal, k\u00f6rnyezetv\u00e9delemmel kapcsolatos tev\u00e9kenys\u00e9g\u00e9nek bemutat\u00e1s\u00e1ra hoztuk l\u00e9tre.<\/p>\n<p>Az oldalon felh\u00edv\u00e1sokat tesz\u00fcnk k\u00f6zz\u00e9 egyetemi, orsz\u00e1gos vagy ak\u00e1r nemzetk\u00f6zi programokr\u00f3l, esem\u00e9nyekr\u0151l, mint amilyen pl. a M\u0171anyagmentes J\u00falius, a Nemzetk\u00f6zi Aut\u00f3mentes H\u00e9t vagy a Moon Bike kih\u00edv\u00e1s. Minden kedves \u00e9rdekl\u0151d\u0151t arra buzd\u00edtunk, hogy csatlakozzanak ezekhez a programokhoz egy\u00e9nileg, kisebb k\u00f6z\u00f6ss\u00e9ggel vagy ak\u00e1r a komplett szervezeti egys\u00e9g\u00fcket is bevonva. \u00cdgy r\u00e9szes\u00e9v\u00e9 v\u00e1lhatnak a fenntarthat\u00f3bb, \u00e9lhet\u0151bb bolyg\u00f3 megteremt\u00e9s\u00e9nek, amire ezek az esem\u00e9nyek ir\u00e1nyulnak.<\/p>\n","protected":false},"author":12,"featured_media":9,"parent":0,"menu_order":0,"comment_status":"closed","ping_status":"closed","template":"","meta":{"_acf_changed":false,"footnotes":""},"categories":[],"tags":[],"class_list":["post-8","page","type-page","status-publish","has-post-thumbnail","hentry"],"acf":[],"_links":{"self":[{"href":"https:\/\/semmelweis.hu\/zoldegyetem\/wp-json\/wp\/v2\/pages\/8","targetHints":{"allow":["GET"]}}],"collection":[{"href":"https:\/\/semmelweis.hu\/zoldegyetem\/wp-json\/wp\/v2\/pages"}],"about":[{"href":"https:\/\/semmelweis.hu\/zoldegyetem\/wp-json\/wp\/v2\/types\/page"}],"author":[{"embeddable":true,"href":"https:\/\/semmelweis.hu\/zoldegyetem\/wp-json\/wp\/v2\/users\/12"}],"replies":[{"embeddable":true,"href":"https:\/\/semmelweis.hu\/zoldegyetem\/wp-json\/wp\/v2\/comments?post=8"}],"version-history":[{"count":10,"href":"https:\/\/semmelweis.hu\/zoldegyetem\/wp-json\/wp\/v2\/pages\/8\/revisions"}],"predecessor-version":[{"id":334,"href":"https:\/\/semmelweis.hu\/zoldegyetem\/wp-json\/wp\/v2\/pages\/8\/revisions\/334"}],"wp:featuredmedia":[{"embeddable":true,"href":"https:\/\/semmelweis.hu\/zoldegyetem\/wp-json\/wp\/v2\/media\/9"}],"wp:attachment":[{"href":"https:\/\/semmelweis.hu\/zoldegyetem\/wp-json\/wp\/v2\/media?parent=8"}],"wp:term":[{"taxonomy":"category","embeddable":true,"href":"https:\/\/semmelweis.hu\/zoldegyetem\/wp-json\/wp\/v2\/categories?post=8"},{"taxonomy":"post_tag","embeddable":true,"href":"https:\/\/semmelweis.hu\/zoldegyetem\/wp-json\/wp\/v2\/tags?post=8"}],"curies":[{"name":"wp","href":"https:\/\/api.w.org\/{rel}","templated":true}]}}