{"id":6,"date":"2021-09-02T13:19:14","date_gmt":"2021-09-02T11:19:14","guid":{"rendered":"https:\/\/semmelweis.hu\/zoldegyetem\/?page_id=6"},"modified":"2024-05-16T09:41:38","modified_gmt":"2024-05-16T07:41:38","slug":"elerhetoseg","status":"publish","type":"page","link":"https:\/\/semmelweis.hu\/zoldegyetem\/elerhetoseg\/","title":{"rendered":"El\u00e9rhet\u0151s\u00e9g"},"content":{"rendered":"<h3 style=\"text-align: center\">Z\u00d6LD EGYETEM EL\u00c9RHET\u0150S\u00c9G<\/h3>\n<div>\u00a0<\/div>\n<div class=\"contact-data mb-2\"><i class=\"fa fa-map-marker\" aria-hidden=\"true\"><\/i>\u00a0<\/p>\n<div class=\"d-inline-block ml-2\"><strong><span class=\"text-uppercase\">C\u00cdM:<\/span><\/strong><br \/>\nH-1083 Budapest, Ill\u00e9s utca 15.<\/div>\n<\/div>\n<div class=\"contact-data mb-2\"><i class=\"fa fa-phone\" aria-hidden=\"true\"><\/i>\u00a0<\/p>\n<div class=\"d-inline-block ml-2\"><strong><span class=\"text-uppercase\">TELEFON:<\/span><\/strong><br \/>\n+36 1 459 1500\/60600<\/div>\n<\/div>\n<div class=\"contact-data mb-2\"><i class=\"fa fa-envelope-o\" aria-hidden=\"true\"><\/i>\u00a0<\/p>\n<div class=\"d-inline-block ml-2\"><strong><span class=\"text-uppercase\">E-MAIL:<\/span><\/strong><br \/>\n<a href=\"mailto:zoldegyetem@semmelweis-univ.hu\">zoldegyetem@semmelweis.hu<\/a><\/div>\n<\/div>\n<p>&nbsp;<\/p>\n<h5 style=\"text-align: center\">\u00cdrjon nek\u00fcnk:<\/h5>\n\n<div class=\"wpcf7 no-js\" id=\"wpcf7-f37-o1\" lang=\"hu-HU\" dir=\"ltr\" data-wpcf7-id=\"37\">\n<div class=\"screen-reader-response\"><p role=\"status\" aria-live=\"polite\" aria-atomic=\"true\"><\/p> <ul><\/ul><\/div>\n<form action=\"\/zoldegyetem\/wp-json\/wp\/v2\/pages\/6#wpcf7-f37-o1\" method=\"post\" class=\"wpcf7-form init\" aria-label=\"Kapcsolatfelv\u00e9teli \u0171rlap\" novalidate=\"novalidate\" data-status=\"init\">\n<div style=\"display: none;\">\n<input type=\"hidden\" name=\"_wpcf7\" value=\"37\" \/>\n<input type=\"hidden\" name=\"_wpcf7_version\" value=\"6.0.5\" \/>\n<input type=\"hidden\" name=\"_wpcf7_locale\" value=\"hu_HU\" \/>\n<input type=\"hidden\" name=\"_wpcf7_unit_tag\" value=\"wpcf7-f37-o1\" \/>\n<input type=\"hidden\" name=\"_wpcf7_container_post\" value=\"0\" \/>\n<input type=\"hidden\" name=\"_wpcf7_posted_data_hash\" value=\"\" \/>\n<input type=\"hidden\" name=\"_wpcf7cf_hidden_group_fields\" value=\"[]\" \/>\n<input type=\"hidden\" name=\"_wpcf7cf_hidden_groups\" value=\"[]\" \/>\n<input type=\"hidden\" name=\"_wpcf7cf_visible_groups\" value=\"[]\" \/>\n<input type=\"hidden\" name=\"_wpcf7cf_repeaters\" value=\"[]\" \/>\n<input type=\"hidden\" name=\"_wpcf7cf_steps\" value=\"{}\" \/>\n<input type=\"hidden\" name=\"_wpcf7cf_options\" value=\"{&quot;form_id&quot;:37,&quot;conditions&quot;:[],&quot;settings&quot;:{&quot;animation&quot;:&quot;yes&quot;,&quot;animation_intime&quot;:200,&quot;animation_outtime&quot;:200,&quot;conditions_ui&quot;:&quot;normal&quot;,&quot;notice_dismissed&quot;:false}}\" \/>\n<input type=\"hidden\" name=\"_wpcf7_recaptcha_response\" value=\"\" \/>\n<\/div>\n<p><label> N\u00e9v<br \/>\n<span class=\"wpcf7-form-control-wrap\" data-name=\"your-name\"><input size=\"40\" maxlength=\"400\" class=\"wpcf7-form-control wpcf7-text wpcf7-validates-as-required\" aria-required=\"true\" aria-invalid=\"false\" value=\"\" type=\"text\" name=\"your-name\" \/><\/span> <\/label>\n<\/p>\n<p><label> E-mail c\u00edm<br \/>\n<span class=\"wpcf7-form-control-wrap\" data-name=\"your-email\"><input size=\"40\" maxlength=\"400\" class=\"wpcf7-form-control wpcf7-email wpcf7-validates-as-required wpcf7-text wpcf7-validates-as-email\" aria-required=\"true\" aria-invalid=\"false\" value=\"\" type=\"email\" name=\"your-email\" \/><\/span> <\/label>\n<\/p>\n<p><label> T\u00e1rgy<br \/>\n<span class=\"wpcf7-form-control-wrap\" data-name=\"your-subject\"><input size=\"40\" maxlength=\"400\" class=\"wpcf7-form-control wpcf7-text wpcf7-validates-as-required\" aria-required=\"true\" aria-invalid=\"false\" value=\"\" type=\"text\" name=\"your-subject\" \/><\/span> <\/label>\n<\/p>\n<p><label> \u00dczenet (nem k\u00f6telez\u0151)<br \/>\n<span class=\"wpcf7-form-control-wrap\" data-name=\"your-message\"><textarea cols=\"40\" rows=\"10\" maxlength=\"2000\" class=\"wpcf7-form-control wpcf7-textarea\" aria-invalid=\"false\" name=\"your-message\"><\/textarea><\/span> <\/label>\n<\/p>\n<p><input class=\"wpcf7-form-control wpcf7-submit has-spinner\" type=\"submit\" value=\"Bek\u00fcld\u00e9s\" \/>\n<\/p><div class=\"wpcf7-response-output\" aria-hidden=\"true\"><\/div>\n<\/form>\n<\/div>\n\n","protected":false},"excerpt":{"rendered":"<p>Z\u00d6LD EGYETEM EL\u00c9RHET\u0150S\u00c9G<br \/>\n\u00a0<br \/>\n\u00a0<br \/>\nC\u00cdM:<br \/>\nH-1083 Budapest, Ill\u00e9s utca 15.<\/p>\n<p>\u00a0<br \/>\nTELEFON:<br \/>\n+36 1 459 1500\/60600<\/p>\n<p>\u00a0<br \/>\nE-MAIL:<br \/>\n<a href=\"mailto:zoldegyetem@semmelweis-univ.hu\">zoldegyetem@semmelweis.hu<\/a><\/p>\n<p>&nbsp;<br \/>\n\u00cdrjon nek\u00fcnk:<\/p>\n","protected":false},"author":12,"featured_media":0,"parent":0,"menu_order":9,"comment_status":"closed","ping_status":"closed","template":"","meta":{"_acf_changed":false,"footnotes":""},"categories":[],"tags":[],"class_list":["post-6","page","type-page","status-publish","hentry"],"acf":[],"_links":{"self":[{"href":"https:\/\/semmelweis.hu\/zoldegyetem\/wp-json\/wp\/v2\/pages\/6","targetHints":{"allow":["GET"]}}],"collection":[{"href":"https:\/\/semmelweis.hu\/zoldegyetem\/wp-json\/wp\/v2\/pages"}],"about":[{"href":"https:\/\/semmelweis.hu\/zoldegyetem\/wp-json\/wp\/v2\/types\/page"}],"author":[{"embeddable":true,"href":"https:\/\/semmelweis.hu\/zoldegyetem\/wp-json\/wp\/v2\/users\/12"}],"replies":[{"embeddable":true,"href":"https:\/\/semmelweis.hu\/zoldegyetem\/wp-json\/wp\/v2\/comments?post=6"}],"version-history":[{"count":9,"href":"https:\/\/semmelweis.hu\/zoldegyetem\/wp-json\/wp\/v2\/pages\/6\/revisions"}],"predecessor-version":[{"id":566,"href":"https:\/\/semmelweis.hu\/zoldegyetem\/wp-json\/wp\/v2\/pages\/6\/revisions\/566"}],"wp:attachment":[{"href":"https:\/\/semmelweis.hu\/zoldegyetem\/wp-json\/wp\/v2\/media?parent=6"}],"wp:term":[{"taxonomy":"category","embeddable":true,"href":"https:\/\/semmelweis.hu\/zoldegyetem\/wp-json\/wp\/v2\/categories?post=6"},{"taxonomy":"post_tag","embeddable":true,"href":"https:\/\/semmelweis.hu\/zoldegyetem\/wp-json\/wp\/v2\/tags?post=6"}],"curies":[{"name":"wp","href":"https:\/\/api.w.org\/{rel}","templated":true}]}}