{"id":51,"date":"2021-10-12T16:19:21","date_gmt":"2021-10-12T14:19:21","guid":{"rendered":"https:\/\/semmelweis.hu\/zoldegyetem\/?page_id=51"},"modified":"2021-11-04T14:02:41","modified_gmt":"2021-11-04T13:02:41","slug":"viragultetes-a-net-zold-egyetem-projekt-kereteben","status":"publish","type":"page","link":"https:\/\/semmelweis.hu\/zoldegyetem\/viragultetes-a-net-zold-egyetem-projekt-kereteben\/","title":{"rendered":"Vir\u00e1g\u00fcltet\u00e9s a NET Z\u00f6ld Egyetem projekt keret\u00e9ben"},"content":{"rendered":"<h1 style=\"text-align: center;\">Vir\u00e1g\u00fcltet\u00e9s a Nagyv\u00e1rad t\u00e9ri Elm\u00e9leti T\u00f6mbn\u00e9l a Z\u00f6ld Egyetem projekt keret\u00e9ben<\/h1>\n<p><a href=\"https:\/\/semmelweis.hu\/zoldegyetem\/files\/2021\/10\/NET_Viragultetes_Kep_1.png\"><img loading=\"lazy\" decoding=\"async\" class=\"alignnone  wp-image-58\" src=\"https:\/\/semmelweis.hu\/zoldegyetem\/files\/2021\/10\/NET_Viragultetes_Kep_1.png\" alt=\"\" width=\"910\" height=\"550\" srcset=\"https:\/\/semmelweis.hu\/zoldegyetem\/files\/2021\/10\/NET_Viragultetes_Kep_1.png 1384w, https:\/\/semmelweis.hu\/zoldegyetem\/files\/2021\/10\/NET_Viragultetes_Kep_1-400x242.png 400w, https:\/\/semmelweis.hu\/zoldegyetem\/files\/2021\/10\/NET_Viragultetes_Kep_1-1024x619.png 1024w, https:\/\/semmelweis.hu\/zoldegyetem\/files\/2021\/10\/NET_Viragultetes_Kep_1-768x464.png 768w, https:\/\/semmelweis.hu\/zoldegyetem\/files\/2021\/10\/NET_Viragultetes_Kep_1-753x455.png 753w\" sizes=\"auto, (max-width: 910px) 100vw, 910px\" \/><\/a><\/p>\n<p style=\"text-align: justify;\">A Z\u00f6ld Egyetem projekt 2021. m\u00e1rcius\u00e1ban indult h\u00f3d\u00edt\u00f3 \u00fatj\u00e1ra, melynek c\u00e9lja egy k\u00f6rnyezettudatosabb, oktat\u00f3-\u00e9s hallgat\u00f3bar\u00e1tabb, fenntarthat\u00f3bb \u00e9s \u00e9lhet\u0151bb Semmelweis Egyetem megteremt\u00e9se az ott dolgoz\u00f3k, az oktat\u00f3k \u00e9s nem utols\u00f3 sorban az ott tanul\u00f3 hallgat\u00f3k sz\u00e1m\u00e1ra. Ez\u00e9rt rendk\u00edv\u00fcl sokat kell mindannyiunknak tennie \u00e9s ez kis l\u00e9p\u00e9sekben ugyan, de dinamikusan form\u00e1t kezdett \u00f6lteni. A c\u00e9l el\u00e9r\u00e9s\u00e9hez k\u00fcl\u00f6nb\u00f6z\u0151 kezdem\u00e9nyez\u00e9seket, el\u0151ad\u00e1sokat \u00e9s programokat szerveznek \u00e9s rendeznek meg a Hallgat\u00f3i \u00d6nkorm\u00e1nyzat tagjai.<\/p>\n<p><a href=\"https:\/\/semmelweis.hu\/zoldegyetem\/files\/2021\/10\/NET_Viragultetes_Kep_2.png\"><img loading=\"lazy\" decoding=\"async\" class=\"alignnone  wp-image-60\" src=\"https:\/\/semmelweis.hu\/zoldegyetem\/files\/2021\/10\/NET_Viragultetes_Kep_2.png\" alt=\"\" width=\"909\" height=\"606\" srcset=\"https:\/\/semmelweis.hu\/zoldegyetem\/files\/2021\/10\/NET_Viragultetes_Kep_2.png 1026w, https:\/\/semmelweis.hu\/zoldegyetem\/files\/2021\/10\/NET_Viragultetes_Kep_2-400x267.png 400w, https:\/\/semmelweis.hu\/zoldegyetem\/files\/2021\/10\/NET_Viragultetes_Kep_2-1024x683.png 1024w, https:\/\/semmelweis.hu\/zoldegyetem\/files\/2021\/10\/NET_Viragultetes_Kep_2-768x512.png 768w, https:\/\/semmelweis.hu\/zoldegyetem\/files\/2021\/10\/NET_Viragultetes_Kep_2-753x502.png 753w, https:\/\/semmelweis.hu\/zoldegyetem\/files\/2021\/10\/NET_Viragultetes_Kep_2-203x135.png 203w\" sizes=\"auto, (max-width: 909px) 100vw, 909px\" \/><\/a><\/p>\n<p style=\"text-align: justify;\">Ennek k\u00f6sz\u00f6nhet\u0151en sz\u00fcletett meg \u00e9s v\u00e1lt val\u00f3ra szeptemberben k\u00e9t alkalommal is a vir\u00e1g\u00fcltet\u00e9s, \u00e9s a rem\u00e9nyek szerint a szemeszter folyam\u00e1n m\u00e9g lesz lehet\u0151s\u00e9g ezt a programsorozatot folytatni, mi t\u00f6bb, a k\u00e9s\u0151bbiekben is c\u00e9lzott elhat\u00e1roz\u00e1s ennek folytat\u00e1sa.<\/p>\n<p><a href=\"https:\/\/semmelweis.hu\/zoldegyetem\/files\/2021\/10\/NET_Viragultetes_Kep_3.png\"><img loading=\"lazy\" decoding=\"async\" class=\"alignnone  wp-image-61\" src=\"https:\/\/semmelweis.hu\/zoldegyetem\/files\/2021\/10\/NET_Viragultetes_Kep_3.png\" alt=\"\" width=\"909\" height=\"605\" srcset=\"https:\/\/semmelweis.hu\/zoldegyetem\/files\/2021\/10\/NET_Viragultetes_Kep_3.png 1002w, https:\/\/semmelweis.hu\/zoldegyetem\/files\/2021\/10\/NET_Viragultetes_Kep_3-400x266.png 400w, https:\/\/semmelweis.hu\/zoldegyetem\/files\/2021\/10\/NET_Viragultetes_Kep_3-768x511.png 768w, https:\/\/semmelweis.hu\/zoldegyetem\/files\/2021\/10\/NET_Viragultetes_Kep_3-753x501.png 753w, https:\/\/semmelweis.hu\/zoldegyetem\/files\/2021\/10\/NET_Viragultetes_Kep_3-203x135.png 203w\" sizes=\"auto, (max-width: 909px) 100vw, 909px\" \/><\/a><\/p>\n<p style=\"text-align: justify;\">A r\u00e9sztvev\u0151k k\u00f6z\u00f6tt tudhatjuk a Semmelweis Egyetem v\u00e1llalkoz\u00f3 szellem\u0171 \u00e9s f\u00e1radhatatlan hallgat\u00f3it, a Hallgat\u00f3i \u00d6nkorm\u00e1nyzatot \u00e9s a M\u0171szaki F\u0151igazgat\u00f3s\u00e1g parkfenntart\u00e1sban j\u00e1rtas munkat\u00e1rsait, akik seg\u00edts\u00e9ge \u00e9s k\u00f6zrem\u0171k\u00f6d\u00e9se meghat\u00e1roz\u00f3 \u00e9s n\u00e9lk\u00fcl\u00f6zhetetlen volt. A kit\u0171z\u00f6tt c\u00e9l a hallgat\u00f3k \u00e1ltal igen gyakran l\u00e1togatott Nagyv\u00e1rad t\u00e9ri Elm\u00e9leti T\u00f6mb \u00e9l\u00e9nk\u00edt\u00e9se, soksz\u00edn\u0171s\u00edt\u00e9se \u00e9s hallgat\u00f3bar\u00e1tabb\u00e1 val\u00f3 t\u00e9tele.\u00a0<\/p>\n<p><a href=\"https:\/\/semmelweis.hu\/zoldegyetem\/files\/2021\/10\/NET_Viragultetes_Kep_4.png\"><img loading=\"lazy\" decoding=\"async\" class=\"alignnone  wp-image-62\" src=\"https:\/\/semmelweis.hu\/zoldegyetem\/files\/2021\/10\/NET_Viragultetes_Kep_4.png\" alt=\"\" width=\"910\" height=\"606\" srcset=\"https:\/\/semmelweis.hu\/zoldegyetem\/files\/2021\/10\/NET_Viragultetes_Kep_4.png 922w, https:\/\/semmelweis.hu\/zoldegyetem\/files\/2021\/10\/NET_Viragultetes_Kep_4-400x266.png 400w, https:\/\/semmelweis.hu\/zoldegyetem\/files\/2021\/10\/NET_Viragultetes_Kep_4-768x511.png 768w, https:\/\/semmelweis.hu\/zoldegyetem\/files\/2021\/10\/NET_Viragultetes_Kep_4-753x501.png 753w, https:\/\/semmelweis.hu\/zoldegyetem\/files\/2021\/10\/NET_Viragultetes_Kep_4-203x135.png 203w\" sizes=\"auto, (max-width: 910px) 100vw, 910px\" \/><\/a><\/p>\n<p style=\"text-align: justify;\">Mindk\u00e9t \u00fcltet\u00e9s szerda d\u00e9lel\u0151tti alkalommal ker\u00fclt megrendez\u00e9sre, ahol sz\u00e1mos r\u00e9szvev\u0151 seg\u00edts\u00e9g\u00e9vel rengeteg f\u00e1ssz\u00e1r\u00fa, bokros n\u00f6v\u00e9nnyel, kisebb \u00f6r\u00f6kz\u00f6ldekkel \u00e9s cserj\u00e9kkel, k\u00fcl\u00f6nb\u00f6z\u0151 d\u00edszf\u00fcvekkel, levendul\u00e1kkal, r\u00f3zs\u00e1kkal \u00e9s megannyi m\u00e1sfajta sz\u00ednpomp\u00e1s vir\u00e1ggal \u00e9s n\u00f6v\u00e9nnyel sz\u00ednes\u00edtett\u00e9k \u00e9s sz\u00e9p\u00edtett\u00e9k a hallgat\u00f3k Egyetem\u00fcnk k\u00f6zvetlen k\u00f6rnyezet\u00e9t.<\/p>\n<p><a href=\"https:\/\/semmelweis.hu\/zoldegyetem\/files\/2021\/10\/NET_Viragultetes_Kep_5.png\"><img loading=\"lazy\" decoding=\"async\" class=\"alignnone  wp-image-63\" src=\"https:\/\/semmelweis.hu\/zoldegyetem\/files\/2021\/10\/NET_Viragultetes_Kep_5.png\" alt=\"\" width=\"902\" height=\"601\" srcset=\"https:\/\/semmelweis.hu\/zoldegyetem\/files\/2021\/10\/NET_Viragultetes_Kep_5.png 1239w, https:\/\/semmelweis.hu\/zoldegyetem\/files\/2021\/10\/NET_Viragultetes_Kep_5-400x267.png 400w, https:\/\/semmelweis.hu\/zoldegyetem\/files\/2021\/10\/NET_Viragultetes_Kep_5-1024x683.png 1024w, https:\/\/semmelweis.hu\/zoldegyetem\/files\/2021\/10\/NET_Viragultetes_Kep_5-768x512.png 768w, https:\/\/semmelweis.hu\/zoldegyetem\/files\/2021\/10\/NET_Viragultetes_Kep_5-753x502.png 753w, https:\/\/semmelweis.hu\/zoldegyetem\/files\/2021\/10\/NET_Viragultetes_Kep_5-203x135.png 203w\" sizes=\"auto, (max-width: 902px) 100vw, 902px\" \/><\/a><\/p>\n<p style=\"text-align: justify;\">A M\u0171szaki F\u0151igazgat\u00f3s\u00e1g parkfenntart\u00f3 munkat\u00e1rsai nagym\u00e9rt\u00e9kben seg\u00edtettek a n\u00f6v\u00e9nyek, vir\u00e1gok, illetve a sz\u00fcks\u00e9ges eszk\u00f6z\u00f6k, kasp\u00f3k \u00e9s term\u0151f\u00f6ld sz\u00e1ll\u00edt\u00e1s\u00e1ban \u00e9s rakod\u00e1s\u00e1ban. Tov\u00e1bb\u00e1 a lelkes hallgat\u00f3k rendelkez\u00e9s\u00e9re bocs\u00e1tott\u00e1k az \u00fcltet\u00e9shez elengedhetetlen eszk\u00f6z\u00f6ket \u00e9s ell\u00e1tt\u00e1k \u0151ket a messzemen\u0151en j\u00f3 megl\u00e1t\u00e1s\u00fa tan\u00e1csaikkal \u00e9s tapasztalataikkal.<\/p>\n<p style=\"text-align: justify;\">A Hallgat\u00f3i \u00d6nkorm\u00e1nyzat \u00e9s a M\u0171szaki F\u0151igazgat\u00f3s\u00e1g k\u00f6z\u00f6tti szorosabb egy\u00fcttm\u0171k\u00f6d\u00e9ssel m\u00e9g sz\u00e1mos hasonl\u00f3 \u00e9s rendk\u00edv\u00fcl hasznos kezdem\u00e9nyez\u00e9s, valamint program j\u00f6het l\u00e9tre, amelyek a rem\u00e9nyekkel \u00e9s v\u00e1rakoz\u00e1ssal teli j\u00f6v\u0151be mutatnak utat a Semmelweis Egyetem \u00e9s a Z\u00f6ld Egyetem projekt sz\u00e1m\u00e1ra.<\/p>\n<p>Szerkesztette: F\u00fcredi \u00c9va (BTI &#8211; KVO)<\/p>\n","protected":false},"excerpt":{"rendered":"<p>Sz\u00e1mos \u00f6nk\u00e9ntes r\u00e9szvev\u0151 seg\u00edts\u00e9g\u00e9vel rengeteg f\u00e1ssz\u00e1r\u00fa, bokros n\u00f6v\u00e9nnyel, kisebb \u00f6r\u00f6kz\u00f6ldekkel \u00e9s cserj\u00e9kkel, k\u00fcl\u00f6nb\u00f6z\u0151 d\u00edszf\u00fcvekkel, levendul\u00e1kkal, r\u00f3zs\u00e1kkal \u00e9s megannyi m\u00e1sfajta sz\u00ednpomp\u00e1s vir\u00e1ggal \u00e9s n\u00f6v\u00e9nnyel sz\u00ednes\u00edtett\u00e9k \u00e9s sz\u00e9p\u00edtett\u00e9k a hallgat\u00f3k NET el\u0151tti teret.<\/p>\n","protected":false},"author":288,"featured_media":0,"parent":0,"menu_order":0,"comment_status":"closed","ping_status":"closed","template":"","meta":{"_acf_changed":false,"footnotes":""},"categories":[],"tags":[],"class_list":["post-51","page","type-page","status-publish","hentry"],"acf":[],"_links":{"self":[{"href":"https:\/\/semmelweis.hu\/zoldegyetem\/wp-json\/wp\/v2\/pages\/51","targetHints":{"allow":["GET"]}}],"collection":[{"href":"https:\/\/semmelweis.hu\/zoldegyetem\/wp-json\/wp\/v2\/pages"}],"about":[{"href":"https:\/\/semmelweis.hu\/zoldegyetem\/wp-json\/wp\/v2\/types\/page"}],"author":[{"embeddable":true,"href":"https:\/\/semmelweis.hu\/zoldegyetem\/wp-json\/wp\/v2\/users\/288"}],"replies":[{"embeddable":true,"href":"https:\/\/semmelweis.hu\/zoldegyetem\/wp-json\/wp\/v2\/comments?post=51"}],"version-history":[{"count":10,"href":"https:\/\/semmelweis.hu\/zoldegyetem\/wp-json\/wp\/v2\/pages\/51\/revisions"}],"predecessor-version":[{"id":147,"href":"https:\/\/semmelweis.hu\/zoldegyetem\/wp-json\/wp\/v2\/pages\/51\/revisions\/147"}],"wp:attachment":[{"href":"https:\/\/semmelweis.hu\/zoldegyetem\/wp-json\/wp\/v2\/media?parent=51"}],"wp:term":[{"taxonomy":"category","embeddable":true,"href":"https:\/\/semmelweis.hu\/zoldegyetem\/wp-json\/wp\/v2\/categories?post=51"},{"taxonomy":"post_tag","embeddable":true,"href":"https:\/\/semmelweis.hu\/zoldegyetem\/wp-json\/wp\/v2\/tags?post=51"}],"curies":[{"name":"wp","href":"https:\/\/api.w.org\/{rel}","templated":true}]}}