{"id":410,"date":"2022-07-05T10:18:12","date_gmt":"2022-07-05T08:18:12","guid":{"rendered":"https:\/\/semmelweis.hu\/zoldegyetem\/?page_id=410"},"modified":"2022-07-05T10:18:12","modified_gmt":"2022-07-05T08:18:12","slug":"viragos-iskola-projekt","status":"publish","type":"page","link":"https:\/\/semmelweis.hu\/zoldegyetem\/viragos-iskola-projekt\/","title":{"rendered":"Vir\u00e1gos Iskola Projekt"},"content":{"rendered":"<p style=\"text-align: justify\">A Pet\u0151 Andr\u00e1s Kar Gyakorl\u00f3 \u00c1ltal\u00e1nos Iskol\u00e1j\u00e1ban \u00e9s Szakiskol\u00e1j\u00e1ban 2022. \u00e1prilis 20-\u00e1n egy nagy k\u00f6z\u00f6s \u00f6r\u00f6mteli munka keret\u00e9ben \u00fajj\u00e1var\u00e1zsoltuk a kert\u00fcnket \u00e9s vir\u00e1goss\u00e1 tett\u00fck az \u00e9p\u00fcletet! \u00a0<\/p>\n<p style=\"text-align: justify\">A projektet 2 h\u00f3napos el\u0151k\u00e9sz\u00edt\u0151 munka el\u0151zte meg, melyb\u0151l\u00a0 a gyerekek, konduktorok \u00e9s az int\u00e9zm\u00e9ny legt\u00f6bb munkat\u00e1rsa kivette a r\u00e9sz\u00e9t. A t\u00e9li id\u0151szak ut\u00e1n ott maradt avarsz\u0151nyeg, a csupasz kora tavaszi udvarunk, az \u00fcresen \u00e1rv\u00e1lkod\u00f3 magas\u00e1gy\u00e1saink iskolai \u00f6sszefog\u00e1sra buzd\u00edtottak! Egy lelkes konduktor koll\u00e9gan\u0151 szervez\u00e9s\u00e9vel \u00e9s az \u00f6ko-munkak\u00f6z\u00f6ss\u00e9gi tagok bevon\u00e1s\u00e1val az eg\u00e9sz Iskola \u00e9s Szakiskola k\u00f6z\u00f6sen dolgozott ezen a sz\u00e9p naps\u00fct\u00e9ses d\u00e9lut\u00e1non.<\/p>\n<p style=\"text-align: justify\">A falevelek \u00f6sszegy\u0171jt\u00e9se m\u00e1r az ezt megel\u0151z\u0151 k\u00e9t h\u00e9tben megt\u00f6rt\u00e9nt. A csoportok a kondukt\u00edv mozg\u00e1sprogramokba illesztve k\u00fcl\u00f6nb\u00f6z\u0151 id\u0151pontokban szorgoskodtak a kertben \u00e9s gy\u0171jt\u00f6tt\u00e9k zs\u00e1kokba a faleveleket. A k\u00f6z\u00f6s vir\u00e1g\u00fcltet\u00e9ses d\u00e9lut\u00e1non 38 db balkonl\u00e1d\u00e1t t\u00f6lt\u00f6tt\u00fck meg, 900 liter f\u00f6ldet felhaszn\u00e1lva, majd\u00a0 186 t\u0151 vir\u00e1got \u00fcltett\u00fcnk el! \u00a0A 7 db magas\u00e1gy\u00e1sunkba gyoml\u00e1l\u00e1s, fel\u00e1s\u00e1s ut\u00e1n m\u00e9g az iskola\u00e9v v\u00e9ge el\u0151tt kifejl\u0151d\u0151 z\u00f6lds\u00e9gek &#8211; sal\u00e1ta, h\u00f3napos retek, lila dughagyma, s\u00e1rgar\u00e9pa \u2013 ker\u00fcltek, a gyerekek szorgos kezei nyom\u00e1n. A magas\u00e1gy\u00e1sokat a kor\u00e1bbi \u00e9vekben egy p\u00e1ly\u00e1zat keret\u00e9ben hoztuk l\u00e9tre, hogy mozg\u00e1ss\u00e9r\u00fclt gyermekeink r\u00e9sz\u00e9re j\u00f3l megk\u00f6zel\u00edthet\u0151v\u00e9, gondozhat\u00f3v\u00e1 v\u00e1ljon a vetem\u00e9nyes.<\/p>\n<p style=\"text-align: justify\">Nagyon k\u00f6sz\u00f6nj\u00fck a t\u00e1mogat\u00e1sokat, melyek n\u00e9lk\u00fcl nem tudtuk volna megval\u00f3s\u00edtani a Vir\u00e1gos iskola projektet!<\/p>\n<p style=\"text-align: justify\">K\u00f6sz\u00f6net illeti:<\/p>\n<ul style=\"text-align: justify\">\n<li>A Pet\u0151 Int\u00e9zet Kondukt\u00edv Iskol\u00e1\u00e9rt K\u00f6zhaszn\u00fa Alap\u00edtv\u00e1nyt \u00e9s vezet\u0151j\u00e9t, Baranyai Doriszt, aki \u00e1ltal kaptuk a 186 t\u0151 beg\u00f3ni\u00e1t, 36 balkonl\u00e1d\u00e1t, 900 liter vir\u00e1gf\u00f6ldet \u00e9s sok-sok vetem\u00e9nyt, amit el\u00fcltethett\u00fcnk.<\/li>\n<li>A Magyar Gyula Kert\u00e9szet Szakiskola tanul\u00f3it, aki \u00fcltett\u00e9k \u00e9s gondozt\u00e1k, nevelgett\u00e9k a sok-sok beg\u00f3ni\u00e1t, m\u00edg mi el nem \u00fcltett\u00fck.<\/li>\n<li>A kiskerti szersz\u00e1mokat a MATE- Magyar Agr\u00e1r- \u00e9s \u00c9lettudom\u00e1nyi Egyetem &#8211; oktat\u00f3ja Dr. Di\u00f3szegi Magdolna tan\u00e1rn\u0151 biztos\u00edtotta sz\u00e1munkra.<\/li>\n<li>A Hotel Intercontinental k\u00f6z\u00e9pvezet\u0151inek 8 \u00f6nk\u00e9ntes\u00e9t, akik r\u00e9szt vettek a k\u00f6z\u00f6s \u00fcltet\u00e9sben, ezzel is szorosabbra fonva 2009 \u00f3ta tart\u00f3 minket t\u00e1mogat\u00f3 kapcsolatunkat.<\/li>\n<li>\u00c9s term\u00e9szetesen Szalm\u00e1sn\u00e9 Szek\u00e9r Erika konduktort, aki az eg\u00e9sz projekt meg\u00e1lmod\u00f3ja, szervez\u0151je \u00e9s megval\u00f3s\u00edt\u00f3ja is volt!<\/li>\n<\/ul>\n<p style=\"text-align: justify\">A gyerekek nagy \u00f6r\u00f6mmel veszik ki mindezen munk\u00e1latokb\u00f3l r\u00e9sz\u00fcket. Alkalmazva a nevel\u0151, fejleszt\u0151 munka sor\u00e1n tanultakat, fejl\u0151d\u00e9s\u00fcket t\u00e1mogat\u00f3 sz\u00fcks\u00e9ges \u00e9s el\u00e9gs\u00e9ges seg\u00edts\u00e9ggel \u00f6n\u00e1ll\u00f3 tev\u00e9kenys\u00e9gekben teljesedhetnek ki. A n\u00f6v\u00e9nyeket az\u00f3ta is gondozzuk, \u00f6nt\u00f6zz\u00fck, gyoml\u00e1ljuk. K\u00f6rnyezetismeret\/biol\u00f3gia tant\u00e1rgyi anyaghoz igazi \u00e9l\u0151 szeml\u00e9ltet\u00e9ssel, gyakorlati tev\u00e9kenys\u00e9ggel kapcsol\u00f3dik, meger\u0151s\u00edtve a tant\u00e1rgyi ismereteket is.\u00a0 A rendszeres gondoz\u00e1s, \u00f6nt\u00f6z\u00e9s a felel\u0151s szem\u00e9lyis\u00e9gjegyek kialak\u00edt\u00e1s\u00e1t is t\u00e1mogatj\u00e1k.<\/p>\n<p style=\"text-align: justify\">Eg\u00e9szs\u00e9ges t\u00e1pl\u00e1lkoz\u00e1si ir\u00e1nymutat\u00e1sunkat is meger\u0151s\u00edtve v\u00e1rjuk, hogy fogyaszthass\u00e1k munk\u00e1nk eg\u00e9szs\u00e9ges z\u00f6lds\u00e9geit.<\/p>\n[slb_exclude]<div data-carousel-extra='{\"blog_id\":249,\"permalink\":\"https:\\\/\\\/semmelweis.hu\\\/zoldegyetem\\\/viragos-iskola-projekt\\\/\"}' class=\"tiled-gallery type-rectangular\" data-original-width=\"753\"><div class=\"gallery-row\" style=\"width: 748px; height: 621px;\"><div class=\"gallery-group images-1\" style=\"width: 279px; height: 625px;\"><div class=\"tiled-gallery-item tiled-gallery-item-large\"><a href=\"https:\/\/semmelweis.hu\/zoldegyetem\/files\/2022\/07\/virag-ultetes1.jpg\"><img loading=\"lazy\" decoding=\"async\" data-attachment-id=\"420\" data-orig-file=\"https:\/\/semmelweis.hu\/zoldegyetem\/files\/2022\/07\/virag-ultetes1.jpg\" data-orig-size=\"576,1301\" data-comments-opened=\"0\" data-image-meta=\"{&quot;aperture&quot;:&quot;0&quot;,&quot;credit&quot;:&quot;&quot;,&quot;camera&quot;:&quot;&quot;,&quot;caption&quot;:&quot;&quot;,&quot;created_timestamp&quot;:&quot;0&quot;,&quot;copyright&quot;:&quot;&quot;,&quot;focal_length&quot;:&quot;0&quot;,&quot;iso&quot;:&quot;0&quot;,&quot;shutter_speed&quot;:&quot;0&quot;,&quot;title&quot;:&quot;&quot;,&quot;orientation&quot;:&quot;0&quot;}\" data-image-title=\"vir\u00e1g \u00fcltet\u00e9s1\" data-image-description=\"\" data-medium-file=\"https:\/\/semmelweis.hu\/zoldegyetem\/files\/2022\/07\/virag-ultetes1-177x400.jpg\" data-large-file=\"https:\/\/semmelweis.hu\/zoldegyetem\/files\/2022\/07\/virag-ultetes1-453x1024.jpg\" src=\"https:\/\/semmelweis.hu\/zoldegyetem\/files\/2022\/07\/virag-ultetes1-275x621.jpg\" width=\"275\" height=\"621\" align=\"left\" title=\"\" \/><\/a><\/div><\/div><div class=\"gallery-group images-1\" style=\"width: 469px; height: 625px;\"><div class=\"tiled-gallery-item tiled-gallery-item-large\"><a href=\"https:\/\/semmelweis.hu\/zoldegyetem\/files\/2022\/07\/IMG_20220420_144453.jpg\"><img loading=\"lazy\" decoding=\"async\" data-attachment-id=\"414\" data-orig-file=\"https:\/\/semmelweis.hu\/zoldegyetem\/files\/2022\/07\/IMG_20220420_144453.jpg\" data-orig-size=\"622,830\" data-comments-opened=\"0\" data-image-meta=\"{&quot;aperture&quot;:&quot;0&quot;,&quot;credit&quot;:&quot;&quot;,&quot;camera&quot;:&quot;&quot;,&quot;caption&quot;:&quot;&quot;,&quot;created_timestamp&quot;:&quot;0&quot;,&quot;copyright&quot;:&quot;&quot;,&quot;focal_length&quot;:&quot;0&quot;,&quot;iso&quot;:&quot;0&quot;,&quot;shutter_speed&quot;:&quot;0&quot;,&quot;title&quot;:&quot;&quot;,&quot;orientation&quot;:&quot;0&quot;}\" data-image-title=\"IMG_20220420_144453\" data-image-description=\"\" data-medium-file=\"https:\/\/semmelweis.hu\/zoldegyetem\/files\/2022\/07\/IMG_20220420_144453-300x400.jpg\" data-large-file=\"https:\/\/semmelweis.hu\/zoldegyetem\/files\/2022\/07\/IMG_20220420_144453.jpg\" src=\"https:\/\/semmelweis.hu\/zoldegyetem\/files\/2022\/07\/IMG_20220420_144453-465x621.jpg\" width=\"465\" height=\"621\" align=\"left\" title=\"\" \/><\/a><\/div><\/div><\/div><div class=\"gallery-row\" style=\"width: 748px; height: 320px;\"><div class=\"gallery-group images-1\" style=\"width: 504px; height: 324px;\"><div class=\"tiled-gallery-item tiled-gallery-item-large\"><a href=\"https:\/\/semmelweis.hu\/zoldegyetem\/files\/2022\/07\/IMG_20220420_154500.jpg\"><img loading=\"lazy\" decoding=\"async\" data-attachment-id=\"415\" data-orig-file=\"https:\/\/semmelweis.hu\/zoldegyetem\/files\/2022\/07\/IMG_20220420_154500.jpg\" data-orig-size=\"1299,830\" data-comments-opened=\"0\" data-image-meta=\"{&quot;aperture&quot;:&quot;0&quot;,&quot;credit&quot;:&quot;&quot;,&quot;camera&quot;:&quot;&quot;,&quot;caption&quot;:&quot;&quot;,&quot;created_timestamp&quot;:&quot;0&quot;,&quot;copyright&quot;:&quot;&quot;,&quot;focal_length&quot;:&quot;0&quot;,&quot;iso&quot;:&quot;0&quot;,&quot;shutter_speed&quot;:&quot;0&quot;,&quot;title&quot;:&quot;&quot;,&quot;orientation&quot;:&quot;0&quot;}\" data-image-title=\"IMG_20220420_154500\" data-image-description=\"\" data-medium-file=\"https:\/\/semmelweis.hu\/zoldegyetem\/files\/2022\/07\/IMG_20220420_154500-400x256.jpg\" data-large-file=\"https:\/\/semmelweis.hu\/zoldegyetem\/files\/2022\/07\/IMG_20220420_154500-1024x654.jpg\" src=\"https:\/\/semmelweis.hu\/zoldegyetem\/files\/2022\/07\/IMG_20220420_154500-500x320.jpg\" width=\"500\" height=\"320\" align=\"left\" title=\"\" \/><\/a><\/div><\/div><div class=\"gallery-group images-1\" style=\"width: 244px; height: 324px;\"><div class=\"tiled-gallery-item tiled-gallery-item-small\"><a href=\"https:\/\/semmelweis.hu\/zoldegyetem\/files\/2022\/07\/IMG_20220502_104835.jpg\"><img loading=\"lazy\" decoding=\"async\" data-attachment-id=\"416\" data-orig-file=\"https:\/\/semmelweis.hu\/zoldegyetem\/files\/2022\/07\/IMG_20220502_104835.jpg\" data-orig-size=\"622,830\" data-comments-opened=\"0\" data-image-meta=\"{&quot;aperture&quot;:&quot;0&quot;,&quot;credit&quot;:&quot;&quot;,&quot;camera&quot;:&quot;&quot;,&quot;caption&quot;:&quot;&quot;,&quot;created_timestamp&quot;:&quot;0&quot;,&quot;copyright&quot;:&quot;&quot;,&quot;focal_length&quot;:&quot;0&quot;,&quot;iso&quot;:&quot;0&quot;,&quot;shutter_speed&quot;:&quot;0&quot;,&quot;title&quot;:&quot;&quot;,&quot;orientation&quot;:&quot;0&quot;}\" data-image-title=\"IMG_20220502_104835\" data-image-description=\"\" data-medium-file=\"https:\/\/semmelweis.hu\/zoldegyetem\/files\/2022\/07\/IMG_20220502_104835-300x400.jpg\" data-large-file=\"https:\/\/semmelweis.hu\/zoldegyetem\/files\/2022\/07\/IMG_20220502_104835.jpg\" src=\"https:\/\/semmelweis.hu\/zoldegyetem\/files\/2022\/07\/IMG_20220502_104835-240x320.jpg\" width=\"240\" height=\"320\" align=\"left\" title=\"\" \/><\/a><\/div><\/div><\/div><div class=\"gallery-row\" style=\"width: 748px; height: 404px;\"><div class=\"gallery-group images-1\" style=\"width: 544px; height: 408px;\"><div class=\"tiled-gallery-item tiled-gallery-item-large\"><a href=\"https:\/\/semmelweis.hu\/zoldegyetem\/files\/2022\/07\/IMG_20220509_213901.jpg\"><img loading=\"lazy\" decoding=\"async\" data-attachment-id=\"417\" data-orig-file=\"https:\/\/semmelweis.hu\/zoldegyetem\/files\/2022\/07\/IMG_20220509_213901.jpg\" data-orig-size=\"1108,830\" data-comments-opened=\"0\" data-image-meta=\"{&quot;aperture&quot;:&quot;0&quot;,&quot;credit&quot;:&quot;&quot;,&quot;camera&quot;:&quot;&quot;,&quot;caption&quot;:&quot;&quot;,&quot;created_timestamp&quot;:&quot;0&quot;,&quot;copyright&quot;:&quot;&quot;,&quot;focal_length&quot;:&quot;0&quot;,&quot;iso&quot;:&quot;0&quot;,&quot;shutter_speed&quot;:&quot;0&quot;,&quot;title&quot;:&quot;&quot;,&quot;orientation&quot;:&quot;0&quot;}\" data-image-title=\"IMG_20220509_213901\" data-image-description=\"\" data-medium-file=\"https:\/\/semmelweis.hu\/zoldegyetem\/files\/2022\/07\/IMG_20220509_213901-400x300.jpg\" data-large-file=\"https:\/\/semmelweis.hu\/zoldegyetem\/files\/2022\/07\/IMG_20220509_213901-1024x767.jpg\" src=\"https:\/\/semmelweis.hu\/zoldegyetem\/files\/2022\/07\/IMG_20220509_213901-540x404.jpg\" width=\"540\" height=\"404\" align=\"left\" title=\"\" \/><\/a><\/div><\/div><div class=\"gallery-group images-2\" style=\"width: 204px; height: 408px;\"><div class=\"tiled-gallery-item tiled-gallery-item-small\"><a href=\"https:\/\/semmelweis.hu\/zoldegyetem\/files\/2022\/07\/PAK-ultetes-03-scaled.jpg\"><img loading=\"lazy\" decoding=\"async\" data-attachment-id=\"418\" data-orig-file=\"https:\/\/semmelweis.hu\/zoldegyetem\/files\/2022\/07\/PAK-ultetes-03-scaled.jpg\" data-orig-size=\"2560,2560\" data-comments-opened=\"0\" data-image-meta=\"{&quot;aperture&quot;:&quot;2&quot;,&quot;credit&quot;:&quot;&quot;,&quot;camera&quot;:&quot;SM-A217F&quot;,&quot;caption&quot;:&quot;&quot;,&quot;created_timestamp&quot;:&quot;1650551747&quot;,&quot;copyright&quot;:&quot;&quot;,&quot;focal_length&quot;:&quot;4,6&quot;,&quot;iso&quot;:&quot;32&quot;,&quot;shutter_speed&quot;:&quot;0,01&quot;,&quot;title&quot;:&quot;&quot;,&quot;orientation&quot;:&quot;1&quot;}\" data-image-title=\"PAK \u00fcltetes 03\" data-image-description=\"\" data-medium-file=\"https:\/\/semmelweis.hu\/zoldegyetem\/files\/2022\/07\/PAK-ultetes-03-400x400.jpg\" data-large-file=\"https:\/\/semmelweis.hu\/zoldegyetem\/files\/2022\/07\/PAK-ultetes-03-1024x1024.jpg\" src=\"https:\/\/semmelweis.hu\/zoldegyetem\/files\/2022\/07\/PAK-ultetes-03-scaled-200x200.jpg\" width=\"200\" height=\"200\" align=\"left\" title=\"\" \/><\/a><\/div><div class=\"tiled-gallery-item tiled-gallery-item-small\"><a href=\"https:\/\/semmelweis.hu\/zoldegyetem\/files\/2022\/07\/PAK-ultetes2-scaled.jpg\"><img loading=\"lazy\" decoding=\"async\" data-attachment-id=\"419\" data-orig-file=\"https:\/\/semmelweis.hu\/zoldegyetem\/files\/2022\/07\/PAK-ultetes2-scaled.jpg\" data-orig-size=\"2560,2560\" data-comments-opened=\"0\" data-image-meta=\"{&quot;aperture&quot;:&quot;2&quot;,&quot;credit&quot;:&quot;&quot;,&quot;camera&quot;:&quot;SM-A217F&quot;,&quot;caption&quot;:&quot;&quot;,&quot;created_timestamp&quot;:&quot;1650550966&quot;,&quot;copyright&quot;:&quot;&quot;,&quot;focal_length&quot;:&quot;4,6&quot;,&quot;iso&quot;:&quot;32&quot;,&quot;shutter_speed&quot;:&quot;0,01&quot;,&quot;title&quot;:&quot;&quot;,&quot;orientation&quot;:&quot;1&quot;}\" data-image-title=\"PAK \u00fcltet\u00e9s2\" data-image-description=\"\" data-medium-file=\"https:\/\/semmelweis.hu\/zoldegyetem\/files\/2022\/07\/PAK-ultetes2-400x400.jpg\" data-large-file=\"https:\/\/semmelweis.hu\/zoldegyetem\/files\/2022\/07\/PAK-ultetes2-1024x1024.jpg\" src=\"https:\/\/semmelweis.hu\/zoldegyetem\/files\/2022\/07\/PAK-ultetes2-scaled-200x200.jpg\" width=\"200\" height=\"200\" align=\"left\" title=\"\" \/><\/a><\/div><\/div><\/div><\/div>[\/slb_exclude]\n","protected":false},"excerpt":{"rendered":"<p>A Pet\u0151 Andr\u00e1s Kar Gyakorl\u00f3 \u00c1ltal\u00e1nos Iskol\u00e1j\u00e1ban \u00e9s Szakiskol\u00e1j\u00e1ban 2022. \u00e1prilis 20-\u00e1n egy nagy k\u00f6z\u00f6s \u00f6r\u00f6mteli munka keret\u00e9ben \u00fajj\u00e1var\u00e1zsoltuk a kert\u00fcnket \u00e9s vir\u00e1goss\u00e1 tett\u00fck az \u00e9p\u00fcletet! \u00a0 A projektet 2 h\u00f3napos el\u0151k\u00e9sz\u00edt\u0151 munka el\u0151zte meg, melyb\u0151l\u00a0 a gyerekek, konduktorok \u00e9s az int\u00e9zm\u00e9ny legt\u00f6bb munkat\u00e1rsa kivette a r\u00e9sz\u00e9t. A t\u00e9li id\u0151szak ut\u00e1n ott maradt avarsz\u0151nyeg, a &hellip;<\/p>\n","protected":false},"author":102027,"featured_media":0,"parent":0,"menu_order":0,"comment_status":"closed","ping_status":"closed","template":"","meta":{"_acf_changed":false,"footnotes":""},"categories":[],"tags":[],"class_list":["post-410","page","type-page","status-publish","hentry"],"acf":[],"_links":{"self":[{"href":"https:\/\/semmelweis.hu\/zoldegyetem\/wp-json\/wp\/v2\/pages\/410","targetHints":{"allow":["GET"]}}],"collection":[{"href":"https:\/\/semmelweis.hu\/zoldegyetem\/wp-json\/wp\/v2\/pages"}],"about":[{"href":"https:\/\/semmelweis.hu\/zoldegyetem\/wp-json\/wp\/v2\/types\/page"}],"author":[{"embeddable":true,"href":"https:\/\/semmelweis.hu\/zoldegyetem\/wp-json\/wp\/v2\/users\/102027"}],"replies":[{"embeddable":true,"href":"https:\/\/semmelweis.hu\/zoldegyetem\/wp-json\/wp\/v2\/comments?post=410"}],"version-history":[{"count":4,"href":"https:\/\/semmelweis.hu\/zoldegyetem\/wp-json\/wp\/v2\/pages\/410\/revisions"}],"predecessor-version":[{"id":423,"href":"https:\/\/semmelweis.hu\/zoldegyetem\/wp-json\/wp\/v2\/pages\/410\/revisions\/423"}],"wp:attachment":[{"href":"https:\/\/semmelweis.hu\/zoldegyetem\/wp-json\/wp\/v2\/media?parent=410"}],"wp:term":[{"taxonomy":"category","embeddable":true,"href":"https:\/\/semmelweis.hu\/zoldegyetem\/wp-json\/wp\/v2\/categories?post=410"},{"taxonomy":"post_tag","embeddable":true,"href":"https:\/\/semmelweis.hu\/zoldegyetem\/wp-json\/wp\/v2\/tags?post=410"}],"curies":[{"name":"wp","href":"https:\/\/api.w.org\/{rel}","templated":true}]}}