{"id":39,"date":"2021-10-01T23:12:43","date_gmt":"2021-10-01T21:12:43","guid":{"rendered":"https:\/\/semmelweis.hu\/zoldegyetem\/?page_id=39"},"modified":"2021-11-20T12:52:29","modified_gmt":"2021-11-20T11:52:29","slug":"zold-terkep","status":"publish","type":"page","link":"https:\/\/semmelweis.hu\/zoldegyetem\/zold-terkep\/","title":{"rendered":"Z\u00f6ld T\u00e9rk\u00e9p"},"content":{"rendered":"<h3 style=\"text-align: center\">Semmelweis Egyetem &#8211; Z\u00f6ld T\u00e9rk\u00e9p<\/h3>\n<p style=\"text-align: justify\">Az al\u00e1bbi t\u00e9rk\u00e9pen interakt\u00edvan megjelen\u00edt\u00e9sre ker\u00fclnek az Egyetem ter\u00fclet\u00e9n tal\u00e1lhat\u00f3, Z\u00f6ld Egyetem Programhoz, illetve \u00e1ltal\u00e1ban a fenntarthat\u00f3s\u00e1ghoz, k\u00f6rnyezetv\u00e9delemhez kapcsol\u00f3d\u00f3 helyek, eszk\u00f6z\u00f6k. \u00a0<\/p>\n<p>Jelmagyar\u00e1zat:<\/p>\n<p><a href=\"https:\/\/semmelweis.hu\/zoldegyetem\/files\/2021\/11\/Terkep_jelmagyarazat.jpg\"><img loading=\"lazy\" decoding=\"async\" class=\"alignnone  wp-image-184\" src=\"https:\/\/semmelweis.hu\/zoldegyetem\/files\/2021\/11\/Terkep_jelmagyarazat.jpg\" alt=\"\" width=\"386\" height=\"211\" srcset=\"https:\/\/semmelweis.hu\/zoldegyetem\/files\/2021\/11\/Terkep_jelmagyarazat.jpg 636w, https:\/\/semmelweis.hu\/zoldegyetem\/files\/2021\/11\/Terkep_jelmagyarazat-400x219.jpg 400w\" sizes=\"auto, (max-width: 386px) 100vw, 386px\" \/><\/a><\/p>\n<p><iframe loading=\"lazy\" src=\"https:\/\/www.google.com\/maps\/d\/embed?mid=1ql4XGzjTgiy8bzVm3C7hi5JPjRQ9M3sL\" width=\"800\" height=\"600\"><\/iframe><\/p>\n<p>&nbsp;<\/p>\n<p>&nbsp;<\/p>\n<p style=\"text-align: justify\">K\u00e9rj\u00fck, amennyiben \u00f6tlete, \u00e9szrev\u00e9tele van a t\u00e9rk\u00e9ppel kapcsolatban vagy valami hi\u00e1nyzik a list\u00e1b\u00f3l, \u00edrjon nek\u00fcnk az \u00d6tletl\u00e1d\u00e1n kereszt\u00fcl vagy a <a href=\"mailto:zoldegyetem@semmelweis-univ.hu\">zoldegyetem@semmelweis-univ.hu<\/a> email-c\u00edmre.<\/p>\n","protected":false},"excerpt":{"rendered":"<p>Semmelweis Egyetem &#8211; Z\u00f6ld T\u00e9rk\u00e9p<br \/>\nAz al\u00e1bbi t\u00e9rk\u00e9pen interakt\u00edvan megjelen\u00edt\u00e9sre ker\u00fclnek az Egyetem ter\u00fclet\u00e9n tal\u00e1lhat\u00f3, Z\u00f6ld Egyetem Programhoz, illetve \u00e1ltal\u00e1ban a fenntarthat\u00f3s\u00e1ghoz, k\u00f6rnyezetv\u00e9delemhez kapcsol\u00f3d\u00f3 helyek, eszk\u00f6z\u00f6k. \u00a0<br \/>\nJelmagyar\u00e1zat:<br \/>\n<a href=\"https:\/\/semmelweis.hu\/zoldegyetem\/files\/2021\/11\/Terkep_jelmagyarazat.jpg\"><\/a><\/p>\n<p>&nbsp;<br \/>\n&nbsp;<br \/>\nK\u00e9rj\u00fck, amennyiben \u00f6tlete, \u00e9szrev\u00e9tele van a t\u00e9rk\u00e9ppel kapcsolatban vagy valami hi\u00e1nyzik a list\u00e1b\u00f3l, \u00edrjon nek\u00fcnk az \u00d6tletl\u00e1d\u00e1n kereszt\u00fcl vagy a <a href=\"mailto:zoldegyetem@semmelweis-univ.hu\">zoldegyetem@semmelweis-univ.hu<\/a> email-c\u00edmre.<\/p>\n","protected":false},"author":288,"featured_media":0,"parent":0,"menu_order":0,"comment_status":"closed","ping_status":"closed","template":"","meta":{"_acf_changed":false,"footnotes":""},"categories":[],"tags":[],"class_list":["post-39","page","type-page","status-publish","hentry"],"acf":[],"_links":{"self":[{"href":"https:\/\/semmelweis.hu\/zoldegyetem\/wp-json\/wp\/v2\/pages\/39","targetHints":{"allow":["GET"]}}],"collection":[{"href":"https:\/\/semmelweis.hu\/zoldegyetem\/wp-json\/wp\/v2\/pages"}],"about":[{"href":"https:\/\/semmelweis.hu\/zoldegyetem\/wp-json\/wp\/v2\/types\/page"}],"author":[{"embeddable":true,"href":"https:\/\/semmelweis.hu\/zoldegyetem\/wp-json\/wp\/v2\/users\/288"}],"replies":[{"embeddable":true,"href":"https:\/\/semmelweis.hu\/zoldegyetem\/wp-json\/wp\/v2\/comments?post=39"}],"version-history":[{"count":8,"href":"https:\/\/semmelweis.hu\/zoldegyetem\/wp-json\/wp\/v2\/pages\/39\/revisions"}],"predecessor-version":[{"id":186,"href":"https:\/\/semmelweis.hu\/zoldegyetem\/wp-json\/wp\/v2\/pages\/39\/revisions\/186"}],"wp:attachment":[{"href":"https:\/\/semmelweis.hu\/zoldegyetem\/wp-json\/wp\/v2\/media?parent=39"}],"wp:term":[{"taxonomy":"category","embeddable":true,"href":"https:\/\/semmelweis.hu\/zoldegyetem\/wp-json\/wp\/v2\/categories?post=39"},{"taxonomy":"post_tag","embeddable":true,"href":"https:\/\/semmelweis.hu\/zoldegyetem\/wp-json\/wp\/v2\/tags?post=39"}],"curies":[{"name":"wp","href":"https:\/\/api.w.org\/{rel}","templated":true}]}}