{"id":277,"date":"2022-01-10T02:23:28","date_gmt":"2022-01-10T01:23:28","guid":{"rendered":"https:\/\/semmelweis.hu\/zoldegyetem\/?page_id=277"},"modified":"2023-06-19T10:46:40","modified_gmt":"2023-06-19T08:46:40","slug":"galeria","status":"publish","type":"page","link":"https:\/\/semmelweis.hu\/zoldegyetem\/galeria\/","title":{"rendered":"Z\u00f6ld Blog"},"content":{"rendered":"<h4 style=\"text-align: center\">Plak\u00e1tok:<\/h4>\n<p style=\"text-align: center\">\n<a href=\"https:\/\/semmelweis.hu\/zoldegyetem\/files\/2022\/01\/Igy-kezeld-a-hulladekodat_plakat.pdf\">\u00cdgy kezeld a hullad\u00e9kodat<\/a><\/p>\n<p style=\"text-align: center\"><a href=\"https:\/\/semmelweis.hu\/zoldegyetem\/files\/2022\/01\/Igy_kezeld_a_hulladekodat_kep1.jpg\"><img loading=\"lazy\" decoding=\"async\" class=\"wp-image-290 aligncenter\" src=\"https:\/\/semmelweis.hu\/zoldegyetem\/files\/2022\/01\/Igy_kezeld_a_hulladekodat_kep1.jpg\" alt=\"\" width=\"142\" height=\"201\" srcset=\"https:\/\/semmelweis.hu\/zoldegyetem\/files\/2022\/01\/Igy_kezeld_a_hulladekodat_kep1.jpg 758w, https:\/\/semmelweis.hu\/zoldegyetem\/files\/2022\/01\/Igy_kezeld_a_hulladekodat_kep1-282x400.jpg 282w, https:\/\/semmelweis.hu\/zoldegyetem\/files\/2022\/01\/Igy_kezeld_a_hulladekodat_kep1-723x1024.jpg 723w, https:\/\/semmelweis.hu\/zoldegyetem\/files\/2022\/01\/Igy_kezeld_a_hulladekodat_kep1-753x1067.jpg 753w\" sizes=\"auto, (max-width: 142px) 100vw, 142px\" \/><\/a><\/p>\n<p style=\"text-align: center\"><a href=\"https:\/\/semmelweis.hu\/zoldegyetem\/files\/2022\/01\/Papir-muanyag-szelektiv.pdf\">Pap\u00edr-m\u0171anyag szelekt\u00edv<\/a><\/p>\n<p style=\"text-align: center\"><a href=\"https:\/\/semmelweis.hu\/zoldegyetem\/files\/2022\/01\/Gyujts-tudatosan-Kep-1.jpg\"><img loading=\"lazy\" decoding=\"async\" class=\"alignnone  wp-image-289 aligncenter\" src=\"https:\/\/semmelweis.hu\/zoldegyetem\/files\/2022\/01\/Gyujts-tudatosan-Kep-1.jpg\" alt=\"\" width=\"189\" height=\"107\" srcset=\"https:\/\/semmelweis.hu\/zoldegyetem\/files\/2022\/01\/Gyujts-tudatosan-Kep-1.jpg 1851w, https:\/\/semmelweis.hu\/zoldegyetem\/files\/2022\/01\/Gyujts-tudatosan-Kep-1-400x227.jpg 400w, https:\/\/semmelweis.hu\/zoldegyetem\/files\/2022\/01\/Gyujts-tudatosan-Kep-1-1024x580.jpg 1024w, https:\/\/semmelweis.hu\/zoldegyetem\/files\/2022\/01\/Gyujts-tudatosan-Kep-1-768x435.jpg 768w, https:\/\/semmelweis.hu\/zoldegyetem\/files\/2022\/01\/Gyujts-tudatosan-Kep-1-1536x870.jpg 1536w, https:\/\/semmelweis.hu\/zoldegyetem\/files\/2022\/01\/Gyujts-tudatosan-Kep-1-753x427.jpg 753w\" sizes=\"auto, (max-width: 189px) 100vw, 189px\" \/><\/a><\/p>\n<p style=\"text-align: center\">\n<a href=\"https:\/\/semmelweis.hu\/zoldegyetem\/files\/2022\/01\/Hulladekcsokkentes.pdf\">Hullad\u00e9kcs\u00f6kkent\u00e9s<\/a><\/p>\n<p><a href=\"https:\/\/semmelweis.hu\/zoldegyetem\/files\/2022\/01\/gyogyistd-a-fogakat_vedd-a-kornyezetet_Kep1.jpg\"><img loading=\"lazy\" decoding=\"async\" class=\"alignnone  wp-image-288 aligncenter\" src=\"https:\/\/semmelweis.hu\/zoldegyetem\/files\/2022\/01\/gyogyistd-a-fogakat_vedd-a-kornyezetet_Kep1.jpg\" alt=\"\" width=\"148\" height=\"210\" srcset=\"https:\/\/semmelweis.hu\/zoldegyetem\/files\/2022\/01\/gyogyistd-a-fogakat_vedd-a-kornyezetet_Kep1.jpg 754w, https:\/\/semmelweis.hu\/zoldegyetem\/files\/2022\/01\/gyogyistd-a-fogakat_vedd-a-kornyezetet_Kep1-282x400.jpg 282w, https:\/\/semmelweis.hu\/zoldegyetem\/files\/2022\/01\/gyogyistd-a-fogakat_vedd-a-kornyezetet_Kep1-723x1024.jpg 723w\" sizes=\"auto, (max-width: 148px) 100vw, 148px\" \/><\/a><\/p>\n<h4>\u00a0<\/h4>\n<h4 style=\"text-align: center\">Vide\u00f3k:<\/h4>\n<h5 style=\"text-align: center\">Takar\u00e9koss\u00e1gi tippek &#8211; II. Villamosenergia<\/h5>\n<p><iframe loading=\"lazy\" title=\"Takar\u00e9koss\u00e1gi tippek II. \u2013 Villamosenergia\" width=\"753\" height=\"424\" src=\"https:\/\/www.youtube.com\/embed\/PRjsamaoh6k?feature=oembed\" frameborder=\"0\" allow=\"accelerometer; autoplay; clipboard-write; encrypted-media; gyroscope; picture-in-picture; web-share\" allowfullscreen><\/iframe><\/p>\n<h5 style=\"text-align: center\">Takar\u00e9koss\u00e1gi tippek &#8211; I. F\u0171t\u00e9s<\/h5>\n<p><iframe loading=\"lazy\" title=\"Takar\u00e9koss\u00e1gi tippek - I. F\u0171t\u00e9s\" width=\"753\" height=\"424\" src=\"https:\/\/www.youtube.com\/embed\/ws0WZJ79ORY?feature=oembed\" frameborder=\"0\" allow=\"accelerometer; autoplay; clipboard-write; encrypted-media; gyroscope; picture-in-picture; web-share\" allowfullscreen><\/iframe><\/p>\n<h5 style=\"text-align: center\">Munkacsoport a k\u00f6rnyezettudatos \u00e9s fenntarthat\u00f3 fog\u00e1szat\u00e9rt bemutatkoz\u00f3 film<\/h5>\n<div style=\"width: 753px;\" class=\"wp-video\"><!--[if lt IE 9]><script>document.createElement('video');<\/script><![endif]-->\n<video class=\"wp-video-shortcode\" id=\"video-277-1\" width=\"753\" height=\"424\" preload=\"metadata\" controls=\"controls\"><source type=\"video\/mp4\" src=\"https:\/\/semmelweis.hu\/zoldegyetem\/files\/2022\/01\/MKFF_bemutatkozo_film.mp4?_=1\" \/><a href=\"https:\/\/semmelweis.hu\/zoldegyetem\/files\/2022\/01\/MKFF_bemutatkozo_film.mp4\">https:\/\/semmelweis.hu\/zoldegyetem\/files\/2022\/01\/MKFF_bemutatkozo_film.mp4<\/a><\/video><\/div>\n<p>&nbsp;<\/p>\n<h5 style=\"text-align: center\">TEGY\u00dcNK EGY\u00dcTT A K\u00d6RNYEZET\u00c9RT &#8211; K\u00f6rnyezetv\u00e9delmi kisfilm<\/h5>\n<p><iframe loading=\"lazy\" title=\"SEMMELWEIS EGYETEM K\u00f6rnyezetv\u00e9delmi kisfilm\" width=\"753\" height=\"424\" src=\"https:\/\/www.youtube.com\/embed\/QI4JJQ5p_3Q?feature=oembed\" frameborder=\"0\" allow=\"accelerometer; autoplay; clipboard-write; encrypted-media; gyroscope; picture-in-picture; web-share\" allowfullscreen><\/iframe><\/p>\n<p>&nbsp;<\/p>\n","protected":false},"excerpt":{"rendered":"<p>Plak\u00e1tok:<\/p>\n<p><a href=\"https:\/\/semmelweis.hu\/zoldegyetem\/files\/2022\/01\/Igy-kezeld-a-hulladekodat_plakat.pdf\">\u00cdgy kezeld a hullad\u00e9kodat<\/a><br \/>\n<a href=\"https:\/\/semmelweis.hu\/zoldegyetem\/files\/2022\/01\/Igy_kezeld_a_hulladekodat_kep1.jpg\"><\/a><br \/>\n<a href=\"https:\/\/semmelweis.hu\/zoldegyetem\/files\/2022\/01\/Papir-muanyag-szelektiv.pdf\">Pap\u00edr-m\u0171anyag szelekt\u00edv<\/a><br \/>\n<a href=\"https:\/\/semmelweis.hu\/zoldegyetem\/files\/2022\/01\/Gyujts-tudatosan-Kep-1.jpg\"><\/a><\/p>\n<p><a href=\"https:\/\/semmelweis.hu\/zoldegyetem\/files\/2022\/01\/Hulladekcsokkentes.pdf\">Hullad\u00e9kcs\u00f6kkent\u00e9s<\/a><br \/>\n<a href=\"https:\/\/semmelweis.hu\/zoldegyetem\/files\/2022\/01\/gyogyistd-a-fogakat_vedd-a-kornyezetet_Kep1.jpg\"><\/a><br \/>\n\u00a0<br \/>\nVide\u00f3k:<br \/>\nTakar\u00e9koss\u00e1gi tippek &#8211; II. Villamosenergia<\/p>\n<p>Takar\u00e9koss\u00e1gi tippek &#8211; I. F\u0171t\u00e9s<\/p>\n<p>Munkacsoport a k\u00f6rnyezettudatos \u00e9s fenntarthat\u00f3 fog\u00e1szat\u00e9rt bemutatkoz\u00f3 film<\/p>\n<p>&nbsp;<br \/>\nTEGY\u00dcNK EGY\u00dcTT A K\u00d6RNYEZET\u00c9RT &#8211; K\u00f6rnyezetv\u00e9delmi kisfilm<\/p>\n<p>&nbsp;<\/p>\n","protected":false},"author":288,"featured_media":0,"parent":0,"menu_order":0,"comment_status":"closed","ping_status":"closed","template":"","meta":{"_acf_changed":false,"footnotes":""},"categories":[],"tags":[],"class_list":["post-277","page","type-page","status-publish","hentry"],"acf":[],"_links":{"self":[{"href":"https:\/\/semmelweis.hu\/zoldegyetem\/wp-json\/wp\/v2\/pages\/277","targetHints":{"allow":["GET"]}}],"collection":[{"href":"https:\/\/semmelweis.hu\/zoldegyetem\/wp-json\/wp\/v2\/pages"}],"about":[{"href":"https:\/\/semmelweis.hu\/zoldegyetem\/wp-json\/wp\/v2\/types\/page"}],"author":[{"embeddable":true,"href":"https:\/\/semmelweis.hu\/zoldegyetem\/wp-json\/wp\/v2\/users\/288"}],"replies":[{"embeddable":true,"href":"https:\/\/semmelweis.hu\/zoldegyetem\/wp-json\/wp\/v2\/comments?post=277"}],"version-history":[{"count":10,"href":"https:\/\/semmelweis.hu\/zoldegyetem\/wp-json\/wp\/v2\/pages\/277\/revisions"}],"predecessor-version":[{"id":548,"href":"https:\/\/semmelweis.hu\/zoldegyetem\/wp-json\/wp\/v2\/pages\/277\/revisions\/548"}],"wp:attachment":[{"href":"https:\/\/semmelweis.hu\/zoldegyetem\/wp-json\/wp\/v2\/media?parent=277"}],"wp:term":[{"taxonomy":"category","embeddable":true,"href":"https:\/\/semmelweis.hu\/zoldegyetem\/wp-json\/wp\/v2\/categories?post=277"},{"taxonomy":"post_tag","embeddable":true,"href":"https:\/\/semmelweis.hu\/zoldegyetem\/wp-json\/wp\/v2\/tags?post=277"}],"curies":[{"name":"wp","href":"https:\/\/api.w.org\/{rel}","templated":true}]}}