{"id":208,"date":"2021-12-21T01:26:30","date_gmt":"2021-12-21T00:26:30","guid":{"rendered":"https:\/\/semmelweis.hu\/zoldegyetem\/?page_id=208"},"modified":"2021-12-21T02:01:25","modified_gmt":"2021-12-21T01:01:25","slug":"se-ovodaja-hulladekcsokkentesi-het","status":"publish","type":"page","link":"https:\/\/semmelweis.hu\/zoldegyetem\/se-ovodaja-hulladekcsokkentesi-het\/","title":{"rendered":"SE \u00d3vod\u00e1ja Hullad\u00e9kcs\u00f6kkent\u00e9si H\u00e9t"},"content":{"rendered":"<h3 style=\"text-align: center\"><strong>A Semmelweis Egyetem Napk\u00f6ziotthonos \u00d3vod\u00e1ja is csatlakozott az Eur\u00f3pai Hullad\u00e9kcs\u00f6kkent\u00e9si H\u00e9t programj\u00e1hoz<\/strong><\/h3>\n<p style=\"text-align: justify\">A Semmelweis Egyetem \u00d3vod\u00e1ja \u00e9vek \u00f3ta csatlakozik az Eur\u00f3pai Hullad\u00e9kcs\u00f6kkent\u00e9si H\u00e9t programj\u00e1hoz saj\u00e1t projekttel. Az idei \u00f6tlet\u00fck c\u00edme &#8222;\u0150sl\u00e9nyek \u00e9s emberek&#8221; (j\u00e1t\u00e9kos evol\u00faci\u00f3 a gyermekek befogad\u00f3k\u00e9pess\u00e9g\u00e9nek megfelel\u0151en). A Semmelweis Egyetem Napk\u00f6ziotthonos \u00d3voda vezet\u0151j\u00e9nek: G\u00e1l Editnek ez \u00e9vi projektet bemutat\u00f3 \u00edr\u00e1sa itt olvashat\u00f3.<\/p>\n<p style=\"text-align: justify\">\u00d3vod\u00e1nk ebben a nevel\u00e9si \u00e9vben is a k\u00f6rnyezettudatos \u00e9letm\u00f3d megalapoz\u00e1s\u00e1t, a hullad\u00e9kok \u00fajrahasznos\u00edt\u00e1s\u00e1t t\u0171zte ki egyik f\u0151 c\u00e9lj\u00e1ul. A k\u00fcl\u00f6nb\u00f6z\u0151 anyagok m\u00e1s-m\u00e1s ir\u00e1ny\u00fa felhaszn\u00e1lhat\u00f3s\u00e1ga a mindennapi tev\u00e9kenys\u00e9gek sor\u00e1n, illetve a Term\u00e9szetb\u00fav\u00e1r \u00e9s az \u00d6koj\u00e1tsz\u00f3h\u00e1z alkalmaival is \u2013 k\u00f6rnyezetv\u00e9delmi szakk\u00f6reink, foglalkoz\u00e1sainak f\u0151 t\u00e9m\u00e1ja.<\/p>\n<p style=\"text-align: justify\">Projekt\u00fcnk id\u00e9n is, m\u00e1r megkezdett projektk\u00e9nt ker\u00fclt folytat\u00e1sra a Hullad\u00e9kcs\u00f6kkent\u00e9si H\u00e9ten is. Az \u00fajrahasznos\u00edthat\u00f3 anyagok gy\u0171jt\u00e9se a sz\u00fcl\u0151k k\u00f6zrem\u0171k\u00f6d\u00e9s\u00e9vel t\u00f6rt\u00e9nt (kartondobozok, m\u0171anyagflakonok, k\u00e1v\u00e9kapszul\u00e1k, kupakok, m\u0171anyag sz\u00edv\u00f3sz\u00e1lak, stb) szelekt\u00edven. Az int\u00e9zm\u00e9nyben t\u00f6bb gy\u0171jt\u0151 ed\u00e9nyt helyezt\u00fcnk el. Ezekb\u0151l a \u201ekincsekb\u0151l\u201d alkottak a gyerekek az \u00d6koj\u00e1tsz\u00f3h\u00e1zban is. Az akci\u00f3t, illetve az akci\u00f3napok id\u0151pontjait elektronikus form\u00e1ban, nyomtatott plak\u00e1tokon \u00e9s az \u00f3voda honlapj\u00e1n is k\u00f6zz\u00e9tett\u00fck. Csatlakoztunk (mint az egyetem egyik szervezeti egys\u00e9ge) a Semmelweis Egyetem \u201eZ\u00f6ld Egyetem\u201d kezdem\u00e9nyez\u00e9s\u00e9hez, \u00e9s a k\u00f6z\u00f6ss\u00e9gi m\u00e9dia fel\u00fcleten is elhelyezt\u00fck projekt\u00fcnket. Minden csal\u00e1d megfelel\u0151 id\u0151ben \u00e9s m\u00f3don inform\u00e1l\u00f3dhatott a tervezett programokr\u00f3l. Az akci\u00f3hetet megel\u0151z\u0151en k\u00e9rt\u00fck a sz\u00fcl\u0151ket, hogy otthon k\u00e9sz\u00edtsenek a gyerekekkel egy\u00fctt k\u00fcl\u00f6nb\u00f6z\u0151 alkot\u00e1sokat, melyekb\u0151l ki\u00e1ll\u00edt\u00e1st rendezt\u00fcnk az int\u00e9zm\u00e9nyben. Aktivit\u00e1sukat \u00e9s lelkesed\u00e9s\u00fcket is bizony\u00edtja, hogy a ki\u00e1ll\u00edt\u00e1sra szolg\u00e1l\u00f3 helyis\u00e9g megtelt.<\/p>\n<p><a href=\"https:\/\/semmelweis.hu\/zoldegyetem\/files\/2021\/12\/SE_Ovoda_Hulladekcsokkentesi_Het_Kep_2.jpg\"><img loading=\"lazy\" decoding=\"async\" class=\" wp-image-217 aligncenter\" src=\"https:\/\/semmelweis.hu\/zoldegyetem\/files\/2021\/12\/SE_Ovoda_Hulladekcsokkentesi_Het_Kep_2.jpg\" alt=\"\" width=\"1002\" height=\"751\" srcset=\"https:\/\/semmelweis.hu\/zoldegyetem\/files\/2021\/12\/SE_Ovoda_Hulladekcsokkentesi_Het_Kep_2.jpg 1728w, https:\/\/semmelweis.hu\/zoldegyetem\/files\/2021\/12\/SE_Ovoda_Hulladekcsokkentesi_Het_Kep_2-400x300.jpg 400w, https:\/\/semmelweis.hu\/zoldegyetem\/files\/2021\/12\/SE_Ovoda_Hulladekcsokkentesi_Het_Kep_2-1024x768.jpg 1024w, https:\/\/semmelweis.hu\/zoldegyetem\/files\/2021\/12\/SE_Ovoda_Hulladekcsokkentesi_Het_Kep_2-768x576.jpg 768w, https:\/\/semmelweis.hu\/zoldegyetem\/files\/2021\/12\/SE_Ovoda_Hulladekcsokkentesi_Het_Kep_2-1536x1152.jpg 1536w, https:\/\/semmelweis.hu\/zoldegyetem\/files\/2021\/12\/SE_Ovoda_Hulladekcsokkentesi_Het_Kep_2-753x565.jpg 753w\" sizes=\"auto, (max-width: 1002px) 100vw, 1002px\" \/><\/a><\/p>\n<p style=\"text-align: justify\">Az akci\u00f3napok keret\u00e9n bel\u00fcl az \u00f3vodapedag\u00f3gusok j\u00e1t\u00e9kos foglalkoz\u00e1sokon b\u0151v\u00edtett\u00e9k a gyermekek szelekt\u00edv hullad\u00e9kgy\u0171jt\u00e9sr\u0151l szerzett ismereteit a csoportokban. A gyerekek r\u00e9szt vettek a t\u00e9m\u00e1val kapcsolatos m\u00fazeumpedag\u00f3giai foglalkoz\u00e1son \u00e9s m\u00fazeuml\u00e1togat\u00e1son is.<\/p>\n<p><a href=\"https:\/\/semmelweis.hu\/zoldegyetem\/files\/2021\/12\/SE_Ovoda_Hulladekcsokkentesi_Het_Kep_7.jpg\"><img loading=\"lazy\" decoding=\"async\" class=\"wp-image-222 aligncenter\" src=\"https:\/\/semmelweis.hu\/zoldegyetem\/files\/2021\/12\/SE_Ovoda_Hulladekcsokkentesi_Het_Kep_7.jpg\" alt=\"\" width=\"273\" height=\"606\" srcset=\"https:\/\/semmelweis.hu\/zoldegyetem\/files\/2021\/12\/SE_Ovoda_Hulladekcsokkentesi_Het_Kep_7.jpg 432w, https:\/\/semmelweis.hu\/zoldegyetem\/files\/2021\/12\/SE_Ovoda_Hulladekcsokkentesi_Het_Kep_7-180x400.jpg 180w\" sizes=\"auto, (max-width: 273px) 100vw, 273px\" \/><\/a><br \/>\n<a href=\"https:\/\/semmelweis.hu\/zoldegyetem\/files\/2021\/12\/SE_Ovoda_Hulladekcsokkentesi_Het_Kep_11.jpg\"><img loading=\"lazy\" decoding=\"async\" class=\"wp-image-214 aligncenter\" src=\"https:\/\/semmelweis.hu\/zoldegyetem\/files\/2021\/12\/SE_Ovoda_Hulladekcsokkentesi_Het_Kep_11.jpg\" alt=\"\" width=\"600\" height=\"277\" srcset=\"https:\/\/semmelweis.hu\/zoldegyetem\/files\/2021\/12\/SE_Ovoda_Hulladekcsokkentesi_Het_Kep_11.jpg 960w, https:\/\/semmelweis.hu\/zoldegyetem\/files\/2021\/12\/SE_Ovoda_Hulladekcsokkentesi_Het_Kep_11-400x185.jpg 400w, https:\/\/semmelweis.hu\/zoldegyetem\/files\/2021\/12\/SE_Ovoda_Hulladekcsokkentesi_Het_Kep_11-768x354.jpg 768w, https:\/\/semmelweis.hu\/zoldegyetem\/files\/2021\/12\/SE_Ovoda_Hulladekcsokkentesi_Het_Kep_11-753x347.jpg 753w\" sizes=\"auto, (max-width: 600px) 100vw, 600px\" \/><\/a><\/p>\n<p style=\"text-align: justify\">\u00d3vod\u00e1nk nyitott, csal\u00e1dias int\u00e9zm\u00e9ny, f\u00fcggetlen\u00fcl att\u00f3l, hogy a jelenlegi j\u00e1rv\u00e1ny\u00fcgyi helyzetre tekintettel a sz\u00fcl\u0151kkel k\u00f6z\u00f6s int\u00e9zm\u00e9nyen bel\u00fcli program elmaradt. A k\u00fcl\u00f6nb\u00f6z\u0151 figyelemfelkelt\u0151 t\u00e1j\u00e9koztat\u00f3kkal, plak\u00e1tokkal, illetve a Hullad\u00e9kcs\u00f6kkent\u00e9si H\u00e9thez val\u00f3 csatlakoz\u00e1ssal \u2013 ennek a programnak a l\u00e9nyeg\u00e9vel \u00e9s c\u00e9lj\u00e1val \u2013 el\u00e9rt\u00fck a c\u00e9lk\u00f6z\u00f6ns\u00e9g minden tagj\u00e1t. A sz\u00fcl\u0151k sz\u00edvesen fogadt\u00e1k az \u00f3vodai kezdem\u00e9nyez\u00e9st, az \u00fajonnan \u00e9rkezett gyermekek csal\u00e1djai is az \u00f3vodai k\u00f6z\u00f6ss\u00e9g r\u00e9sz\u00e9v\u00e9 v\u00e1ltak.<\/p>\n<p style=\"text-align: justify\">Akci\u00f3nk j\u00f3 gyakorlatk\u00e9nt be\u00e9p\u00edthet\u0151 a mindennapok nevel\u0151 munk\u00e1j\u00e1ba. A sokf\u00e9le alapanyag sz\u00e1mtalan felhaszn\u00e1lhat\u00f3s\u00e1g\u00e1ra ny\u00fajt \u00f6tleteket m\u00e1s int\u00e9zm\u00e9nyek sz\u00e1m\u00e1ra. Min\u0151s\u00e9gi tartalom tekintet\u00e9ben \u00fagy v\u00e9lj\u00fck, hogy programunk nagym\u00e9rt\u00e9kben hozz\u00e1j\u00e1rul a hullad\u00e9kkeletkez\u00e9s megel\u0151z\u00e9s\u00e9hez. A \u201eh\u00e1zi\u201d felhaszn\u00e1l\u00e1snak is sz\u00e1mos lehet\u0151s\u00e9ge van, \u00edgy a keletkez\u0151 hullad\u00e9k m\u00e9rt\u00e9k\u00e9t jelent\u0151sen cs\u00f6kkenteni lehet az \u00fajrahasznos\u00edt\u00e1s \u00e1ltal.<\/p>\n<p style=\"text-align: justify\">Mivel a felhaszn\u00e1lhat\u00f3 hullad\u00e9kok mindenhol a vil\u00e1gon \u201ejelen\u201d vannak, \u00edgy az akci\u00f3nkban szerepl\u0151, bemutat\u00e1sra ker\u00fclt tev\u00e9kenys\u00e9gek, alkot\u00e1sok b\u00e1rhol \u00e9s b\u00e1rmely koroszt\u00e1lyra adapt\u00e1lhat\u00f3k \u00e9s megval\u00f3s\u00edthat\u00f3k gyermekint\u00e9zm\u00e9nyekben, k\u00f6rnyezetv\u00e9delmi rendezv\u00e9nyeken. A gyerekek koroszt\u00e1ly\u00e1hoz m\u00e9rten ismerkedhettek az evol\u00faci\u00f3val \u00e9s az \u00e9l\u0151l\u00e9nyek \u00e1talakul\u00e1s\u00e1val, fejl\u0151d\u00e9s\u00e9vel a k\u00fcl\u00f6nb\u00f6z\u0151 term\u00e9szeti esem\u00e9nyek hat\u00e1s\u00e1ra.<\/p>\n<p style=\"text-align: justify\">A t\u00e9ma adja a hullad\u00e9kok sz\u00e9les k\u00f6r\u0171 \u00fajrahasznos\u00edt\u00e1s\u00e1nak lehet\u0151s\u00e9g\u00e9t. \u00dagy gondoljuk, hogy projekt\u00fcnk c\u00e9lja \u2013 \u201eminden \u00fajrahasznos\u00edthat\u00f3\u201d \u2013 megval\u00f3sult. A gyerekek nagyon szeretik az \u0151sl\u00e9nyekkel val\u00f3 foglalatoss\u00e1gokat, ismereteket, k\u00fcl\u00f6n\u00f6s helyet foglal el az \u00f3vod\u00e1s koroszt\u00e1ly \u00e9let\u00e9ben az \u0151si vil\u00e1g \u00e9s az abban \u00e9lt \u00e1llatok, az akkori \u0151si k\u00f6rnyezet. A projekttel fejl\u0151d\u00f6tt a gyermekek \u2013 \u00e9s csal\u00e1djaik \u2013 kreativit\u00e1sa, alkot\u00f3kedve, k\u00f6rnyezet ir\u00e1nti szeretete \u00e9s tisztelete, j\u00e1t\u00e9kosan b\u0151v\u00fcltek ismereteik a vil\u00e1gr\u00f3l, alakult k\u00f6rnyezettudatos gondolkod\u00e1suk a k\u00f6z\u00f6s tev\u00e9kenys\u00e9gek \u00e9s \u00e9lm\u00e9nyek \u00e1ltal.<\/p>\n<p>&nbsp;<\/p>\n<p style=\"text-align: center\"><strong>G\u00e1l Edit<br \/>\n<\/strong>\u00f3vodavezet\u0151<\/p>\n<p style=\"text-align: justify\">\u00a0<\/p>\n<p><a href=\"https:\/\/semmelweis.hu\/zoldegyetem\/files\/2021\/12\/SE_Ovoda_Hulladekcsokkentesi_Het_Kep_10.jpg\"><img loading=\"lazy\" decoding=\"async\" class=\"size-full wp-image-213 aligncenter\" src=\"https:\/\/semmelweis.hu\/zoldegyetem\/files\/2021\/12\/SE_Ovoda_Hulladekcsokkentesi_Het_Kep_10.jpg\" alt=\"\" width=\"960\" height=\"443\" srcset=\"https:\/\/semmelweis.hu\/zoldegyetem\/files\/2021\/12\/SE_Ovoda_Hulladekcsokkentesi_Het_Kep_10.jpg 960w, https:\/\/semmelweis.hu\/zoldegyetem\/files\/2021\/12\/SE_Ovoda_Hulladekcsokkentesi_Het_Kep_10-400x185.jpg 400w, https:\/\/semmelweis.hu\/zoldegyetem\/files\/2021\/12\/SE_Ovoda_Hulladekcsokkentesi_Het_Kep_10-768x354.jpg 768w, https:\/\/semmelweis.hu\/zoldegyetem\/files\/2021\/12\/SE_Ovoda_Hulladekcsokkentesi_Het_Kep_10-753x347.jpg 753w\" sizes=\"auto, (max-width: 960px) 100vw, 960px\" \/><\/a><\/p>\n<p><a href=\"https:\/\/semmelweis.hu\/zoldegyetem\/files\/2021\/12\/SE_Ovoda_Hulladekcsokkentesi_Het_Kep_12.jpg\"><img loading=\"lazy\" decoding=\"async\" class=\" wp-image-215 aligncenter\" src=\"https:\/\/semmelweis.hu\/zoldegyetem\/files\/2021\/12\/SE_Ovoda_Hulladekcsokkentesi_Het_Kep_12.jpg\" alt=\"\" width=\"952\" height=\"714\" srcset=\"https:\/\/semmelweis.hu\/zoldegyetem\/files\/2021\/12\/SE_Ovoda_Hulladekcsokkentesi_Het_Kep_12.jpg 1259w, https:\/\/semmelweis.hu\/zoldegyetem\/files\/2021\/12\/SE_Ovoda_Hulladekcsokkentesi_Het_Kep_12-400x300.jpg 400w, https:\/\/semmelweis.hu\/zoldegyetem\/files\/2021\/12\/SE_Ovoda_Hulladekcsokkentesi_Het_Kep_12-1024x768.jpg 1024w, https:\/\/semmelweis.hu\/zoldegyetem\/files\/2021\/12\/SE_Ovoda_Hulladekcsokkentesi_Het_Kep_12-768x576.jpg 768w, https:\/\/semmelweis.hu\/zoldegyetem\/files\/2021\/12\/SE_Ovoda_Hulladekcsokkentesi_Het_Kep_12-753x565.jpg 753w\" sizes=\"auto, (max-width: 952px) 100vw, 952px\" \/><\/a> <a href=\"https:\/\/semmelweis.hu\/zoldegyetem\/files\/2021\/12\/SE_Ovoda_Hulladekcsokkentesi_Het_Kep_1.jpg\"><img loading=\"lazy\" decoding=\"async\" class=\"size-full wp-image-216 aligncenter\" src=\"https:\/\/semmelweis.hu\/zoldegyetem\/files\/2021\/12\/SE_Ovoda_Hulladekcsokkentesi_Het_Kep_1.jpg\" alt=\"\" width=\"864\" height=\"648\" srcset=\"https:\/\/semmelweis.hu\/zoldegyetem\/files\/2021\/12\/SE_Ovoda_Hulladekcsokkentesi_Het_Kep_1.jpg 864w, https:\/\/semmelweis.hu\/zoldegyetem\/files\/2021\/12\/SE_Ovoda_Hulladekcsokkentesi_Het_Kep_1-400x300.jpg 400w, https:\/\/semmelweis.hu\/zoldegyetem\/files\/2021\/12\/SE_Ovoda_Hulladekcsokkentesi_Het_Kep_1-768x576.jpg 768w, https:\/\/semmelweis.hu\/zoldegyetem\/files\/2021\/12\/SE_Ovoda_Hulladekcsokkentesi_Het_Kep_1-753x565.jpg 753w\" sizes=\"auto, (max-width: 864px) 100vw, 864px\" \/><\/a><a href=\"https:\/\/semmelweis.hu\/zoldegyetem\/files\/2021\/12\/SE_Ovoda_Hulladekcsokkentesi_Het_Kep_3.jpg\"><img loading=\"lazy\" decoding=\"async\" class=\"size-full wp-image-218 aligncenter\" src=\"https:\/\/semmelweis.hu\/zoldegyetem\/files\/2021\/12\/SE_Ovoda_Hulladekcsokkentesi_Het_Kep_3.jpg\" alt=\"\" width=\"724\" height=\"724\" srcset=\"https:\/\/semmelweis.hu\/zoldegyetem\/files\/2021\/12\/SE_Ovoda_Hulladekcsokkentesi_Het_Kep_3.jpg 724w, https:\/\/semmelweis.hu\/zoldegyetem\/files\/2021\/12\/SE_Ovoda_Hulladekcsokkentesi_Het_Kep_3-400x400.jpg 400w, https:\/\/semmelweis.hu\/zoldegyetem\/files\/2021\/12\/SE_Ovoda_Hulladekcsokkentesi_Het_Kep_3-150x150.jpg 150w\" sizes=\"auto, (max-width: 724px) 100vw, 724px\" \/><\/a> <a href=\"https:\/\/semmelweis.hu\/zoldegyetem\/files\/2021\/12\/SE_Ovoda_Hulladekcsokkentesi_Het_Kep_4.jpg\"><img loading=\"lazy\" decoding=\"async\" class=\"size-full wp-image-219 aligncenter\" src=\"https:\/\/semmelweis.hu\/zoldegyetem\/files\/2021\/12\/SE_Ovoda_Hulladekcsokkentesi_Het_Kep_4.jpg\" alt=\"\" width=\"432\" height=\"960\" srcset=\"https:\/\/semmelweis.hu\/zoldegyetem\/files\/2021\/12\/SE_Ovoda_Hulladekcsokkentesi_Het_Kep_4.jpg 432w, https:\/\/semmelweis.hu\/zoldegyetem\/files\/2021\/12\/SE_Ovoda_Hulladekcsokkentesi_Het_Kep_4-180x400.jpg 180w\" sizes=\"auto, (max-width: 432px) 100vw, 432px\" \/><\/a> <a href=\"https:\/\/semmelweis.hu\/zoldegyetem\/files\/2021\/12\/SE_Ovoda_Hulladekcsokkentesi_Het_Kep_5.jpg\"><img loading=\"lazy\" decoding=\"async\" class=\"size-full wp-image-220 aligncenter\" src=\"https:\/\/semmelweis.hu\/zoldegyetem\/files\/2021\/12\/SE_Ovoda_Hulladekcsokkentesi_Het_Kep_5.jpg\" alt=\"\" width=\"864\" height=\"648\" srcset=\"https:\/\/semmelweis.hu\/zoldegyetem\/files\/2021\/12\/SE_Ovoda_Hulladekcsokkentesi_Het_Kep_5.jpg 864w, https:\/\/semmelweis.hu\/zoldegyetem\/files\/2021\/12\/SE_Ovoda_Hulladekcsokkentesi_Het_Kep_5-400x300.jpg 400w, https:\/\/semmelweis.hu\/zoldegyetem\/files\/2021\/12\/SE_Ovoda_Hulladekcsokkentesi_Het_Kep_5-768x576.jpg 768w, https:\/\/semmelweis.hu\/zoldegyetem\/files\/2021\/12\/SE_Ovoda_Hulladekcsokkentesi_Het_Kep_5-753x565.jpg 753w\" sizes=\"auto, (max-width: 864px) 100vw, 864px\" \/><\/a> <a href=\"https:\/\/semmelweis.hu\/zoldegyetem\/files\/2021\/12\/SE_Ovoda_Hulladekcsokkentesi_Het_Kep_6.jpg\"><img loading=\"lazy\" decoding=\"async\" class=\"size-full wp-image-221 aligncenter\" src=\"https:\/\/semmelweis.hu\/zoldegyetem\/files\/2021\/12\/SE_Ovoda_Hulladekcsokkentesi_Het_Kep_6.jpg\" alt=\"\" width=\"960\" height=\"443\" srcset=\"https:\/\/semmelweis.hu\/zoldegyetem\/files\/2021\/12\/SE_Ovoda_Hulladekcsokkentesi_Het_Kep_6.jpg 960w, https:\/\/semmelweis.hu\/zoldegyetem\/files\/2021\/12\/SE_Ovoda_Hulladekcsokkentesi_Het_Kep_6-400x185.jpg 400w, https:\/\/semmelweis.hu\/zoldegyetem\/files\/2021\/12\/SE_Ovoda_Hulladekcsokkentesi_Het_Kep_6-768x354.jpg 768w, https:\/\/semmelweis.hu\/zoldegyetem\/files\/2021\/12\/SE_Ovoda_Hulladekcsokkentesi_Het_Kep_6-753x347.jpg 753w\" sizes=\"auto, (max-width: 960px) 100vw, 960px\" \/><\/a><a href=\"https:\/\/semmelweis.hu\/zoldegyetem\/files\/2021\/12\/SE_Ovoda_Hulladekcsokkentesi_Het_Kep_8.jpg\"><img loading=\"lazy\" decoding=\"async\" class=\"size-full wp-image-223 aligncenter\" src=\"https:\/\/semmelweis.hu\/zoldegyetem\/files\/2021\/12\/SE_Ovoda_Hulladekcsokkentesi_Het_Kep_8.jpg\" alt=\"\" width=\"724\" height=\"724\" srcset=\"https:\/\/semmelweis.hu\/zoldegyetem\/files\/2021\/12\/SE_Ovoda_Hulladekcsokkentesi_Het_Kep_8.jpg 724w, https:\/\/semmelweis.hu\/zoldegyetem\/files\/2021\/12\/SE_Ovoda_Hulladekcsokkentesi_Het_Kep_8-400x400.jpg 400w, https:\/\/semmelweis.hu\/zoldegyetem\/files\/2021\/12\/SE_Ovoda_Hulladekcsokkentesi_Het_Kep_8-150x150.jpg 150w\" sizes=\"auto, (max-width: 724px) 100vw, 724px\" \/><\/a> <a href=\"https:\/\/semmelweis.hu\/zoldegyetem\/files\/2021\/12\/SE_Ovoda_Hulladekcsokkentesi_Het_Kep_9.jpg\"><img loading=\"lazy\" decoding=\"async\" class=\"size-full wp-image-224 aligncenter\" src=\"https:\/\/semmelweis.hu\/zoldegyetem\/files\/2021\/12\/SE_Ovoda_Hulladekcsokkentesi_Het_Kep_9.jpg\" alt=\"\" width=\"724\" height=\"724\" srcset=\"https:\/\/semmelweis.hu\/zoldegyetem\/files\/2021\/12\/SE_Ovoda_Hulladekcsokkentesi_Het_Kep_9.jpg 724w, https:\/\/semmelweis.hu\/zoldegyetem\/files\/2021\/12\/SE_Ovoda_Hulladekcsokkentesi_Het_Kep_9-400x400.jpg 400w, https:\/\/semmelweis.hu\/zoldegyetem\/files\/2021\/12\/SE_Ovoda_Hulladekcsokkentesi_Het_Kep_9-150x150.jpg 150w\" sizes=\"auto, (max-width: 724px) 100vw, 724px\" \/><\/a><\/p>\n","protected":false},"excerpt":{"rendered":"<p>A Semmelweis Egyetem Napk\u00f6ziotthonos \u00d3vod\u00e1ja is csatlakozott az Eur\u00f3pai Hullad\u00e9kcs\u00f6kkent\u00e9si H\u00e9t programj\u00e1hoz A Semmelweis Egyetem \u00d3vod\u00e1ja \u00e9vek \u00f3ta csatlakozik az Eur\u00f3pai Hullad\u00e9kcs\u00f6kkent\u00e9si H\u00e9t programj\u00e1hoz saj\u00e1t projekttel. Az idei \u00f6tlet\u00fck c\u00edme &#8222;\u0150sl\u00e9nyek \u00e9s emberek&#8221; (j\u00e1t\u00e9kos evol\u00faci\u00f3 a gyermekek befogad\u00f3k\u00e9pess\u00e9g\u00e9nek megfelel\u0151en). A Semmelweis Egyetem Napk\u00f6ziotthonos \u00d3voda vezet\u0151j\u00e9nek: G\u00e1l Editnek ez \u00e9vi projektet bemutat\u00f3 \u00edr\u00e1sa itt olvashat\u00f3. \u00d3vod\u00e1nk &hellip;<\/p>\n","protected":false},"author":288,"featured_media":0,"parent":0,"menu_order":0,"comment_status":"closed","ping_status":"closed","template":"","meta":{"_acf_changed":false,"footnotes":""},"categories":[],"tags":[],"class_list":["post-208","page","type-page","status-publish","hentry"],"acf":[],"_links":{"self":[{"href":"https:\/\/semmelweis.hu\/zoldegyetem\/wp-json\/wp\/v2\/pages\/208","targetHints":{"allow":["GET"]}}],"collection":[{"href":"https:\/\/semmelweis.hu\/zoldegyetem\/wp-json\/wp\/v2\/pages"}],"about":[{"href":"https:\/\/semmelweis.hu\/zoldegyetem\/wp-json\/wp\/v2\/types\/page"}],"author":[{"embeddable":true,"href":"https:\/\/semmelweis.hu\/zoldegyetem\/wp-json\/wp\/v2\/users\/288"}],"replies":[{"embeddable":true,"href":"https:\/\/semmelweis.hu\/zoldegyetem\/wp-json\/wp\/v2\/comments?post=208"}],"version-history":[{"count":6,"href":"https:\/\/semmelweis.hu\/zoldegyetem\/wp-json\/wp\/v2\/pages\/208\/revisions"}],"predecessor-version":[{"id":212,"href":"https:\/\/semmelweis.hu\/zoldegyetem\/wp-json\/wp\/v2\/pages\/208\/revisions\/212"}],"wp:attachment":[{"href":"https:\/\/semmelweis.hu\/zoldegyetem\/wp-json\/wp\/v2\/media?parent=208"}],"wp:term":[{"taxonomy":"category","embeddable":true,"href":"https:\/\/semmelweis.hu\/zoldegyetem\/wp-json\/wp\/v2\/categories?post=208"},{"taxonomy":"post_tag","embeddable":true,"href":"https:\/\/semmelweis.hu\/zoldegyetem\/wp-json\/wp\/v2\/tags?post=208"}],"curies":[{"name":"wp","href":"https:\/\/api.w.org\/{rel}","templated":true}]}}