{"id":187,"date":"2021-11-20T13:03:49","date_gmt":"2021-11-20T12:03:49","guid":{"rendered":"https:\/\/semmelweis.hu\/zoldegyetem\/?page_id=187"},"modified":"2021-11-20T13:08:20","modified_gmt":"2021-11-20T12:08:20","slug":"elektromos-rollerek-tesztelese","status":"publish","type":"page","link":"https:\/\/semmelweis.hu\/zoldegyetem\/elektromos-rollerek-tesztelese\/","title":{"rendered":"Elektromos Rollerek Tesztel\u00e9se"},"content":{"rendered":"<h3 style=\"text-align: center\"><strong>Elektromos rollerek tesztel\u00e9se<\/strong><\/h3>\n<p style=\"text-align: justify\">A mikromobilit\u00e1si eszk\u00f6z\u00f6k egyre n\u00e9pszer\u0171bbek a nagyv\u00e1rosi k\u00f6zleked\u00e9sben. A gyalogl\u00e1sn\u00e1l gyorsabban, m\u00e9gis k\u00f6rnyezetk\u00edm\u00e9l\u0151 m\u00f3don tehet\u00fcnk meg r\u00f6videbb t\u00e1vokat ak\u00e1r a t\u00f6megk\u00f6zleked\u00e9st kieg\u00e9sz\u00edtve \u00e9s a dug\u00f3kat elker\u00fclve. A ker\u00e9kp\u00e1roz\u00e1s mellett tal\u00e1n a leggyakrabban haszn\u00e1lt ilyen eszk\u00f6z a roller, legyen az elektromos vagy hagyom\u00e1nyos.<\/p>\n<p style=\"text-align: justify\">A Z\u00f6ld Egyetem Program r\u00e9szek\u00e9nt a Lime k\u00f6z\u00f6ss\u00e9gi e-roller szolg\u00e1ltat\u00f3val egy\u00fcttm\u0171k\u00f6d\u00e9sben egy 1 h\u00f3napos tesztid\u0151szak keret\u00e9ben tervezt\u00fck megismerni az egyetemi polg\u00e1rok rollerez\u00e9si szok\u00e1sait.<\/p>\n<p style=\"text-align: justify\">A c\u00e9g 50 db ingyenes haszn\u00e1latra jogos\u00edt\u00f3 kupont aj\u00e1nlott fel, amik hamar gazd\u00e1ra tal\u00e1ltak. A \u201etesztcsapat\u201d, vagyis az az 50 hallgat\u00f3 \u00e9s munkav\u00e1llal\u00f3 \u2013 ut\u00f3bbiak v\u00e1ltozatosan k\u00e9pviselt\u00e9k a klinikumot, a h\u00e1tt\u00e9rint\u00e9zm\u00e9nyeket \u00e9s oktat\u00e1si egys\u00e9geket \u2013 j\u00fanius 18-\u00e1n indulhatott els\u0151 ingyenes \u00fatj\u00e1ra a rollerekkel.<\/p>\n<p><a href=\"https:\/\/semmelweis.hu\/zoldegyetem\/files\/2021\/11\/Elektromos_roller_kep_1.jpg\"><img loading=\"lazy\" decoding=\"async\" class=\"size-full wp-image-194 aligncenter\" src=\"https:\/\/semmelweis.hu\/zoldegyetem\/files\/2021\/11\/Elektromos_roller_kep_1.jpg\" alt=\"\" width=\"1527\" height=\"964\" srcset=\"https:\/\/semmelweis.hu\/zoldegyetem\/files\/2021\/11\/Elektromos_roller_kep_1.jpg 1527w, https:\/\/semmelweis.hu\/zoldegyetem\/files\/2021\/11\/Elektromos_roller_kep_1-400x253.jpg 400w, https:\/\/semmelweis.hu\/zoldegyetem\/files\/2021\/11\/Elektromos_roller_kep_1-1024x646.jpg 1024w, https:\/\/semmelweis.hu\/zoldegyetem\/files\/2021\/11\/Elektromos_roller_kep_1-768x485.jpg 768w, https:\/\/semmelweis.hu\/zoldegyetem\/files\/2021\/11\/Elektromos_roller_kep_1-753x475.jpg 753w\" sizes=\"auto, (max-width: 1527px) 100vw, 1527px\" \/><\/a><\/p>\n<p style=\"text-align: right\"><span style=\"font-size: 10pt\">Fot\u00f3: Mongel G\u00e1bor<\/span><\/p>\n<p style=\"text-align: justify\">A tesztid\u0151szak sor\u00e1n a Lime \u00f6sszegy\u0171jt\u00f6tt statisztik\u00e1i alapj\u00e1n 1693-szor indultak \u00fatra a r\u00e9sztvev\u0151 rollerez\u0151k, \u00f6sszesen 3100 km-t megt\u00e9ve ezek sor\u00e1n. T\u00e9rk\u00e9pen szeml\u00e9ltett\u00fck ezeket az utakat. Legnagyobb r\u00e9szt a t\u00f6mb\u00f6k k\u00f6z\u00f6tti utaz\u00e1sra vett\u00e9k ig\u00e9nybe a rollert, emellett jelent\u0151s m\u00e9g a f\u0151bb t\u00f6megk\u00f6zleked\u00e9si csom\u00f3pontok \u00e9s az egyetemi egys\u00e9gek k\u00f6z\u00f6tti k\u00f6zleked\u00e9s.<\/p>\n<p style=\"text-align: right\"><a href=\"https:\/\/semmelweis.hu\/zoldegyetem\/files\/2021\/11\/Elektromos_roller_kep_2.jpg\"><img loading=\"lazy\" decoding=\"async\" class=\"size-full wp-image-195 aligncenter\" src=\"https:\/\/semmelweis.hu\/zoldegyetem\/files\/2021\/11\/Elektromos_roller_kep_2.jpg\" alt=\"\" width=\"1272\" height=\"938\" srcset=\"https:\/\/semmelweis.hu\/zoldegyetem\/files\/2021\/11\/Elektromos_roller_kep_2.jpg 1272w, https:\/\/semmelweis.hu\/zoldegyetem\/files\/2021\/11\/Elektromos_roller_kep_2-400x295.jpg 400w, https:\/\/semmelweis.hu\/zoldegyetem\/files\/2021\/11\/Elektromos_roller_kep_2-1024x755.jpg 1024w, https:\/\/semmelweis.hu\/zoldegyetem\/files\/2021\/11\/Elektromos_roller_kep_2-768x566.jpg 768w, https:\/\/semmelweis.hu\/zoldegyetem\/files\/2021\/11\/Elektromos_roller_kep_2-753x555.jpg 753w\" sizes=\"auto, (max-width: 1272px) 100vw, 1272px\" \/><\/a><\/p>\n<p><span style=\"font-size: 10pt\">Forr\u00e1s: Varga Denise, Lime<\/span><\/p>\n<p style=\"text-align: justify\">A Lime sz\u00e1m\u00edt\u00e1sa szerint a felhaszn\u00e1l\u00f3k fejenk\u00e9nt \u00e1tlagosan az egy h\u00f3nap alatt 102 USD-t (~31 ezer Ft) sp\u00f3roltak, ennyibe ker\u00fclt volna nekik a rollerez\u00e9s.<\/p>\n<p style=\"text-align: justify\">Az egy h\u00f3nap eltelte ut\u00e1n megk\u00e9rt\u00fck a r\u00e9sztvev\u0151ket, ossz\u00e1k meg tapasztalataikat egy k\u00e9rd\u0151\u00edvben a rollerekr\u0151l, a szolg\u00e1ltat\u00e1sr\u00f3l \u00e9s \u00e1ltal\u00e1ban a tesztid\u0151szakr\u00f3l.<\/p>\n<p style=\"text-align: justify\"><a href=\"https:\/\/semmelweis.hu\/zoldegyetem\/files\/2021\/11\/Elektromos_roller_kep_3.jpg\"><img loading=\"lazy\" decoding=\"async\" class=\"size-full wp-image-192 aligncenter\" src=\"https:\/\/semmelweis.hu\/zoldegyetem\/files\/2021\/11\/Elektromos_roller_kep_3.jpg\" alt=\"\" width=\"1534\" height=\"1242\" srcset=\"https:\/\/semmelweis.hu\/zoldegyetem\/files\/2021\/11\/Elektromos_roller_kep_3.jpg 1534w, https:\/\/semmelweis.hu\/zoldegyetem\/files\/2021\/11\/Elektromos_roller_kep_3-400x324.jpg 400w, https:\/\/semmelweis.hu\/zoldegyetem\/files\/2021\/11\/Elektromos_roller_kep_3-1024x829.jpg 1024w, https:\/\/semmelweis.hu\/zoldegyetem\/files\/2021\/11\/Elektromos_roller_kep_3-768x622.jpg 768w, https:\/\/semmelweis.hu\/zoldegyetem\/files\/2021\/11\/Elektromos_roller_kep_3-753x610.jpg 753w\" sizes=\"auto, (max-width: 1534px) 100vw, 1534px\" \/><\/a><\/p>\n<p style=\"text-align: justify\">A v\u00e1laszad\u00f3k egy\u00f6ntet\u0171en hasznosnak tal\u00e1lt\u00e1k a tesztid\u0151szakot, elmond\u00e1suk szerint sok id\u0151t \u00e9s energi\u00e1t takar\u00edtottak meg a rollerekkel \u00e9s a j\u00f6v\u0151ben is sz\u00edvesen haszn\u00e1ln\u00e1k rendszeresen valamilyen kedvezm\u00e9nyes lehet\u0151s\u00e9g megl\u00e9te eset\u00e9n.<\/p>\n<p style=\"text-align: justify\">Az utols\u00f3 k\u00e9rd\u00e9sn\u00e9l arra k\u00e9rt\u00fck a r\u00e9sztvev\u0151ket, fejts\u00e9k ki v\u00e9lem\u00e9ny\u00fcket, \u00edrj\u00e1k le tapasztalataikat a tesztid\u0151szakr\u0151l, a rollerekr\u0151l. A legt\u00f6bben kiemelt\u00e9k, hogy milyen k\u00f6nnyen \u00e9s gyorsan el tudtak jutni egyik szervezeti egys\u00e9gt\u0151l a m\u00e1sikig vagy ak\u00e1r munk\u00e1ba, illetve onnan haza.<\/p>\n<p style=\"text-align: justify\">\u00a0<\/p>\n<p style=\"text-align: justify\">A sok pozit\u00edv visszajelz\u00e9st nagy \u00f6r\u00f6mmel fogadtuk, \u00e9s egy\u00e9rtelm\u0171v\u00e9 v\u00e1lt az is, hogy az elektromos roller hat\u00e9kony eszk\u00f6z a v\u00e1rosi k\u00f6zleked\u00e9sben. Sok Egyetemi Polg\u00e1r napi munkav\u00e9gz\u00e9s\u00e9t is meg tudja k\u00f6nny\u00edteni, ez\u00e9rt beker\u00fclt a Z\u00f6ld Egyetem Program c\u00e9ljai k\u00f6z\u00e9 a tesztid\u0151szak kiterjeszt\u00e9se mind id\u0151ben mind felhaszn\u00e1l\u00f3i sz\u00e1mban. Rem\u00e9lj\u00fck a k\u00f6zelj\u00f6v\u0151ben ennek a megval\u00f3sul\u00e1s\u00e1r\u00f3l is besz\u00e1molhatunk.\u00a0\u00a0<\/p>\n<p style=\"text-align: justify\">\u00a0<\/p>\n<p>&nbsp;<\/p>\n<p>&nbsp;<\/p>\n<p><span style=\"font-size: 10pt\">Szerkesztette: Horti Zolt\u00e1n<\/span><\/p>\n","protected":false},"excerpt":{"rendered":"<p>Elektromos rollerek tesztel\u00e9se A mikromobilit\u00e1si eszk\u00f6z\u00f6k egyre n\u00e9pszer\u0171bbek a nagyv\u00e1rosi k\u00f6zleked\u00e9sben. A gyalogl\u00e1sn\u00e1l gyorsabban, m\u00e9gis k\u00f6rnyezetk\u00edm\u00e9l\u0151 m\u00f3don tehet\u00fcnk meg r\u00f6videbb t\u00e1vokat ak\u00e1r a t\u00f6megk\u00f6zleked\u00e9st kieg\u00e9sz\u00edtve \u00e9s a dug\u00f3kat elker\u00fclve. A ker\u00e9kp\u00e1roz\u00e1s mellett tal\u00e1n a leggyakrabban haszn\u00e1lt ilyen eszk\u00f6z a roller, legyen az elektromos vagy hagyom\u00e1nyos. A Z\u00f6ld Egyetem Program r\u00e9szek\u00e9nt a Lime k\u00f6z\u00f6ss\u00e9gi e-roller szolg\u00e1ltat\u00f3val &hellip;<\/p>\n","protected":false},"author":288,"featured_media":0,"parent":0,"menu_order":0,"comment_status":"closed","ping_status":"closed","template":"","meta":{"_acf_changed":false,"footnotes":""},"categories":[],"tags":[],"class_list":["post-187","page","type-page","status-publish","hentry"],"acf":[],"_links":{"self":[{"href":"https:\/\/semmelweis.hu\/zoldegyetem\/wp-json\/wp\/v2\/pages\/187","targetHints":{"allow":["GET"]}}],"collection":[{"href":"https:\/\/semmelweis.hu\/zoldegyetem\/wp-json\/wp\/v2\/pages"}],"about":[{"href":"https:\/\/semmelweis.hu\/zoldegyetem\/wp-json\/wp\/v2\/types\/page"}],"author":[{"embeddable":true,"href":"https:\/\/semmelweis.hu\/zoldegyetem\/wp-json\/wp\/v2\/users\/288"}],"replies":[{"embeddable":true,"href":"https:\/\/semmelweis.hu\/zoldegyetem\/wp-json\/wp\/v2\/comments?post=187"}],"version-history":[{"count":5,"href":"https:\/\/semmelweis.hu\/zoldegyetem\/wp-json\/wp\/v2\/pages\/187\/revisions"}],"predecessor-version":[{"id":198,"href":"https:\/\/semmelweis.hu\/zoldegyetem\/wp-json\/wp\/v2\/pages\/187\/revisions\/198"}],"wp:attachment":[{"href":"https:\/\/semmelweis.hu\/zoldegyetem\/wp-json\/wp\/v2\/media?parent=187"}],"wp:term":[{"taxonomy":"category","embeddable":true,"href":"https:\/\/semmelweis.hu\/zoldegyetem\/wp-json\/wp\/v2\/categories?post=187"},{"taxonomy":"post_tag","embeddable":true,"href":"https:\/\/semmelweis.hu\/zoldegyetem\/wp-json\/wp\/v2\/tags?post=187"}],"curies":[{"name":"wp","href":"https:\/\/api.w.org\/{rel}","templated":true}]}}