{"id":171,"date":"2021-11-20T12:32:16","date_gmt":"2021-11-20T11:32:16","guid":{"rendered":"https:\/\/semmelweis.hu\/zoldegyetem\/?page_id=171"},"modified":"2021-11-20T12:46:31","modified_gmt":"2021-11-20T11:46:31","slug":"emk-hulladekcsokkentesi-akciok","status":"publish","type":"page","link":"https:\/\/semmelweis.hu\/zoldegyetem\/emk-hulladekcsokkentesi-akciok\/","title":{"rendered":"EMK &#8211; Hullad\u00e9kcs\u00f6kkent\u00e9si Akci\u00f3k"},"content":{"rendered":"<h3 style=\"text-align: center\"><strong>A Semmelweis Egyetem Eg\u00e9szs\u00e9g\u00fcgyi Menedzserk\u00e9pz\u0151 K\u00f6zpont hullad\u00e9kcs\u00f6kkent\u00e9si akci\u00f3i<\/strong><\/h3>\n<p><strong>\u00a0<\/strong>Az Eur\u00f3pai Uni\u00f3 minden \u00e9vben meghirdeti \u201eEur\u00f3pai Hullad\u00e9kcs\u00f6kkent\u00e9si H\u00e9t\u201d c\u00edm\u0171 kamp\u00e1ny\u00e1t, amelyhez mag\u00e1nszem\u00e9lyek, int\u00e9zm\u00e9nyek csatlakozhatnak saj\u00e1t akci\u00f3ikkal.<\/p>\n<p>2019-ben az utols\u00f3 pillanatban \u00e9rtes\u00fclt\u00fcnk a hullad\u00e9kcs\u00f6kkent\u00e9si h\u00e9t lehet\u0151s\u00e9g\u00e9r\u0151l, de \u00edgy is sikeresen regisztr\u00e1ltunk egy k\u00f6rnyezettudatos szeml\u00e9letform\u00e1l\u00e1st c\u00e9lz\u00f3 \u00f6tlettel, amely a K\u00f6zpont munkat\u00e1rsai \u00e9s oktat\u00f3i mellett kiterjedt a hallgat\u00f3kra is. A novemberi megval\u00f3s\u00edt\u00e1s sor\u00e1n el\u0151sz\u00f6r sz\u00e9les k\u00f6r\u0171 felm\u00e9r\u00e9st v\u00e9gezt\u00fcnk a hullad\u00e9kkal kapcsolatos ismeretekr\u0151l, szok\u00e1sokr\u00f3l, az otthoni \u00e9s a munkahelyi hullad\u00e9kterhel\u00e9s \u00e9s -gy\u0171jt\u00e9s k\u00fcl\u00f6nbs\u00e9geir\u0151l. A felm\u00e9r\u00e9s alkalmat adott arra is, hogy a megk\u00e9rdezettek megossz\u00e1k a t\u00e9m\u00e1ba v\u00e1g\u00f3 \u00f6tleteiket, javaslataikat. A v\u00e1laszok \u00f6sszegz\u00e9se sor\u00e1n kider\u00fclt, hogy munkat\u00e1rsaink h\u00e1romnegyede m\u00e1r kor\u00e1bban is annyira fontosnak tartotta a hullad\u00e9kmennyis\u00e9g probl\u00e9m\u00e1j\u00e1t, hogy saj\u00e1t maga is tett a cs\u00f6kkent\u00e9s\u00e9rt. A v\u00e1laszad\u00f3k m\u00e9g magasabb sz\u00e1zal\u00e9ka jelzett nyitotts\u00e1got a tov\u00e1bbi v\u00e1ltoztat\u00e1sok ir\u00e1nt. Ezzel a nagyon kedvez\u0151 alaphelyzettel a szeml\u00e9letform\u00e1l\u00e1s fel\u0151l elmozdultunk a gyakorlat fel\u00e9.<\/p>\n<p>Az int\u00e9zet\u00fcnkben foly\u00f3, jellemz\u0151en irodai munka sor\u00e1n legnagyobb mennyis\u00e9gben keletkez\u0151 hullad\u00e9k a pap\u00edr. Dac\u00e1ra a m\u00e1r kor\u00e1bban is elk\u00f6telezett munkat\u00e1rsaink igyekezet\u00e9nek, a helyzet tov\u00e1bbi lehet\u0151s\u00e9geket rejtett. A k\u00e9toldalas nyomtat\u00e1sra val\u00f3 odafigyel\u00e9s \u00e9s a felesleges nyomatok h\u00e1toldal\u00e1nak haszn\u00e1lata m\u00e1r nem volt \u00fajdons\u00e1g. Kieg\u00e9sz\u00edtett\u00fck ezeket a keletkez\u0151 kartondobozok mennyis\u00e9g\u00e9nek cs\u00f6kkent\u00e9s\u00e9vel \u00e9s egy \u2013 t\u00f6bbsz\u00f6r meghirdetett \u2013 \u201eNe nyomtass nap!\u201d bevezet\u00e9s\u00e9vel. A pap\u00edrmentesen, e-maileken \u00e9s k\u00f6z\u00f6ss\u00e9gi m\u00e9dia posztok form\u00e1j\u00e1ban k\u00f6zz\u00e9tett kamp\u00e1nyok eredm\u00e9nyek\u00e9nt a felhaszn\u00e1lt pap\u00edrmennyis\u00e9get siker\u00fclt tov\u00e1bb cs\u00f6kkenten\u00fcnk.<\/p>\n<p>A munkahelyi \u00e9tkez\u00e9s adta a m\u00e1sik f\u0151 hullad\u00e9kcs\u00f6kkent\u00e9si lehet\u0151s\u00e9get. Az otthonr\u00f3l hozott, vagy rendelt \u00e9telek dobozai ugyanis meglep\u0151 mennyis\u00e9gben halmoz\u00f3dtak a konyh\u00e1kban. Arra \u00f6szt\u00f6n\u00f6zt\u00fck munkat\u00e1rsainkat, hogy a dobozokat haszn\u00e1lj\u00e1k t\u00f6bbsz\u00f6r, vagy id\u0151r\u0151l-id\u0151re aj\u00e1nlj\u00e1k fel a feleslegess\u00e9 v\u00e1lt dobozokat olyan koll\u00e9g\u00e1knak, akik tov\u00e1bb tudn\u00e1k haszn\u00e1lni azokat.<\/p>\n<p>Emellett folyamatosan odafigyel\u00fcnk arra, hogy a k\u00f6zponti rendezv\u00e9nyekn\u00e9l az italokat \u00fcvegpalackokban rendelj\u00fck, megel\u0151zve a PET hullad\u00e9k keletkez\u00e9s\u00e9t.<\/p>\n<p>A pand\u00e9mia helyzetet figyelembe v\u00e9ve a 2020. \u00e9vi Hullad\u00e9kcs\u00f6kkent\u00e9si H\u00e9tre alaposan \u00e1tgondolt programmal jelentkezt\u00fcnk. A munkat\u00e1rsaink birtok\u00e1ban l\u00e9v\u0151 tud\u00e1skincsre \u00e9p\u00edtett\u00fcnk. Egy speci\u00e1lis receptk\u00f6nyvet \u00e1ll\u00edtottunk \u00f6ssze, amely a konyhai alapanyagok teljes felhaszn\u00e1l\u00e1s\u00e1ra illetve a megmaradt \u00e9telek \u00fajra felhaszn\u00e1l\u00e1s\u00e1ra ad gyakorlati tippeket. P\u00e9ld\u00e1ul a te\u00e1ba facsart citrom h\u00e9j\u00e1b\u00f3l kand\u00edrozott citromot lehet k\u00e9sz\u00edteni a komposzt\u00e1l\u00e1s helyett, vagy a megmaradt paprik\u00e1skrumpli krumplist\u00e9szta form\u00e1j\u00e1ban ker\u00fclhet ism\u00e9t az asztalra. A szak\u00e1csk\u00f6nyvet &#8211; pap\u00edrk\u00edm\u00e9l\u0151 m\u00f3don &#8211; digit\u00e1lis form\u00e1ban tett\u00fck el\u00e9rhet\u0151v\u00e9.<\/p>\n<p>N\u00e1lunk az Eur\u00f3pai Hullad\u00e9kcs\u00f6kkent\u00e9si H\u00e9t nem csak h\u00e9t napig tart, hanem \u2013 k\u00f6sz\u00f6nhet\u0151en elhivatott munkat\u00e1rsainknak, hallgat\u00f3inknak \u2013 kiterjed az eg\u00e9sz \u00e9vre \u00e9s kihat eg\u00e9sz \u00e9let\u00fcnkre!<\/p>\n<p>&nbsp;<\/p>\n<p><a href=\"https:\/\/semmelweis.hu\/zoldegyetem\/files\/2021\/11\/EMK_receptgyujtemeny_2020.pdf\">Az EMK-Receptgy\u0171jtem\u00e9ny let\u00f6lt\u00e9se:<\/a><\/p>\n<p><a href=\"https:\/\/semmelweis.hu\/zoldegyetem\/files\/2021\/11\/EMK_receptgyujtemeny_2020.pdf\"><img loading=\"lazy\" decoding=\"async\" class=\"wp-image-177 aligncenter\" src=\"https:\/\/semmelweis.hu\/zoldegyetem\/files\/2021\/11\/EMK_Receptgyujtemeny_kep.png\" alt=\"\" width=\"359\" height=\"506\" srcset=\"https:\/\/semmelweis.hu\/zoldegyetem\/files\/2021\/11\/EMK_Receptgyujtemeny_kep.png 647w, https:\/\/semmelweis.hu\/zoldegyetem\/files\/2021\/11\/EMK_Receptgyujtemeny_kep-284x400.png 284w\" sizes=\"auto, (max-width: 359px) 100vw, 359px\" \/><\/a><\/p>\n<p>&nbsp;<\/p>\n<p>https:\/\/semmelweis.hu\/emk\/<\/p>\n","protected":false},"excerpt":{"rendered":"<p>A Semmelweis Egyetem Eg\u00e9szs\u00e9g\u00fcgyi Menedzserk\u00e9pz\u0151 K\u00f6zpont hullad\u00e9kcs\u00f6kkent\u00e9si akci\u00f3i \u00a0Az Eur\u00f3pai Uni\u00f3 minden \u00e9vben meghirdeti \u201eEur\u00f3pai Hullad\u00e9kcs\u00f6kkent\u00e9si H\u00e9t\u201d c\u00edm\u0171 kamp\u00e1ny\u00e1t, amelyhez mag\u00e1nszem\u00e9lyek, int\u00e9zm\u00e9nyek csatlakozhatnak saj\u00e1t akci\u00f3ikkal. 2019-ben az utols\u00f3 pillanatban \u00e9rtes\u00fclt\u00fcnk a hullad\u00e9kcs\u00f6kkent\u00e9si h\u00e9t lehet\u0151s\u00e9g\u00e9r\u0151l, de \u00edgy is sikeresen regisztr\u00e1ltunk egy k\u00f6rnyezettudatos szeml\u00e9letform\u00e1l\u00e1st c\u00e9lz\u00f3 \u00f6tlettel, amely a K\u00f6zpont munkat\u00e1rsai \u00e9s oktat\u00f3i mellett kiterjedt a hallgat\u00f3kra is. &hellip;<\/p>\n","protected":false},"author":288,"featured_media":0,"parent":0,"menu_order":0,"comment_status":"closed","ping_status":"closed","template":"","meta":{"_acf_changed":false,"footnotes":""},"categories":[],"tags":[],"class_list":["post-171","page","type-page","status-publish","hentry"],"acf":[],"_links":{"self":[{"href":"https:\/\/semmelweis.hu\/zoldegyetem\/wp-json\/wp\/v2\/pages\/171","targetHints":{"allow":["GET"]}}],"collection":[{"href":"https:\/\/semmelweis.hu\/zoldegyetem\/wp-json\/wp\/v2\/pages"}],"about":[{"href":"https:\/\/semmelweis.hu\/zoldegyetem\/wp-json\/wp\/v2\/types\/page"}],"author":[{"embeddable":true,"href":"https:\/\/semmelweis.hu\/zoldegyetem\/wp-json\/wp\/v2\/users\/288"}],"replies":[{"embeddable":true,"href":"https:\/\/semmelweis.hu\/zoldegyetem\/wp-json\/wp\/v2\/comments?post=171"}],"version-history":[{"count":6,"href":"https:\/\/semmelweis.hu\/zoldegyetem\/wp-json\/wp\/v2\/pages\/171\/revisions"}],"predecessor-version":[{"id":181,"href":"https:\/\/semmelweis.hu\/zoldegyetem\/wp-json\/wp\/v2\/pages\/171\/revisions\/181"}],"wp:attachment":[{"href":"https:\/\/semmelweis.hu\/zoldegyetem\/wp-json\/wp\/v2\/media?parent=171"}],"wp:term":[{"taxonomy":"category","embeddable":true,"href":"https:\/\/semmelweis.hu\/zoldegyetem\/wp-json\/wp\/v2\/categories?post=171"},{"taxonomy":"post_tag","embeddable":true,"href":"https:\/\/semmelweis.hu\/zoldegyetem\/wp-json\/wp\/v2\/tags?post=171"}],"curies":[{"name":"wp","href":"https:\/\/api.w.org\/{rel}","templated":true}]}}