{"id":713,"date":"2014-09-03T16:05:32","date_gmt":"2014-09-03T14:05:32","guid":{"rendered":"http:\/\/semmelweis.hu\/wiki\/?p=713"},"modified":"2024-06-14T15:26:25","modified_gmt":"2024-06-14T13:26:25","slug":"enciklopedia-keszitese-beturendes-bejegyzeskatalogus","status":"publish","type":"page","link":"https:\/\/semmelweis.hu\/wiki\/kiegeszito-eszkozok\/enciklopedia-keszitese-beturendes-bejegyzeskatalogus\/","title":{"rendered":"Enciklop\u00e9dia k\u00e9sz\u00edt\u00e9se (bet\u0171rendes bejegyz\u00e9skatal\u00f3gus)"},"content":{"rendered":"<p>A honlapon bet\u0171rendes bejegyz\u00e9s-katal\u00f3gust (pl. betegs\u00e9genciklop\u00e9dia) k\u00e9sz\u00edthet\u00fcnk az\u00a0Alphabetic Pagination nev\u0171 b\u0151v\u00edtm\u00e9ny seg\u00edts\u00e9g\u00e9vel.<\/p>\n<p>A <strong>Vez\u00e9rl\u0151pult &gt; B\u0151v\u00edtm\u00e9nyek<\/strong> oldalon be kell kapcsolni az \u00a0<strong>Alphabetic Pagination<\/strong> nev\u0171 b\u0151v\u00edtm\u00e9nyt.<\/p>\n<p>A <strong>Vez\u00e9rl\u0151pult &gt; Bejegyz\u00e9s &gt; Kateg\u00f3ri\u00e1k<\/strong> oldalon <a href=\"https:\/\/semmelweis.hu\/wiki\/tartalom-kezeles\/uj-oldal-letrehozasa\/\" target=\"_blank\" rel=\"noopener\">l\u00e9trehozunk egy \u00faj, relev\u00e1ns c\u00edm\u0171 kateg\u00f3ri\u00e1t<\/a> pl. Betegs\u00e9genciklop\u00e9dia vagy Enciklop\u00e9dia.<\/p>\n<p>Ezek ut\u00e1n a\u00a0<strong>Vez\u00e9rl\u0151pult &gt; Be\u00e1ll\u00edt\u00e1sok &gt; Alphabetic Pagination <\/strong>men\u00fcpontra kattintunk, hogy a sz\u00fcks\u00e9ges be\u00e1ll\u00edt\u00e1sokat megtegy\u00fck az al\u00e1bbiak szerint:\u00a0<\/p>\n<p>Els\u0151 l\u00e9p\u00e9sk\u00e9nt a <strong>General<\/strong> f\u00fcl\u00f6n az al\u00e1bbi be\u00e1ll\u00edt\u00e1sokat eszk\u00f6z\u00f6lj\u00fck:<\/p>\n<p><strong>JAVASOLT BE\u00c1LL\u00cdT\u00c1SOK<\/strong><\/p>\n<ul>\n<li><strong>Implementation:<\/strong> Auto<\/li>\n<li><strong style=\"font-size: 1rem\">Display on all lists:<\/strong><span style=\"font-size: 1rem\"> No<\/span><\/li>\n<li>\u00e1ll\u00edtsuk be el\u0151sz\u00f6r a &#8222;<strong>category<\/strong>&#8222;-t, majd adjuk meg a l\u00e9trehozott kateg\u00f3ri\u00e1t<\/li>\n<li><span style=\"color: #000000\"><strong>DOM Position:<\/strong><\/span> FONTOS! r\u00e1 kell kattintani a Reset linkre, majd a Custom lehet\u0151s\u00e9gre. Ezut\u00e1n be kell \u00edrni, hogy: <span style=\"font-size: 1rem\">#enc-index<\/span><\/li>\n<\/ul>\n<p><a href=\"https:\/\/semmelweis.hu\/wiki\/files\/2022\/02\/AlpPagination_general_m1f2.jpg\"><img loading=\"lazy\" decoding=\"async\" class=\"aligncenter size-large wp-image-2156\" src=\"https:\/\/semmelweis.hu\/wiki\/files\/2022\/02\/AlpPagination_general_m1f2-1024x685.jpg\" alt=\"\" width=\"753\" height=\"504\" srcset=\"https:\/\/semmelweis.hu\/wiki\/files\/2022\/02\/AlpPagination_general_m1f2-1024x685.jpg 1024w, https:\/\/semmelweis.hu\/wiki\/files\/2022\/02\/AlpPagination_general_m1f2-400x268.jpg 400w, https:\/\/semmelweis.hu\/wiki\/files\/2022\/02\/AlpPagination_general_m1f2-150x100.jpg 150w, https:\/\/semmelweis.hu\/wiki\/files\/2022\/02\/AlpPagination_general_m1f2-768x514.jpg 768w, https:\/\/semmelweis.hu\/wiki\/files\/2022\/02\/AlpPagination_general_m1f2-753x504.jpg 753w, https:\/\/semmelweis.hu\/wiki\/files\/2022\/02\/AlpPagination_general_m1f2-203x135.jpg 203w, https:\/\/semmelweis.hu\/wiki\/files\/2022\/02\/AlpPagination_general_m1f2.jpg 1064w\" sizes=\"auto, (max-width: 753px) 100vw, 753px\" \/><\/a><a href=\"https:\/\/semmelweis.hu\/wiki\/files\/2022\/02\/AlpPagination_general_m2f.jpg\"><img loading=\"lazy\" decoding=\"async\" class=\"aligncenter size-large wp-image-2154\" src=\"https:\/\/semmelweis.hu\/wiki\/files\/2022\/02\/AlpPagination_general_m2f-1024x673.jpg\" alt=\"\" width=\"753\" height=\"495\" srcset=\"https:\/\/semmelweis.hu\/wiki\/files\/2022\/02\/AlpPagination_general_m2f-1024x673.jpg 1024w, https:\/\/semmelweis.hu\/wiki\/files\/2022\/02\/AlpPagination_general_m2f-400x263.jpg 400w, https:\/\/semmelweis.hu\/wiki\/files\/2022\/02\/AlpPagination_general_m2f-150x99.jpg 150w, https:\/\/semmelweis.hu\/wiki\/files\/2022\/02\/AlpPagination_general_m2f-768x505.jpg 768w, https:\/\/semmelweis.hu\/wiki\/files\/2022\/02\/AlpPagination_general_m2f-753x495.jpg 753w, https:\/\/semmelweis.hu\/wiki\/files\/2022\/02\/AlpPagination_general_m2f.jpg 1062w\" sizes=\"auto, (max-width: 753px) 100vw, 753px\" \/><\/a><\/p>\n<p style=\"padding-left: 30px\"><strong>Styling be\u00e1ll\u00edt\u00e1sok <\/strong>(a 2. f\u00fcl\u00f6n tal\u00e1lhat\u00f3k, l\u00e1sd lent): &#8211; csak minim\u00e1lis megjelen\u00e9si be\u00e1ll\u00edt\u00e1sokra van lehet\u0151s\u00e9g\u00fcnk az al\u00e1bbiak szerint <em>(a pirossal jelzett Styles sor nem m\u00f3dos\u00edthat\u00f3)<\/em><\/p>\n<ul>\n<li><strong style=\"font-size: 1rem\">Hide\/Show pagination if only one post available:<\/strong><span style=\"font-size: 1rem\"> Show<\/span><\/li>\n<li><strong style=\"font-size: 1rem\">Layout Required:<\/strong><span style=\"font-size: 1rem\"> Horizontal\/Vertical (amelyik szimpatikusabb)<\/span><\/li>\n<li><strong style=\"font-size: 1rem\">Language Selection:<\/strong><span style=\"font-size: 1rem\"> v\u00e1lasszuk ki a nyelvet, melynek bet\u0171it itt megjelentetni szeretn\u00e9nk.<\/span><\/li>\n<\/ul>\n<p><a href=\"https:\/\/semmelweis.hu\/wiki\/files\/2022\/02\/alphabetic_pagination_styling_v2red.jpg\"><img loading=\"lazy\" decoding=\"async\" class=\"aligncenter size-large wp-image-2152\" src=\"https:\/\/semmelweis.hu\/wiki\/files\/2022\/02\/alphabetic_pagination_styling_v2red-1024x681.jpg\" alt=\"\" width=\"753\" height=\"501\" srcset=\"https:\/\/semmelweis.hu\/wiki\/files\/2022\/02\/alphabetic_pagination_styling_v2red-1024x681.jpg 1024w, https:\/\/semmelweis.hu\/wiki\/files\/2022\/02\/alphabetic_pagination_styling_v2red-400x266.jpg 400w, https:\/\/semmelweis.hu\/wiki\/files\/2022\/02\/alphabetic_pagination_styling_v2red-150x100.jpg 150w, https:\/\/semmelweis.hu\/wiki\/files\/2022\/02\/alphabetic_pagination_styling_v2red-768x511.jpg 768w, https:\/\/semmelweis.hu\/wiki\/files\/2022\/02\/alphabetic_pagination_styling_v2red-753x501.jpg 753w, https:\/\/semmelweis.hu\/wiki\/files\/2022\/02\/alphabetic_pagination_styling_v2red-203x135.jpg 203w, https:\/\/semmelweis.hu\/wiki\/files\/2022\/02\/alphabetic_pagination_styling_v2red.jpg 1100w\" sizes=\"auto, (max-width: 753px) 100vw, 753px\" \/><\/a><\/p>\n<p><strong>Ments\u00fck el a be\u00e1ll\u00edt\u00e1sokat!<\/strong><\/p>\n<p>Ezek ut\u00e1n kezdj\u00fck el l\u00e9trehozni a bejegyz\u00e9seket, amelyeket az Enciklop\u00e9dia \/Betegs\u00e9genciklop\u00e9dia kateg\u00f3ri\u00e1ba pip\u00e1ljunk be. Ha szeretn\u00e9nk, hogy a betegs\u00e9g pl. &#8222;Heveny prosztatagyullad\u00e1s&#8221; mind a <strong>P<\/strong>, mind a <strong>H<\/strong> bet\u0171kn\u00e9l megjelenjen, \u00fagy majd l\u00e9tre kell hoznunk egy \u00faj bejegyz\u00e9st, amelynek a c\u00edme &#8222;Prosztatagyullad\u00e1s, heveny&#8221; legyen, \u00e9s szint\u00e9n bekateg\u00f3riz\u00e1ljuk az enciklop\u00e9di\u00e1hoz. Ezek ut\u00e1n az <strong><a href=\"https:\/\/semmelweis.hu\/wiki\/tartalom-kezeles\/oldalak-atiranyitasa\/\" target=\"_blank\" rel=\"noopener\">\u00e1tir\u00e1ny\u00edt\u00e1s (redirect)<\/a><\/strong> seg\u00edts\u00e9g\u00e9vel az eredeti &#8222;Heveny prosztatagyullad\u00e1s&#8221; c\u00edm\u0171 cikkre ir\u00e1ny\u00edtjuk a bejegyz\u00e9st.<\/p>\n<p>\u00c9rdemes a <a href=\"https:\/\/semmelweis.hu\/wiki\/megjelenes\/oldalak-bal-oldali-savjaba-helyezheto-tartalmak-a-widgetek-segitsegevel\/\" target=\"_blank\" rel=\"noopener\"><strong>Bal oldali widget ter\u00fclet<\/strong>re<\/a> egy sz\u00f6veget tenni, pl.:<\/p>\n<p><em>&#8222;K\u00f6z\u00e9rthet\u0151 nyelven megfogalmazott betegt\u00e1j\u00e9koztat\u00f3 oldalunk, mely seg\u00edt az adott betegs\u00e9g t\u00fcneteinek felismer\u00e9s\u00e9ben, a sz\u00fcks\u00e9ges vizsg\u00e1latok k\u00f6z\u00f6tt val\u00f3 eligazod\u00e1sban \u00e9s \u00e1ttekint\u00e9st ny\u00fajt a lehets\u00e9ges gy\u00f3gym\u00f3dokr\u00f3l.&#8221;<\/em><\/p>\n<p>Be\u00e1ll\u00edthat\u00f3, hogy ez a sz\u00f6veg csak a Betegenciklop\u00e9dia oldalon vagy b\u00e1rmely oldalon olvashat\u00f3 legyen. <a href=\"https:\/\/semmelweis.hu\/wiki\/megjelenes\/oldalak-bal-oldali-savjaba-helyezheto-tartalmak-a-widgetek-segitsegevel\/\" target=\"_blank\" rel=\"noopener\">Ehhez haszn\u00e1ljuk a Widget-logic b\u0151v\u00edtm\u00e9nyt<\/a>.\u00a0<\/p>\n<hr \/>\n","protected":false},"excerpt":{"rendered":"<p>A honlapon bet\u0171rendes bejegyz\u00e9s-katal\u00f3gust (pl. betegs\u00e9genciklop\u00e9dia) k\u00e9sz\u00edthet\u00fcnk az\u00a0Alphabetic Pagination nev\u0171 b\u0151v\u00edtm\u00e9ny seg\u00edts\u00e9g\u00e9vel. A Vez\u00e9rl\u0151pult &gt; B\u0151v\u00edtm\u00e9nyek oldalon be kell kapcsolni az \u00a0Alphabetic Pagination nev\u0171 b\u0151v\u00edtm\u00e9nyt. A Vez\u00e9rl\u0151pult &gt; Bejegyz\u00e9s &gt; Kateg\u00f3ri\u00e1k oldalon <a href=\"https:\/\/semmelweis.hu\/wiki\/tartalom-kezeles\/uj-oldal-letrehozasa\/\" target=\"_blank\" rel=\"noopener\">l\u00e9trehozunk egy \u00faj, relev\u00e1ns c\u00edm\u0171 kateg\u00f3ri\u00e1t<\/a> pl. Betegs\u00e9genciklop\u00e9dia vagy Enciklop\u00e9dia. Ezek ut\u00e1n a\u00a0Vez\u00e9rl\u0151pult &gt; Be\u00e1ll\u00edt\u00e1sok &gt; Alphabetic Pagination men\u00fcpontra kattintunk, hogy a sz\u00fcks\u00e9ges be\u00e1ll\u00edt\u00e1sokat megtegy\u00fck az al\u00e1bbiak szerint:\u00a0 Els\u0151 &hellip;<\/p>\n","protected":false},"author":12,"featured_media":0,"parent":951,"menu_order":6,"comment_status":"closed","ping_status":"closed","template":"","meta":{"_acf_changed":false,"footnotes":""},"categories":[106],"tags":[],"class_list":["post-713","page","type-page","status-publish","hentry","category-egyeb"],"acf":[],"publishpress_future_action":{"enabled":false,"date":"1970-01-01 01:00:00","action":"","terms":[],"taxonomy":"","browser_timezone_offset":0},"_links":{"self":[{"href":"https:\/\/semmelweis.hu\/wiki\/wp-json\/wp\/v2\/pages\/713","targetHints":{"allow":["GET"]}}],"collection":[{"href":"https:\/\/semmelweis.hu\/wiki\/wp-json\/wp\/v2\/pages"}],"about":[{"href":"https:\/\/semmelweis.hu\/wiki\/wp-json\/wp\/v2\/types\/page"}],"author":[{"embeddable":true,"href":"https:\/\/semmelweis.hu\/wiki\/wp-json\/wp\/v2\/users\/12"}],"replies":[{"embeddable":true,"href":"https:\/\/semmelweis.hu\/wiki\/wp-json\/wp\/v2\/comments?post=713"}],"version-history":[{"count":10,"href":"https:\/\/semmelweis.hu\/wiki\/wp-json\/wp\/v2\/pages\/713\/revisions"}],"predecessor-version":[{"id":2970,"href":"https:\/\/semmelweis.hu\/wiki\/wp-json\/wp\/v2\/pages\/713\/revisions\/2970"}],"up":[{"embeddable":true,"href":"https:\/\/semmelweis.hu\/wiki\/wp-json\/wp\/v2\/pages\/951"}],"wp:attachment":[{"href":"https:\/\/semmelweis.hu\/wiki\/wp-json\/wp\/v2\/media?parent=713"}],"wp:term":[{"taxonomy":"category","embeddable":true,"href":"https:\/\/semmelweis.hu\/wiki\/wp-json\/wp\/v2\/categories?post=713"},{"taxonomy":"post_tag","embeddable":true,"href":"https:\/\/semmelweis.hu\/wiki\/wp-json\/wp\/v2\/tags?post=713"}],"curies":[{"name":"wp","href":"https:\/\/api.w.org\/{rel}","templated":true}]}}