{"id":619,"date":"2014-02-27T14:34:47","date_gmt":"2014-02-27T13:34:47","guid":{"rendered":"http:\/\/semmelweis.hu\/wiki\/?p=619"},"modified":"2025-10-18T09:46:10","modified_gmt":"2025-10-18T07:46:10","slug":"urlapok-hasznalata-kerdoivek-tesztek-kozzetetele-a-honlapon","status":"publish","type":"page","link":"https:\/\/semmelweis.hu\/wiki\/kiegeszito-eszkozok\/urlapok-hasznalata-kerdoivek-tesztek-kozzetetele-a-honlapon\/","title":{"rendered":"\u0170rlapok haszn\u00e1lata (k\u00e9rd\u0151\u00edvek, tesztek k\u00f6zz\u00e9t\u00e9tele a honlapon)"},"content":{"rendered":"<div class=\"keretes w-100\">\n<h4><strong>Lehet\u0151s\u00e9g\u00fcnk van egyszer\u0171bb k\u00e9rd\u0151\u00edveket, teszteket, \u0171rlapokat beilleszteni a honlapunkba.\u00a0<\/strong>Erre k\u00e9t opci\u00f3 is a rendelkez\u00e9s\u00fcnkre \u00e1ll.<\/h4>\n<\/div>\n<h2>O365 Forms<\/h2>\n<p>A Semmelweis Egyetem munkat\u00e1rsai a Microsoft Forms seg\u00edts\u00e9g\u00e9vel k\u00e9sz\u00edthetnek egyszer\u0171bb \u0171rlapokat, k\u00e9rd\u0151\u00edveket, teszteket.\u00a0<br \/>\nA bel\u00e9p\u00e9si fel\u00fclet a <a href=\"https:\/\/www.microsoft365.com\/launch\/forms\" target=\"_blank\" rel=\"noopener\">https:\/\/www.microsoft365.com\/launch\/forms<\/a> c\u00edmen \u00e9rhet\u0151 el.\u00a0<\/p>\n<p>Bel\u00e9p\u00e9si ut\u00e1n a Forms jobb fels\u0151 sark\u00e1ban egy k\u00e9rd\u0151jelet tal\u00e1lunk, \u00edgy \u00e9rhet\u0151 el a fel\u00fclet S\u00fag\u00f3 szolg\u00e1ltat\u00e1sa.\u00a0<\/p>\n<p>\u00datmutat\u00f3k \u00e9s vide\u00f3 is el\u00e9rhet\u0151 a t\u00e9m\u00e1ban: <a href=\"https:\/\/support.microsoft.com\/hu-hu\/forms\" target=\"_blank\" rel=\"noopener\">https:\/\/support.microsoft.com\/hu-hu\/forms<\/a>\u00a0<\/p>\n<p>Az elk\u00e9sz\u00fclt \u0171rlapot <a href=\"https:\/\/semmelweis.hu\/wiki\/tartalom-kezeles\/linkek-keszitese\/\">belinkelhetj\u00fck<\/a> e-mailbe, vagy a honlapunkon is, csinosabb, ha egy <a href=\"https:\/\/semmelweis.hu\/wiki\/tartalom-kezeles\/linkek-keszitese\/#gombok\">gombot k\u00e9sz\u00edt\u00fcnk<\/a> hozz\u00e1, vagy ak\u00e1r <a href=\"https:\/\/semmelweis.hu\/wiki\/tartalom-kezeles\/iframe-hasznalata\/\">iframe<\/a> k\u00f3ddal be is \u00e1gyazhatjuk az oldalunkba.<\/p>\n<div class=\"fontos_div\">\n<p><span style=\"font-size: 14pt;\">Sajnos ez az \u0171rlapkezel\u0151 a kit\u00f6lt\u0151 f\u00e1jlfelt\u00f6lt\u00e9s\u00e9t csak abban az esetben enged\u00e9lyezi, ha \u0151 a szervezet tagja (azaz munkat\u00e1rs vagy hallgat\u00f3) \u00e9s O365 bel\u00e9p\u00e9ssel azonos\u00edtotta mag\u00e1t.<\/span><\/p>\n<\/div>\n<h2>Google Forms<\/h2>\n<p>Erre a Google ingyenes szolg\u00e1ltat\u00e1s\u00e1t \u00e9rdemes ig\u00e9nybe venni, mert haszn\u00e1lata viszonylag k\u00f6nny\u0171 \u00e9s sz\u00e9les k\u00f6rben elterjedt. Ehhez rendelkezn\u00fcnk kell egy <strong>Google accounttal<\/strong> (lehet gmail, blogger, stb.), ha nincs akkor <a href=\"https:\/\/accounts.google.com\/SignUp?service=writely&amp;continue=https%3A%2F%2Fdocs.google.com%2F%23&amp;ltmpl=homepage\" target=\"_blank\" rel=\"noopener noreferrer\"><strong>regisztr\u00e1ljunk<\/strong><\/a>! Persze, az\u00e9rt el\u0151bb olvassuk v\u00e9gig ezt a bejegyz\u00e9st.<em> (Figyelem, a Google szolg\u00e1ltat\u00e1sok folyamatosan fejl\u0151dnek, v\u00e1ltoznak. B\u00e1r igyeksz\u00fcnk minden v\u00e1ltoz\u00e1st lek\u00f6vetni, ha a le\u00edr\u00e1s nem megfelel\u0151, k\u00e9rem jelezze a szerkeszt\u0151nek, illetve a Google saj\u00e1t fel\u00fcletein mindig aktu\u00e1lis online le\u00edr\u00e1s tal\u00e1lhat\u00f3.)<\/em><\/p>\n<p>Regisztr\u00e1l\u00e1s \u00e9s\/vagy bel\u00e9p\u00e9s ut\u00e1n a\u00a0<a href=\"http:\/\/drive.google.com\/\" target=\"_blank\" rel=\"noopener noreferrer\">http:\/\/drive.google.com<\/a> fel\u00fcleten lehet\u0151s\u00e9g\u00fcnk van online, megoszthat\u00f3, csoportmunk\u00e1ra is alkalmas dokumentumokat l\u00e9trehozni, k\u00f6zt\u00fck \u0171rlapokat is.\u00a0<a href=\"#elegedett\">Az oldal alj\u00e1n egy p\u00e9lda l\u00e1that\u00f3<\/a>, k\u00e9rem, ak\u00e1r t\u00f6lts\u00e9k is ki.<\/p>\n<p><strong>A seg\u00edts\u00e9get megtal\u00e1ljuk ezen az oldalon: <a href=\"http:\/\/www.google.com\/intl\/hu\/drive\/apps.html\" target=\"_blank\" rel=\"noopener noreferrer\">http:\/\/www.google.com\/intl\/hu\/drive\/apps.html<\/a><\/strong><\/p>\n<p>S\u0151t, ak\u00e1r vide\u00f3s seg\u00edts\u00e9get is kaphatunk, <a href=\"https:\/\/www.youtube.com\/results?search_query=google%20%C5%B1rlap%20k%C3%A9sz%C3%ADt%C3%A9se&amp;sm=3\" target=\"_blank\" rel=\"noopener noreferrer\">csak v\u00e1lasztanunk kell a vide\u00f3k k\u00f6z\u00fcl<\/a>\u00a0(figyelj\u00fcnk, hogy a vide\u00f3 min\u00e9l frissebb legyen)!<\/p>\n<p>Az al\u00e1bbi k\u00e9pen l\u00e1that\u00f3, hogy a fel\u00fclet egyszer\u0171en kezelhet\u0151, \u00e9rdemes vele pr\u00f3b\u00e1lkozni! Az \u0171rlap jobb oldal\u00e1n l\u00e1that\u00f3 (pirossal keretezett) men\u00fcsorban a plusz jelre kattintva v\u00e1laszthatjuk ki az \u0171rlap mez\u0151ket, \u00e9s azokat m\u00f3dos\u00edthatjuk (csak kattintsunk bele a hozz\u00e1adott k\u00e9rd\u00e9st\u00edpusba). A k\u00e9rd\u00e9s alatt tov\u00e1bbi opci\u00f3kat tal\u00e1lunk pl. itt \u00e1ll\u00edthat\u00f3 be, hogy az adott k\u00e9rd\u00e9sre k\u00f6telez\u0151 legyen v\u00e1laszolni. Illetve k\u00e9peket, vide\u00f3t is beletehet\u00fcnk. A bal fels\u0151 sarokban a k\u00e9pen &#8222;C\u00edm n\u00e9lk\u00fcli \u0171rlap&#8221; mez\u0151be kattintva nevezhetj\u00fck \u00e1t a form-ot (jelen esetben Pr\u00f3ba \u0171rlap lett a neve).<\/p>\n<p><a href=\"https:\/\/semmelweis.hu\/wiki\/files\/2014\/02\/google_urlap_1.png\"><img loading=\"lazy\" decoding=\"async\" class=\"aligncenter size-full wp-image-1262\" src=\"https:\/\/semmelweis.hu\/wiki\/files\/2014\/02\/google_urlap_1.png\" alt=\"\" width=\"927\" height=\"668\" srcset=\"https:\/\/semmelweis.hu\/wiki\/files\/2014\/02\/google_urlap_1.png 927w, https:\/\/semmelweis.hu\/wiki\/files\/2014\/02\/google_urlap_1-150x108.png 150w, https:\/\/semmelweis.hu\/wiki\/files\/2014\/02\/google_urlap_1-300x216.png 300w, https:\/\/semmelweis.hu\/wiki\/files\/2014\/02\/google_urlap_1-768x553.png 768w\" sizes=\"auto, (max-width: 927px) 100vw, 927px\" \/><\/a><\/p>\n<p>Az \u0171rlapot a rendszer folyamatosan menti, nek\u00fcnk ezzel nem kell foglalkoznunk. A szem ikonra kattintva (l\u00e1sd al\u00e1bbi k\u00e9p) b\u00e1rmikor ellen\u0151rizhetj\u00fck, hogy hogyan fog az \u0171rlapunk kin\u00e9zni.\u00a0\u00a0A paletta ikonra kattintva a k\u00e9sz \u0171rlap megjelen\u00e9s\u00e9nek k\u00fcl\u00f6nb\u00f6z\u0151 sz\u00edneket v\u00e1laszthatunk, s\u0151t k\u00e9sz sablonok is be\u00e1ll\u00edthat\u00f3k. A fogasker\u00e9k pedig egy\u00e9b be\u00e1ll\u00edt\u00e1sokhoz vezet.<\/p>\n<p><a href=\"https:\/\/semmelweis.hu\/wiki\/files\/2014\/02\/google_urlap_2.png\"><img loading=\"lazy\" decoding=\"async\" class=\"aligncenter size-full wp-image-1263\" src=\"https:\/\/semmelweis.hu\/wiki\/files\/2014\/02\/google_urlap_2.png\" alt=\"\" width=\"921\" height=\"668\" srcset=\"https:\/\/semmelweis.hu\/wiki\/files\/2014\/02\/google_urlap_2.png 921w, https:\/\/semmelweis.hu\/wiki\/files\/2014\/02\/google_urlap_2-150x109.png 150w, https:\/\/semmelweis.hu\/wiki\/files\/2014\/02\/google_urlap_2-300x218.png 300w, https:\/\/semmelweis.hu\/wiki\/files\/2014\/02\/google_urlap_2-768x557.png 768w\" sizes=\"auto, (max-width: 921px) 100vw, 921px\" \/><\/a><\/p>\n<p>A h\u00e1rom f\u00fcgg\u0151leges pontra kattintva tov\u00e1bbi opci\u00f3k h\u00edvhat\u00f3k el\u0151 (pl. tov\u00e1bbi szerkeszt\u0151ket adhatunk az \u0171rlaphoz). Az elk\u00e9sz\u00fclt \u0171rlapot be\u00e1gyazhatjuk a honlapunkba. Ehhez el\u0151sz\u00f6r kattintsunk a jobb fels\u0151 sarokban tal\u00e1lhat\u00f3<strong>\u00a0K\u00fcld\u00e9s<\/strong> gombra, majd a\u00a0felugr\u00f3 ablakban kattintsunk a &lt; &gt; jelekre (l\u00e1sd a k\u00e9pen pirossal keretezett r\u00e9sz), :<\/p>\n<p><a href=\"https:\/\/semmelweis.hu\/wiki\/files\/2014\/02\/google_urlap_3.png\"><img loading=\"lazy\" decoding=\"async\" class=\"aligncenter  wp-image-1264\" src=\"https:\/\/semmelweis.hu\/wiki\/files\/2014\/02\/google_urlap_3.png\" alt=\"\" width=\"515\" height=\"363\" srcset=\"https:\/\/semmelweis.hu\/wiki\/files\/2014\/02\/google_urlap_3.png 942w, https:\/\/semmelweis.hu\/wiki\/files\/2014\/02\/google_urlap_3-150x106.png 150w, https:\/\/semmelweis.hu\/wiki\/files\/2014\/02\/google_urlap_3-300x211.png 300w, https:\/\/semmelweis.hu\/wiki\/files\/2014\/02\/google_urlap_3-768x541.png 768w\" sizes=\"auto, (max-width: 515px) 100vw, 515px\" \/><\/a><\/p>\n<p>Az ott tal\u00e1lt be\u00e1gyaz\u00f3 k\u00f3dot m\u00f3dos\u00edthatjuk: m\u00e9retezhetj\u00fck a megjelen\u0151 \u0171rlapot a honlapnak megfelel\u0151en (ezt ut\u00f3lag is majd megtehetj\u00fck). A be\u00e1ll\u00edt\u00e1st k\u00f6vet\u0151en a teljes k\u00f3dot m\u00e1soljuk ki \u00e9s a honlapunk el\u0151re elk\u00e9sz\u00edtett megfelel\u0151 oldal\u00e1ra Text (HTML) f\u00fclben m\u00e1soljuk be. El\u0151n\u00e9zetben ellen\u0151rizz\u00fck az oldalt, majd ments\u00fcnk. Ha a m\u00e9reten m\u00f3dos\u00edtani kell, akkor az k\u00f6zvetlen\u00fcl a HTML n\u00e9zetben az iframe k\u00f3dban megtehetj\u00fck (a width \u00e9s height \u00e9rt\u00e9kek m\u00f3dos\u00edt\u00e1s\u00e1val, de figyelj\u00fcnk, hogy az id\u00e9z\u0151jelek megmaradjanak).\u00a0<span style=\"color: #ff6600;\">\u00c9rdemes m\u00e9g a sz\u00e9less\u00e9gi param\u00e9tert sz\u00e1zal\u00e9kra \u00e1t\u00edrni: pl. width=&#8221;100%&#8221;, m\u00edg a magass\u00e1gi \u00e9rt\u00e9ket pixelben kell megadni.<\/span><\/p>\n<p>Ett\u0151l fogva, ha m\u00f3dos\u00edtunk az \u0171rlapon a Google fel\u00fclet\u00e9n, automatikusan m\u00f3dosul a honlapon is (legfeljebb a hossz\u00e1n lehet \u00e9rdemes m\u00f3dos\u00edtani)!<a name=\"elegedett\"><\/a><\/p>\n<p>Az eredm\u00e9nyeket szint\u00e9n a saj\u00e1t Google Drive-unkban (<a href=\"http:\/\/drive.google.com\/\" target=\"_blank\" rel=\"noopener noreferrer\">http:\/\/drive.google.com<\/a>\u00a0fel\u00fcleten) fogjuk megtal\u00e1lni egy t\u00e1bl\u00e1zatban, amelyet ak\u00e1r Excel form\u00e1tumba ki is tudunk export\u00e1lni.<\/p>\n<p>\u00cdme egy nagyon egyszer\u0171 minta:<\/p>\n\n<!-- iframe plugin v.4.9 wordpress.org\/plugins\/iframe\/ -->\n<iframe loading=\"lazy\" src=\"https:\/\/docs.google.com\/forms\/d\/1qTfBSLxJfF0R5ch0Q7RRWE7SoyFDWuIBfiGOppw2fas\/viewform?embedded=true\" width=\"100%\" height=\"700\" frameborder=\"0\" marginwidth=\"0\" marginheight=\"0\" scrolling=\"yes\" class=\"iframe-class\"><\/iframe>\n\n","protected":false},"excerpt":{"rendered":"<p>Lehet\u0151s\u00e9g\u00fcnk van egyszer\u0171bb k\u00e9rd\u0151\u00edveket, teszteket, \u0171rlapokat beilleszteni a honlapunkba.\u00a0Erre k\u00e9t opci\u00f3 is a rendelkez\u00e9s\u00fcnkre \u00e1ll. O365 Forms A Semmelweis Egyetem munkat\u00e1rsai a Microsoft Forms seg\u00edts\u00e9g\u00e9vel k\u00e9sz\u00edthetnek egyszer\u0171bb \u0171rlapokat, k\u00e9rd\u0151\u00edveket, teszteket.\u00a0 A bel\u00e9p\u00e9si fel\u00fclet a <a href=\"https:\/\/www.microsoft365.com\/launch\/forms\" target=\"_blank\" rel=\"noopener\">https:\/\/www.microsoft365.com\/launch\/forms<\/a> c\u00edmen \u00e9rhet\u0151 el.\u00a0 Bel\u00e9p\u00e9si ut\u00e1n a Forms jobb fels\u0151 sark\u00e1ban egy k\u00e9rd\u0151jelet tal\u00e1lunk, \u00edgy \u00e9rhet\u0151 el a fel\u00fclet S\u00fag\u00f3 szolg\u00e1ltat\u00e1sa.\u00a0 \u00datmutat\u00f3k &hellip;<\/p>\n","protected":false},"author":12,"featured_media":0,"parent":951,"menu_order":4,"comment_status":"closed","ping_status":"closed","template":"","meta":{"_acf_changed":false,"footnotes":""},"categories":[106],"tags":[],"class_list":["post-619","page","type-page","status-publish","hentry","category-egyeb"],"acf":[],"publishpress_future_action":{"enabled":false,"date":"1970-01-01 01:00:00","action":"","terms":[],"taxonomy":"","browser_timezone_offset":0},"_links":{"self":[{"href":"https:\/\/semmelweis.hu\/wiki\/wp-json\/wp\/v2\/pages\/619","targetHints":{"allow":["GET"]}}],"collection":[{"href":"https:\/\/semmelweis.hu\/wiki\/wp-json\/wp\/v2\/pages"}],"about":[{"href":"https:\/\/semmelweis.hu\/wiki\/wp-json\/wp\/v2\/types\/page"}],"author":[{"embeddable":true,"href":"https:\/\/semmelweis.hu\/wiki\/wp-json\/wp\/v2\/users\/12"}],"replies":[{"embeddable":true,"href":"https:\/\/semmelweis.hu\/wiki\/wp-json\/wp\/v2\/comments?post=619"}],"version-history":[{"count":11,"href":"https:\/\/semmelweis.hu\/wiki\/wp-json\/wp\/v2\/pages\/619\/revisions"}],"predecessor-version":[{"id":3330,"href":"https:\/\/semmelweis.hu\/wiki\/wp-json\/wp\/v2\/pages\/619\/revisions\/3330"}],"up":[{"embeddable":true,"href":"https:\/\/semmelweis.hu\/wiki\/wp-json\/wp\/v2\/pages\/951"}],"wp:attachment":[{"href":"https:\/\/semmelweis.hu\/wiki\/wp-json\/wp\/v2\/media?parent=619"}],"wp:term":[{"taxonomy":"category","embeddable":true,"href":"https:\/\/semmelweis.hu\/wiki\/wp-json\/wp\/v2\/categories?post=619"},{"taxonomy":"post_tag","embeddable":true,"href":"https:\/\/semmelweis.hu\/wiki\/wp-json\/wp\/v2\/tags?post=619"}],"curies":[{"name":"wp","href":"https:\/\/api.w.org\/{rel}","templated":true}]}}