{"id":3254,"date":"2025-07-31T09:44:36","date_gmt":"2025-07-31T07:44:36","guid":{"rendered":"https:\/\/semmelweis.hu\/wiki\/?page_id=3254"},"modified":"2025-10-18T09:37:29","modified_gmt":"2025-10-18T07:37:29","slug":"popup-builder-felugro-ablak-keszitese","status":"publish","type":"page","link":"https:\/\/semmelweis.hu\/wiki\/kiegeszito-eszkozok\/popup-builder-felugro-ablak-keszitese\/","title":{"rendered":"Popup Builder &#8211; Felugr\u00f3 ablak k\u00e9sz\u00edt\u00e9se"},"content":{"rendered":"<h1>Popup Builder, azaz felugr\u00f3 ablak k\u00e9sz\u00edt\u00e9se<\/h1>\n<p>Lehet\u0151s\u00e9g\u00fcnk van a weboldalunkon felugr\u00f3 ablakot k\u00e9sz\u00edteni, ha valamilyen kiemelten fontos inform\u00e1ci\u00f3t szeretn\u00e9nk a l\u00e1togat\u00f3 figyelm\u00e9be aj\u00e1nlani (pl. k\u00f6lt\u00f6z\u00e9ssel kapcsolatos inform\u00e1ci\u00f3k stb.). Ugyanakkor \u00e9rdemes az eszk\u00f6z haszn\u00e1lat\u00e1t megfontolni, mert alapvet\u0151en egy oldal tartalm\u00e1nak olvas\u00e1s\u00e1ra \u00e9rkez\u0151 l\u00e1togat\u00f3 sz\u00e1m\u00e1ra a felugr\u00f3 ablak csak egy zavar\u00f3 akad\u00e1lyt jelent a megszerzend\u0151 inform\u00e1ci\u00f3 el\u00e9r\u00e9s\u00e9ben. Gondoljunk a saj\u00e1t ilyen jelleg\u0171 \u00e9lm\u00e9nyeinkre. Ha m\u00e9gis be\u00e1ll\u00edtunk felugr\u00f3 ablakot, akkor azt csak nagyon indokolt esetben tegy\u00fck \u00e9s lehet\u0151leg r\u00f6vid ideig haszn\u00e1ljuk. A b\u0151v\u00edtm\u00e9ny szerkeszt\u0151 fel\u00fclete t\u00f6bbnyire magyar nyelv\u0171, azonban bizonyos r\u00e9szek csak angolul \u00e9rhet\u0151ek el (rem\u00e9lj\u00fck, az al\u00e1bbi le\u00edr\u00e1s seg\u00edts\u00e9g\u00e9vel minden \u00e9rthet\u0151 lesz, de sz\u00fcks\u00e9g eset\u00e9n a <strong>Google Translate tud seg\u00edteni<\/strong>).<\/p>\n<h5>A Popup Builder b\u0151v\u00edtm\u00e9ny bekapcsol\u00e1sa<\/h5>\n<p>El\u0151sz\u00f6r a <strong>Vez\u00e9rl\u0151pult &gt; B\u0151v\u00edtm\u00e9nyek<\/strong> oldalon be kell kapcsolnunk az <strong>Popup Builder &#8211; Create highly converting, mobile friendly marketing popups<\/strong> b\u0151v\u00edtm\u00e9nyt. Ezzel megjelenik a Vez\u00e9rl\u0151pult bal oldali men\u00fcoszlop\u00e1ban egy <strong>Popup Builder<\/strong> men\u00fcpont, amelyben a felugr\u00f3 ablak be\u00e1ll\u00edt\u00e1sait tudjuk megtenni.<\/p>\n<h5>\nPopupok el\u00e9r\u00e9se\/l\u00e9trehoz\u00e1sa<\/h5>\n<p>Kattintsunk a <strong>Vez\u00e9rl\u0151pult &gt; Popup Builder<\/strong> men\u00fcpontra. Itt l\u00e1thatjuk a m\u00e1r megl\u00e9v\u0151 popupokat vagy l\u00e9trehozhatunk \u00fajakat.<\/p>\n<p>Az <strong>\u00daj hozz\u00e1ad\u00e1sa<\/strong> gombra kattintva v\u00e1lasszuk ki az ikonok k\u00f6z\u00fcl a <strong>HTML Popup opci\u00f3t.<\/strong> Els\u0151 l\u00e9p\u00e9sk\u00e9nt adjuk meg a popup c\u00edm\u00e9t &#8211; ez csak arra szolg\u00e1l, hogy k\u00e9s\u0151bb be tudjuk azonos\u00edtani a felugr\u00f3 ablakot, a l\u00e1togat\u00f3 ezt nem fogja l\u00e1tni. Ezut\u00e1n a sz\u00f6vegszerkeszt\u0151 seg\u00edts\u00e9g\u00e9vel felt\u00f6lthetj\u00fck sz\u00f6veggel, helyezhet\u00fcnk el benne linkeket, k\u00e9peket. Mivel a pop-up c\u00edmsor\u00e1ban megadott c\u00edm nem fog l\u00e1tsz\u00f3dni a felugr\u00f3 ablakban, \u00e9rdemes lehet c\u00edmsorokat is haszn\u00e1lni. A popup form\u00e1z\u00e1sa ugyan\u00fagy m\u0171k\u00f6dik, mintha egy adott oldalon szerkeszten\u00e9nk a tartalmat, ahogyan azt m\u00e1r megszoktuk.<\/p>\n<p><a href=\"https:\/\/semmelweis.hu\/wiki\/files\/2025\/07\/felutes.png\"><img loading=\"lazy\" decoding=\"async\" class=\"aligncenter size-full wp-image-3260\" src=\"https:\/\/semmelweis.hu\/wiki\/files\/2025\/07\/felutes.png\" alt=\"\" width=\"1759\" height=\"597\" srcset=\"https:\/\/semmelweis.hu\/wiki\/files\/2025\/07\/felutes.png 1759w, https:\/\/semmelweis.hu\/wiki\/files\/2025\/07\/felutes-400x136.png 400w, https:\/\/semmelweis.hu\/wiki\/files\/2025\/07\/felutes-1024x348.png 1024w, https:\/\/semmelweis.hu\/wiki\/files\/2025\/07\/felutes-150x51.png 150w, https:\/\/semmelweis.hu\/wiki\/files\/2025\/07\/felutes-768x261.png 768w, https:\/\/semmelweis.hu\/wiki\/files\/2025\/07\/felutes-1536x521.png 1536w, https:\/\/semmelweis.hu\/wiki\/files\/2025\/07\/felutes-753x256.png 753w\" sizes=\"auto, (max-width: 1759px) 100vw, 1759px\" \/><\/a><\/p>\n<h5>\u00c1ll\u00edtsuk be a felugr\u00f3 ablak megjelen\u00e9s hely\u00e9t \u00e9s m\u00f3dj\u00e1t<\/h5>\n<p>A be\u00e1ll\u00edt\u00e1sokkal lehet\u0151s\u00e9g\u00fcnk van teljesen testreszabni a felugr\u00f3 ablakot, de alap\u00e9rtelmezetten is hagyhatjuk (\u00e9rdemes el\u0151tte \u00e1ttekinteni, hogy ebben az esetben hogyan fog megjelenni a popup). Ebben az esetben kattintsunk a <strong>K\u00f6zz\u00e9t\u00e9tel gombra<\/strong>, hogy l\u00e9trehozzuk a popupot. Amennyiben m\u00e9gis szeretn\u00e9nk majd a kin\u00e9zeten v\u00e1ltoztatni a k\u00e9s\u0151bbiekben, \u00fagy azt ut\u00f3lag is megtehetj\u00fck. Ehhez kattintsunk az <strong>\u00d6sszes Popup<\/strong> men\u00fcpontra \u00e9s v\u00e1lasszuk ki a <strong>m\u00f3dos\u00edtani k\u00edv\u00e1nt Popup c\u00edm\u00e9re<\/strong>, ahol el\u00e9rhetj\u00fck a most bemutatott be\u00e1ll\u00edt\u00e1sokat.<\/p>\n<h5>Megjelen\u00edt\u00e9si be\u00e1ll\u00edt\u00e1sok: hol legyen l\u00e1that\u00f3 a felugr\u00f3 ablak?<\/h5>\n<p>Itt tudjuk meghat\u00e1rozni, hogy a felugr\u00f3 ablak a honlapon bel\u00fcl hol jelenjen meg. Alap\u00e9rtelmezetten mindenhol megjelenik, nem sz\u00e1m\u00edt, hogy a felhaszn\u00e1l\u00f3 a nyit\u00f3lapra vagy egy aloldalra \u00e9rkezik (ut\u00f3bbit pl egy Google keres\u00e9sb\u0151l).<\/p>\n<p>A <strong>Display rule<\/strong> alatti leny\u00edl\u00f3 lehet\u0151s\u00e9gekb\u0151l tudjuk \u00e9rtelemszer\u0171en kiv\u00e1lasztani, hogy milyen t\u00edpus\u00fa tartalmakon pl. Oldal(ak)on, bejegyz\u00e9s(ek)en, c\u00edmk\u00e9k listaoldal\u00e1n vagy egy\u00e9b helyeken jelenjen-e meg a felhaszn\u00e1l\u00f3nak .a popup. Az al\u00e1bbi k\u00e9pen bemutatott p\u00e9lda eset\u00e9ben egy adott bejegyz\u00e9sben\/bejegyz\u00e9sekben szeretn\u00e9nk, ha a popup felugrana, ez\u00e9rt el\u0151sz\u00f6r r\u00e1kattintunk a <strong>\u201cKiv\u00e1lasztott bejegyz\u00e9sek\u201d<\/strong> lehet\u0151s\u00e9gre.<\/p>\n<p>Ezut\u00e1n a kiv\u00e1lasztjuk az \u201cIs or is not\u201d (Teljes\u00fcl vagy nem teljes\u00fcl) opci\u00f3k k\u00f6z\u00fcl a <strong>Teljes\u00fcl<\/strong> lehet\u0151s\u00e9get majd a \u201cSelect Your Posts\u201d mez\u0151n\u00e9l annak a v\u00e1lasztott bejegyz\u00e9snek a c\u00edm\u00e9t kezdj\u00fck el beg\u00e9pelni, ahol szeretn\u00e9m megjelen\u00edteni a felugr\u00f3 ablakot \u00e9s a rendszer fel fogja k\u00edn\u00e1lni azt. Amennyiben t\u00f6bb bejegyz\u00e9st szeretn\u00e9k megadni, \u00fagy a <strong>+ gombra<\/strong> kattintva van lehet\u0151s\u00e9g tov\u00e1bbiak a kiv\u00e1laszt\u00e1s\u00e1ra.<\/p>\n<p><a href=\"https:\/\/semmelweis.hu\/wiki\/files\/2025\/07\/Megjelenites.png\"><img loading=\"lazy\" decoding=\"async\" class=\"aligncenter size-full wp-image-3263\" src=\"https:\/\/semmelweis.hu\/wiki\/files\/2025\/07\/Megjelenites.png\" alt=\"\" width=\"1022\" height=\"373\" srcset=\"https:\/\/semmelweis.hu\/wiki\/files\/2025\/07\/Megjelenites.png 1022w, https:\/\/semmelweis.hu\/wiki\/files\/2025\/07\/Megjelenites-400x146.png 400w, https:\/\/semmelweis.hu\/wiki\/files\/2025\/07\/Megjelenites-150x55.png 150w, https:\/\/semmelweis.hu\/wiki\/files\/2025\/07\/Megjelenites-768x280.png 768w, https:\/\/semmelweis.hu\/wiki\/files\/2025\/07\/Megjelenites-753x275.png 753w\" sizes=\"auto, (max-width: 1022px) 100vw, 1022px\" \/><\/a><\/p>\n<p>Ennek a ford\u00edtott verzi\u00f3ja az, amikor a <strong>Nem teljes\u00fcl<\/strong> opci\u00f3t v\u00e1lasztjuk ki, teh\u00e1t a kiv\u00e1lasztott bejegyz\u00e9sn\u00e9l\/bejegyz\u00e9sekn\u00e9l nem fog felugrani a popup, m\u00edg az \u00f6sszes t\u00f6bbin\u00e9l igen.<\/p>\n<h5>\nEsem\u00e9nyek: milyen tev\u00e9kenys\u00e9gre induljon a felugr\u00f3 ablak?<\/h5>\n<p>Esem\u00e9nyek alatt \u00e9rtj\u00fck azt, hogy a l\u00e1togat\u00f3 milyen tev\u00e9kenys\u00e9ge eset\u00e9n jelenik majd meg a felugr\u00f3 ablak.<\/p>\n<p>Az Event mez\u0151 eset\u00e9n a leny\u00edl\u00f3 opci\u00f3k k\u00f6z\u00fcl az <strong>On load<\/strong> az alap\u00e9rtelmezett be\u00e1ll\u00edt\u00e1s, ami azt jelenti, hogy a honlap illetve a megjelen\u00edt\u00e9si be\u00e1ll\u00edt\u00e1sokban be\u00e1ll\u00edtott oldal\/bejegyz\u00e9s stb. bet\u00f6lt\u00e9se eset\u00e9n fog megjelenni a felugr\u00f3 ablak. A leny\u00edl\u00f3 opci\u00f3k k\u00f6z\u00fcl \u00e9rtelemszer\u0171en v\u00e1laszthatunk m\u00e1s lehet\u0151s\u00e9get is: kattint\u00e1skor = amikor a l\u00e1togat\u00f3 a honlapon bel\u00fcl valahova kattint; eg\u00e9rmutat\u00e1sra = ha az egeret egy bizonyos helyre h\u00fazza a l\u00e1togat\u00f3; inaktivit\u00e1s eset\u00e9n = ha bizonyos ideig nem csin\u00e1l semmiit a l\u00e1togat\u00f3; g\u00f6rget\u00e9sre.<\/p>\n<p>A <strong>Delay<\/strong> mez\u0151ben adhatjuk meg, hogy h\u00e1ny m\u00e1sodperc m\u00falva jelenjen meg a felugr\u00f3 ablak a be\u00e1ll\u00edtott esem\u00e9nyt k\u00f6vet\u0151en. Teh\u00e1t ha 10-et \u00edrunk be, akkor 10 m\u00e1sodperc m\u00falva jelenik meg a popup.<\/p>\n<p><a href=\"https:\/\/semmelweis.hu\/wiki\/files\/2025\/07\/esemenyek.png\"><img loading=\"lazy\" decoding=\"async\" class=\"aligncenter size-full wp-image-3259\" src=\"https:\/\/semmelweis.hu\/wiki\/files\/2025\/07\/esemenyek.png\" alt=\"\" width=\"890\" height=\"369\" srcset=\"https:\/\/semmelweis.hu\/wiki\/files\/2025\/07\/esemenyek.png 890w, https:\/\/semmelweis.hu\/wiki\/files\/2025\/07\/esemenyek-400x166.png 400w, https:\/\/semmelweis.hu\/wiki\/files\/2025\/07\/esemenyek-150x62.png 150w, https:\/\/semmelweis.hu\/wiki\/files\/2025\/07\/esemenyek-768x318.png 768w, https:\/\/semmelweis.hu\/wiki\/files\/2025\/07\/esemenyek-753x312.png 753w\" sizes=\"auto, (max-width: 890px) 100vw, 890px\" \/><\/a><\/p>\n<h5>A Popup kin\u00e9zet\u00e9nek be\u00e1ll\u00edt\u00e1sai<\/h5>\n<p>Ebben a men\u00fcpontban m\u00f3dos\u00edthatjuk a felugr\u00f3 ablakunk kin\u00e9zet\u00e9t. A <strong>T\u00e9m\u00e1k<\/strong> k\u00f6z\u00f6tt vannak el\u0151re meghat\u00e1rozott megjelen\u00e9sek, amelyek kit\u00e9rnek a popup m\u00e9ret\u00e9re, elhelyezked\u00e9s\u00e9re, h\u00e1tt\u00e9rsz\u00edn\u00e9re \u00e9s a h\u00e1tt\u00e9r \u00e1tl\u00e1tsz\u00f3s\u00e1g\u00e1nak m\u00e9rt\u00e9k\u00e9re. Ezenk\u00edv\u00fcl van lehet\u0151s\u00e9g\u00fcnk extra be\u00e1ll\u00edt\u00e1sokra a <strong>H\u00e1tt\u00e9r be\u00e1ll\u00edt\u00e1saiban.<\/strong><\/p>\n<p><a href=\"https:\/\/semmelweis.hu\/wiki\/files\/2025\/07\/kinezet-beallitasa.png\"><img loading=\"lazy\" decoding=\"async\" class=\"aligncenter size-full wp-image-3261\" src=\"https:\/\/semmelweis.hu\/wiki\/files\/2025\/07\/kinezet-beallitasa.png\" alt=\"\" width=\"1358\" height=\"759\" srcset=\"https:\/\/semmelweis.hu\/wiki\/files\/2025\/07\/kinezet-beallitasa.png 1358w, https:\/\/semmelweis.hu\/wiki\/files\/2025\/07\/kinezet-beallitasa-400x224.png 400w, https:\/\/semmelweis.hu\/wiki\/files\/2025\/07\/kinezet-beallitasa-1024x572.png 1024w, https:\/\/semmelweis.hu\/wiki\/files\/2025\/07\/kinezet-beallitasa-150x84.png 150w, https:\/\/semmelweis.hu\/wiki\/files\/2025\/07\/kinezet-beallitasa-768x429.png 768w, https:\/\/semmelweis.hu\/wiki\/files\/2025\/07\/kinezet-beallitasa-753x421.png 753w\" sizes=\"auto, (max-width: 1358px) 100vw, 1358px\" \/><\/a><\/p>\n<h5>\u00a0<\/h5>\n<h5>Bez\u00e1r\u00e1s: \u00e1ll\u00edtsuk be, hogyan z\u00e1rhatja be a l\u00e1togat\u00f3 a popupot<\/h5>\n<p>Enged\u00e9lyezhetj\u00fck, hogy az Esc gomb lenyom\u00e1s\u00e1val is bez\u00e1r\u00f3djon, de egy bez\u00e1r\u00e1s gombot (azaz egy X-et) is bekapcsolhatunk, amire kattintva lehet bez\u00e1rni a felugr\u00f3 ablakot.<br \/>\nK\u00e9sleltethetj\u00fck is a bez\u00e1r\u00e1s gombot, p\u00e9ld\u00e1ul 5 m\u00e1sodperc m\u00falva j\u00f6jj\u00f6n el\u0151 \u00e9s lehessen bez\u00e1rni a popupot. Amennyiben k\u00e9sleltetj\u00fck a felugr\u00e1st, \u00e9rdemes min\u00e9l r\u00f6videbb id\u0151t be\u00e1ll\u00edtani, mert a l\u00e1togat\u00f3k sz\u00e1m\u00e1ra lehet a hosszabb v\u00e1rakoz\u00e1s.<\/p>\n<p>Azt is itt tudjuk megadni, hogy hol helyezkedjen el a bez\u00e1r\u00e1s gomb a felugr\u00f3 ablakon. Amennyiben egyedi poz\u00edci\u00f3t szeretn\u00e9nk megadni, \u00fagy pixel pontosan tudjuk az elrendez\u00e9st m\u00f3dos\u00edtani, de ezt csak halad\u00f3 felhaszn\u00e1l\u00f3knak javasoljuk. A gomb k\u00e9p\u00e9t is tudjuk cser\u00e9lni, de nem aj\u00e1nlott, mert egy m\u00e1sik k\u00e9p felt\u00f6lt\u00e9se torzul\u00e1shoz vezethet.<\/p>\n<p>Be tudjuk \u00e1ll\u00edtani azt is, hogy ne csak a popupon l\u00e9v\u0151 bez\u00e1r\u00e1s gombra kattintva tudja a felhaszn\u00e1l\u00f3 bez\u00e1rni az ablakot, hanem ha mell\u00e9 kattint, az akkor is z\u00e1r\u00f3djon be. Ehhez kapcsoljuk be a <strong>Bez\u00e1r\u00e1s az \u00e1tfed\u00e9sre kattintva opci\u00f3t.<\/strong><\/p>\n<p><a href=\"https:\/\/semmelweis.hu\/wiki\/files\/2025\/07\/bezaras.png\"><img loading=\"lazy\" decoding=\"async\" class=\"aligncenter size-full wp-image-3258\" src=\"https:\/\/semmelweis.hu\/wiki\/files\/2025\/07\/bezaras.png\" alt=\"\" width=\"765\" height=\"613\" srcset=\"https:\/\/semmelweis.hu\/wiki\/files\/2025\/07\/bezaras.png 765w, https:\/\/semmelweis.hu\/wiki\/files\/2025\/07\/bezaras-400x321.png 400w, https:\/\/semmelweis.hu\/wiki\/files\/2025\/07\/bezaras-150x120.png 150w, https:\/\/semmelweis.hu\/wiki\/files\/2025\/07\/bezaras-753x603.png 753w\" sizes=\"auto, (max-width: 765px) 100vw, 765px\" \/><\/a><\/p>\n<h5>M\u00e9retar\u00e1nyok \u2013 Halad\u00f3knak<\/h5>\n<p>Ezeket a be\u00e1ll\u00edt\u00e1sok \u00e9rdemes az alapbe\u00e1ll\u00edt\u00e1sokon hagyni, hiszen a megfelel\u0151 m\u00e9retez\u00e9s van be\u00e1ll\u00edtva, \u00edgy biztosak lehet\u00fcnk abban, hogy asztali n\u00e9zetben \u00e9s mobilon is j\u00f3l fog megjelenni a felugr\u00f3 ablak. Azonban a halad\u00f3 szerkeszt\u0151knek lehet\u0151s\u00e9g\u00fck van egyedi ar\u00e1nyokat is be\u00e1ll\u00edtani, amivel m\u00f3dos\u00edthat\u00f3k a felugr\u00f3 ablak megjelen\u00e9s\u00e9nek m\u00e9rete.<\/p>\n<div class=\"fontos_div\">\n<p>Fontos, hogy ha m\u00f3dos\u00edtjuk ezeket az \u00e9rt\u00e9keket, akkor mindenk\u00e9ppen ellen\u0151rizz\u00fck le a felugr\u00f3 ablakot mobiln\u00e9zetben is, mert a rossz be\u00e1ll\u00edt\u00e1s torzul\u00e1shoz vezethet.<\/p>\n<\/div>\n<h5><a href=\"https:\/\/semmelweis.hu\/wiki\/files\/2025\/07\/meretaranyok.png\"><img loading=\"lazy\" decoding=\"async\" class=\"aligncenter size-full wp-image-3265\" src=\"https:\/\/semmelweis.hu\/wiki\/files\/2025\/07\/meretaranyok.png\" alt=\"\" width=\"936\" height=\"498\" srcset=\"https:\/\/semmelweis.hu\/wiki\/files\/2025\/07\/meretaranyok.png 936w, https:\/\/semmelweis.hu\/wiki\/files\/2025\/07\/meretaranyok-400x213.png 400w, https:\/\/semmelweis.hu\/wiki\/files\/2025\/07\/meretaranyok-150x80.png 150w, https:\/\/semmelweis.hu\/wiki\/files\/2025\/07\/meretaranyok-768x409.png 768w, https:\/\/semmelweis.hu\/wiki\/files\/2025\/07\/meretaranyok-753x401.png 753w\" sizes=\"auto, (max-width: 936px) 100vw, 936px\" \/><\/a><\/h5>\n<h5>\nHalad\u00f3 be\u00e1ll\u00edt\u00e1sok<\/h5>\n<p>Ebben a men\u00fcpontban olyan extra be\u00e1ll\u00edt\u00e1sok \u00e1llnak rendelkez\u00e9s\u00fcnkre, amelyekkel nem csak vizu\u00e1lisan t\u00e1mogatjuk meg a tartalmunkat, hanem hanggal vagy anim\u00e1ci\u00f3val is kieg\u00e9sz\u00edthetj\u00fck azt, valamint tov\u00e1bbi korl\u00e1toz\u00e1sokat vezethet\u00fcnk be a l\u00e1togat\u00f3k sz\u00e1m\u00e1ra.<\/p>\n<p>A halad\u00f3 be\u00e1ll\u00edt\u00e1sok k\u00f6z\u00fcl kett\u0151t emeln\u00e9nk ki, amelyeket \u00e9rdemes \u00e1tgondolni:<br \/>\n<strong>Felugr\u00f3 ablak helye:<\/strong> Meghat\u00e1rozhatjuk, hogy hol jelenjen meg a popup. Helyezhetj\u00fck alulra, k\u00f6z\u00e9pre, oldalra \u00e9s a sarkokba is. <br \/>\n<strong>Oldal g\u00f6rget\u00e9s\u00e9nek tilt\u00e1sa:<\/strong> Am\u00edg a felugr\u00f3 ablak nem ker\u00fcl bez\u00e1r\u00e1sra, addig eld\u00f6nthetj\u00fck, hogy a felhaszn\u00e1l\u00f3 g\u00f6rgethet-e az oldalon vagy sem.<\/p>\n<p><a href=\"https:\/\/semmelweis.hu\/wiki\/files\/2025\/07\/halado.png\"><img loading=\"lazy\" decoding=\"async\" class=\"aligncenter size-full wp-image-3264\" src=\"https:\/\/semmelweis.hu\/wiki\/files\/2025\/07\/halado.png\" alt=\"\" width=\"805\" height=\"581\" srcset=\"https:\/\/semmelweis.hu\/wiki\/files\/2025\/07\/halado.png 805w, https:\/\/semmelweis.hu\/wiki\/files\/2025\/07\/halado-400x289.png 400w, https:\/\/semmelweis.hu\/wiki\/files\/2025\/07\/halado-150x108.png 150w, https:\/\/semmelweis.hu\/wiki\/files\/2025\/07\/halado-768x554.png 768w, https:\/\/semmelweis.hu\/wiki\/files\/2025\/07\/halado-753x543.png 753w\" sizes=\"auto, (max-width: 805px) 100vw, 805px\" \/><\/a><\/p>\n<h5>Lebeg\u0151 gomb<\/h5>\n<p>Amennyiben azt szeretn\u00e9nk, hogy a felugr\u00f3 ablak ne automatikusan jelenjen meg a felhaszn\u00e1l\u00f3nak, akkor haszn\u00e1lhatunk lebeg\u0151 gombot. Ebben az esetben csak a lebeg\u0151 gombra kattintva fog el\u0151ugrani a popup.<\/p>\n<p>A bekapcsol\u00e1shoz az Enged\u00e9lyez\u00e9s mellett az <strong>off<\/strong> gombra kell kattintanunk, \u00edgy az \u00e1tv\u00e1lt az on be\u00e1ll\u00edt\u00e1sra. Ez ut\u00e1n a megjelen\u0151 be\u00e1ll\u00edt\u00e1si lehet\u0151s\u00e9gek seg\u00edts\u00e9g\u00e9vel \u00e9rtelemszer\u0171en megadhatjuk a lebeg\u0151 gomb st\u00edlus\u00e1t (Style) , majd be\u00e1ll\u00edthatjuk, hogy a gomb a k\u00e9perny\u0151 melyik sark\u00e1ban jelenjen meg. Megadhatjuk a sz\u00f6veg m\u00e9ret\u00e9t, sz\u00f6veg \u00e9s a h\u00e1tt\u00e9r sz\u00edn\u00e9t, valamint be\u00edrhatjuk a megjelen\u00edteni k\u00edv\u00e1nt sz\u00f6veget. A m\u00f3dos\u00edt\u00e1sokat azonnal l\u00e1thatjuk a k\u00e9perny\u0151nek annak a sark\u00e1ban, ahol a lebeg\u0151 gombot elhelyezt\u00fck.<\/p>\n<p><a href=\"https:\/\/semmelweis.hu\/wiki\/files\/2025\/07\/lebego.png\"><img loading=\"lazy\" decoding=\"async\" class=\"aligncenter size-full wp-image-3262\" src=\"https:\/\/semmelweis.hu\/wiki\/files\/2025\/07\/lebego.png\" alt=\"\" width=\"764\" height=\"672\" srcset=\"https:\/\/semmelweis.hu\/wiki\/files\/2025\/07\/lebego.png 764w, https:\/\/semmelweis.hu\/wiki\/files\/2025\/07\/lebego-400x352.png 400w, https:\/\/semmelweis.hu\/wiki\/files\/2025\/07\/lebego-150x132.png 150w, https:\/\/semmelweis.hu\/wiki\/files\/2025\/07\/lebego-753x662.png 753w\" sizes=\"auto, (max-width: 764px) 100vw, 764px\" \/><\/a><\/p>\n","protected":false},"excerpt":{"rendered":"<p>Popup Builder, azaz felugr\u00f3 ablak k\u00e9sz\u00edt\u00e9se Lehet\u0151s\u00e9g\u00fcnk van a weboldalunkon felugr\u00f3 ablakot k\u00e9sz\u00edteni, ha valamilyen kiemelten fontos inform\u00e1ci\u00f3t szeretn\u00e9nk a l\u00e1togat\u00f3 figyelm\u00e9be aj\u00e1nlani (pl. k\u00f6lt\u00f6z\u00e9ssel kapcsolatos inform\u00e1ci\u00f3k stb.). Ugyanakkor \u00e9rdemes az eszk\u00f6z haszn\u00e1lat\u00e1t megfontolni, mert alapvet\u0151en egy oldal tartalm\u00e1nak olvas\u00e1s\u00e1ra \u00e9rkez\u0151 l\u00e1togat\u00f3 sz\u00e1m\u00e1ra a felugr\u00f3 ablak csak egy zavar\u00f3 akad\u00e1lyt jelent a megszerzend\u0151 inform\u00e1ci\u00f3 el\u00e9r\u00e9s\u00e9ben. &hellip;<\/p>\n","protected":false},"author":102484,"featured_media":0,"parent":951,"menu_order":15,"comment_status":"closed","ping_status":"closed","template":"template-fullwidth.php","meta":{"_acf_changed":false,"footnotes":""},"categories":[],"tags":[],"class_list":["post-3254","page","type-page","status-publish","hentry"],"acf":[],"publishpress_future_action":{"enabled":false,"date":"1970-01-01 01:00:00","action":"","terms":[],"taxonomy":"","browser_timezone_offset":0},"_links":{"self":[{"href":"https:\/\/semmelweis.hu\/wiki\/wp-json\/wp\/v2\/pages\/3254","targetHints":{"allow":["GET"]}}],"collection":[{"href":"https:\/\/semmelweis.hu\/wiki\/wp-json\/wp\/v2\/pages"}],"about":[{"href":"https:\/\/semmelweis.hu\/wiki\/wp-json\/wp\/v2\/types\/page"}],"author":[{"embeddable":true,"href":"https:\/\/semmelweis.hu\/wiki\/wp-json\/wp\/v2\/users\/102484"}],"replies":[{"embeddable":true,"href":"https:\/\/semmelweis.hu\/wiki\/wp-json\/wp\/v2\/comments?post=3254"}],"version-history":[{"count":5,"href":"https:\/\/semmelweis.hu\/wiki\/wp-json\/wp\/v2\/pages\/3254\/revisions"}],"predecessor-version":[{"id":3328,"href":"https:\/\/semmelweis.hu\/wiki\/wp-json\/wp\/v2\/pages\/3254\/revisions\/3328"}],"up":[{"embeddable":true,"href":"https:\/\/semmelweis.hu\/wiki\/wp-json\/wp\/v2\/pages\/951"}],"wp:attachment":[{"href":"https:\/\/semmelweis.hu\/wiki\/wp-json\/wp\/v2\/media?parent=3254"}],"wp:term":[{"taxonomy":"category","embeddable":true,"href":"https:\/\/semmelweis.hu\/wiki\/wp-json\/wp\/v2\/categories?post=3254"},{"taxonomy":"post_tag","embeddable":true,"href":"https:\/\/semmelweis.hu\/wiki\/wp-json\/wp\/v2\/tags?post=3254"}],"curies":[{"name":"wp","href":"https:\/\/api.w.org\/{rel}","templated":true}]}}