{"id":3242,"date":"2025-07-24T11:50:07","date_gmt":"2025-07-24T09:50:07","guid":{"rendered":"https:\/\/semmelweis.hu\/wiki\/?page_id=3242"},"modified":"2025-07-24T11:52:59","modified_gmt":"2025-07-24T09:52:59","slug":"wp-docs-dokumentumkezelo","status":"publish","type":"page","link":"https:\/\/semmelweis.hu\/wiki\/kiegeszito-eszkozok\/wp-docs-dokumentumkezelo\/","title":{"rendered":"WP DOCS &#8211; Dokumentumkezel\u0151"},"content":{"rendered":"<h1>WP Docs &#8211; Dokumentumkezel\u0151<\/h1>\n<p>Amennyiben szeretn\u00e9nk k\u00fcl\u00f6nb\u00f6z\u0151 dokumentumokat megosztani a l\u00e1togat\u00f3kkal, munkat\u00e1rsakkal vagy a hallgat\u00f3kkal, \u00fagy a WP Docs b\u0151v\u00edtm\u00e9ny tud ebben seg\u00edts\u00e9get ny\u00fajtani. \u00c9rdemes minden olyan esetben haszn\u00e1lni, amikor a f\u00e1jlokat rendszerezve szeretn\u00e9nk el\u00e9rhet\u0151v\u00e9 tenni. M\u00e1sik el\u0151nye, hogy elegend\u0151 egy helyen m\u00f3dos\u00edtanunk a dokumentumokat, ami friss\u00edt\u00e9s ut\u00e1n automatikusan m\u00f3dosul az aloldalakon, ahov\u00e1 kor\u00e1bban beillesztett\u00fck a r\u00f6vid k\u00f3dot.<\/p>\n<p>A b\u0151v\u00edtm\u00e9ny hasonl\u00f3an m\u0171k\u00f6dik a Windows F\u00e1jlkezel\u0151h\u00f6z (Int\u00e9z\u0151h\u00f6z): mapp\u00e1kat lehet benne l\u00e9trehozni \u00e9s azokba t\u00f6lthet\u00fcnk fel dokumentumokat. A mapp\u00e1k tartalma egy r\u00f6vid k\u00f3d seg\u00edts\u00e9g\u00e9vel kilist\u00e1zhat\u00f3 b\u00e1rmelyik oldalunkon vagy bejegyz\u00e9s\u00fck\u00f6n (ak\u00e1r egyidej\u0171leg t\u00f6bb oldalon is). A besz\u00far\u00e1st k\u00f6vet\u0151en elegend\u0151 a b\u0151v\u00edtm\u00e9ny fel\u00fclet\u00e9n rendezni a mapp\u00e1kat \u00e9s az abban l\u00e9v\u0151 dokumentumokat ahhoz, hogy az oldalakon automatikusan friss\u00fclj\u00f6n a tartalom.<\/p>\n<h3>B\u0151v\u00edtm\u00e9ny bekapcsol\u00e1sa<\/h3>\n<p>A bekapcsol\u00e1shoz v\u00e1lasszuk ki a Vez\u00e9rl\u0151pulton a B\u0151v\u00edtm\u00e9nyek men\u00fcpontot, majd keress\u00fcnk r\u00e1 a WP Docs nev\u0171 b\u0151v\u00edtm\u00e9nyre. Kattintsunk a b\u0151v\u00edtm\u00e9ny neve alatti \u201eBekapcsol\u00e1s\u201d gombra. Ezut\u00e1n a Vez\u00e9rl\u0151pult &gt; Be\u00e1ll\u00edt\u00e1sok men\u00fcpontban fogjuk megtal\u00e1lni a WP Docs b\u0151v\u00edtm\u00e9nyt.<\/p>\n<h3><span style=\"font-size: 24px; font-weight: 600;\">Mapp\u00e1k l\u00e9trehoz\u00e1sa \u00e9s rendszerez\u00e9s<\/span><\/h3>\n<p>A mapparendszer fel\u00e9p\u00edt\u00e9se el\u0151tt, gondoljuk \u00e1t, hogy milyen almapp\u00e1kra lehet a j\u00f6v\u0151ben sz\u00fcks\u00e9g, ami seg\u00edtheti a t\u00e1j\u00e9koz\u00f3d\u00e1st \u00e9s a rendszerez\u00e9st. Fontos, hogy az oldalakon \/ bejegyz\u00e9seken lehet\u0151s\u00e9g\u00fcnk van a teljes mapp\u00e1t is megosztani a benne l\u00e9v\u0151 \u00f6sszes almapp\u00e1val \u00e9s tartalommal, de k\u00fcl\u00f6n az almapp\u00e1k megoszt\u00e1s\u00e1ra is van lehet\u0151s\u00e9g\u00fcnk.<\/p>\n<p><strong>A b\u0151v\u00edtm\u00e9nyt a Vez\u00e9rl\u0151pult &gt; Be\u00e1ll\u00edt\u00e1sok &gt; WP Docs men\u00fcpontban \u00e9rj\u00fck el!<\/strong><\/p>\n<p>Ha most kapcsoltuk be a b\u0151v\u00edtm\u00e9nyt, akkor a kezel\u0151fel\u00fcletre l\u00e9pve azt l\u00e1thatjuk, hogy az teljesen \u00fcres, nincsen m\u00e9g benne l\u00e9trehozott mappa. Ha m\u00e1r kor\u00e1bban a b\u0151v\u00edtm\u00e9ny be volt kapcsolva, akkor az elk\u00e9sz\u00edtett mapp\u00e1kat \u00e9s az azokban elhelyezett dokumentumokat fogjuk l\u00e1tni.<\/p>\n<p>F\u00e1jlokat csak mapp\u00e1ba tudunk felt\u00f6lteni, \u00edgy legal\u00e1bb egy mapp\u00e1t l\u00e9tre kell hoznunk. Kattintsunk az \u201e\u00daj mappa\u201d gombra \u00e9s a felugr\u00f3 ablakban adjuk meg a mappa nev\u00e9t \u00e9s nyomjuk meg az OK gombot. Egy felugr\u00f3 \u00fczenetben jelzi nek\u00fcnk a rendszer a sikeres m\u00f3dos\u00edt\u00e1st.<\/p>\n<p><a href=\"https:\/\/semmelweis.hu\/wiki\/files\/2025\/07\/image-5.jpg\"><img loading=\"lazy\" decoding=\"async\" class=\"aligncenter size-full wp-image-3249\" src=\"https:\/\/semmelweis.hu\/wiki\/files\/2025\/07\/image-5.jpg\" alt=\"\" width=\"945\" height=\"530\" srcset=\"https:\/\/semmelweis.hu\/wiki\/files\/2025\/07\/image-5.jpg 945w, https:\/\/semmelweis.hu\/wiki\/files\/2025\/07\/image-5-400x224.jpg 400w, https:\/\/semmelweis.hu\/wiki\/files\/2025\/07\/image-5-150x84.jpg 150w, https:\/\/semmelweis.hu\/wiki\/files\/2025\/07\/image-5-768x431.jpg 768w, https:\/\/semmelweis.hu\/wiki\/files\/2025\/07\/image-5-753x422.jpg 753w\" sizes=\"auto, (max-width: 945px) 100vw, 945px\" \/><\/a><\/p>\n<p>Ahhoz, hogy egy almapp\u00e1t hozzunk l\u00e9tre, kattintsuk dupl\u00e1n arra a mapp\u00e1ra, amiben szeretn\u00e9nk l\u00e9trehozni az almapp\u00e1t. Ezut\u00e1n a folyamat ugyanaz, kattintsunk az \u201e\u00daj mappa\u201d gombra \u00e9s adjuk meg annak a nev\u00e9t. B\u00e1rmennyi mapp\u00e1t l\u00e9trehozhatunk a strukt\u00far\u00e1nknak megfelel\u0151en \u00e9s ezeket k\u00fcl\u00f6n-k\u00fcl\u00f6n meg is tudjuk osztani az aloldalainkon. A breadcrumb (magyarul morzsamen\u00fc) egy navig\u00e1ci\u00f3s elem a weboldalakon, amely megmutatja a felhaszn\u00e1l\u00f3nak, hogy \u00e9ppen hol helyezkedik el az oldal hierarchi\u00e1j\u00e1ban.<\/p>\n<h3>Dokumentumok felt\u00f6lt\u00e9se<\/h3>\n<div class=\"keretes w-100\">\n<p><strong>Fontos!<\/strong> A felt\u00f6lt\u00f6tt dokumentumokat mindenk\u00e9ppen <strong>webre optimaliz\u00e1ltan kell felt\u00f6lteni.<\/strong> Lehet\u0151s\u00e9g szerint <strong>ne t\u00f6lts\u00fcnk fel 10-20mb m\u00e9ret\u0171 f\u00e1jlokat<\/strong>, hanem t\u00f6rekedj\u00fcnk a m\u00e9ret cs\u00f6kkent\u00e9s\u00e9re a felt\u00f6lt\u00e9s megkezd\u00e9se el\u0151tt. Ezenk\u00edv\u00fcl az egyetemi honlapszab\u00e1lyzat szerint <strong>nem elfogadott<\/strong> szekennelt dokumentumok felt\u00f6lt\u00e9se (hiszen nem kereshet\u0151, rosszul olvashat\u00f3). Amennyiben egy honlap t\u00e1rhelye a nagy m\u00e9ret\u0171 f\u00e1jlok felt\u00f6lt\u00e9se miatt telik be, megvizsg\u00e1ljuk a M\u00e9diat\u00e1r tartalm\u00e1t, az indokolatlanul nagy m\u00e9ret\u0171 f\u00e1jlok kicsiny\u00edt\u00e9s\u00e9t a honlap szerkeszt\u0151inek kell ut\u00f3lag elv\u00e9gezni.<\/p>\n<\/div>\n<p>F\u00e1jlok hozz\u00e1ad\u00e1s\u00e1hoz, kattintsunk bele abba a mapp\u00e1ba, amelyikbe szeretn\u00e9nk felt\u00f6lteni a dokumentumokat, majd kattintsunk a \u201eF\u00e1jlok hozz\u00e1ad\u00e1sa\u201d men\u00fcpontra. Ekkor felugr\u00f3 ablakban a honlapunk M\u00e9diat\u00e1ra fog megjelenni. Lehet\u0151s\u00e9g\u00fcnk van az oda m\u00e1r felt\u00f6lt\u00f6tt tartalmak k\u00f6z\u00f6tt keresni \u00e9s onnan beilleszteni f\u00e1jlokat, valamint \u00faj f\u00e1jlokat is felt\u00f6lthet\u00fcnk oda (figyelem, viszont \u00edgy a rendszer nem fogja tudni a felt\u00f6lt\u00f6tt dokumentumot \u00f6sszekapcsolni egyik tartalmunkkal sem, \u00edgy ha egy honlap exportot v\u00e9gz\u00fcnk, akkor a mappa strukt\u00far\u00e1t \u00fajra el kell k\u00e9sz\u00edten\u00fcnk). Egyszerre t\u00f6bb f\u00e1jlt is kijel\u00f6lhet\u00fcnk \u00e9s felt\u00f6lthet\u00fcnk mindk\u00e9t esetben.<\/p>\n<p><strong>Tipp:<\/strong> Ha a dokumentumaink m\u00e1r mapp\u00e1ban vannak rendszerezve a sz\u00e1m\u00edt\u00f3g\u00e9p\u00fcnk\u00f6n, akkor 1-2 perc alatt v\u00e9gezhet\u00fcnk a felt\u00f6lt\u00e9ssel.<\/p>\n<p><a href=\"https:\/\/semmelweis.hu\/wiki\/files\/2025\/07\/image-6.jpg\"><img loading=\"lazy\" decoding=\"async\" class=\"aligncenter size-full wp-image-3248\" src=\"https:\/\/semmelweis.hu\/wiki\/files\/2025\/07\/image-6.jpg\" alt=\"\" width=\"732\" height=\"108\" srcset=\"https:\/\/semmelweis.hu\/wiki\/files\/2025\/07\/image-6.jpg 732w, https:\/\/semmelweis.hu\/wiki\/files\/2025\/07\/image-6-400x59.jpg 400w, https:\/\/semmelweis.hu\/wiki\/files\/2025\/07\/image-6-150x22.jpg 150w\" sizes=\"auto, (max-width: 732px) 100vw, 732px\" \/><\/a><\/p>\n<h3>Mapp\u00e1k megjelen\u00edt\u00e9se az aloldalakon<\/h3>\n<p>Ahhoz, hogy valamely oldalunkon megjelenjen a teljes mapparendszer\u00fcnk, vagy csak egy almappa \u00e9s annak a tartalma, sz\u00fcks\u00e9g\u00fcnk van egy short code (azaz r\u00f6vidk\u00f3d) kim\u00e1sol\u00e1s\u00e1ra \u00e9s oldalba illeszt\u00e9s\u00e9re. V\u00e1lasszuk ki azt a mapp\u00e1t, amelynek a tartalm\u00e1t szeretn\u00e9nk megjelen\u00edteni az aloldalon, majd a jobb oldali kezel\u0151fel\u00fcleten megjelenik a mappa short code-ja (ezeket mindig k\u00e9t sz\u00f6geletes z\u00e1r\u00f3jel k\u00f6z\u00f6tt fogjuk megtal\u00e1lni \u00e9s a z\u00e1r\u00f3jelekkel egy\u00fctt kell kim\u00e1solnunk). Jel\u00f6lj\u00fck ki, majd m\u00e1soljuk ki a k\u00f3dot a Ctrl+C billenty\u0171kombin\u00e1ci\u00f3val.<\/p>\n<p><a href=\"https:\/\/semmelweis.hu\/wiki\/files\/2025\/07\/image-7.jpg\"><img loading=\"lazy\" decoding=\"async\" class=\"aligncenter size-full wp-image-3247\" src=\"https:\/\/semmelweis.hu\/wiki\/files\/2025\/07\/image-7.jpg\" alt=\"\" width=\"732\" height=\"281\" srcset=\"https:\/\/semmelweis.hu\/wiki\/files\/2025\/07\/image-7.jpg 732w, https:\/\/semmelweis.hu\/wiki\/files\/2025\/07\/image-7-400x154.jpg 400w, https:\/\/semmelweis.hu\/wiki\/files\/2025\/07\/image-7-150x58.jpg 150w\" sizes=\"auto, (max-width: 732px) 100vw, 732px\" \/><\/a><\/p>\n<p>Ezut\u00e1n l\u00e9pj\u00fcnk be arra az oldalra, ahol szeretn\u00e9nk megjelen\u00edteni a tartalmat, majd Ctrl+V billenty\u0171kombin\u00e1ci\u00f3val illessz\u00fck be a k\u00edv\u00e1nt helyre.<\/p>\n<p><a href=\"https:\/\/semmelweis.hu\/wiki\/files\/2025\/07\/image-8.jpg\"><img loading=\"lazy\" decoding=\"async\" class=\"aligncenter size-full wp-image-3246\" src=\"https:\/\/semmelweis.hu\/wiki\/files\/2025\/07\/image-8.jpg\" alt=\"\" width=\"720\" height=\"147\" srcset=\"https:\/\/semmelweis.hu\/wiki\/files\/2025\/07\/image-8.jpg 720w, https:\/\/semmelweis.hu\/wiki\/files\/2025\/07\/image-8-400x82.jpg 400w, https:\/\/semmelweis.hu\/wiki\/files\/2025\/07\/image-8-150x31.jpg 150w\" sizes=\"auto, (max-width: 720px) 100vw, 720px\" \/><\/a><\/p>\n<p>Ha mindent j\u00f3l csin\u00e1ltunk, friss\u00edt\u00e9s ut\u00e1n azonnal megjelenik az oldalunkon a beillesztett mappa \u00f6sszes tartalma.<\/p>\n<div class=\"fontos_div\">\n<p><strong>Fontos!<\/strong> A short code minden mapp\u00e1n\u00e1l elt\u00e9r\u0151, \u00edgy mindig ellen\u0151rizz\u00fck le a beilleszt\u00e9st k\u00f6vet\u0151en, hogy val\u00f3ban a megfelel\u0151 mappa \u00e9s annak tartalma jelenik meg az oldalon.<\/p>\n<\/div>\n<h3>Egy\u00e9b be\u00e1ll\u00edt\u00e1sok a b\u0151v\u00edtm\u00e9nyben<\/h3>\n<p><a href=\"https:\/\/semmelweis.hu\/wiki\/files\/2025\/07\/image-9.jpg\"><img loading=\"lazy\" decoding=\"async\" class=\"size-full wp-image-3245 alignright\" src=\"https:\/\/semmelweis.hu\/wiki\/files\/2025\/07\/image-9.jpg\" alt=\"\" width=\"295\" height=\"408\" srcset=\"https:\/\/semmelweis.hu\/wiki\/files\/2025\/07\/image-9.jpg 295w, https:\/\/semmelweis.hu\/wiki\/files\/2025\/07\/image-9-289x400.jpg 289w, https:\/\/semmelweis.hu\/wiki\/files\/2025\/07\/image-9-108x150.jpg 108w\" sizes=\"auto, (max-width: 295px) 100vw, 295px\" \/><\/a>A b\u0151v\u00edtm\u00e9nyben bizonyos r\u00e9szeket szem\u00e9lyre szabhatunk, de figyelj\u00fcnk arra, hogy ezek \u00e1ltal\u00e1nos be\u00e1ll\u00edt\u00e1sok, \u00edgy minden egyes mapp\u00e1ra \u00e9s dokumentumra vonatkozni fognak.<\/p>\n<p><strong>Az al\u00e1bbi opci\u00f3kat tudjuk be, illetve kikapcsolni:<\/strong><\/p>\n<ul>\n<li><strong>Bootstrap-re \u00e9p\u00fcl\u0151 megjelen\u00e9s:<\/strong> Semmi esetben se kapcsoljuk ki, mert ez biztos\u00edtja azt, hogy a kisebb k\u00e9perny\u0151k\u00f6n, ak\u00e1r egy telefonon is megfelel\u0151 lesz a dokumentumok megjelen\u00e9se.<\/li>\n<li><strong>Szeg\u00e9lyek \u00e9s s\u00e1vok elrejt\u00e9se:<\/strong> Jelenleg ez a funkci\u00f3 nem m\u00f3dos\u00edthat\u00f3, mert egys\u00e9gesen a Semmelweis sablon be\u00e1ll\u00edt\u00e1sait k\u00f6veti a megjelen\u00edt\u00e9s.<\/li>\n<li><strong>Keres\u0151mez\u0151 (Be\/Ki):<\/strong> Ennek seg\u00edts\u00e9g\u00e9vel tudjuk enged\u00e9lyezni a l\u00e1togat\u00f3nak, hogy a dokumentumokban tudjon keresni. Akkor van igaz\u00e1n jelent\u0151s\u00e9ge, amikor nagyon sok dokumentumot tett\u00fcnk k\u00f6zz\u00e9.<\/li>\n<li><strong>B\u00e9lyegk\u00e9pek megjelen\u00edt\u00e9se:<\/strong> Amikor felt\u00f6lt\u00f6tt\u00fcnk egy f\u00e1jlt, a rendszer automatikusan hozz\u00e1illeszti a kiterjeszt\u00e9s\u00e9nek megfelel\u0151 ikont, amit ki\/be tudunk kapcsolni (pdf, word, ppt, excel, jpg, png). Ez legyen bekapcsolva annak \u00e9rdek\u00e9ben, hogy a l\u00e1togat\u00f3 egyb\u0151l l\u00e1ssa, milyen t\u00edpus\u00fa a dokumentum.<\/li>\n<li><strong>Oszlopbe\u00e1ll\u00edt\u00e1sok a r\u00e9szletes n\u00e9zethez:<\/strong> Amikor r\u00e9szletes n\u00e9zetben jelenik meg az oldalunkon a tartalom, akkor tudunk hozz\u00e1rendelni egy\u00e9b inform\u00e1ci\u00f3kat is a dokumentumhoz, ami megjelenik a felhaszn\u00e1l\u00f3nak. Ugyanakkor ne felejts\u00fck el, hogy n\u00e9ha a kevesebb t\u00f6bb, \u00e9s ezeknek az inform\u00e1ci\u00f3knak egy mobiltelefon kicsi k\u00e9perny\u0151j\u00e9n is j\u00f3l kell tudni l\u00e1tszani. <br \/>\nEzek lehetnek a: K\u00e9sz\u00edt\u00e9s d\u00e1tuma, M\u00f3dos\u00edt\u00e1s d\u00e1tuma, F\u00e1jl t\u00edpusa, F\u00e1jl m\u00e9rete.<\/li>\n<li><strong style=\"font-size: 1rem;\">Testreszab\u00e1s:<\/strong><span style=\"font-size: 1rem;\"> Az alap\u00e9rtelmezett m\u00e9retek megfelel\u0151ek az ikon \u00e9s a bet\u0171 m\u00e9ret\u00e9n\u00e9l is, ez\u00e9rt nem javasolt ezeknek a m\u00e9reteknek a m\u00f3dos\u00edt\u00e1sa. Amennyiben m\u00e9gis m\u00f3dos\u00edtani szeretn\u00e9nk, \u00fagy az ikonn\u00e1l m\u00e9retez\u00e9s pixelben t\u00f6rt\u00e9nik, m\u00edg a bet\u0171n\u00e9l az \u201cem\u201d egys\u00e9get haszn\u00e1ljuk. 1 em=16 pixellel, m\u00edg 0.5 em = 8 pixellel. Amennyiben ezt szeretn\u00e9nk m\u00f3dos\u00edtani, \u00fagy a w3school \u00e1tv\u00e1lt\u00f3j\u00e1t tudjuk haszn\u00e1lni.<\/span><\/li>\n<\/ul>\n<div class=\"fontos_div\">\n<p>Fontos, hogy a pr\u00e9mium funkci\u00f3kat nem \u00e9rj\u00fck el, \u00edgy az ahhoz tartoz\u00f3 be\u00e1ll\u00edt\u00e1sokat nem tudjuk haszn\u00e1lni.<\/p>\n<\/div>\n","protected":false},"excerpt":{"rendered":"<p>WP Docs &#8211; Dokumentumkezel\u0151 Amennyiben szeretn\u00e9nk k\u00fcl\u00f6nb\u00f6z\u0151 dokumentumokat megosztani a l\u00e1togat\u00f3kkal, munkat\u00e1rsakkal vagy a hallgat\u00f3kkal, \u00fagy a WP Docs b\u0151v\u00edtm\u00e9ny tud ebben seg\u00edts\u00e9get ny\u00fajtani. \u00c9rdemes minden olyan esetben haszn\u00e1lni, amikor a f\u00e1jlokat rendszerezve szeretn\u00e9nk el\u00e9rhet\u0151v\u00e9 tenni. M\u00e1sik el\u0151nye, hogy elegend\u0151 egy helyen m\u00f3dos\u00edtanunk a dokumentumokat, ami friss\u00edt\u00e9s ut\u00e1n automatikusan m\u00f3dosul az aloldalakon, ahov\u00e1 kor\u00e1bban beillesztett\u00fck &hellip;<\/p>\n","protected":false},"author":102484,"featured_media":0,"parent":951,"menu_order":14,"comment_status":"closed","ping_status":"closed","template":"","meta":{"_acf_changed":false,"footnotes":""},"categories":[],"tags":[],"class_list":["post-3242","page","type-page","status-publish","hentry"],"acf":[],"publishpress_future_action":{"enabled":false,"date":"1970-01-01 01:00:00","action":"","terms":[],"taxonomy":"","browser_timezone_offset":0},"_links":{"self":[{"href":"https:\/\/semmelweis.hu\/wiki\/wp-json\/wp\/v2\/pages\/3242","targetHints":{"allow":["GET"]}}],"collection":[{"href":"https:\/\/semmelweis.hu\/wiki\/wp-json\/wp\/v2\/pages"}],"about":[{"href":"https:\/\/semmelweis.hu\/wiki\/wp-json\/wp\/v2\/types\/page"}],"author":[{"embeddable":true,"href":"https:\/\/semmelweis.hu\/wiki\/wp-json\/wp\/v2\/users\/102484"}],"replies":[{"embeddable":true,"href":"https:\/\/semmelweis.hu\/wiki\/wp-json\/wp\/v2\/comments?post=3242"}],"version-history":[{"count":4,"href":"https:\/\/semmelweis.hu\/wiki\/wp-json\/wp\/v2\/pages\/3242\/revisions"}],"predecessor-version":[{"id":3253,"href":"https:\/\/semmelweis.hu\/wiki\/wp-json\/wp\/v2\/pages\/3242\/revisions\/3253"}],"up":[{"embeddable":true,"href":"https:\/\/semmelweis.hu\/wiki\/wp-json\/wp\/v2\/pages\/951"}],"wp:attachment":[{"href":"https:\/\/semmelweis.hu\/wiki\/wp-json\/wp\/v2\/media?parent=3242"}],"wp:term":[{"taxonomy":"category","embeddable":true,"href":"https:\/\/semmelweis.hu\/wiki\/wp-json\/wp\/v2\/categories?post=3242"},{"taxonomy":"post_tag","embeddable":true,"href":"https:\/\/semmelweis.hu\/wiki\/wp-json\/wp\/v2\/tags?post=3242"}],"curies":[{"name":"wp","href":"https:\/\/api.w.org\/{rel}","templated":true}]}}