{"id":3014,"date":"2024-06-13T08:36:51","date_gmt":"2024-06-13T06:36:51","guid":{"rendered":"https:\/\/semmelweis.hu\/wiki\/?page_id=3014"},"modified":"2024-06-14T15:26:58","modified_gmt":"2024-06-14T13:26:58","slug":"media-export","status":"publish","type":"page","link":"https:\/\/semmelweis.hu\/wiki\/kiegeszito-eszkozok\/media-export\/","title":{"rendered":"M\u00e9dia export"},"content":{"rendered":"<p>Az Export Media b\u0151v\u00edtm\u00e9ny seg\u00edts\u00e9g\u00e9vel weboldalunk m\u00e9diat\u00e1r\u00e1nak teljes tartalma egyetlen kattint\u00e1ssal let\u00f6lthet\u0151 t\u00f6m\u00f6r\u00edtett Zip f\u00e1jlban. Ehhez kattintsunk a <strong>Vez\u00e9rl\u0151pult &gt; M\u00e9dia &gt; Export<\/strong> men\u00fcpontra.<\/p>\n<h4><strong>Opci\u00f3k:<\/strong><\/h4>\n<p>A<strong> Folder Structure<\/strong> leny\u00edl\u00f3 opci\u00f3val v\u00e1laszthatjuk ki a let\u00f6lt\u00f6tt mappa szerkezet\u00e9t.<\/p>\n<ul>\n<li>A<em>\u201csingle folder with all files\u201d<\/em> (ez az alapbe\u00e1ll\u00edt\u00e1s) egyetlen mapp\u00e1t hoz l\u00e9tre, ebben van a m\u00e9diat\u00e1r \u00f6sszes f\u00e1jlja <strong>almapp\u00e1k n\u00e9lk\u00fcl<\/strong>.<\/li>\n<li>A <em>\u201cnested folders\u201d<\/em> opci\u00f3 v\u00e1laszt\u00e1sa eset\u00e9n a let\u00f6lt\u00f6tt mappa <strong>\u00e9vekre bontva<\/strong> <strong>almapp\u00e1kba<\/strong> szelekt\u00e1lja a m\u00e9diat\u00e1r tartalm\u00e1t.<\/li>\n<\/ul>\n<p>A<strong> Compress<\/strong> opci\u00f3 felk\u00edn\u00e1lja a let\u00f6ltend\u0151 f\u00e1jl t\u00f6m\u00f6r\u00edt\u00e9s\u00e9nek lehet\u0151s\u00e9g\u00e9t.<\/p>\n<ul>\n<li>A \u201cNo\u201d (ez az alapbe\u00e1ll\u00edt\u00e1s) eset\u00e9n nincs t\u00f6m\u00f6r\u00edt\u00e9s (gyorsabb)<\/li>\n<li>A \u201cYes\u201d eset\u00e9n a folyamat t\u00f6bb id\u0151t vesz ig\u00e9nybe, ugyanakkor lehet\u0151s\u00e9g\u00fcnk van a let\u00f6ltend\u0151 f\u00e1jl m\u00e9ret\u00e9t cs\u00f6kkenteni. A tesztek alapj\u00e1n a let\u00f6lt\u00f6tt f\u00e1jlok m\u00e9rete k\u00f6z\u00f6tt nincsen szignifik\u00e1ns k\u00fcl\u00f6nbs\u00e9g, ez\u00e9rt a &#8222;Yes&#8221; be\u00e1ll\u00edt\u00e1s ink\u00e1bb jelent\u0151s adatmennyis\u00e9g eset\u00e9n javasolt.<\/li>\n<\/ul>\n<p>A f\u00e1jl let\u00f6lt\u00e9s\u00e9hez kattintsunk a <strong>Download Zip<\/strong> gombra. Nagyobb mennyis\u00e9g\u0171 adat eset\u00e9n tov\u00e1bb tarthat a t\u00f6m\u00f6r\u00edtett mappa let\u00f6lt\u00e9se.\u00a0<\/p>\n<p><a href=\"https:\/\/semmelweis.hu\/wiki\/files\/2024\/06\/Export-media-wiki.png\"><img loading=\"lazy\" decoding=\"async\" class=\"aligncenter size-full wp-image-3015\" src=\"https:\/\/semmelweis.hu\/wiki\/files\/2024\/06\/Export-media-wiki.png\" alt=\"\" width=\"720\" height=\"223\" srcset=\"https:\/\/semmelweis.hu\/wiki\/files\/2024\/06\/Export-media-wiki.png 720w, https:\/\/semmelweis.hu\/wiki\/files\/2024\/06\/Export-media-wiki-400x124.png 400w, https:\/\/semmelweis.hu\/wiki\/files\/2024\/06\/Export-media-wiki-150x46.png 150w\" sizes=\"auto, (max-width: 720px) 100vw, 720px\" \/><\/a><\/p>\n","protected":false},"excerpt":{"rendered":"<p>Az Export Media b\u0151v\u00edtm\u00e9ny seg\u00edts\u00e9g\u00e9vel weboldalunk m\u00e9diat\u00e1r\u00e1nak teljes tartalma egyetlen kattint\u00e1ssal let\u00f6lthet\u0151 t\u00f6m\u00f6r\u00edtett Zip f\u00e1jlban. Ehhez kattintsunk a Vez\u00e9rl\u0151pult &gt; M\u00e9dia &gt; Export men\u00fcpontra. Opci\u00f3k: A Folder Structure leny\u00edl\u00f3 opci\u00f3val v\u00e1laszthatjuk ki a let\u00f6lt\u00f6tt mappa szerkezet\u00e9t. A\u201csingle folder with all files\u201d (ez az alapbe\u00e1ll\u00edt\u00e1s) egyetlen mapp\u00e1t hoz l\u00e9tre, ebben van a m\u00e9diat\u00e1r \u00f6sszes f\u00e1jlja almapp\u00e1k &hellip;<\/p>\n","protected":false},"author":12,"featured_media":0,"parent":951,"menu_order":9,"comment_status":"closed","ping_status":"closed","template":"","meta":{"_acf_changed":false,"footnotes":""},"categories":[],"tags":[],"class_list":["post-3014","page","type-page","status-publish","hentry"],"acf":[],"publishpress_future_action":{"enabled":false,"date":"1970-01-01 01:00:00","action":"","terms":[],"taxonomy":"","browser_timezone_offset":0},"_links":{"self":[{"href":"https:\/\/semmelweis.hu\/wiki\/wp-json\/wp\/v2\/pages\/3014","targetHints":{"allow":["GET"]}}],"collection":[{"href":"https:\/\/semmelweis.hu\/wiki\/wp-json\/wp\/v2\/pages"}],"about":[{"href":"https:\/\/semmelweis.hu\/wiki\/wp-json\/wp\/v2\/types\/page"}],"author":[{"embeddable":true,"href":"https:\/\/semmelweis.hu\/wiki\/wp-json\/wp\/v2\/users\/12"}],"replies":[{"embeddable":true,"href":"https:\/\/semmelweis.hu\/wiki\/wp-json\/wp\/v2\/comments?post=3014"}],"version-history":[{"count":1,"href":"https:\/\/semmelweis.hu\/wiki\/wp-json\/wp\/v2\/pages\/3014\/revisions"}],"predecessor-version":[{"id":3016,"href":"https:\/\/semmelweis.hu\/wiki\/wp-json\/wp\/v2\/pages\/3014\/revisions\/3016"}],"up":[{"embeddable":true,"href":"https:\/\/semmelweis.hu\/wiki\/wp-json\/wp\/v2\/pages\/951"}],"wp:attachment":[{"href":"https:\/\/semmelweis.hu\/wiki\/wp-json\/wp\/v2\/media?parent=3014"}],"wp:term":[{"taxonomy":"category","embeddable":true,"href":"https:\/\/semmelweis.hu\/wiki\/wp-json\/wp\/v2\/categories?post=3014"},{"taxonomy":"post_tag","embeddable":true,"href":"https:\/\/semmelweis.hu\/wiki\/wp-json\/wp\/v2\/tags?post=3014"}],"curies":[{"name":"wp","href":"https:\/\/api.w.org\/{rel}","templated":true}]}}