{"id":261,"date":"2013-04-08T13:33:44","date_gmt":"2013-04-08T11:33:44","guid":{"rendered":"http:\/\/wiki.sote.hu\/?p=261"},"modified":"2026-03-19T10:00:16","modified_gmt":"2026-03-19T09:00:16","slug":"video-beagyazas","status":"publish","type":"page","link":"https:\/\/semmelweis.hu\/wiki\/tartalom-kezeles\/video-beagyazas\/","title":{"rendered":"Vide\u00f3 vagy hangf\u00e1jl (mp3) be\u00e1gyaz\u00e1sa lej\u00e1tsz\u00f3val"},"content":{"rendered":"<div class=\"keretes w-100\">\n<p><strong><span style=\"font-family: Montserrat;\">Tartalomjegyz\u00e9k:<\/span><\/strong><\/p>\n<ul>\n<li>\n<p><a href=\"#video\">Vide\u00f3 be\u00e1gyaz\u00e1sa<\/a><\/p>\n<\/li>\n<li>\n<p><a href=\"#audio\">Audiof\u00e1jl be\u00e1gyaz\u00e1sa<\/a><a id=\"video\"><\/a><\/p>\n<\/li>\n<\/ul>\n<\/div>\n<h2>Vide\u00f3k be\u00e1gyaz\u00e1sa<\/h2>\n<p>Filmeket a m\u00e9ret\u00fck miatt nem szabad a m\u00e9diat\u00e1rba felt\u00f6lteni, ink\u00e1bb valamilyen k\u00fcls\u0151 t\u00e1rol\u00f3t haszn\u00e1lunk (Pl. YouTube, amelyen <a href=\"https:\/\/youtube.com\/semmelweisuniversity\" target=\"_blank\" rel=\"noopener noreferrer\">a Semmelweis Egyetemnek is saj\u00e1t csatorn\u00e1ja van<\/a>).<\/p>\n<p>A be\u00e1gyaz\u00e1s azt jelenti, hogy a k\u00fcls\u0151s honlap, pl. YouTube biztos\u00edtja mind a vide\u00f3t, mind a hozz\u00e1 val\u00f3 lej\u00e1tsz\u00f3 programot, m\u00edg a honlapunk, csak egy keretet ad a megjelen\u00edt\u00e9shez. Fontos tudnunk, hogyha az eredeti helyr\u0151l a vide\u00f3t t\u00f6rlik, \u00e1tnevezik, \u00e1thelyezik, a mi honlapunk hib\u00e1t fog jelezni.\u00a0<\/p>\n<h4><strong>Vide\u00f3k be\u00e1gyaz\u00e1sa &#8211; <span style=\"color: #ff6600;\">kiv\u00e9ve YouTube!<\/span><\/strong><\/h4>\n<p>A legt\u00f6bb vide\u00f3megoszt\u00f3 fel\u00fclet a <strong>Share<\/strong> (Megoszt\u00e1s) opci\u00f3ra kattintva k\u00edn\u00e1l be\u00e1gyaz\u00e1si <strong>Embed<\/strong> lehet\u0151s\u00e9get. <strong>Az iframe k\u00f3d haszn\u00e1lat\u00e1r\u00f3l \u00e9s m\u00f3dos\u00edt\u00e1s\u00e1r\u00f3l b\u0151vebben <a href=\"https:\/\/semmelweis.hu\/wiki\/tartalom-kezeles\/iframe-hasznalata\/\">olvasson itt \u2192<\/a><\/strong><\/p>\n<h4><strong>YouTube vide\u00f3 be\u00e1gyaz\u00e1sa<\/strong><\/h4>\n<p><a class=\"btn btn-secondary\" href=\"https:\/\/kaltura.semmelweis.hu\/media\/1_3o42b8mi\/\" target=\"_blank\" rel=\"noopener\">vide\u00f3s \u00fatmutat\u00f3 \u2192<\/a><\/p>\n<p>A YouTube-on keress\u00fck ki megjelen\u00edteni k\u00edv\u00e1nt vide\u00f3t, mintha meg akarn\u00e1nk n\u00e9zni. A vide\u00f3 linkj\u00e9t ha betessz\u00fck a WordPress fel\u00fcletre egy \u00f6n\u00e1ll\u00f3 bekezd\u00e9sbe (nem szabad linket k\u00e9sz\u00edteni bel\u0151le!), az automatikusan meg fog jelenni. Az al\u00e1bbi vide\u00f3 linkje \u00edgy n\u00e9z ki:<\/p>\n<h6><span style=\"font-size: 12pt;\"><strong><span style=\"color: #ff6600;\">Fontos:<\/span><\/strong>\u00a0nem lehet a r\u00f6vid\u00edtett <strong>youtu.be<\/strong> link, \u00e9s a<strong> \/<\/strong> ut\u00e1n a <strong>watch?<\/strong>-nek kell k\u00f6vetkezni. Az ut\u00e1na l\u00e9v\u0151 karaktersor a vide\u00f3 egyedi azonos\u00edt\u00f3ja.\u00a0<\/span><\/h6>\n<pre>https:\/\/www.youtube.com\/watch?v=9p0BqUcQ7i0<\/pre>\n<p><strong>A fenti URL egy oldalba t\u00e9ve \u00edgy jelenik meg:<\/strong><\/p>\n<p><iframe loading=\"lazy\" title=\"Mission Impossible (Piano\/Cello\/Violin) ft. Lindsey Stirling - The Piano Guys\" width=\"753\" height=\"424\" src=\"https:\/\/www.youtube.com\/embed\/9p0BqUcQ7i0?feature=oembed\" frameborder=\"0\" allow=\"accelerometer; autoplay; clipboard-write; encrypted-media; gyroscope; picture-in-picture; web-share\" referrerpolicy=\"strict-origin-when-cross-origin\" allowfullscreen><\/iframe><\/p>\n<h2><a id=\"audio\"><\/a>Hangf\u00e1jl be\u00e1gyaz\u00e1sa<\/h2>\n<p><a class=\"btn btn-secondary\" href=\"https:\/\/kaltura.semmelweis.hu\/media\/t\/1_4pghez5g\" target=\"_blank\" rel=\"noopener\">vide\u00f3s \u00fatmutat\u00f3 \u2192<\/a><\/p>\n<p>Ha hangf\u00e1jlt (mp3) szeretn\u00e9nk a sz\u00f6veg\u00fcnkbe (oldal, bejegyz\u00e9s) illeszteni, akkor el\u0151sz\u00f6r a\u00a0<strong>M\u00e9dia hozz\u00e1ad\u00e1sa<\/strong> seg\u00edts\u00e9g\u00e9vel t\u00f6lts\u00fck fel a hangf\u00e1jlt <em>(a f\u00e1jl neve legyen egy\u00e9rtelm\u0171, kereshet\u0151, de <em><strong>ne tartalmazzon<\/strong>\u00a0<\/em>\u00e9kezetet, sz\u00f3k\u00f6zt, \u00edr\u00e1sjelet kiv\u00e9ve: &#8211; \u00e9s _).\u00a0<\/em>A felt\u00f6lt\u00e9s ut\u00e1n a m\u00e9diaf\u00e1jl helyett a <strong>m\u00e9dialej\u00e1tsz\u00f3 be\u00e1gyaz\u00e1s\u00e1t<\/strong> v\u00e1lasszuk ki a leny\u00edl\u00f3 men\u00fcb\u0151l.<\/p>\n<h5>Az eredm\u00e9ny (Rimszkij-Korszakov &#8211; Rachmaninov: Dong\u00f3 &#8211; 1:09 perc):<\/h5>\n<!--[if lt IE 9]><script>document.createElement('audio');<\/script><![endif]-->\n<audio class=\"wp-audio-shortcode\" id=\"audio-261-1\" preload=\"none\" style=\"width: 100%;\" controls=\"controls\"><source type=\"audio\/mpeg\" src=\"https:\/\/semmelweis.hu\/wiki\/files\/2013\/04\/26-Flight-Of-The-Bumble-Bee.mp3?_=1\" \/><a href=\"https:\/\/semmelweis.hu\/wiki\/files\/2013\/04\/26-Flight-Of-The-Bumble-Bee.mp3\">https:\/\/semmelweis.hu\/wiki\/files\/2013\/04\/26-Flight-Of-The-Bumble-Bee.mp3<\/a><\/audio>\n<p>Ha nem m\u0171k\u00f6dne a fenti met\u00f3dus, vagy k\u00fcls\u0151s f\u00e1jlt szeretn\u00e9nk haszn\u00e1lni, akkor m\u00e1soljuk ki a hangf\u00e1jl webc\u00edm\u00e9t \u00e9s az al\u00e1bbi k\u00f3dot \u00edrjuk be oda HTML (Text) m\u00f3dban, ahova a lej\u00e1tsz\u00f3t szeretn\u00e9nk megjelen\u00edteni. Az id\u0151z\u0151jelek k\u00f6z\u00e9 illessz\u00fck be a felt\u00f6lt\u00f6tt f\u00e1jl kapott url webc\u00edm\u00e9t.<\/p>\n<p>[audio mp3=\"https:\/\/semmelweis.hu\/wiki\/files\/2013\/04\/26-Flight-Of-The-Bumble-Bee.mp3\"][\/audio]<\/p>\n","protected":false},"excerpt":{"rendered":"<p>Tartalomjegyz\u00e9k: <a href=\"#video\">Vide\u00f3 be\u00e1gyaz\u00e1sa<\/a> <a href=\"#audio\">Audiof\u00e1jl be\u00e1gyaz\u00e1sa<\/a> <a id=\"video\"><\/a> Vide\u00f3k be\u00e1gyaz\u00e1sa Filmeket a m\u00e9ret\u00fck miatt nem szabad a m\u00e9diat\u00e1rba felt\u00f6lteni, ink\u00e1bb valamilyen k\u00fcls\u0151 t\u00e1rol\u00f3t haszn\u00e1lunk (Pl. YouTube, amelyen <a href=\"https:\/\/youtube.com\/semmelweisuniversity\" target=\"_blank\" rel=\"noopener noreferrer\">a Semmelweis Egyetemnek is saj\u00e1t csatorn\u00e1ja van<\/a> ). A be\u00e1gyaz\u00e1s azt jelenti, hogy a k\u00fcls\u0151s honlap, pl. YouTube biztos\u00edtja mind a vide\u00f3t, mind a hozz\u00e1 val\u00f3 lej\u00e1tsz\u00f3 programot, m\u00edg a honlapunk, csak egy keretet ad a megjelen\u00edt\u00e9shez. Fontos tudnunk, hogyha az eredeti &hellip;<\/p>\n","protected":false},"author":12,"featured_media":0,"parent":949,"menu_order":10,"comment_status":"closed","ping_status":"closed","template":"","meta":{"_acf_changed":false,"footnotes":""},"categories":[106],"tags":[],"class_list":["post-261","page","type-page","status-publish","hentry","category-egyeb"],"acf":[],"publishpress_future_action":{"enabled":false,"date":"1970-01-01 01:00:00","action":"","terms":[],"taxonomy":"","browser_timezone_offset":0},"_links":{"self":[{"href":"https:\/\/semmelweis.hu\/wiki\/wp-json\/wp\/v2\/pages\/261","targetHints":{"allow":["GET"]}}],"collection":[{"href":"https:\/\/semmelweis.hu\/wiki\/wp-json\/wp\/v2\/pages"}],"about":[{"href":"https:\/\/semmelweis.hu\/wiki\/wp-json\/wp\/v2\/types\/page"}],"author":[{"embeddable":true,"href":"https:\/\/semmelweis.hu\/wiki\/wp-json\/wp\/v2\/users\/12"}],"replies":[{"embeddable":true,"href":"https:\/\/semmelweis.hu\/wiki\/wp-json\/wp\/v2\/comments?post=261"}],"version-history":[{"count":11,"href":"https:\/\/semmelweis.hu\/wiki\/wp-json\/wp\/v2\/pages\/261\/revisions"}],"predecessor-version":[{"id":3366,"href":"https:\/\/semmelweis.hu\/wiki\/wp-json\/wp\/v2\/pages\/261\/revisions\/3366"}],"up":[{"embeddable":true,"href":"https:\/\/semmelweis.hu\/wiki\/wp-json\/wp\/v2\/pages\/949"}],"wp:attachment":[{"href":"https:\/\/semmelweis.hu\/wiki\/wp-json\/wp\/v2\/media?parent=261"}],"wp:term":[{"taxonomy":"category","embeddable":true,"href":"https:\/\/semmelweis.hu\/wiki\/wp-json\/wp\/v2\/categories?post=261"},{"taxonomy":"post_tag","embeddable":true,"href":"https:\/\/semmelweis.hu\/wiki\/wp-json\/wp\/v2\/tags?post=261"}],"curies":[{"name":"wp","href":"https:\/\/api.w.org\/{rel}","templated":true}]}}