{"id":2221,"date":"2022-03-25T09:03:27","date_gmt":"2022-03-25T08:03:27","guid":{"rendered":"https:\/\/semmelweis.hu\/wiki\/?page_id=2221"},"modified":"2025-09-23T12:44:47","modified_gmt":"2025-09-23T10:44:47","slug":"keretes-fontos-lead-idezet","status":"publish","type":"page","link":"https:\/\/semmelweis.hu\/wiki\/tartalom-kezeles\/keretes-fontos-lead-idezet\/","title":{"rendered":"Form\u00e1z\u00e1si kiemel\u00e9sek: alc\u00edmek, id\u00e9zet, lead, keretes, fontos"},"content":{"rendered":"<div class=\"lead\">Egyes tartalmaink hangs\u00falyoz\u00e1s\u00e1ra, nyomat\u00e9kos\u00edt\u00e1s\u00e1ra <span style=\"font-size: 1.1rem;\">t\u00f6bbf\u00e9le kiemel\u00e9si lehet\u0151s\u00e9get is haszn\u00e1lhatunk <em>(ha nem haszn\u00e1ljuk t\u00fal!)<\/em>. Seg\u00edts\u00e9g\u00fckkel vezethetj\u00fck a szemet, tagolhatjuk a sz\u00f6veget, megk\u00f6nny\u00edtj\u00fck az inform\u00e1ci\u00f3k befogad\u00e1s\u00e1t. Hosszabb cikkek, bemutatkoz\u00f3 sz\u00f6vegek, le\u00edr\u00e1sok eset\u00e9n er\u0151sen aj\u00e1nlott a haszn\u00e1latuk.<\/span><\/div>\n<p>\u00c9rdemes ezeket a form\u00e1z\u00e1si opci\u00f3kat ak\u00e1r a c\u00edmsorokkal \u00e9s egy\u00e9b tartalomstrukt\u00far\u00e1l\u00e1sra szolg\u00e1l\u00f3 funkci\u00f3kkal egy\u00fctt \u00e1tgondoltan \u00e9s egy egys\u00e9ges koncepci\u00f3 ment\u00e9n, k\u00f6vetkezetesen haszn\u00e1lni. Pl. lehets\u00e9ges, hogy egy klinika eset\u00e9n minden ambulancia eset\u00e9n a rendel\u00e9si id\u0151ket, vagy a bejelentkez\u00e9si inform\u00e1ci\u00f3kat minden men\u00fcpontban egys\u00e9gesen keretes \u00e9s 100% sz\u00e9les form\u00e1tumban tesz\u00fcnk k\u00f6zz\u00e9 (l\u00e1sd lejjebb).\u00a0<\/p>\n<div class=\"keretes w-100\">\n<h5>Tartalomjegyz\u00e9k:<\/h5>\n<ul style=\"list-style-type: square;\">\n<li><a href=\"#cimsor\">C\u00edmsorok (alc\u00edmek) haszn\u00e1lata<\/a><\/li>\n<li><a href=\"#sortores\">Sort\u00f6r\u00e9s &#8211; ha nem akarunk t\u00e9rk\u00f6zt a bekezd\u00e9sek k\u00f6z\u00e9<\/a><\/li>\n<li><a href=\"#hr\">V\u00edzszintes elv\u00e1laszt\u00f3 vonal<\/a>\u00a0<\/li>\n<li><a href=\"#idezet\">Id\u00e9zetek kiemel\u00e9se<\/a>\u00a0<\/li>\n<li><a href=\"#formazas\">Form\u00e1z\u00e1s gomb<\/a>\n<ul style=\"list-style-type: square;\">\n<li><a href=\"#lead\">Lead &#8211; \u00f6sszefoglal\u00f3 els\u0151 bekezd\u00e9s kiemel\u00e9se<\/a><\/li>\n<li><a href=\"#keretes\">Keretes doboz &#8211; hangs\u00falyos kiemel\u00e9s<\/a><\/li>\n<li><a href=\"#keretes2\">100% sz\u00e9les keretes doboz<\/a><\/li>\n<li><a href=\"#fontos\">Fontos kiemel\u00e9s<\/a><\/li>\n<\/ul>\n<\/li>\n<\/ul>\n<\/div>\n<p><a class=\"btn btn-secondary\" href=\"https:\/\/kaltura.semmelweis.hu\/media\/\/1_p7zmnuky\" target=\"_blank\" rel=\"noopener\">\u00datmutat\u00f3 vide\u00f3 \u2192<\/a><\/p>\n<h1>C\u00edmsorok (alc\u00edmek) haszn\u00e1lata\u00a0<\/h1>\n<p>A sz\u00f6vegtagol\u00e1s\u00e1hoz \u00e9rdemes az egyszer\u0171 sz\u00f6vegform\u00e1z\u00e1si lehet\u0151s\u00e9gek mellett (f\u00e9lk\u00f6v\u00e9r, d\u0151lt bet\u0171) <strong>a c\u00edmsorok adta kiemel\u00e9sek haszn\u00e1lata is<\/strong>.<\/p>\n<p>Grafikus n\u00e9zetben a szerkeszt\u0151l\u00e9c\u00fcnk bal als\u00f3 sark\u00e1ban a Bekezd\u00e9s sz\u00f3t l\u00e1thatjuk. A mez\u0151ben tal\u00e1lhat\u00f3 kis, lefel\u00e9 mutat\u00f3 h\u00e1romsz\u00f6gre kattintva v\u00e1laszthatjuk a kiemel\u00e9sek k\u00fcl\u00f6nb\u00f6z\u0151 szintj\u00e9t, l\u00e1sd al\u00e1bbi k\u00e9p.<\/p>\n<p>Figyelj\u00fcnk arra, hogy az el\u0151k\u00e9pen l\u00e1that\u00f3an m\u00e1r vastag\u00edtott c\u00edmsorokon ne haszn\u00e1ljuk a f\u00e9lk\u00f6v\u00e9r\u00edt\u00e9st, mert cs\u00fany\u00e1n\u00a0 &#8222;dagadt&#8221; bet\u0171ket kapunk. Pl.:<br \/>\n<em>Erre Word-b\u0151l \u00e1temel\u00e9skor k\u00fcl\u00f6n\u00f6sen figyelni kell!<\/em><\/p>\n<h2>Ez egy c\u00edmsor 2, \u00e9s ilyen,<strong>\u00a0ha m\u00e9g f\u00e9lk\u00f6v\u00e9rr\u00e9 tessz\u00fck<\/strong><\/h2>\n<p><a href=\"https:\/\/semmelweis.hu\/wiki\/files\/2022\/03\/cimsor_heading_kiemeles.jpg\"><img loading=\"lazy\" decoding=\"async\" class=\"aligncenter wp-image-2190 size-full\" src=\"https:\/\/semmelweis.hu\/wiki\/files\/2022\/03\/cimsor_heading_kiemeles.jpg\" alt=\"\" width=\"830\" height=\"629\" srcset=\"https:\/\/semmelweis.hu\/wiki\/files\/2022\/03\/cimsor_heading_kiemeles.jpg 830w, https:\/\/semmelweis.hu\/wiki\/files\/2022\/03\/cimsor_heading_kiemeles-400x303.jpg 400w, https:\/\/semmelweis.hu\/wiki\/files\/2022\/03\/cimsor_heading_kiemeles-150x114.jpg 150w, https:\/\/semmelweis.hu\/wiki\/files\/2022\/03\/cimsor_heading_kiemeles-768x582.jpg 768w, https:\/\/semmelweis.hu\/wiki\/files\/2022\/03\/cimsor_heading_kiemeles-753x571.jpg 753w\" sizes=\"auto, (max-width: 830px) 100vw, 830px\" \/><\/a><a id=\"sortores\"><\/a><\/p>\n<hr \/>\n<h1>Sort\u00f6r\u00e9s &#8211; t\u00e9rk\u00f6z n\u00e9lk\u00fcl<\/h1>\n<p>K\u00e9t bekezd\u00e9s k\u00f6z\u00f6tt (azaz ha entert nyomunk) egy el\u0151re be\u00e1ll\u00edtott t\u00e9rk\u00f6zt tesz a rendszer <em>(mint most a k\u00f6vetkez\u0151 bekezd\u00e9s el\u0151tt van)<\/em>.<\/p>\n<p>Ha szeretn\u00e9nk elker\u00fclni ezt a t\u00e9rk\u00f6zt a bekezd\u00e9sen <br \/>\nvagy egy felsorol\u00e1son bel\u00fcl: <br \/>\nazaz \u00faj sorba szeretn\u00e9nk t\u00f6rni a tartalmat <em>(l\u00e1sd itt)<\/em>, <br \/>\n\u00fagy, hogy a k\u00f6vetkez\u0151 sor k\u00f6zel legyen az el\u0151z\u0151 sorhoz, \u00a0akkor az <br \/>\n<strong>Enter gomb lenyom\u00e1sa el\u0151tt nyomjuk le a Shift<\/strong> (nagy bet\u0171v\u00e9 alak\u00edt\u00f3) <strong>gombot \u00e9s tartsuk lenyomva, amikor megnyomjuk az Entert.<a id=\"hr\"><\/a><\/strong><\/p>\n<hr \/>\n<h1>V\u00edzszintes vonal<\/h1>\n<p>Ahogyan ebben a le\u00edr\u00e1sban is l\u00e1tjuk, v\u00edzszintes elv\u00e1laszt\u00f3 vonalakkal is tagolhatjuk a sz\u00f6veg\u00fcnket. A vonal mindig az adott tartalom (oldal\/bejegyz\u00e9s) teljes v\u00edzszintes sz\u00e9less\u00e9g\u00e9n kereszt\u00fcl h\u00faz\u00f3dik. Ennek besz\u00far\u00e1s\u00e1hoz a grafikus szerkeszt\u0151s\u00e1vban a <strong>\u2014<\/strong> jelre (V\u00edzszintes sor) kell kattintanunk, vagy a HTML n\u00e9zetben az al\u00e1bbi egyszer\u0171 k\u00f3dot besz\u00farnunk:<\/p>\n<pre>&lt;hr \/&gt;<a id=\"idezet\"><\/a><\/pre>\n<hr \/>\n<h1>Id\u00e9zet<\/h1>\n<div><span style=\"font-size: 1rem; font-weight: 400;\">Hosszabb cikkekben, egybef\u00fcgg\u0151 sz\u00f6vegekben egy-egy kiemelend\u0151 id\u00e9zett mondat, vagy mott\u00f3 az \u00fan. &#8222;id\u00e9zet&#8221; form\u00e1z\u00e1st megkaphatja:\u00a0<\/span><\/div>\n<blockquote>\n<p>Az id\u00e9zet form\u00e1z\u00e1shoz a kiemelend\u0151 sz\u00f6vegr\u00e9szt \u00f6n\u00e1ll\u00f3 bekezd\u00e9sbe rendezz\u00fck, majd kijel\u00f6l\u00e9s ut\u00e1n a szerkeszt\u0151s\u00e1vban az id\u00e9z\u0151jel gombra kattintunk.\u00a0<\/p>\n<\/blockquote>\n<p>A megsz\u00fcntet\u00e9se eset\u00e9n, belekattintva a kiemelt bekezd\u00e9sbe \u00e9s csak \u00fajb\u00f3l r\u00e1 kell kattintani az id\u00e9z\u0151jel gombra. <a id=\"formazas\"><\/a><\/p>\n<h1>Form\u00e1z\u00e1s gomb<\/h1>\n<p>A k\u00e9sz sz\u00f6veges bekezd\u00e9seink kijel\u00f6l\u00e9se ut\u00e1n \u00faj kiemel\u00e9seket haszn\u00e1lhatunk a szerkeszt\u0151s\u00e1vb\u00f3l el\u00e9rhet\u0151 <strong>&#8222;Form\u00e1z\u00e1s&#8221;<\/strong> seg\u00edts\u00e9g\u00e9vel (l\u00e1sd k\u00e9p). Az egyes opci\u00f3k bemutat\u00e1sa lejjebb g\u00f6rgetve olvashat\u00f3.<\/p>\n<p><a href=\"https:\/\/semmelweis.hu\/wiki\/files\/2022\/03\/formazas_lead_keretes.jpg\"><img loading=\"lazy\" decoding=\"async\" class=\"aligncenter wp-image-2238 size-full\" src=\"https:\/\/semmelweis.hu\/wiki\/files\/2022\/03\/formazas_lead_keretes.jpg\" alt=\"\" width=\"765\" height=\"255\" srcset=\"https:\/\/semmelweis.hu\/wiki\/files\/2022\/03\/formazas_lead_keretes.jpg 765w, https:\/\/semmelweis.hu\/wiki\/files\/2022\/03\/formazas_lead_keretes-400x133.jpg 400w, https:\/\/semmelweis.hu\/wiki\/files\/2022\/03\/formazas_lead_keretes-150x50.jpg 150w, https:\/\/semmelweis.hu\/wiki\/files\/2022\/03\/formazas_lead_keretes-753x251.jpg 753w\" sizes=\"auto, (max-width: 765px) 100vw, 765px\" \/><\/a><a id=\"lead\"><\/a><\/p>\n<hr \/>\n<h4><strong>Lead<\/strong><\/h4>\n<p>A <strong>&#8222;Lead&#8221;<\/strong> a cikkek, bejegyz\u00e9sek elej\u00e9n tal\u00e1lhat\u00f3 \u00f6sszefoglal\u00f3 bekezd\u00e9s. Form\u00e1z\u00e1s szintj\u00e9n ez a sz\u00f6veg kicsit nagyobb \u00e9s f\u00e9lk\u00f6v\u00e9r bet\u0171vel fog megjelenni. Ennek az oldalnak a tetej\u00e9n tal\u00e1lhat\u00f3 els\u0151 bekezd\u00e9s (<em>&#8222;Egyes tartalmaink hangs\u00falyoz\u00e1s\u00e1ra&#8230;&#8221;<\/em> kezdettel) ezt az \u00fan. Lead form\u00e1tumot kapta meg.<\/p>\n<p>Haszn\u00e1lat\u00e1hoz kijel\u00f6lj\u00fck az adott bekezd\u00e9st \u00e9s r\u00e1kattintunk a <strong>Form\u00e1z\u00e1s &gt; Lead<\/strong> opci\u00f3ra. Ha m\u00e9gsem szeretn\u00e9nk ezt haszn\u00e1lni, akkor a kurzorral a bekezd\u00e9s\u00fcnkbe kattintva ism\u00e9t v\u00e1lasszuk ki a Form\u00e1z\u00e1s &gt; Lead opci\u00f3t, \u00e9s megsz\u0171nik a form\u00e1z\u00e1s. <a id=\"keretes\"><\/a><\/p>\n<hr \/>\n<h4><strong>Keretes kiemel\u00e9s<\/strong><\/h4>\n<div class=\"keretes\">\n<p><strong>P\u00e9lda a keretes form\u00e1z\u00e1sra<\/strong>:<br \/>\nA keretes form\u00e1z\u00e1s a kijel\u00f6lt sz\u00f6veget jobb oldalra egy halv\u00e1nysz\u00fcrke h\u00e1tter\u0171 dobozba helyezi, melynek egyed\u00fcl bal oldalon van egy vastagabb, a honlap alapsz\u00edn\u00e9hez igazod\u00f3 sz\u00edn\u0171 szeg\u00e9lye.<\/p>\n<\/div>\n<p>A keretes form\u00e1z\u00e1s megjelen\u00edt\u00e9si m\u00f3dj\u00e1t a jobb oldalon tal\u00e1lhat\u00f3 dobozban l\u00e1tjuk. <strong>A doboz baloldali, vastagabb keret\u00e9nek a sz\u00edne igazodik a honlap men\u00fcj\u00e9nek a sz\u00edn\u00e9hez <\/strong><a href=\"https:\/\/semmelweis.hu\/wiki\/megjelenes\/az-uj-arculati-sablon-beallitasai\/\">(l\u00e1sd kari sz\u00ednek)<\/a><strong>.\u00a0<\/strong> Lehets\u00e9ges felhaszn\u00e1l\u00e1sa kieg\u00e9sz\u00edt\u0151 inform\u00e1ci\u00f3k, ak\u00e1r rendel\u00e9si id\u0151k, helysz\u00ednek, el\u00e9rhet\u0151s\u00e9gek kiemel\u00e9se, hangs\u00falyoz\u00e1sa. A kijel\u00f6lt bekezd\u00e9s mindig az ut\u00e1na k\u00f6vetkez\u0151 bekezd\u00e9s jobb oldal\u00e1ra fog lecs\u00faszni, \u00e9s az adott oldal, vagy bejegyz\u00e9s fel\u00e9t (50%) fogja elfoglalni sz\u00e9less\u00e9gben.\u00a0\u00a0<\/p>\n<p>Haszn\u00e1lat\u00e1hoz kijel\u00f6lj\u00fck az adott bekezd\u00e9st (vagy bekezd\u00e9seket) \u00e9s r\u00e1kattintunk a <strong>Form\u00e1z\u00e1s &gt; Keretes<\/strong> opci\u00f3ra. Ha m\u00e9gsem szeretn\u00e9nk ezt haszn\u00e1lni, akkor a kurzorral a bekezd\u00e9s\u00fcnkbe kattintva (illetve azt kijel\u00f6lve) ism\u00e9t v\u00e1lasszuk ki a Form\u00e1z\u00e1s &gt; Keretes sz\u00f3t, \u00e9s \u00edgy megsz\u0171nik a form\u00e1z\u00e1s.<a id=\"keretes2\"><\/a><\/p>\n<hr \/>\n<h4><strong>Keretes 100% sz\u00e9lesben<\/strong><\/h4>\n<p>Lehet\u0151s\u00e9g\u00fcnk van a keretes sz\u00f6veg\u00fcnket az oldalunk vagy bejegyz\u00e9s\u00fcnk teljes sz\u00e9less\u00e9g\u00e9re sz\u00e9th\u00fazni.\u00a0<\/p>\n<div class=\"keretes w-100\">\n<h5>Hogyan haszn\u00e1ljuk?<\/h5>\n<p>Ebben az esetben is kijel\u00f6lj\u00fck az adott bekezd\u00e9st \u00e9s r\u00e1kattintunk a <strong>Form\u00e1z\u00e1s &gt; Keretes<\/strong> opci\u00f3ra, majd ugyanezt megism\u00e9telve a <strong>Form\u00e1z\u00e1s &gt; 100% sz\u00e9les<\/strong> opci\u00f3t is be kell kattintani. Ilyenkor a kijel\u00f6lt bekezd\u00e9s\u00fcnk visszacs\u00faszik a sz\u00f6vegben az eredeti hely\u00e9re (teh\u00e1t a jobb oldalra cs\u00fasz\u00f3 50%-os kereteshez k\u00e9pest visszaker\u00fcl a sz\u00f6vegben kor\u00e1bban elfoglalt hely\u00e9re).\u00a0<\/p>\n<\/div>\n<p>Ha m\u00e9gsem szeretn\u00e9nk ezt haszn\u00e1lni, akkor a kurzorral a bekezd\u00e9s\u00fcnkbe kattintva ism\u00e9t v\u00e1lasszuk ki a Form\u00e1z\u00e1s &gt; Keretes \u00e9s a Form\u00e1z\u00e1s &gt; 100% sz\u00e9les lehet\u0151s\u00e9geket \u00e9s \u00edgy megsz\u0171nik a form\u00e1z\u00e1s. Fontos, hogy ha egyben t\u00f6bb bekezd\u00e9st alak\u00edtottunk &#8222;keretess\u00e9&#8221;, akkor a form\u00e1z\u00e1s lev\u00e9tel\u00e9t bekezd\u00e9senk\u00e9nt kell v\u00e9gig kattintani.<a id=\"fontos\"><\/a><\/p>\n<hr \/>\n<h4><strong>Fontos kiemel\u00e9s<\/strong><\/h4>\n<p>A fontos kiemel\u00e9s k\u00f6zel 100% sz\u00e9lesen k\u00f6rbeveszi a sz\u00f6veget, a kiemel\u00e9sben szerepl\u0151 sz\u00f6veg bet\u0171m\u00e9rete nagyobb lesz az egy\u00e9bk\u00e9nt haszn\u00e1lt bet\u0171m\u00e9retn\u00e9l, megv\u00e1ltozik a bet\u0171t\u00edpusa \u00e9s a kiemel\u00e9s bal oldal\u00e1n pedig egy k\u00e9k szeg\u00e9ly h\u00edvja fel a figyelmet a kiemelt sz\u00f6vegre:<\/p>\n<div class=\"fontos_div\">P\u00e9lda a <strong>fontos kiemel\u00e9s<\/strong>re, ami a sz\u00f6veg egy-egy kulcselem\u00e9re tudja vizu\u00e1lisan felh\u00edvni a figyelmet.<\/div>\n<p>Ha m\u00e9gsem szeretn\u00e9nk ezt haszn\u00e1lni, akkor a kurzorral a bekezd\u00e9s\u00fcnkbe kattintva ism\u00e9t v\u00e1lasszuk ki a Form\u00e1z\u00e1s &gt; Fontos sz\u00f3t, \u00e9s \u00edgy megsz\u0171nik a form\u00e1z\u00e1s.<\/p>\n<hr \/>\n","protected":false},"excerpt":{"rendered":"<p>Egyes tartalmaink hangs\u00falyoz\u00e1s\u00e1ra, nyomat\u00e9kos\u00edt\u00e1s\u00e1ra t\u00f6bbf\u00e9le kiemel\u00e9si lehet\u0151s\u00e9get is haszn\u00e1lhatunk (ha nem haszn\u00e1ljuk t\u00fal!). Seg\u00edts\u00e9g\u00fckkel vezethetj\u00fck a szemet, tagolhatjuk a sz\u00f6veget, megk\u00f6nny\u00edtj\u00fck az inform\u00e1ci\u00f3k befogad\u00e1s\u00e1t. Hosszabb cikkek, bemutatkoz\u00f3 sz\u00f6vegek, le\u00edr\u00e1sok eset\u00e9n er\u0151sen aj\u00e1nlott a haszn\u00e1latuk. \u00c9rdemes ezeket a form\u00e1z\u00e1si opci\u00f3kat ak\u00e1r a c\u00edmsorokkal \u00e9s egy\u00e9b tartalomstrukt\u00far\u00e1l\u00e1sra szolg\u00e1l\u00f3 funkci\u00f3kkal egy\u00fctt \u00e1tgondoltan \u00e9s egy egys\u00e9ges koncepci\u00f3 ment\u00e9n, k\u00f6vetkezetesen &hellip;<\/p>\n","protected":false},"author":101997,"featured_media":0,"parent":949,"menu_order":2,"comment_status":"closed","ping_status":"closed","template":"template-fullwidth.php","meta":{"_acf_changed":false,"footnotes":""},"categories":[],"tags":[],"class_list":["post-2221","page","type-page","status-publish","hentry"],"acf":[],"publishpress_future_action":{"enabled":false,"date":"1970-01-01 01:00:00","action":"","terms":[],"taxonomy":"","browser_timezone_offset":0},"_links":{"self":[{"href":"https:\/\/semmelweis.hu\/wiki\/wp-json\/wp\/v2\/pages\/2221","targetHints":{"allow":["GET"]}}],"collection":[{"href":"https:\/\/semmelweis.hu\/wiki\/wp-json\/wp\/v2\/pages"}],"about":[{"href":"https:\/\/semmelweis.hu\/wiki\/wp-json\/wp\/v2\/types\/page"}],"author":[{"embeddable":true,"href":"https:\/\/semmelweis.hu\/wiki\/wp-json\/wp\/v2\/users\/101997"}],"replies":[{"embeddable":true,"href":"https:\/\/semmelweis.hu\/wiki\/wp-json\/wp\/v2\/comments?post=2221"}],"version-history":[{"count":11,"href":"https:\/\/semmelweis.hu\/wiki\/wp-json\/wp\/v2\/pages\/2221\/revisions"}],"predecessor-version":[{"id":3287,"href":"https:\/\/semmelweis.hu\/wiki\/wp-json\/wp\/v2\/pages\/2221\/revisions\/3287"}],"up":[{"embeddable":true,"href":"https:\/\/semmelweis.hu\/wiki\/wp-json\/wp\/v2\/pages\/949"}],"wp:attachment":[{"href":"https:\/\/semmelweis.hu\/wiki\/wp-json\/wp\/v2\/media?parent=2221"}],"wp:term":[{"taxonomy":"category","embeddable":true,"href":"https:\/\/semmelweis.hu\/wiki\/wp-json\/wp\/v2\/categories?post=2221"},{"taxonomy":"post_tag","embeddable":true,"href":"https:\/\/semmelweis.hu\/wiki\/wp-json\/wp\/v2\/tags?post=2221"}],"curies":[{"name":"wp","href":"https:\/\/api.w.org\/{rel}","templated":true}]}}