{"id":219,"date":"2013-01-05T15:14:41","date_gmt":"2013-01-05T14:14:41","guid":{"rendered":"http:\/\/wiki.sote.hu\/?p=219"},"modified":"2025-08-22T14:27:04","modified_gmt":"2025-08-22T12:27:04","slug":"menuk-letrehozasa-kezelese","status":"publish","type":"page","link":"https:\/\/semmelweis.hu\/wiki\/megjelenes\/menuk-letrehozasa-kezelese\/","title":{"rendered":"Men\u00fcpontok l\u00e9trehoz\u00e1sa, kezel\u00e9se"},"content":{"rendered":"<p><strong><span style=\"color: #ff6600;\">FIGYELEM!<\/span><\/strong> A honlaprendszerben<strong> a &#8222;men\u00fc&#8221; <\/strong>sz\u00f3 a honlaprendszerben<strong> a teljes navig\u00e1ci\u00f3s strukt\u00far\u00e1t jelenti<\/strong>\u00a0(azaz f\u0151men\u00fcpontok \u00e9s azok almen\u00fcpontjainak rendszer\u00e9t), <strong>nem pedig egy-egy men\u00fcpontot<\/strong>. Ezt ne keverj\u00fck \u00f6ssze <em>(nagyon nem mindegy, hogy egy men\u00fcpontot, vagy a teljes men\u00fcrendszert t\u00f6r\u00f6lj\u00fck-e ki!)<\/em><\/p>\n<h4><strong>Legyen k\u00e9sz a tartalom!<\/strong><\/h4>\n<div class=\"keretes\">\n<p><span style=\"color: #ff6600;\"><strong>Figyelem!<\/strong> <\/span>A honlap szab\u00e1lyzat tiltja, hogy \u00fcres oldalt tegy\u00fcnk k\u00f6zz\u00e9 a honlapunkon, azaz a men\u00fcnkbe sz\u00e1nt oldalakba tegy\u00fck be a bele sz\u00e1nt tartalmat k\u00f6zz\u00e9t\u00e9tel el\u0151tt, ne csak k\u00f6zz\u00e9t\u00e9tel ut\u00e1n!<\/p>\n<\/div>\n<p>A honlapunkra<strong> men\u00fcpontokat k\u00e9sz tartalmakb\u00f3l tudunk k\u00e9sz\u00edteni<\/strong> (azaz ak\u00e1r f\u0151-, ak\u00e1r almen\u00fcpontr\u00f3l van sz\u00f3 vagy el\u0151bb <strong>el <a href=\"https:\/\/semmelweis.hu\/wiki\/tartalom-kezeles\/uj-oldal-letrehozasa\/\" target=\"_blank\" rel=\"noopener noreferrer\">kell k\u00e9sz\u00edteni azt az oldalt vagy kateg\u00f3ri\u00e1t<\/a><\/strong>, vagy rendelkezn\u00fcnk kell egy megl\u00e9v\u0151 hivatkoz\u00e1ssal amelyet men\u00fcpontt\u00e1 akarunk alak\u00edtani).\u00a0<\/p>\n<p>Fontos, hogy a men\u00fcpontnak sz\u00e1nt oldalak eset\u00e9ben m\u00e1r a k\u00e9sz\u00edt\u00e9skor\u00a0<strong>gondoljuk \u00e1t hogy hov\u00e1 ker\u00fcl a strukt\u00far\u00e1ban<\/strong>, (<strong>oldalak hierarchi\u00e1ja)<\/strong>, azaz mi lesz f\u0151men\u00fcpont, mi almen\u00fcpont <a href=\"https:\/\/semmelweis.hu\/wiki\/tartalom-kezeles\/uj-oldal-letrehozasa\/\">\u00e9s ennek megfelel\u0151en <strong>mindig \u00e1ll\u00edtsuk be az oldalak sz\u00fcl\u0151-gyerek viszony\u00e1t<\/strong><\/a>, \u00e9s adjuk meg sz\u00e1mmal meg az almen\u00fcpontok sorrendj\u00e9t is.<\/p>\n<p>Az elk\u00e9sz\u00edtett oldaln\u00e1l megadott sz\u00fcl\u0151-gyerek viszonynak megfelel\u0151en \u00e9p\u00edts\u00fck majd fel a f\u0151- \u00e9s a leny\u00edl\u00f3 almen\u00fcpontjaink sorrendj\u00e9t is <em>(az al\u00e1bb le\u00edrtak szerint)<\/em>, illetve az\u00a0ut\u00f3lagosan k\u00e9sz\u00edtett oldalakat \u00a0is majd be kell illeszteni a sz\u00fcl\u0151 szintek \u00e9s sorrend seg\u00edts\u00e9g\u00e9vel a strukt\u00far\u00e1ba. (Teh\u00e1t<strong>\u00a0k\u00e9t helyen kell be\u00e1ll\u00edtani a men\u00fcszerkezetet: egyszer a tartalom (men\u00fcpontnak sz\u00e1nt oldal) k\u00e9sz\u00edt\u00e9sekor a sz\u00fcl\u0151 be\u00e1ll\u00edt\u00e1ssal \u00e9s a sorrend megad\u00e1ssal \u00e9s m\u00e1sodszor\u00a0az \u00fan. Men\u00fck kezel\u00e9s\u00e9n\u00e9l. A kett\u0151nek mindig azonosnak kell lennie!)<\/strong>\u00a0<\/p>\n<div class=\"responsive-tabs\">\n<h2 class=\"tabtitle\">A men\u00fcszerkezet<\/h2>\n<div class=\"tabcontent\">\n\n<h1>F\u0151 \u00e9s almen\u00fcpontok l\u00e9trehoz\u00e1sa<\/h1>\n<p>A honlapunk <strong>els\u0151dleges navig\u00e1ci\u00f3s rendszere a<\/strong>\u00a0<strong>f\u0151men\u00fc <\/strong>(t\u00f6bbnyire &#8222;fomenu&#8221; n\u00e9ven)<strong>, ami f\u0151 men\u00fcpontokb\u00f3l \u00e9s t\u00f6bbnyire al\u00e1juk rendelt almen\u00fcpontokb\u00f3l \u00e1ll.<\/strong><\/p>\n<p>A men\u00fct a <strong>Vez\u00e9rl\u0151pult &gt; Megjelen\u00e9sek &gt; Men\u00fck<\/strong> pontban tudjuk szerkeszteni, ott tudunk \u00faj men\u00fcpontokat hozz\u00e1adni, vagy megl\u00e9v\u0151ket t\u00f6r\u00f6lni.<\/p>\n<div class=\"keretes w-100\">\n<p>A <strong>fomenu<\/strong>\u00a0a honlap elk\u00e9sz\u00edt\u00e9sekor m\u00e1r k\u00e9szen van. <strong>\u00daj men\u00fct ne adjon a honlaphoz\u00a0<\/strong>(kiv\u00e9ve, ha <a href=\"https:\/\/semmelweis.hu\/wiki\/tobb-nyelvu-honlap-letrehozasa-polylang-bovitmeny\/\" target=\"_blank\" rel=\"noopener noreferrer\">t\u00f6bbnyelv\u0171v\u00e9 alak\u00edtja a honlapot<\/a>) \u00e9s ne t\u00f6r\u00f6lj\u00f6n &#8222;men\u00fct&#8221;, csak a k\u00e9sz men\u00fch\u00f6z adjon <strong>men\u00fcpontokat<\/strong>.\u00a0<\/p>\n<\/div>\n<p>A <strong>Vez\u00e9rl\u0151pult &gt; Megjelen\u00e9sek &gt; Men\u00fck<\/strong>re kattintva az al\u00e1bbi k\u00e9perny\u0151 fogad benn\u00fcnket (a k\u00e9pre kattintva nagy\u00edthat\u00f3). A men\u00fcben b\u00e1rmilyen v\u00e1ltoztat\u00e1s ut\u00e1n<strong>\u00a0menteni kell<\/strong>, k\u00fcl\u00f6nben elv\u00e9sz a v\u00e1ltoztat\u00e1s! \u00c9rdemes v\u00e9gign\u00e9zni sz\u00f6vegdoboz c\u00edmeket:<\/p>\n<p style=\"text-align: center;\"><a href=\"https:\/\/semmelweis.hu\/wiki\/files\/2013\/01\/menu_uj.jpg\"><img loading=\"lazy\" decoding=\"async\" class=\"aligncenter  wp-image-631\" src=\"https:\/\/semmelweis.hu\/wiki\/files\/2013\/01\/menu_uj-1024x649.jpg\" alt=\"menu_uj\" width=\"819\" height=\"519\" srcset=\"https:\/\/semmelweis.hu\/wiki\/files\/2013\/01\/menu_uj-1024x649.jpg 1024w, https:\/\/semmelweis.hu\/wiki\/files\/2013\/01\/menu_uj-300x190.jpg 300w, https:\/\/semmelweis.hu\/wiki\/files\/2013\/01\/menu_uj.jpg 1090w\" sizes=\"auto, (max-width: 819px) 100vw, 819px\" \/><\/a><\/p>\n<p>Az <strong>intranetre visszatartott tartalmakb\u00f3l csak olyan men\u00fcpontokat k\u00e9sz\u00edts\u00fcnk, amelyek csak az egyetem bels\u0151 h\u00e1l\u00f3zat\u00e1b\u00f3l l\u00e1that\u00f3ak<\/strong>, le\u00edr\u00e1s az utols\u00f3 f\u00fclben olvashat\u00f3.<\/p>\n<h2>F\u0151men\u00fcpont l\u00e9trehoz\u00e1sa:<\/h2>\n<p>A\u00a0<strong>fomenu<\/strong> m\u00e1r k\u00e9szen van (l\u00e1sd fent), \u00d6nnek csak a f\u0151- \u00e9s almen\u00fcpontok hozz\u00e1ad\u00e1sa, t\u00f6rl\u00e9se, \u00e1tnevez\u00e9se, ill. \u00e1tmozgat\u00e1sa a dolga.<\/p>\n<p><strong>F\u0151men\u00fcpontot l\u00e9trehozhatunk oldalakb\u00f3l, kateg\u00f3ri\u00e1kb\u00f3l, saj\u00e1t hivatkoz\u00e1sokb\u00f3l.<\/strong><\/p>\n<ol>\n<li><strong>K\u00e9sz oldalb\u00f3l:<\/strong> Olyan oldalak lehetnek f\u0151men\u00fcpontok,\u00a0amelyeknek <a href=\"https:\/\/semmelweis.hu\/wiki\/tartalom-kezeles\/uj-oldal-letrehozasa\/\" target=\"_blank\" rel=\"noopener noreferrer\">a k\u00e9sz\u00edt\u00e9s\u00fck sor\u00e1n nem adtunk &#8222;sz\u00fcl\u0151t&#8221;<\/a>\u00a0(azonban a sz\u00fcl\u0151 n\u00e9lk\u00fcli oldalaknak is adjunk sorrendet, mert a honlapt\u00e9rk\u00e9pen ebben a sorrendben fog megjelenni a honlapunk teljes tartalma).\n<p>A vez\u00e9rl\u0151pult men\u00fcsora \u00e9s a f\u0151men\u00fcnk tartalma k\u00f6z\u00f6tti \u00a0oszlopban\u00a0 az <strong>Oldalak <\/strong>nev\u0171\u00a0dobozban\u00a0kell megkeresni azt az oldalt, amelyb\u0151l a f\u0151men\u00fcpontot szeretn\u00e9nk k\u00e9sz\u00edteni. A kiv\u00e1lasztott oldal jel\u00f6l\u0151 n\u00e9gyzet\u00e9t be kell pip\u00e1lni (ak\u00e1r t\u00f6bbet is egyszerre), majd a <strong>Hozz\u00e1ad\u00e1s a men\u00fch\u00f6z<\/strong> gombra kattintva az oldalunk c\u00edme megjelenik \u00a0jobb oldali oszlopban, mint egy \u00faj men\u00fcpont (legutols\u00f3 helyen). Az eg\u00e9rrel az \u00faj men\u00fcpontra kattintva, a\u00a0gombot lenyomva tartva tudjuk a men\u00fcpontot fel \u00e9s le mozgatni, \u00edgy a c\u00edmlapon a sorban balra (el\u0151bbre) vagy jobbra (h\u00e1tr\u00e1bb) ker\u00fcl a men\u00fcpont. A f\u0151men\u00fcben a legfels\u0151 men\u00fcpont a c\u00edmlapon az els\u0151 lesz balr\u00f3l. Az Oldalak dobozban is f\u00fclekkel tudunk v\u00e1ltani a <strong>Legfrissebb | \u00d6sszes | Keres\u00e9s<\/strong> lehet\u0151s\u00e9gek k\u00f6z\u00f6tt. Ha kialakult a megfelel\u0151 sorrend a &#8222;<strong>Men\u00fc ment\u00e9se<\/strong>&#8221; gombra kell kattintani a r\u00f6gz\u00edt\u00e9shez.<\/p>\n<p>Hossz\u00fa oldal c\u00edm eset\u00e9n a men\u00fcpont c\u00edm\u00e9t ler\u00f6vid\u00edthetj\u00fck (pl. ha az oldalunknak ez a \u00a0c\u00edme: \u00a0&#8222;Az \u00c1ltal\u00e1nos Orvostudom\u00e1nyi Kar bemutat\u00e1sa&#8221;, de a men\u00fcpontunknak adhatjuk ezt: &#8222;A Karr\u00f3l&#8221;). Ebben az esetben a men\u00fcpontt\u00e1 alak\u00edtott oldal doboz\u00e1nak jobb sz\u00e9l\u00e9n a lefel\u00e9 mutat\u00f3 kis h\u00e1romsz\u00f6gre kell kattintani, majd a &#8222;<strong>Navig\u00e1ci\u00f3s c\u00edmke<\/strong>&#8221; mez\u0151be \u00edrjuk be a r\u00f6vid c\u00edmet \u00e9s ments\u00fck a men\u00fct. <em>(Ha valami\u00e9rt nem l\u00e1tjuk ezt a mez\u0151t, kattintsunk a jobb fels\u0151 sarokban a &#8222;K\u00e9perny\u0151 opci\u00f3k&#8221; leny\u00edl\u00f3 men\u00fcpontra \u00e9s jel\u00f6lj\u00fck be a sz\u00fcks\u00e9ges mez\u0151ket.)\u00a0<\/p>\n<p><\/em><\/li>\n<li><strong>Saj\u00e1t hivatkoz\u00e1sb\u00f3l:<\/strong> F\u0151men\u00fcpontot l\u00e9trehozhatunk b\u00e1rmilyen webc\u00edmb\u0151l is (pl. m\u00e1s, a Semmelweis Egyetem honlapjain tal\u00e1lhat\u00f3 tartalomb\u00f3l, vagy egy\u00e9b k\u00fcls\u0151s relev\u00e1ns weboldal c\u00edm\u00e9b\u0151l, valamely weboldlara felt\u00f6lt\u00f6tt f\u00e1jlb\u00f3l pl. pdf). Ezt a<strong>\u00a0&#8222;Saj\u00e1t hivatkoz\u00e1sok&#8221;<\/strong>\u00a0(a k\u00e9pen &#8222;<strong>Linkek<\/strong>&#8222;) sz\u00f6vegdoboz ter\u00fcleten \u00e9rtelem szer\u0171en tehetj\u00fck meg. B\u00e1rmilyen webc\u00edmet haszn\u00e1lhatunk, de \u00e9rdemes megfontolni, hogy a l\u00e1togat\u00f3t elnavig\u00e1ljuk-e a saj\u00e1t honlapunkr\u00f3l, mert nem bizonyos, hogy visszat\u00e9r a honlapunkra a sz\u00fcks\u00e9ges inform\u00e1ci\u00f3 megszerz\u00e9se ut\u00e1n. Miut\u00e1n a men\u00fcpontot az oldalakn\u00e1l le\u00edrt m\u00f3don a hely\u00e9re mozgattuk, <strong>a men\u00fct menteni kell<\/strong>.\u00a0\n<\/li>\n<li>Lehet\u0151s\u00e9g van arra is, hogy a\u00a0<strong>Bejegyz\u00e9sek kateg\u00f3ri\u00e1j\u00e1b\u00f3l<\/strong> (azaz cikkek, esem\u00e9nyek rendszeresen friss\u00fcl\u0151 rovat\u00e1b\u00f3l) vagy <strong>C\u00edmk\u00e9ib\u0151l<\/strong> id\u0151rendi sorrendben egym\u00e1st k\u00f6vet\u0151 sor\u00e1b\u00f3l is l\u00e9trehozzunk<strong>\u00a0men\u00fcpont<\/strong>ot. <a href=\"https:\/\/semmelweis.hu\/wiki\/tartalom-kezeles\/uj-oldal-letrehozasa\/\" target=\"_blank\" rel=\"noopener noreferrer\">Ehhez el\u0151sz\u00f6r l\u00e9tre kell hozni a kateg\u00f3ri\u00e1t \u00e9s abba bejegyz\u00e9seket kell k\u00f6zz\u00e9tenni<\/a>. A men\u00fcpont k\u00e9sz\u00edt\u00e9s\u00e9hez\u00a0a <strong>Megjelen\u00e9s &gt; Men\u00fck<\/strong> k\u00f6z\u00f6tt a <strong>Kateg\u00f3ri\u00e1<\/strong>t vagy <strong>C\u00edmk\u00e9t<\/strong> kijel\u00f6lve a men\u00fcpontok k\u00f6z\u00e9 tehetj\u00fck, majd sorba rendezve a v\u00e9g\u00e9n <strong>a men\u00fct mentj\u00fck<\/strong>. <em>(Ha a bejegyz\u00e9seinknek kiemelt k\u00e9pet is \u00e1ll\u00edtunk be, akkor a Kateg\u00f3ri\u00e1b\u00f3l l\u00e9trehozott men\u00fcpontban a \u00a0h\u00edrek kis f\u00e9nyk\u00e9ppel \u00e9s \u00edzel\u00edt\u0151vel, d\u00e1tummal \u00a0ell\u00e1tva jelennek meg egym\u00e1s alatt, a legfrissebb cikk lesz legel\u00f6l.)<\/em>\u00a0<\/li>\n<\/ol>\n<h2>Leny\u00edl\u00f3 almen\u00fcpont l\u00e9trehoz\u00e1sa:<\/h2>\n<p>Ha a honlapunkon az egyes oldalaknak adtunk meg al\u00e1 tartoz\u00f3 oldalakat (azaz \u00e1ll\u00edtottunk be sz\u00fcl\u0151-gyerek viszonyt, akkor el kell k\u00e9sz\u00edten\u00fcnk <strong>a f\u0151men\u00fcpontok al\u00e1 a\u00a0leny\u00edl\u00f3 almen\u00fcpontokat is!<\/strong><\/p>\n<p>Almen\u00fcpontokat a fentieknek megfelel\u0151en a <strong>Vez\u00e9rl\u0151pult &gt; Megjelen\u00e9sek &gt; Men\u00fck<\/strong> pontban tudjuk szerkeszteni, ott tudunk \u00faj men\u00fcpontokat hozz\u00e1adni, vagy megl\u00e9v\u0151ket t\u00f6r\u00f6lni. A sz\u00fcl\u0151 viszonynak \u00e9s a be\u00e1ll\u00edtott sorrendnek megfelel\u0151en a sz\u00fcks\u00e9ges oldalakat hozz\u00e1adjuk a men\u00fcsorhoz, majd k\u00f6zvetlen\u00fcl az al\u00e1 a f\u0151men\u00fcpont al\u00e1 kell h\u00fazni <em>(az egeret az oldal doboz\u00e1ra kattintva \u00e9s a gombot lenyomva tartva mozgathatjuk a men\u00fcpontot)<\/em>, amelyik f\u0151men\u00fcpont alatt szeretn\u00e9nk, ha leny\u00edlna (ak\u00e1r t\u00f6bb is), ezut\u00e1n az eg\u00e9r bal gombj\u00e1t m\u00e9g mindig lenyomva tartva tudjuk a men\u00fcpontot kicsit jobbra h\u00fazva \u00e9s csak ott elengedve als\u00f3bbrend\u0171v\u00e9 alak\u00edtani (ilyen kor a men\u00fcpont kicsit jobbra beh\u00fazva is l\u00e1tszik).<\/p>\n<p>A fentieket minden almen\u00fcpontnak sz\u00e1nt oldallal meg kell csin\u00e1lni. Leny\u00edl\u00f3 almen\u00fcpontot csak maximum k\u00e9t szintm\u00e9lys\u00e9gig hozzunk l\u00e9tre (azaz az almen\u00fcpont almen\u00fcponj\u00e1nak m\u00e1r ne legyen almen\u00fcpontja, mert nem fog megjelenni)! A <strong>men\u00fct elmentve<\/strong> l\u00e9tre is j\u00f6tt a leny\u00edl\u00f3 men\u00fcpontunk. <em>(T\u00f6bb szint\u0171 almen\u00fct az oldalak szerkeszt\u00e9s\u00e9n\u00e9l, a sz\u00fcl\u0151 oldalak megad\u00e1s\u00e1val hozhatunk l\u00e9tre, l\u00e1sd lejjebb.)<\/em>\u00a0<\/p>\n<h2>Nem kattinthat\u00f3 men\u00fcpontok<\/h2>\n<p>Ha a f\u0151men\u00fcpontnak beh\u00fazott oldalban van tartalom, akkor az automatikusan a leny\u00edl\u00f3 doboz els\u0151 men\u00fcpontjak\u00e9nt fog megjelenni. Ha nincs benne esetleg tartalom, akkor csak az al\u00e1 rendelt oldalakat list\u00e1zza ki r\u00e1 a rendszer, ez\u00e9rt a leny\u00edl\u00f3 men\u00fcdobozban nem jelenik meg \u00e9s csak a morzsamen\u00fcb\u0151l kattinthat\u00f3 az oldal.\u00a0<\/p>\n<h5><a href=\"https:\/\/semmelweis.hu\/wiki\/files\/2018\/10\/uj-design-menuk-2.png\"><img loading=\"lazy\" decoding=\"async\" class=\"size-medium wp-image-1519 alignright\" src=\"https:\/\/semmelweis.hu\/wiki\/files\/2018\/10\/uj-design-menuk-2-253x300.png\" alt=\"\" width=\"253\" height=\"300\" srcset=\"https:\/\/semmelweis.hu\/wiki\/files\/2018\/10\/uj-design-menuk-2-253x300.png 253w, https:\/\/semmelweis.hu\/wiki\/files\/2018\/10\/uj-design-menuk-2-127x150.png 127w, https:\/\/semmelweis.hu\/wiki\/files\/2018\/10\/uj-design-menuk-2.png 411w\" sizes=\"auto, (max-width: 253px) 100vw, 253px\" \/><\/a>Nem kattinthat\u00f3 men\u00fcpont t\u00edpusok<\/h5>\n<p>A <strong>C\u00edm tulajdons\u00e1gok<\/strong> mez\u0151be (l\u00e1sd k\u00e9p lejjebb) \u00edrhatunk utas\u00edt\u00e1sokat az al\u00e1bbi lehet\u0151s\u00e9gek k\u00f6z\u00fcl v\u00e1lasztva <em>(ha ez a mez\u0151 nem l\u00e1tszik, akkor a szerkeszt\u0151 fel\u00fclet jobb fels\u0151 sark\u00e1ban l\u00e9v\u0151 &#8222;K\u00e9perny\u0151 opci\u00f3k&#8221; r\u00e9szn\u00e9l kell bekapcsolni, hogy ez a lehet\u0151s\u00e9g is megjelenjen)<\/em>.<\/p>\n<ul>\n<li>divider: egy v\u00edzszintes vonall\u00e1 v\u00e1lik a men\u00fcpont (saj\u00e1t hivatkoz\u00e1sb\u00f3l \u00e9rdemes k\u00e9sz\u00edteni)<\/li>\n<li>dropdown-header:\u00a0 szakasz fejl\u00e9cc\u00e9 v\u00e1lik a men\u00fcpont (nem kattinthat\u00f3, sz\u00fcrke sz\u00edn\u0171 \u00e9s al\u00e1h\u00fazott) &#8211; <em>csak a 2. szinten haszn\u00e1lhat\u00f3, f\u0151men\u00fcpontn\u00e1l nem<\/em><\/li>\n<li>disabled:\u00a0 kikapcsoltt\u00e1 v\u00e1lik a men\u00fcpont<\/li>\n<li>nextcol: \u00faj oszlop nyit\u00e1sa<\/li>\n<\/ul>\n<h5>#-es f\u0151men\u00fcpont haszn\u00e1lata<\/h5>\n<p><a href=\"https:\/\/semmelweis.hu\/wiki\/files\/2018\/10\/uj-design-menuk.png\"><img loading=\"lazy\" decoding=\"async\" class=\"alignright size-medium wp-image-1518\" src=\"https:\/\/semmelweis.hu\/wiki\/files\/2018\/10\/uj-design-menuk-300x241.png\" alt=\"\" width=\"300\" height=\"241\" srcset=\"https:\/\/semmelweis.hu\/wiki\/files\/2018\/10\/uj-design-menuk-300x241.png 300w, https:\/\/semmelweis.hu\/wiki\/files\/2018\/10\/uj-design-menuk-150x120.png 150w, https:\/\/semmelweis.hu\/wiki\/files\/2018\/10\/uj-design-menuk.png 338w\" sizes=\"auto, (max-width: 300px) 100vw, 300px\" \/><\/a>Ilyenkor a f\u0151men\u00fcpont l\u00e9trej\u00f6n, de csak az almen\u00fcpontokat tartalmaz\u00f3 dobozt nyitja le.\u00a0<\/p>\n<p>Ehhez a men\u00fcbe\u00e1ll\u00edt\u00e1sok oldalon egy \u00faj saj\u00e1t hivatkoz\u00e1st k\u00e9sz\u00edt\u00fcnk, aminek az URL mez\u0151j\u00e9be csak egy kett\u0151s keresztet tesz\u00fcnk (#), a &#8222;<em>Hivatkoz\u00e1s sz\u00f6vege<\/em>&#8221; mez\u0151be pedig a k\u00edv\u00e1nt (eddigi) f\u0151men\u00fcpont c\u00edmet \u00edrjuk (pl. Oktat\u00e1s).\u00a0<\/p>\n\n<\/div><h2 class=\"tabtitle\">Men\u00fcpont t\u00f6rl\u00e9se<\/h2>\n<div class=\"tabcontent\">\n\n<h2>Men\u00fcpont t\u00f6rl\u00e9se:<\/h2>\n<p>B\u00e1rmely f\u0151men\u00fcpont (\u00e9s almen\u00fcpont is) t\u00f6r\u00f6lhet\u0151, ha a men\u00fcpontt\u00e1 alak\u00edtott oldal\/hivatkoz\u00e1s\/kateg\u00f3ria doboz\u00e1nak jobb sz\u00e9l\u00e9n a lefel\u00e9 mutat\u00f3 kis h\u00e1romsz\u00f6gre kattintunk, majd a leny\u00edl\u00f3 doboz alj\u00e1n megjelen\u0151 piros Elt\u00e1vol\u00edt\u00e1s linkre kattintunk. A men\u00fct ezut\u00e1n is menteni kell!<\/p>\n<div>\n<div class=\"keretes\">\n<h6><strong>Att\u00f3l, hogy a men\u00fcpontot kit\u00f6r\u00f6lt\u00fck<\/strong>, legyen az f\u0151-vagy almen\u00fcpont, <strong>az oldal m\u00e9g el\u00e9rhet\u0151 marad az interneten<\/strong>. A t\u00f6r\u00f6lt men\u00fcpont oldal\u00e1t (vagy kateg\u00f3ria eset\u00e9n a bejegyz\u00e9seket) vonjuk vissza vagy v\u00e1zlatba, vagy tegy\u00fck a lomt\u00e1rba.<\/h6>\n<\/div>\n<\/div>\n<p>Ha egy oldalt kit\u00f6rl\u00fcnk (az oldalak kezel\u00e9s\u00e9n\u00e9l), de bel\u0151le k\u00e9sz\u00edtett\u00fcnk f\u0151-vagy almen\u00fcpontot, akkor azt is ki kell t\u00f6r\u00f6ln\u00fcnk a <strong>Vez\u00e9rl\u0151pult &gt; Megjelen\u00e9sek &gt; Men\u00fck <\/strong>helyen is, k\u00fcl\u00f6nben a\u00a0honlapunk olvas\u00f3ja\u00a0tov\u00e1bbra is l\u00e1tja a men\u00fcpontot, de arra kattintva hiba\u00fczenettel tal\u00e1lkozik.<strong>\u00a0<\/strong><\/p>\n<h5>T\u00f6r\u00f6lt oldalba, men\u00fcpontba belinkelt f\u00e1jlok, dokumentumok:<\/h5>\n<p><span style=\"color: #ff6600;\"><strong>Figyelem!\u00a0<\/strong><\/span>Ha egy oldalt (bejegyz\u00e9st, men\u00fcpontot, stb.) kit\u00f6rl\u00fcnk, att\u00f3l m\u00e9g az abban belinkelt\u00a0f\u00e1jl, amennyiben a m\u00e9diat\u00e1runkb\u00f3l nem t\u00f6r\u00f6lt\u00fck, az interneten tov\u00e1bbra is el\u00e9rhet\u0151 marad. Ez az\u00e9rt van, mert minden egyes f\u00e1jl (pdf, k\u00e9p, dokumentum, stb.) egyedi webc\u00edmet kap, ami a megjelen\u00edt\u0151 oldalt\u00f3l f\u00fcggetlen\u00fcl \u00e9l a vil\u00e1gh\u00e1l\u00f3n. (Saj\u00e1t keres\u00e9si tapasztalatb\u00f3l is ismer\u0151s lehet, hogy egy-egy tal\u00e1lat k\u00f6zvetlen\u00fcl egy f\u00e1jlra mutat (pl. egyb\u0151l egy pdf ny\u00edlik meg, vagy egy doc t\u00f6lt\u0151dik le). A keres\u0151 robotok k\u00e9pesek az olvashat\u00f3 f\u00e1jlok tartalmait is felt\u00e9rk\u00e9pezni, \u00edgy a google, bing, stb. keres\u0151k fel\u00fclet\u00e9n az ilyen, oldalakban m\u00e1r nem hivatkozott f\u00e1jlokat is relev\u00e1ns tal\u00e1latk\u00e9nt megjelen\u00edteni. Ha ezt nem akarjuk, <strong>mindenk\u00e9pp t\u00f6r\u00f6lj\u00fck a belinkelt f\u00e1jlokat is a m\u00e9diat\u00e1rb\u00f3l!<\/strong><\/p>\n<p style=\"text-align: left;\">\n<\/div><h2 class=\"tabtitle\">Intranetes men\u00fcpontok <\/h2>\n<div class=\"tabcontent\">\n\u00a0<\/p>\n<h2>Intranetes men\u00fcpontok k\u00e9sz\u00edt\u00e9se:<\/h2>\n<p>Lehet\u0151s\u00e9g\u00fcnk van <strong>Intranetre visszatartott men\u00fcpontot l\u00e9trehozni azokb\u00f3l az oldalakb\u00f3l, amelyeket<\/strong> az oldal szerkeszt\u00e9sekor <strong>m\u00e1r visszatartottunk a bels\u0151 h\u00e1l\u00f3zatba<\/strong> (azaz bepip\u00e1ltuk a &#8222;restrict to intranet&#8221; opci\u00f3t a tartalom szerkeszt\u00e9si mez\u0151 alatt). Ezzel megold\u00e1ssal a men\u00fcpont tartalma csak az egyetem bels\u0151 h\u00e1l\u00f3zat\u00e1b\u00f3l v\u00e1lik l\u00e1that\u00f3v\u00e1, m\u00edg egyetemi h\u00e1l\u00f3zaton k\u00edv\u00fclr\u0151l n\u00e9zve sem a tartalom (ha a pip\u00e1t bejel\u00f6lt\u00fck), \u00e9s ha az al\u00e1bbi be\u00e1ll\u00edt\u00e1st megtett\u00fck a men\u00fcpont sem lesz el\u00e9rhet\u0151 (a k\u00e9t be\u00e1ll\u00edt\u00e1s egy\u00fctt haszn\u00e1land\u00f3!).<\/p>\n<p>Kattintsunk a <strong>Vez\u00e9rl\u0151pult &gt; Megjelen\u00e9s &gt; Men\u00fck<\/strong> men\u00fcpontra, majd a jobb fels\u0151 sarokban a <strong>K\u00e9perny\u0151 be\u00e1ll\u00edt\u00e1saira<\/strong>. Itt pip\u00e1ljuk be a <strong>CSS oszt\u00e1lyok<\/strong> lehet\u0151s\u00e9get. Ezut\u00e1n a men\u00fcpontjaink szerkeszt\u00e9si doboz\u00e1ban megjelenik egy plusz sz\u00f6vegmez\u0151 CSS oszt\u00e1lyok c\u00edmmel. Ha ebbe a mez\u0151be az <strong>intranet<\/strong> sz\u00f3t be\u00edrjuk, akkor a\u00a0\u00a0men\u00fcpont csak az egyetemi h\u00e1l\u00f3zatban lesz l\u00e1that\u00f3. Term\u00e9szetesen m\u00e9g\u00a0a men\u00fcpont \u00a0k\u00e9sz\u00edt\u00e9se el\u0151tt az \u00edgy k\u00f6zz\u00e9tenni sz\u00e1nt tartalmakat (oldalak, bejegyz\u00e9sek) is tartsuk vissza az intranetre (l\u00e1sd fent).<\/p>\n<p><a href=\"https:\/\/semmelweis.hu\/wiki\/files\/2014\/03\/intranet_menu.jpg\"><img loading=\"lazy\" decoding=\"async\" class=\"wp-image-626 aligncenter\" src=\"https:\/\/semmelweis.hu\/wiki\/files\/2014\/03\/intranet_menu-1024x513.jpg\" alt=\"intranet_menu\" width=\"922\" height=\"462\" srcset=\"https:\/\/semmelweis.hu\/wiki\/files\/2014\/03\/intranet_menu-1024x513.jpg 1024w, https:\/\/semmelweis.hu\/wiki\/files\/2014\/03\/intranet_menu-300x150.jpg 300w, https:\/\/semmelweis.hu\/wiki\/files\/2014\/03\/intranet_menu.jpg 1243w\" sizes=\"auto, (max-width: 922px) 100vw, 922px\" \/><\/a><\/p>\n<\/div><\/div>\n","protected":false},"excerpt":{"rendered":"<p>FIGYELEM! A honlaprendszerben a &#8222;men\u00fc&#8221; sz\u00f3 a honlaprendszerben a teljes navig\u00e1ci\u00f3s strukt\u00far\u00e1t jelenti\u00a0(azaz f\u0151men\u00fcpontok \u00e9s azok almen\u00fcpontjainak rendszer\u00e9t), nem pedig egy-egy men\u00fcpontot. Ezt ne keverj\u00fck \u00f6ssze (nagyon nem mindegy, hogy egy men\u00fcpontot, vagy a teljes men\u00fcrendszert t\u00f6r\u00f6lj\u00fck-e ki!) Legyen k\u00e9sz a tartalom! Figyelem! A honlap szab\u00e1lyzat tiltja, hogy \u00fcres oldalt tegy\u00fcnk k\u00f6zz\u00e9 a honlapunkon, azaz &hellip;<\/p>\n","protected":false},"author":12,"featured_media":0,"parent":947,"menu_order":2,"comment_status":"closed","ping_status":"closed","template":"template-fullwidth.php","meta":{"_acf_changed":false,"footnotes":""},"categories":[106],"tags":[],"class_list":["post-219","page","type-page","status-publish","hentry","category-egyeb"],"acf":[],"publishpress_future_action":{"enabled":false,"date":"1970-01-01 01:00:00","action":"","terms":[],"taxonomy":"","browser_timezone_offset":0},"_links":{"self":[{"href":"https:\/\/semmelweis.hu\/wiki\/wp-json\/wp\/v2\/pages\/219","targetHints":{"allow":["GET"]}}],"collection":[{"href":"https:\/\/semmelweis.hu\/wiki\/wp-json\/wp\/v2\/pages"}],"about":[{"href":"https:\/\/semmelweis.hu\/wiki\/wp-json\/wp\/v2\/types\/page"}],"author":[{"embeddable":true,"href":"https:\/\/semmelweis.hu\/wiki\/wp-json\/wp\/v2\/users\/12"}],"replies":[{"embeddable":true,"href":"https:\/\/semmelweis.hu\/wiki\/wp-json\/wp\/v2\/comments?post=219"}],"version-history":[{"count":10,"href":"https:\/\/semmelweis.hu\/wiki\/wp-json\/wp\/v2\/pages\/219\/revisions"}],"predecessor-version":[{"id":3274,"href":"https:\/\/semmelweis.hu\/wiki\/wp-json\/wp\/v2\/pages\/219\/revisions\/3274"}],"up":[{"embeddable":true,"href":"https:\/\/semmelweis.hu\/wiki\/wp-json\/wp\/v2\/pages\/947"}],"wp:attachment":[{"href":"https:\/\/semmelweis.hu\/wiki\/wp-json\/wp\/v2\/media?parent=219"}],"wp:term":[{"taxonomy":"category","embeddable":true,"href":"https:\/\/semmelweis.hu\/wiki\/wp-json\/wp\/v2\/categories?post=219"},{"taxonomy":"post_tag","embeddable":true,"href":"https:\/\/semmelweis.hu\/wiki\/wp-json\/wp\/v2\/tags?post=219"}],"curies":[{"name":"wp","href":"https:\/\/api.w.org\/{rel}","templated":true}]}}