{"id":1958,"date":"2020-12-01T10:33:46","date_gmt":"2020-12-01T09:33:46","guid":{"rendered":"https:\/\/semmelweis.hu\/wiki\/?page_id=1958"},"modified":"2024-05-29T13:47:23","modified_gmt":"2024-05-29T11:47:23","slug":"kar-sav-shortcode","status":"publish","type":"page","link":"https:\/\/semmelweis.hu\/wiki\/kozponti-honlapok\/kar-sav-shortcode\/","title":{"rendered":"Kar s\u00e1v shortk\u00f3d[L]"},"content":{"rendered":"<p>CSAK A KARI HIVATKOZ\u00c1SOK L\u00c9TREHOZ\u00c1SA UT\u00c1N M\u0170K\u00d6DIK!<\/p>\n<p>A semmelweis.hu nyit\u00f3lapon is l\u00e1that\u00f3 kar s\u00e1v megjelen\u00edt\u00e9se \u00e9s <strong>testreszab\u00e1sa<\/strong> shortk\u00f3ddal. A nyit\u00f3lapon l\u00e9v\u0151 megjelen\u00e9st nem befoly\u00e1solja!<\/p>\n<ul style=\"list-style-type: square\">\n<li>6 db kar eset\u00e9n: Semmelweis Ign\u00e1c k\u00e9pe nem l\u00e1tszik, csak a Semmelweis felirat, ami dupla has\u00e1bban jelenik meg (a kar k\u00e9pekhez k\u00e9pest)<\/li>\n<li>6 db kar + 1 db Doktori iskola eset\u00e9n: Semmelweis Ign\u00e1c k\u00e9pe is l\u00e1tszik 1 has\u00e1bban (a.k.a nyit\u00f3Lapi megjelen\u00e9s)<\/li>\n<li>6 db kar + TDK + KERPLER eset\u00e9n: Semmelweis Ign\u00e1c k\u00e9pe nem l\u00e1tszik, csak a 8 db k\u00e1rtya (a.k.a nyit\u00f3Napi megjelen\u00e9s)<\/li>\n<\/ul>\n<p><strong>Csak kari \u00e9s a pluszban felvett (fejleszt\u0151 kell) k\u00e1rty\u00e1k megjelen\u00edt\u00e9s\u00e9re haszn\u00e1lhat\u00f3 &#8222;hivatkoz\u00e1sok&#8221; adatforr\u00e1sb\u00f3l!<\/strong><\/p>\n<p><strong>Alap\u00e9rtelmezett megjelen\u00e9shez:<\/strong><\/p>\n<p>[se_karok]<\/p>\n<p><strong>Param\u00e9terek:<\/strong><\/p>\n<ul style=\"list-style-type: square\">\n<li>category_name = hivatkoz\u00e1sok kateg\u00f3ri\u00e1ja ahonnan kiszedi a linkek (ha nincs megadva akkor a default \u00e9rt\u00e9ke &#8222;Karok&#8221;<\/li>\n<li>custom_title = bal oldali c\u00edm megad\u00e1sa, ha nincs megadva, akkor (&#8222;Faculties&#8221;,sote) ford\u00edt\u00e1sa jelenik meg (ez jelenleg &#8222;Egyetemi karok&#8221;)<\/li>\n<li>more_button_text = default \/ off \/ szabadsz\u00f6veg; off eset\u00e9n nem l\u00e1tszik; default eset\u00e9n Nyit\u00f3lapgombokBetegell\u00e1t\u00e1s linkb\u0151l szedi a feliratot \u00e9s linket is<\/li>\n<li>more_button_link = teljes link, ahova a more_button_text-et ir\u00e1ny\u00edtani szeretn\u00e9nk; more_text_button=off\/defatul eset\u00e9n nem kell megadni<\/li>\n<li>show_title_divider = yes\/no; alap\u00e9rtelmezetten:yes; a c\u00edm (custom_title\/title) melletti vonalrajz; csak akkor kapcsolhat\u00f3, ha nincs more_button_text; ha van more_button_text, akkor mindig l\u00e1tszik<\/li>\n<\/ul>\n<p>A param\u00e9tereket = jel ut\u00e1n id\u00e9z\u0151jelbe kell tenni.<\/p>\n","protected":false},"excerpt":{"rendered":"<p>CSAK A KARI HIVATKOZ\u00c1SOK L\u00c9TREHOZ\u00c1SA UT\u00c1N M\u0170K\u00d6DIK! A semmelweis.hu nyit\u00f3lapon is l\u00e1that\u00f3 kar s\u00e1v megjelen\u00edt\u00e9se \u00e9s testreszab\u00e1sa shortk\u00f3ddal. A nyit\u00f3lapon l\u00e9v\u0151 megjelen\u00e9st nem befoly\u00e1solja! 6 db kar eset\u00e9n: Semmelweis Ign\u00e1c k\u00e9pe nem l\u00e1tszik, csak a Semmelweis felirat, ami dupla has\u00e1bban jelenik meg (a kar k\u00e9pekhez k\u00e9pest) 6 db kar + 1 db Doktori iskola eset\u00e9n: &hellip;<\/p>\n","protected":false},"author":101835,"featured_media":0,"parent":953,"menu_order":5,"comment_status":"closed","ping_status":"closed","template":"","meta":{"_acf_changed":false,"footnotes":""},"categories":[],"tags":[],"class_list":["post-1958","page","type-page","status-publish","hentry"],"acf":[],"publishpress_future_action":{"enabled":false,"date":"1970-01-01 01:00:00","action":"","terms":[],"taxonomy":"","browser_timezone_offset":0},"_links":{"self":[{"href":"https:\/\/semmelweis.hu\/wiki\/wp-json\/wp\/v2\/pages\/1958","targetHints":{"allow":["GET"]}}],"collection":[{"href":"https:\/\/semmelweis.hu\/wiki\/wp-json\/wp\/v2\/pages"}],"about":[{"href":"https:\/\/semmelweis.hu\/wiki\/wp-json\/wp\/v2\/types\/page"}],"author":[{"embeddable":true,"href":"https:\/\/semmelweis.hu\/wiki\/wp-json\/wp\/v2\/users\/101835"}],"replies":[{"embeddable":true,"href":"https:\/\/semmelweis.hu\/wiki\/wp-json\/wp\/v2\/comments?post=1958"}],"version-history":[{"count":10,"href":"https:\/\/semmelweis.hu\/wiki\/wp-json\/wp\/v2\/pages\/1958\/revisions"}],"predecessor-version":[{"id":3002,"href":"https:\/\/semmelweis.hu\/wiki\/wp-json\/wp\/v2\/pages\/1958\/revisions\/3002"}],"up":[{"embeddable":true,"href":"https:\/\/semmelweis.hu\/wiki\/wp-json\/wp\/v2\/pages\/953"}],"wp:attachment":[{"href":"https:\/\/semmelweis.hu\/wiki\/wp-json\/wp\/v2\/media?parent=1958"}],"wp:term":[{"taxonomy":"category","embeddable":true,"href":"https:\/\/semmelweis.hu\/wiki\/wp-json\/wp\/v2\/categories?post=1958"},{"taxonomy":"post_tag","embeddable":true,"href":"https:\/\/semmelweis.hu\/wiki\/wp-json\/wp\/v2\/tags?post=1958"}],"curies":[{"name":"wp","href":"https:\/\/api.w.org\/{rel}","templated":true}]}}