{"id":195,"date":"2011-09-20T13:45:26","date_gmt":"2011-09-20T11:45:26","guid":{"rendered":"http:\/\/wiki.sote.hu\/?p=195"},"modified":"2026-03-19T10:32:01","modified_gmt":"2026-03-19T09:32:01","slug":"kezdo-lepesek","status":"publish","type":"page","link":"https:\/\/semmelweis.hu\/wiki\/kezdo-lepesek\/","title":{"rendered":"A honlap alapjai: kezd\u0151 l\u00e9p\u00e9sek"},"content":{"rendered":"<div class=\"keretes w-100\">\u00a0<span style=\"color: #313b40; font-family: Montserrat, sans-serif; font-size: 24px; font-weight: 600;\">Tartalomjegyz\u00e9k:<\/span><\/p>\n<ul>\n<li><a href=\"#aktivalas\">A szerkeszt\u0151i jogosults\u00e1g aktiv\u00e1l\u00e1sa<\/a><\/li>\n<li><a href=\"#belepes\">Bel\u00e9p\u00e9s a szerkeszt\u0151fel\u00fcletre<\/a><\/li>\n<li><a href=\"#dashboard\">A szerkeszt\u0151fel\u00fclet, azaz a\u00a0 &#8222;Vez\u00e9rl\u0151pult&#8221;<\/a><\/li>\n<li><a href=\"#logout\">Kil\u00e9p\u00e9s \u00e9s saj\u00e1t adatlap m\u00f3dos\u00edt\u00e1sa, jelsz\u00f3csere<\/a><\/li>\n<li><a href=\"#szemelyreszabas\">A szerkeszt\u0151fel\u00fclet szem\u00e9lyre szab\u00e1sa<\/a><\/li>\n<li><a href=\"#funkciok\">A Vez\u00e9rl\u0151pulton el\u00e9rhet\u0151 legfontosabb funkci\u00f3k<\/a> <a id=\"aktivalas\"><\/a><\/li>\n<\/ul>\n<\/div>\n<h3>A szerkeszt\u0151i jogosults\u00e1g aktiv\u00e1l\u00e1sa:<\/h3>\n<p>A honlapszerkeszt\u00e9si jogosults\u00e1gr\u00f3l egy e-mail \u00fczenetben \u00e9rtes\u00edti a honlaprendszer a kijel\u00f6lt munkat\u00e1rsakat <em>(teh\u00e1t ez egy rendszer\u00fczenet)<\/em>. Az \u00fczenetben egy aktiv\u00e1l\u00e1si link tal\u00e1lhat\u00f3 (figyelem, ez n\u00e9h\u00e1ny napon bel\u00fcl el\u00e9v\u00fcl). Erre r\u00e1 kell kattintani ahhoz, hogy a jogosults\u00e1g val\u00f3ban l\u00e9trej\u00f6jj\u00f6n. A\u00a0 kezelt alhonlap(ok)ra a kapott felhaszn\u00e1l\u00f3n\u00e9vvel \u00e9s jelsz\u00f3val lehet bel\u00e9pni. Ha t\u00f6bb honlaphoz is van hozz\u00e1f\u00e9r\u00e9se valakinek, a felhaszn\u00e1l\u00f3n\u00e9v \u00e9s a jelsz\u00f3 ugyanaz lesz.<a id=\"belepes\"><\/a><\/p>\n<h3>Bel\u00e9p\u00e9s a szerkeszt\u0151fel\u00fcletre:<\/h3>\n<p>Bel\u00e9pni \u00fagy tudunk a honlapunkra, ha annak nyit\u00f3lapj\u00e1n \u00e1llva a webc\u00edm v\u00e9g\u00e9re ezt \u00edrjuk:<strong> \/wp-admin<\/strong> majd nyomunk egy entert. <a id=\"dashboard\"><\/a><\/p>\n<h3>A Vez\u00e9rl\u0151pult:<\/h3>\n<p><a href=\"https:\/\/semmelweis.hu\/wiki\/files\/2011\/09\/vezerlopult.png\"><img loading=\"lazy\" decoding=\"async\" class=\"alignright wp-image-1346 \" src=\"https:\/\/semmelweis.hu\/wiki\/files\/2011\/09\/vezerlopult-1024x723.png\" alt=\"\" width=\"480\" height=\"339\" srcset=\"https:\/\/semmelweis.hu\/wiki\/files\/2011\/09\/vezerlopult-1024x723.png 1024w, https:\/\/semmelweis.hu\/wiki\/files\/2011\/09\/vezerlopult-150x106.png 150w, https:\/\/semmelweis.hu\/wiki\/files\/2011\/09\/vezerlopult-300x212.png 300w, https:\/\/semmelweis.hu\/wiki\/files\/2011\/09\/vezerlopult-768x542.png 768w, https:\/\/semmelweis.hu\/wiki\/files\/2011\/09\/vezerlopult.png 1037w\" sizes=\"auto, (max-width: 480px) 100vw, 480px\" \/><\/a>Bel\u00e9p\u00e9s ut\u00e1n a honlapon az \u00fan. <strong>Vez\u00e9rl\u0151pult<\/strong> fel\u00fcletre \u00e9rkez\u00fcnk.<\/p>\n<p>A bal fels\u0151 &#8222;Honlapjaim&#8221; men\u00fcpontban l\u00e9phet\u00fcnk be a saj\u00e1t honlapunk szerkeszt\u0151 fel\u00fclet\u00e9re illetve t\u00f6bb honlap eset\u00e9n itt v\u00e1lthatunk a\u00a0 honlapok k\u00f6z\u00f6tt.<\/p>\n<p>A bal oldali men\u00fcoszlopban tal\u00e1lhat\u00f3 meg az \u00f6sszes, a honlap kialak\u00edt\u00e1s\u00e1hoz sz\u00fcks\u00e9ges eszk\u00f6z <em>(a jogosults\u00e1gi szintt\u0151l f\u00fcgg\u0151en az adminisztr\u00e1torok t\u00f6bb, a szerkeszt\u0151k kevesebb men\u00fcpontot l\u00e1thatnak)<\/em>.<\/p>\n<p>A legfels\u0151 fekete sorban egy <strong>gyorsszerkeszt\u0151 s\u00e1v<\/strong>ot l\u00e1thatunk, amely bel\u00e9pett \u00e1llapotban mindig megjelenik, (azaz a honlap megtekint\u00e9se, ill. olvas\u00e1sakor is). Ennek seg\u00edts\u00e9g\u00e9vel juthatunk vissza a Vez\u00e9rl\u0151pultra is, vagy szerkeszthet\u00fcnk m\u00e1r k\u00e9sz tartalmat, k\u00e9sz\u00edthet\u00fcnk \u00fajakat stb. A s\u00e1vban szerepl\u0151 \u00a0feliratokra \u00e1ll\u00edtva az egeret t\u00f6bbnyire\u00a0 leny\u00edl\u00f3 men\u00fct kapunk tov\u00e1bbi opci\u00f3kkal.<\/p>\n<p><a href=\"https:\/\/semmelweis.hu\/wiki\/files\/2024\/08\/Kepernyokep-2024-08-23-134938.jpg\"><img loading=\"lazy\" decoding=\"async\" class=\"aligncenter size-large wp-image-3084\" src=\"https:\/\/semmelweis.hu\/wiki\/files\/2024\/08\/Kepernyokep-2024-08-23-134938-1024x377.jpg\" alt=\"\" width=\"753\" height=\"277\" srcset=\"https:\/\/semmelweis.hu\/wiki\/files\/2024\/08\/Kepernyokep-2024-08-23-134938-1024x377.jpg 1024w, https:\/\/semmelweis.hu\/wiki\/files\/2024\/08\/Kepernyokep-2024-08-23-134938-400x147.jpg 400w, https:\/\/semmelweis.hu\/wiki\/files\/2024\/08\/Kepernyokep-2024-08-23-134938-150x55.jpg 150w, https:\/\/semmelweis.hu\/wiki\/files\/2024\/08\/Kepernyokep-2024-08-23-134938-768x283.jpg 768w, https:\/\/semmelweis.hu\/wiki\/files\/2024\/08\/Kepernyokep-2024-08-23-134938-753x277.jpg 753w, https:\/\/semmelweis.hu\/wiki\/files\/2024\/08\/Kepernyokep-2024-08-23-134938.jpg 1282w\" sizes=\"auto, (max-width: 753px) 100vw, 753px\" \/><\/a><a id=\"logout\"><\/a><\/p>\n<h3>Kil\u00e9p\u00e9s \u00e9s saj\u00e1t adatlap m\u00f3dos\u00edt\u00e1sa, jelsz\u00f3csere:<\/h3>\n<p>A gyorsszerkeszt\u0151s\u00e1v jobb oldali sark\u00e1ban \u201c\u00dcdv, felhaszn\u00e1l\u00f3n\u00e9v!\u201d feliratra kattintva van lehet\u0151s\u00e9g a saj\u00e1t profil adatok szerkeszt\u00e9s\u00e9re, illetve a szerkeszt\u0151fel\u00fcletr\u0151l val\u00f3<strong> kil\u00e9p\u00e9s<\/strong>re is.<\/p>\n<p>Az <strong>\u201cAdatlapom szerkeszt\u00e9se\u201d<\/strong>\u00a0 opci\u00f3ra kattintva tudjuk megadni a nev\u00fcnket, az e-mail c\u00edm\u00fcnket m\u00f3dos\u00edthatjuk vagy \u00faj jelsz\u00f3t \u00e1ll\u00edthatunk be. Ehhez az <strong>&#8222;\u00daj jelsz\u00f3&#8221;<\/strong> sorban kattintsunk a <strong>&#8222;Jelsz\u00f3 l\u00e9trehoz\u00e1sa&#8221;<\/strong> opci\u00f3ra, \u00e9s \u00edrjuk fel\u00fcl a rendszer \u00e1ltal gener\u00e1lt karaktersort. \u00c9rdemes olyan er\u0151s jelsz\u00f3t v\u00e1lasztani, amire eml\u00e9ksz\u00fcnk majd, de el\u00e9g hossz\u00fa (min. 8 karakter), kis- \u00e9s nagybet\u0171t valamint \u00e9kezetet is tartalmaz (lehet pl. vers vagy dalsz\u00f6veg r\u00e9szlet).<\/p>\n<p>A v\u00e1ltoztat\u00e1sokat az <strong>&#8222;Adatlap m\u00f3dos\u00edt\u00e1sa&#8221; gombbal el kell menteni.<a id=\"szemelyreszabas\"><\/a><\/strong><\/p>\n<h3>A szerkeszt\u0151fel\u00fclet szem\u00e9lyre szab\u00e1sa:<\/h3>\n<p>A jobb fels\u0151 sarokban tal\u00e1lhat\u00f3 leny\u00edl\u00f3 &#8222;<b>K\u00e9perny\u0151 <\/b><strong>opci\u00f3k&#8221; <\/strong>leny\u00edl\u00f3 szakasz\u00a0a Vez\u00e9rl\u0151pult b\u00e1rmely men\u00fcpontj\u00e1ban l\u00e1that\u00f3 \u00e9s mindig az aktu\u00e1lis men\u00fcpontunkra vonatkoz\u00f3 azon be\u00e1ll\u00edt\u00e1si lehet\u0151s\u00e9geket mutatja, ami a szerkeszt\u0151fel\u00fclet\u00fcnk megjelen\u00edt\u00e9s\u00e9t befoly\u00e1solja.<\/p>\n<p>\u00c9rdemes minden men\u00fcpontban megn\u00e9zni a be\u00e1ll\u00edt\u00e1si lehet\u0151s\u00e9geinket! \u00cdgy m\u00e1st fogunk itt tal\u00e1lni, ha kilist\u00e1zzuk az oldalainkat vagy bejegyz\u00e9seinket vagy ha \u00e9pp egy \u00faj oldal vagy bejegyz\u00e9s szerkeszt\u00e9s\u00e9ben, k\u00e9sz\u00edt\u00e9s\u00e9ben vagyunk benne.<a id=\"funkciok\"><\/a><\/p>\n<h2>A Vez\u00e9rl\u0151pulton el\u00e9rhet\u0151 legfontosabb funkci\u00f3k:<a id=\"cim\"><\/a><\/h2>\n<h3>Honlap c\u00edme, alc\u00edme, saj\u00e1t log\u00f3:<\/h3>\n<p>A honlap c\u00edme, a m\u00e1sodlagos le\u00edr\u00e1s (pl. Semmelweis Egyetem, \u00c1ltal\u00e1nos Orvostudom\u00e1nyi Kar) \u00e9s egy\u00e9b \u00e1ltal\u00e1nos be\u00e1ll\u00edt\u00e1sok, mint a d\u00e1tum \u00e9s id\u0151 form\u00e1tuma, a honlap alapvet\u0151 nyelve a\u00a0<strong>Vez\u00e9rl\u0151pult &gt;<\/strong>\u00a0\u00a0<strong>Be\u00e1ll\u00edt\u00e1sok\u00a0<\/strong>men\u00fcpont legels\u0151, <strong>\u00c1ltal\u00e1nos<\/strong> pontj\u00e1ban szerkeszthet\u0151. A honlap els\u0151dleges c\u00edm\u00e9ben sort\u00f6r\u00e9s a | (Alt Gr+W)\u00a0 jel beilleszt\u00e9s\u00e9vel tehet\u0151.<\/p>\n<p><a href=\"https:\/\/semmelweis.hu\/wiki\/megjelenes\/egyedi-logo-megadasa\/\">A fejl\u00e9cbe <strong>saj\u00e1t, egyedi log\u00f3<\/strong>t lehet elhelyezni.<\/a><\/p>\n<p>Az <strong>Olvas\u00e1si be\u00e1ll\u00edt\u00e1sok<\/strong>n\u00e1l a kezd\u0151lapot \u00e1ll\u00edthatjuk \u00e1t az alap\u00e9rtelmezettr\u0151l pl. egy statikus oldalra, illetve a teljes honlapunkat intranetre tarthatjuk vissza. <a href=\"https:\/\/semmelweis.hu\/wiki\/megjelenes\/nyitolap-es-kepvalto-beallitasa\/\">B\u0151vebben l\u00e1sd a nyit\u00f3lapr\u00f3l \u00edrt \u00fatmutat\u00f3t \u2192<\/a><\/p>\n<h3>Oldalak, men\u00fck:<\/h3>\n<p>A <strong>Vez\u00e9rl\u0151pult &gt; <\/strong><a href=\"https:\/\/semmelweis.hu\/wiki\/tartalom-kezeles\/uj-oldal-letrehozasa\/\"><strong>Oldalak<\/strong><\/a> opci\u00f3ra kattintva a rendszer kilist\u00e1zza a honlap \u00e1lland\u00f3 tartalmait. Innen indulva szerkeszthetj\u00fck azokat, illetve k\u00e9sz\u00edthet\u00fcnk \u00fajakat is. Itt megtal\u00e1lhat\u00f3ak a k\u00f6zz\u00e9tett oldalak mellett a v\u00e1zlatba elmentett illetve a lomt\u00e1rba helyezett oldalak is.<\/p>\n<p>Alapvet\u0151en oldalakb\u00f3l \u00e9p\u00fclnek fel a honlapok, ezeket lehet<strong><a href=\"https:\/\/semmelweis.hu\/wiki\/megjelenes\/menuk-letrehozasa-kezelese\/\"> men\u00fcpontokk\u00e1<\/a><\/strong> alak\u00edtani. <strong>Az oldalak egym\u00e1shoz k\u00e9pest hierarchi\u00e1ba rendezhet\u0151k<\/strong> (f\u0151men\u00fcpont, t\u00f6bb szint\u0171 almen\u00fcpontok) illetve ezek egym\u00e1shoz viszony\u00edtott sorrendje is meghat\u00e1rozhat\u00f3. Fontos sorsz\u00e1mot adni a f\u0151men\u00fcpontoknak is \u00e9s ha egy f\u0151men\u00fcpontnak almen\u00fcpontokat \u00e1ll\u00edtunk be, akkor az \u00fan. sz\u00fcl\u0151be\u00e1ll\u00edt\u00e1st is sz\u00fcks\u00e9ges megtenni. Egy \u00faj oldal l\u00e9trehoz\u00e1s\u00e1nak \u00e9s szerkeszt\u00e9s\u00e9nek a m\u00f3dj\u00e1r\u00f3l b\u0151vebb \u00e9s r\u00e9szletes le\u00edr\u00e1st <strong><a href=\"https:\/\/semmelweis.hu\/wiki\/tartalom-kezeles\/uj-oldal-letrehozasa\/\">erre a linkre kattintva<\/a><\/strong> tal\u00e1lhat.\u00a0<\/p>\n<p>Az \u00f6sszes oldal list\u00e1j\u00e1n\u00e1l lehet\u0151s\u00e9g\u00fcnk van jobb oldalon az oldalak list\u00e1ja feletti <strong>keres\u0151mez\u0151<\/strong> felhaszn\u00e1l\u00e1s\u00e1val kulcssz\u00f3val keresni, illetve a bal oldali leny\u00edl\u00f3 men\u00fc seg\u00edts\u00e9g\u00e9vel a k\u00f6zz\u00e9t\u00e9tel d\u00e1tum\u00e1ra sz\u0171rni. Itt van lehet\u0151s\u00e9g <strong>csoportosan szerkeszteni<\/strong>, vagy t\u00f6r\u00f6lni oldalakat. Ehhez az oldalak list\u00e1j\u00e1ban a c\u00edmek el\u0151tt tal\u00e1lhat\u00f3 jel\u00f6l\u0151n\u00e9gyzetre kell kattintani, majd a \u201cCsoportm\u0171veletek\u201d men\u00fcpont leny\u00edl\u00f3 men\u00fcj\u00e9b\u0151l a sz\u00fcks\u00e9geset kiv\u00e1lasztani \u00e9s az &#8222;alkalmaz&#8221; gombra kattintani. B\u0151vebb \u00e9s r\u00e9szletes le\u00edr\u00e1st <strong><a href=\"https:\/\/semmelweis.hu\/wiki\/tartalom-kezeles\/uj-oldal-letrehozasa\/\">erre a linkre kattintva<\/a><\/strong> tal\u00e1lhat.<\/p>\n<h3>H\u00edrek (folyamatosan friss\u00fcl\u0151 tartalmak), rovatok:<\/h3>\n<p>H\u00edrek, esem\u00e9nyek, cikkek, illetve id\u0151ben elavul\u00f3 tartalmak k\u00f6zz\u00e9t\u00e9tel\u00e9re a\u00a0<strong>Bejegyz\u00e9s<\/strong> t\u00edpus\u00fa tartalom szolg\u00e1l. <strong><a href=\"https:\/\/semmelweis.hu\/wiki\/tartalom-kezeles\/uj-oldal-letrehozasa\/\" target=\"_blank\" rel=\"noopener noreferrer\">A bejegyz\u00e9sek szerkeszt\u00e9se nagyon hasonl\u00f3 az oldal\u00e9hoz<\/a>.<\/strong> \u00a0A bejegyz\u00e9s a k\u00f6zz\u00e9t\u00e9tel d\u00e1tum\u00e1val egy\u00fctt jelenik meg. A bejegyz\u00e9sek tartalom alapj\u00e1n\u00a0 <strong>kateg\u00f3ri\u00e1kba csoportos\u00edthat\u00f3k (&#8222;rovat&#8221;)<\/strong>. \u00a0A kateg\u00f3ri\u00e1kb\u00f3l k\u00e9sz\u00edthet\u00fcnk <strong><a href=\"https:\/\/semmelweis.hu\/wiki\/megjelenes\/menuk-letrehozasa-kezelese\/\">men\u00fcpontot is <\/a><\/strong>pl. H\u00edrek, P\u00e1ly\u00e1zatok, stb.. Az ilyen men\u00fcpontokban a cikkek a c\u00edm\u00fckkel \u00e9s r\u00f6vid \u00edzel\u00edt\u0151 sz\u00f6veggel jelennek meg \u00e9s egym\u00e1st d\u00e1tum alapj\u00e1n k\u00f6vetik (legfrissebb legel\u00f6l). Ha van kiemelt k\u00e9p be\u00e1ll\u00edtva \u00e9s k\u00e1rtya form\u00e1tum\u00fa a kateg\u00f3ria, akkor \u00edgy jelenik meg: <a href=\"https:\/\/semmelweis.hu\/hirek\/category\/egeszseg\/\" target=\"_blank\" rel=\"noopener noreferrer\">https:\/\/semmelweis.hu\/hirek\/category\/egeszseg\/<\/a>, ha lista n\u00e9zetet v\u00e1lasztottunk k\u00e9p n\u00e9lk\u00fcl, akkor pedig \u00edgy: <a href=\"https:\/\/semmelweis.hu\/human\/category\/karrier\/egeszsegugyi-munkakorok\/\" target=\"_blank\" rel=\"noopener noreferrer\">https:\/\/semmelweis.hu\/human\/category\/karrier\/egeszsegugyi-munkakorok\/<\/a> &#8211; Ezeket a <a href=\"https:\/\/semmelweis.hu\/wiki\/tartalom-kezeles\/uj-oldal-letrehozasa\/#taxonomy\">Kateg\u00f3ria szerkeszt\u00e9s\u00e9n\u00e9l<\/a> lehet be\u00e1ll\u00edtani.\u00a0<\/p>\n<p>A Bejegyz\u00e9sek men\u00fcpontban tal\u00e1lhat\u00f3k a <em>kateg\u00f3ri\u00e1k (itt lehet \u00fajat is k\u00e9sz\u00edteni)<\/em>, amelyekkel minden egyes cikk csoportos\u00edthat\u00f3 (pl. tudom\u00e1nyos h\u00edrek, oktat\u00e1si h\u00edrek, stb.). A kateg\u00f3ri\u00e1k egym\u00e1shoz k\u00e9pest szint\u00e9n hierarchiz\u00e1lhat\u00f3k. \u00daj bejegyz\u00e9sek k\u00e9sz\u00edt\u00e9se, illetve r\u00e9giek szerkeszt\u00e9se eset\u00e9n a \u00a0fel\u00fclet jobb oldali men\u00fcoszlop\u00e1ban pip\u00e1lhat\u00f3 be, hogy mely kateg\u00f3r\u00e1ba soroljuk a cikket, amely en\u00e9lk\u00fcl nem jelenik meg a honlapunkon (illetve ak\u00e1r ott is k\u00e9sz\u00edthet\u00fcnk \u00faj kateg\u00f3ri\u00e1t). Egy bejegyz\u00e9snek egyszerre t\u00f6bb kateg\u00f3ria is adhat\u00f3. A bejegyz\u00e9sek c\u00edmk\u00e9zhet\u0151ek (tag) amelyek k\u00e9s\u0151bb a keres\u00e9st megk\u00f6nny\u00edtik (<a href=\"https:\/\/semmelweis.hu\/wiki\/tartalom-kezeles\/az-internet-keresok-es-a-keresooptimalizalas-seo\/\">ahol fontos a keres\u0151optimaliz\u00e1l\u00e1s, ott mindenk\u00e9pp \u00e9rdemes haszn\u00e1lni<\/a>).<\/p>\n<h3>K\u00e9pek, f\u00e1jlok felt\u00f6lt\u00e9se &#8211; M\u00e9diat\u00e1r:<\/h3>\n<p>A <strong>M\u00e9diat\u00e1rban<\/strong>\u00a0t\u00e1rol\u00f3dnak\u00a0<a href=\"https:\/\/semmelweis.hu\/wiki\/tartalom-kezeles\/kepek-egyeb-fajlok-beillesztese\/\" target=\"_blank\" rel=\"noopener noreferrer\">az oldalakhoz \u00e9s bejegyz\u00e9sekhez <strong>felt\u00f6lt\u00f6tt k\u00e9pek \u00e9s egy\u00e9b f\u00e1jlok<\/strong><\/a>. Az oldalakhoz hasonl\u00f3an a M\u00e9diat\u00e1rban is lehet\u0151s\u00e9g van keres\u0151mez\u0151 felhaszn\u00e1l\u00e1s\u00e1val kulcssz\u00f3val keresni, illetve a bal oldali leny\u00edl\u00f3 men\u00fc seg\u00edts\u00e9g\u00e9vel a k\u00f6zz\u00e9t\u00e9tel d\u00e1tum\u00e1ra keresni. Lehet\u0151s\u00e9g szerint sose itt t\u00f6lts\u00fck be a k\u00e9peket, egy\u00e9b f\u00e1jlokat, hanem mindig a kapcsol\u00f3d\u00f3 oldaln\u00e1l bejegyz\u00e9sn\u00e9l!<\/p>\n<h3>Men\u00fck<\/h3>\n<p>A Megjelen\u00e9s men\u00fcpontban \u00e1ll\u00edthat\u00f3ak be a <a href=\"https:\/\/semmelweis.hu\/wiki\/megjelenes\/menuk-letrehozasa-kezelese\/\" target=\"_blank\" rel=\"noopener noreferrer\"><strong>Men\u00fck<\/strong> <\/a>is, amelyr\u0151l b\u0151vebben a linkre kattintva olvashatnak.<\/p>\n<h3>Nyit\u00f3lap szerkeszt\u00e9se\u00a0<\/h3>\n<p><a href=\"https:\/\/semmelweis.hu\/wiki\/az-uj-arculati-sablon-beallitasai\/nyitolap-es-kepvalto-beallitasa\/\"><strong>A nyit\u00f3lap szerkeszt\u00e9s\u00e9r\u0151l b\u0151vebben olvashatunk a vonatkoz\u00f3 le\u00edr\u00e1sban \u2192<\/strong><\/a><\/p>\n<h3>\u00a0B\u0151v\u00edtm\u00e9nyek, eszk\u00f6z\u00f6k:<\/h3>\n<p><a href=\"https:\/\/semmelweis.hu\/wiki\/kiegeszito-eszkozok\/\">A <strong>B\u0151v\u00edtm\u00e9nyek<\/strong> \u00e9s <strong>Eszk\u00f6z\u00f6k<\/strong> be\u00e1ll\u00edt\u00e1s\u00e1t kiz\u00e1r\u00f3lag gyakorlott felhaszn\u00e1l\u00f3k sz\u00e1m\u00e1ra javasoljuk<\/a> (illetve az ezen a honlapon\u00a0tal\u00e1lhat\u00f3 le\u00edr\u00e1sokban jelzett esetekben \u00e9s m\u00f3dokon).<\/p>\n<p>&nbsp;<\/p>\n","protected":false},"excerpt":{"rendered":"<p>A honlap c\u00edm\u00e9nek m\u00f3dos\u00edt\u00e1sa, a szerkeszt\u0151fel\u00fclet, azaz a vez\u00e9rl\u0151pult bemutat\u00e1sa, saj\u00e1t profiladatok szerkeszt\u00e9se.<\/p>\n","protected":false},"author":12,"featured_media":0,"parent":0,"menu_order":1,"comment_status":"closed","ping_status":"closed","template":"template-fullwidth.php","meta":{"_acf_changed":false,"footnotes":""},"categories":[106],"tags":[105],"class_list":["post-195","page","type-page","status-publish","hentry","category-egyeb","tag-nyitolap"],"acf":[],"publishpress_future_action":{"enabled":false,"date":"1970-01-01 01:00:00","action":"","terms":[],"taxonomy":"","browser_timezone_offset":0},"_links":{"self":[{"href":"https:\/\/semmelweis.hu\/wiki\/wp-json\/wp\/v2\/pages\/195","targetHints":{"allow":["GET"]}}],"collection":[{"href":"https:\/\/semmelweis.hu\/wiki\/wp-json\/wp\/v2\/pages"}],"about":[{"href":"https:\/\/semmelweis.hu\/wiki\/wp-json\/wp\/v2\/types\/page"}],"author":[{"embeddable":true,"href":"https:\/\/semmelweis.hu\/wiki\/wp-json\/wp\/v2\/users\/12"}],"replies":[{"embeddable":true,"href":"https:\/\/semmelweis.hu\/wiki\/wp-json\/wp\/v2\/comments?post=195"}],"version-history":[{"count":10,"href":"https:\/\/semmelweis.hu\/wiki\/wp-json\/wp\/v2\/pages\/195\/revisions"}],"predecessor-version":[{"id":3365,"href":"https:\/\/semmelweis.hu\/wiki\/wp-json\/wp\/v2\/pages\/195\/revisions\/3365"}],"wp:attachment":[{"href":"https:\/\/semmelweis.hu\/wiki\/wp-json\/wp\/v2\/media?parent=195"}],"wp:term":[{"taxonomy":"category","embeddable":true,"href":"https:\/\/semmelweis.hu\/wiki\/wp-json\/wp\/v2\/categories?post=195"},{"taxonomy":"post_tag","embeddable":true,"href":"https:\/\/semmelweis.hu\/wiki\/wp-json\/wp\/v2\/tags?post=195"}],"curies":[{"name":"wp","href":"https:\/\/api.w.org\/{rel}","templated":true}]}}