{"id":1909,"date":"2020-11-05T16:26:36","date_gmt":"2020-11-05T15:26:36","guid":{"rendered":"https:\/\/semmelweis.hu\/wiki\/?page_id=1909"},"modified":"2026-03-19T10:16:04","modified_gmt":"2026-03-19T09:16:04","slug":"instagram-fiok-osszekotese-a-honlappal","status":"publish","type":"page","link":"https:\/\/semmelweis.hu\/wiki\/kiegeszito-eszkozok\/instagram-fiok-osszekotese-a-honlappal\/","title":{"rendered":"Instagram fi\u00f3k \u00f6sszek\u00f6t\u00e9se a honlappal"},"content":{"rendered":"<p style=\"text-align: center;\"><span style=\"font-size: 24pt;\"><strong>API k\u00f3d<\/strong><\/span><\/p>\n<p style=\"text-align: left;\">Ig\u00e9nyelni kell egy k\u00f3dot, amihez <em><strong>sz\u00fcks\u00e9ges Facebook \u00e9s Instagram fi\u00f3k is<\/strong><\/em>,<em><strong> mindkett\u0151be jelentkezz\u00fcnk be az eg\u00e9sz folyamat el\u0151tt<\/strong>.<\/em><\/p>\n<p>Ezut\u00e1n, menj\u00fcnk a\u00a0 <a href=\"https:\/\/developers.facebook.com\/apps\/\">https:\/\/developers.facebook.com\/apps\/<\/a> oldalra.<\/p>\n<p>\u00daj alkalmaz\u00e1st kell l\u00e9trehoznunk, ehhez kattintsunk a <strong>Create App<\/strong> gombra: <img loading=\"lazy\" decoding=\"async\" class=\"size-full wp-image-1912 alignnone\" src=\"https:\/\/semmelweis.hu\/wiki\/files\/2020\/11\/firefox_OtTBaJQARW.png\" alt=\"\" width=\"129\" height=\"52\" \/><\/p>\n<p>Ezut\u00e1n v\u00e1lasszuk a <em><strong>Manage Business Integrations<\/strong><\/em> men\u00fcpontot:<\/p>\n<p><img loading=\"lazy\" decoding=\"async\" class=\"alignnone wp-image-1914\" src=\"https:\/\/semmelweis.hu\/wiki\/files\/2020\/11\/firefox_Uxk3aq1OGi.png\" alt=\"\" width=\"450\" height=\"391\" srcset=\"https:\/\/semmelweis.hu\/wiki\/files\/2020\/11\/firefox_Uxk3aq1OGi.png 757w, https:\/\/semmelweis.hu\/wiki\/files\/2020\/11\/firefox_Uxk3aq1OGi-300x260.png 300w, https:\/\/semmelweis.hu\/wiki\/files\/2020\/11\/firefox_Uxk3aq1OGi-150x130.png 150w, https:\/\/semmelweis.hu\/wiki\/files\/2020\/11\/firefox_Uxk3aq1OGi-753x654.png 753w\" sizes=\"auto, (max-width: 450px) 100vw, 450px\" \/><\/p>\n<p>Majd <strong>Continue<\/strong><\/p>\n<p>Ezut\u00e1n meg kell adnunk az alkalmaz\u00e1s adatait. A k\u00e9t dolog ami fontos az <em><strong>App Display Name<\/strong><\/em>, amit k\u00f6telez\u0151 kit\u00f6lten\u00fcnk (\u00e9s nem lehet benne az &#8222;instagram&#8221; m\u00e9g &#8222;ig&#8221; r\u00f6vid\u00edt\u00e9sk\u00e9nt sem), valamint az <em><strong>App Purpose<\/strong><\/em>, ahol v\u00e1lasszuk a <em><strong>Yourself and your own business<\/strong><\/em> lehet\u0151s\u00e9get.<\/p>\n<p><img loading=\"lazy\" decoding=\"async\" class=\"alignnone wp-image-1916\" src=\"https:\/\/semmelweis.hu\/wiki\/files\/2020\/11\/firefox_bERybUYmUR-300x300.png\" alt=\"\" width=\"450\" height=\"449\" srcset=\"https:\/\/semmelweis.hu\/wiki\/files\/2020\/11\/firefox_bERybUYmUR-300x300.png 300w, https:\/\/semmelweis.hu\/wiki\/files\/2020\/11\/firefox_bERybUYmUR-150x150.png 150w, https:\/\/semmelweis.hu\/wiki\/files\/2020\/11\/firefox_bERybUYmUR-768x767.png 768w, https:\/\/semmelweis.hu\/wiki\/files\/2020\/11\/firefox_bERybUYmUR-753x752.png 753w, https:\/\/semmelweis.hu\/wiki\/files\/2020\/11\/firefox_bERybUYmUR.png 813w\" sizes=\"auto, (max-width: 450px) 100vw, 450px\" \/><br \/>\nMajd <strong>Create App<\/strong><\/p>\n<p>Ezut\u00e1n er\u0151s\u00edts\u00fck meg, hogy nem vagyunk robotok, \u00e9s <strong>Submit<\/strong> gomb.<\/p>\n<p>A fel\u00fcleten ami bet\u00f6lt keress\u00fck meg az al\u00e1bbi leg\u00f6rd\u00fcl\u0151 men\u00fct bal fel\u00fcl:<\/p>\n<p><img loading=\"lazy\" decoding=\"async\" class=\"alignnone wp-image-1925\" src=\"https:\/\/semmelweis.hu\/wiki\/files\/2020\/11\/test-app-230x300.png\" alt=\"\" width=\"450\" height=\"588\" srcset=\"https:\/\/semmelweis.hu\/wiki\/files\/2020\/11\/test-app-230x300.png 230w, https:\/\/semmelweis.hu\/wiki\/files\/2020\/11\/test-app-115x150.png 115w, https:\/\/semmelweis.hu\/wiki\/files\/2020\/11\/test-app.png 382w\" sizes=\"auto, (max-width: 450px) 100vw, 450px\" \/><\/p>\n<p>V\u00e1lasszuk a <strong>Create Test App<\/strong> gombot.<\/p>\n<p>A felugr\u00f3 ablakon adjunk neki egy nevet. (<em>Ez nem l\u00e9nyeges, lehet sim\u00e1n &#8222;teszt&#8221; a neve, vagy amit szeretn\u00e9nk, hogy k\u00e9s\u0151bb is tudjuk mit hoztunk l\u00e9tre<\/em>)<\/p>\n<p>N\u00e9v megad\u00e1sa ut\u00e1n <strong>Create Test App<\/strong>, majd megint er\u0151s\u00edts\u00fck meg, hogy nem vagyunk robotok \u00e9s <strong>Submit<\/strong> gomb.<\/p>\n<p><em>L\u00e9trehoztuk az alkalmaz\u00e1sunkat.<\/em><\/p>\n<p>Bal oldalt l\u00e1thatunk egy olyat, hogy <em><strong>Products<\/strong><\/em>, kattintsunk a mellette l\u00e9v\u0151 <strong><em>+ <\/em><\/strong>jelre. (Vagy egyszer\u0171en g\u00f6rgess\u00fck lejjebb az oldalt)<\/p>\n<p><img loading=\"lazy\" decoding=\"async\" class=\"alignnone size-full wp-image-1920\" src=\"https:\/\/semmelweis.hu\/wiki\/files\/2020\/11\/asd.png\" alt=\"\" width=\"266\" height=\"243\" srcset=\"https:\/\/semmelweis.hu\/wiki\/files\/2020\/11\/asd.png 266w, https:\/\/semmelweis.hu\/wiki\/files\/2020\/11\/asd-150x137.png 150w\" sizes=\"auto, (max-width: 266px) 100vw, 266px\" \/><\/p>\n<p>Ami kelleni fog nek\u00fcnk, az az <em><strong>Instagram Basic Display<\/strong><\/em>. Kattintsunk a <strong>Set Up<\/strong> gombra.<\/p>\n<p><img loading=\"lazy\" decoding=\"async\" class=\"alignnone wp-image-1927\" src=\"https:\/\/semmelweis.hu\/wiki\/files\/2020\/11\/basic-setup-300x238.png\" alt=\"\" width=\"400\" height=\"317\" srcset=\"https:\/\/semmelweis.hu\/wiki\/files\/2020\/11\/basic-setup-300x238.png 300w, https:\/\/semmelweis.hu\/wiki\/files\/2020\/11\/basic-setup-150x119.png 150w, https:\/\/semmelweis.hu\/wiki\/files\/2020\/11\/basic-setup-768x609.png 768w, https:\/\/semmelweis.hu\/wiki\/files\/2020\/11\/basic-setup-753x597.png 753w, https:\/\/semmelweis.hu\/wiki\/files\/2020\/11\/basic-setup.png 844w\" sizes=\"auto, (max-width: 400px) 100vw, 400px\" \/><\/p>\n<p>G\u00f6rgess\u00fcnk le, \u00e9s <strong>Create New App<\/strong> gomb. Ism\u00e9t k\u00e9rni fog egy nevet, a fontoss\u00e1ga ugyanaz mint az el\u0151z\u0151n\u00e9l. Ez nem jelenik meg sehol.<\/p>\n<p><strong>Create App<\/strong> gomb. \u00dajrat\u00f6lt\u00e9s ut\u00e1n ism\u00e9t g\u00f6rgess\u00fcnk lejjebb.<\/p>\n<p><span style=\"color: #ff0000;\"><em>MEGJEGYZ\u00c9S: Itt l\u00e1that\u00f3 egy <strong>Instagram App ID<\/strong>, \u00e9s egy <strong>Instagram App Secret<\/strong>. Ezt sose osszuk meg senkivel, maximum a fejleszt\u0151vel, ha sz\u00fcks\u00e9g lenne r\u00e1.<\/em><\/span><\/p>\n<p>G\u00f6rgess\u00fcnk le a <em><strong>User Token Generator<\/strong><\/em> r\u00e9szhez, \u00e9s kattintsunk az <strong>Add or Remove Instagram Testers<\/strong> gombra.<\/p>\n<p><img loading=\"lazy\" decoding=\"async\" class=\"alignnone wp-image-1921 size-large\" src=\"https:\/\/semmelweis.hu\/wiki\/files\/2020\/11\/token-1024x372.png\" alt=\"\" width=\"753\" height=\"274\" srcset=\"https:\/\/semmelweis.hu\/wiki\/files\/2020\/11\/token-1024x372.png 1024w, https:\/\/semmelweis.hu\/wiki\/files\/2020\/11\/token-300x109.png 300w, https:\/\/semmelweis.hu\/wiki\/files\/2020\/11\/token-150x54.png 150w, https:\/\/semmelweis.hu\/wiki\/files\/2020\/11\/token-768x279.png 768w, https:\/\/semmelweis.hu\/wiki\/files\/2020\/11\/token-753x273.png 753w, https:\/\/semmelweis.hu\/wiki\/files\/2020\/11\/token.png 1204w\" sizes=\"auto, (max-width: 753px) 100vw, 753px\" \/><\/p>\n<p>Lejjebb g\u00f6rgetve az <em><strong>Instagram Testers<\/strong><\/em> r\u00e9szn\u00e9l kattintsunk az <strong>Add Instagram Testers<\/strong> gombra.<\/p>\n<p><img loading=\"lazy\" decoding=\"async\" class=\"alignnone wp-image-1922 size-large\" src=\"https:\/\/semmelweis.hu\/wiki\/files\/2020\/11\/add_tester-1024x146.png\" alt=\"\" width=\"753\" height=\"107\" srcset=\"https:\/\/semmelweis.hu\/wiki\/files\/2020\/11\/add_tester-1024x146.png 1024w, https:\/\/semmelweis.hu\/wiki\/files\/2020\/11\/add_tester-300x43.png 300w, https:\/\/semmelweis.hu\/wiki\/files\/2020\/11\/add_tester-150x21.png 150w, https:\/\/semmelweis.hu\/wiki\/files\/2020\/11\/add_tester-768x109.png 768w, https:\/\/semmelweis.hu\/wiki\/files\/2020\/11\/add_tester-753x107.png 753w, https:\/\/semmelweis.hu\/wiki\/files\/2020\/11\/add_tester.png 1215w\" sizes=\"auto, (max-width: 753px) 100vw, 753px\" \/><\/p>\n<p>Itt adjuk hozz\u00e1 az Instagram profilt <em>amihez van a hozz\u00e1f\u00e9r\u00e9s\u00fcnk, \u00e9s aminek a posztjait szeretn\u00e9nk megjelen\u00edteni.<\/em><img loading=\"lazy\" decoding=\"async\" class=\"alignnone wp-image-1929\" src=\"https:\/\/semmelweis.hu\/wiki\/files\/2020\/11\/chrome_tVav9tN91W-300x113.png\" alt=\"\" width=\"400\" height=\"151\" srcset=\"https:\/\/semmelweis.hu\/wiki\/files\/2020\/11\/chrome_tVav9tN91W-300x113.png 300w, https:\/\/semmelweis.hu\/wiki\/files\/2020\/11\/chrome_tVav9tN91W-150x57.png 150w, https:\/\/semmelweis.hu\/wiki\/files\/2020\/11\/chrome_tVav9tN91W.png 587w\" sizes=\"auto, (max-width: 400px) 100vw, 400px\" \/><\/p>\n<p>Ezut\u00e1n az <em>Instagramon<\/em> el kell fogadnunk a felk\u00e9r\u00e9st a tesztel\u0151i szerepre.<br \/>\nAz itt megjelent sz\u00f6vegben l\u00e1that\u00f3 egy link, amire ha r\u00e1kattintunk, egyb\u0151l odavisz:<\/p>\n<p><img loading=\"lazy\" decoding=\"async\" class=\"alignnone wp-image-1930\" src=\"https:\/\/semmelweis.hu\/wiki\/files\/2020\/11\/chrome_BBXpitGyGq-300x38.png\" alt=\"\" width=\"500\" height=\"63\" srcset=\"https:\/\/semmelweis.hu\/wiki\/files\/2020\/11\/chrome_BBXpitGyGq-300x38.png 300w, https:\/\/semmelweis.hu\/wiki\/files\/2020\/11\/chrome_BBXpitGyGq-150x19.png 150w, https:\/\/semmelweis.hu\/wiki\/files\/2020\/11\/chrome_BBXpitGyGq-768x97.png 768w, https:\/\/semmelweis.hu\/wiki\/files\/2020\/11\/chrome_BBXpitGyGq-753x95.png 753w, https:\/\/semmelweis.hu\/wiki\/files\/2020\/11\/chrome_BBXpitGyGq.png 852w\" sizes=\"auto, (max-width: 500px) 100vw, 500px\" \/><\/p>\n<p>Egy\u00e9bk\u00e9nt pedig Instagramon jobb fel\u00fcl a <strong>kis k\u00e9p\u00fcnkre<\/strong> kattintunk -&gt; <strong>Be\u00e1ll\u00edt\u00e1sok<\/strong> men\u00fcpont -&gt; <strong>Alkalmaz\u00e1sok \u00e9s webhelyek<\/strong> f\u00fcl -&gt; <strong>Tesztel\u0151i megh\u00edv\u00e1sok<\/strong> f\u00fcl.<\/p>\n<p><img loading=\"lazy\" decoding=\"async\" class=\"alignnone wp-image-1931\" src=\"https:\/\/semmelweis.hu\/wiki\/files\/2020\/11\/test-inv-300x91.png\" alt=\"\" width=\"500\" height=\"151\" srcset=\"https:\/\/semmelweis.hu\/wiki\/files\/2020\/11\/test-inv-300x91.png 300w, https:\/\/semmelweis.hu\/wiki\/files\/2020\/11\/test-inv-1024x310.png 1024w, https:\/\/semmelweis.hu\/wiki\/files\/2020\/11\/test-inv-150x45.png 150w, https:\/\/semmelweis.hu\/wiki\/files\/2020\/11\/test-inv-768x233.png 768w, https:\/\/semmelweis.hu\/wiki\/files\/2020\/11\/test-inv-753x228.png 753w, https:\/\/semmelweis.hu\/wiki\/files\/2020\/11\/test-inv.png 1215w\" sizes=\"auto, (max-width: 500px) 100vw, 500px\" \/><\/p>\n<p>Fogadjuk el a felk\u00e9r\u00e9s\u00fcnket.<\/p>\n<p><em>Ezut\u00e1n vissza a Facebook fejleszt\u0151i oldalra.<\/em> Bal oldalt a term\u00e9kek k\u00f6zt <em><strong>Instagram Basic Display<\/strong><\/em> azon bel\u00fcl pedig a <em><strong>Basic Display<\/strong><\/em>-re kattintsunk.<\/p>\n<p><img loading=\"lazy\" decoding=\"async\" class=\"alignnone size-full wp-image-1936\" src=\"https:\/\/semmelweis.hu\/wiki\/files\/2020\/11\/IBD.png\" alt=\"\" width=\"272\" height=\"178\" srcset=\"https:\/\/semmelweis.hu\/wiki\/files\/2020\/11\/IBD.png 272w, https:\/\/semmelweis.hu\/wiki\/files\/2020\/11\/IBD-150x98.png 150w\" sizes=\"auto, (max-width: 272px) 100vw, 272px\" \/><\/p>\n<p>G\u00f6rgess\u00fcnk lejjebb megint a <em><strong>User Token Generator<\/strong> <\/em>r\u00e9szig, ez\u00fattal m\u00e1r l\u00e1tni fogjuk a hozz\u00e1k\u00f6t\u00f6tt Instagram profilt. <br \/>\nNyomjunk r\u00e1 a <strong>Generate Token<\/strong> gombra. J\u00f3v\u00e1 kell hagynunk a fi\u00f3kot amivel folytatni akarjuk, \u00e9s a k\u00f6vetkez\u0151 ablakon az <strong>Enged\u00e9lyez\u00e9s<\/strong>-re kattintani.<\/p>\n<p><img loading=\"lazy\" decoding=\"async\" class=\"alignnone wp-image-1933\" src=\"https:\/\/semmelweis.hu\/wiki\/files\/2020\/11\/chrome_9Uj4gDPG8K-300x117.png\" alt=\"\" width=\"500\" height=\"196\" srcset=\"https:\/\/semmelweis.hu\/wiki\/files\/2020\/11\/chrome_9Uj4gDPG8K-300x117.png 300w, https:\/\/semmelweis.hu\/wiki\/files\/2020\/11\/chrome_9Uj4gDPG8K-150x59.png 150w, https:\/\/semmelweis.hu\/wiki\/files\/2020\/11\/chrome_9Uj4gDPG8K-768x300.png 768w, https:\/\/semmelweis.hu\/wiki\/files\/2020\/11\/chrome_9Uj4gDPG8K-753x295.png 753w, https:\/\/semmelweis.hu\/wiki\/files\/2020\/11\/chrome_9Uj4gDPG8K.png 864w\" sizes=\"auto, (max-width: 500px) 100vw, 500px\" \/><\/p>\n<p>Meg is van a <em>kulcs<\/em>, ami kell az \u00f6sszek\u00f6t\u00e9shez. Pip\u00e1ljuk be az <strong>I Understand<\/strong> feliratot, \u00e9s kim\u00e1solhatjuk a k\u00f3dot. Erre szolg\u00e1l a <strong>Copy<\/strong> gomb is, ami a v\u00e1g\u00f3lapra m\u00e1solja az eg\u00e9szet.<\/p>\n<p>Ezut\u00e1n menj\u00fcnk a <em>WordPress oldalunk Vez\u00e9rl\u0151pultj\u00e1ra.<\/em><\/p>\n<p>Bal oldalt keress\u00fck meg az <em><strong>Instagram Feed<\/strong><\/em> men\u00fcpontot.<\/p>\n<p><img loading=\"lazy\" decoding=\"async\" class=\"alignnone wp-image-1934\" src=\"https:\/\/semmelweis.hu\/wiki\/files\/2020\/11\/connect-300x71.png\" alt=\"\" width=\"500\" height=\"118\" srcset=\"https:\/\/semmelweis.hu\/wiki\/files\/2020\/11\/connect-300x71.png 300w, https:\/\/semmelweis.hu\/wiki\/files\/2020\/11\/connect-1024x241.png 1024w, https:\/\/semmelweis.hu\/wiki\/files\/2020\/11\/connect-150x35.png 150w, https:\/\/semmelweis.hu\/wiki\/files\/2020\/11\/connect-768x181.png 768w, https:\/\/semmelweis.hu\/wiki\/files\/2020\/11\/connect-753x177.png 753w, https:\/\/semmelweis.hu\/wiki\/files\/2020\/11\/connect.png 1215w\" sizes=\"auto, (max-width: 500px) 100vw, 500px\" \/><\/p>\n<p>V\u00e1lasszuk a <strong>Manually connect an account<\/strong> lehet\u0151s\u00e9get, \u00e9s a megjelen\u0151 mez\u0151be m\u00e1soljuk be a <em>kulcsot<\/em>, majd az \u00fajabb megjelent mez\u0151be \u00edrjuk be az <em>Instagram fi\u00f3k felhaszn\u00e1l\u00f3nev\u00e9t.<\/em><br \/>\n\u00c9s v\u00e9g\u00fcl <strong>Connect this account<\/strong>.<\/p>\n<p>&nbsp;<\/p>\n","protected":false},"excerpt":{"rendered":"<p>API k\u00f3d Ig\u00e9nyelni kell egy k\u00f3dot, amihez sz\u00fcks\u00e9ges Facebook \u00e9s Instagram fi\u00f3k is, mindkett\u0151be jelentkezz\u00fcnk be az eg\u00e9sz folyamat el\u0151tt. Ezut\u00e1n, menj\u00fcnk a\u00a0 <a href=\"https:\/\/developers.facebook.com\/apps\/\">https:\/\/developers.facebook.com\/apps\/<\/a> oldalra. \u00daj alkalmaz\u00e1st kell l\u00e9trehoznunk, ehhez kattintsunk a Create App gombra: Ezut\u00e1n v\u00e1lasszuk a Manage Business Integrations men\u00fcpontot: Majd Continue Ezut\u00e1n meg kell adnunk az alkalmaz\u00e1s adatait. A k\u00e9t dolog ami fontos &hellip;<\/p>\n","protected":false},"author":12,"featured_media":0,"parent":951,"menu_order":20,"comment_status":"closed","ping_status":"closed","template":"","meta":{"_acf_changed":false,"footnotes":""},"categories":[],"tags":[],"class_list":["post-1909","page","type-page","status-publish","hentry"],"acf":[],"publishpress_future_action":{"enabled":false,"date":"1970-01-01 01:00:00","action":"","terms":[],"taxonomy":"","browser_timezone_offset":0},"_links":{"self":[{"href":"https:\/\/semmelweis.hu\/wiki\/wp-json\/wp\/v2\/pages\/1909","targetHints":{"allow":["GET"]}}],"collection":[{"href":"https:\/\/semmelweis.hu\/wiki\/wp-json\/wp\/v2\/pages"}],"about":[{"href":"https:\/\/semmelweis.hu\/wiki\/wp-json\/wp\/v2\/types\/page"}],"author":[{"embeddable":true,"href":"https:\/\/semmelweis.hu\/wiki\/wp-json\/wp\/v2\/users\/12"}],"replies":[{"embeddable":true,"href":"https:\/\/semmelweis.hu\/wiki\/wp-json\/wp\/v2\/comments?post=1909"}],"version-history":[{"count":10,"href":"https:\/\/semmelweis.hu\/wiki\/wp-json\/wp\/v2\/pages\/1909\/revisions"}],"predecessor-version":[{"id":3374,"href":"https:\/\/semmelweis.hu\/wiki\/wp-json\/wp\/v2\/pages\/1909\/revisions\/3374"}],"up":[{"embeddable":true,"href":"https:\/\/semmelweis.hu\/wiki\/wp-json\/wp\/v2\/pages\/951"}],"wp:attachment":[{"href":"https:\/\/semmelweis.hu\/wiki\/wp-json\/wp\/v2\/media?parent=1909"}],"wp:term":[{"taxonomy":"category","embeddable":true,"href":"https:\/\/semmelweis.hu\/wiki\/wp-json\/wp\/v2\/categories?post=1909"},{"taxonomy":"post_tag","embeddable":true,"href":"https:\/\/semmelweis.hu\/wiki\/wp-json\/wp\/v2\/tags?post=1909"}],"curies":[{"name":"wp","href":"https:\/\/api.w.org\/{rel}","templated":true}]}}