{"id":1873,"date":"2020-07-30T14:28:09","date_gmt":"2020-07-30T12:28:09","guid":{"rendered":"https:\/\/semmelweis.hu\/wiki\/?page_id=1873"},"modified":"2025-05-27T15:54:19","modified_gmt":"2025-05-27T13:54:19","slug":"oldalterkep","status":"publish","type":"page","link":"https:\/\/semmelweis.hu\/wiki\/tartalom-kezeles\/oldalterkep\/","title":{"rendered":"Oldalt\u00e9rk\u00e9p + oldal elrejt\u00e9se"},"content":{"rendered":"<p>A <strong>honlapt\u00e9rk\u00e9p (sitemap)<\/strong> egy adott honlapon k\u00f6zz\u00e9tett \u00f6sszes oldal t\u00edpus\u00fa tartalmat kilist\u00e1zza, a be\u00e1ll\u00edtott hierarchia (Sz\u00fcl\u0151 oldalak \u2192 aloldalak \u00e9s sorrend) szerint. Ez a funkci\u00f3 a keres\u0151robotokat \u00e9s a felolvas\u00f3 programokat seg\u00edti a weboldalunk gyors felm\u00e9r\u00e9s\u00e9ben.\u00a0<\/p>\n<p>Az egyetemi honlapokon a sitemap a l\u00e1bl\u00e9c\u00e9b\u0151l \u00e9rhet\u0151 el link form\u00e1ban\u00a0 &#8222;<em><strong>Honlapt\u00e9rk\u00e9p<\/strong><\/em>&#8221; n\u00e9ven (l\u00e1sd k\u00e9p).<br \/>\n\u00cdgy l\u00e1that\u00f3 az oldalak alj\u00e1n (kattint\u00e1sra nagyobb m\u00e9retben megtekinthet\u0151).\u00a0<\/p>\n<p><a href=\"https:\/\/semmelweis.hu\/wiki\/files\/2022\/03\/honlapterkep_1.jpg\"><img loading=\"lazy\" decoding=\"async\" class=\"wp-image-2177 size-large aligncenter\" src=\"https:\/\/semmelweis.hu\/wiki\/files\/2022\/03\/honlapterkep_1-1024x67.jpg\" alt=\"\" width=\"753\" height=\"49\" srcset=\"https:\/\/semmelweis.hu\/wiki\/files\/2022\/03\/honlapterkep_1-1024x67.jpg 1024w, https:\/\/semmelweis.hu\/wiki\/files\/2022\/03\/honlapterkep_1-400x26.jpg 400w, https:\/\/semmelweis.hu\/wiki\/files\/2022\/03\/honlapterkep_1-150x10.jpg 150w, https:\/\/semmelweis.hu\/wiki\/files\/2022\/03\/honlapterkep_1-768x50.jpg 768w, https:\/\/semmelweis.hu\/wiki\/files\/2022\/03\/honlapterkep_1-753x49.jpg 753w, https:\/\/semmelweis.hu\/wiki\/files\/2022\/03\/honlapterkep_1.jpg 1200w\" sizes=\"auto, (max-width: 753px) 100vw, 753px\" \/><\/a><\/p>\n<p>Az oldalra \u00e9rkezve a rendszer kilist\u00e1zza nek\u00fcnk a k\u00f6zz\u00e9tett sz\u00fcl\u0151 oldalakat \u00e9s azok aloldalait vagy a megadott sorrendben, vagy ennek hi\u00e1ny\u00e1ban abc sorrendben. FONTOS! A j\u00f3 sitemap a manu\u00e1lisan be\u00e1ll\u00edtott fenti men\u00fcszerkezet\u00fcnket t\u00fckr\u00f6zi. A honlapt\u00e9rk\u00e9p\u00fcnk az \u00f6sszes k\u00f6zz\u00e9tett oldalt meg fogja mutatni f\u00fcggetlen\u00fcl att\u00f3l, hogy mi felhaszn\u00e1ljuk ezt a men\u00fcben, vagy sem, \u00e9s \u00e9pp ez\u00e9rt a keres\u0151robotok (pl. Google, Bing, stb.) is meg fogj\u00e1k tal\u00e1lni &#8211; ez\u00e9rt kell a m\u00e1r nem haszn\u00e1lt, elavult oldalakat a lomt\u00e1rba helyezni.<\/p>\n<p>Egy honlapt\u00e9rk\u00e9p hierarchia k\u00e9pe (kattint\u00e1sra nagyobb m\u00e9retben megtekinthet\u0151):\u00a0<\/p>\n<p><img loading=\"lazy\" decoding=\"async\" class=\"size-full wp-image-1876 aligncenter\" src=\"https:\/\/semmelweis.hu\/wiki\/files\/2020\/07\/firefox_7tKCUY9auP.png\" alt=\"\" width=\"606\" height=\"431\" srcset=\"https:\/\/semmelweis.hu\/wiki\/files\/2020\/07\/firefox_7tKCUY9auP.png 606w, https:\/\/semmelweis.hu\/wiki\/files\/2020\/07\/firefox_7tKCUY9auP-300x213.png 300w, https:\/\/semmelweis.hu\/wiki\/files\/2020\/07\/firefox_7tKCUY9auP-150x107.png 150w\" sizes=\"auto, (max-width: 606px) 100vw, 606px\" \/><\/p>\n<h4><strong>Oldal elrejt\u00e9se az oldalt\u00e9rk\u00e9pr\u0151l:<\/strong><\/h4>\n<p>Amennyiben a l\u00e9trehozott oldalunkat szeretn\u00e9nk elrejteni a sitemapr\u0151l (\u00e9s a robotok el\u0151l), a k\u00f6vetkez\u0151ket kell tenni:<br \/>\nL\u00e9pj\u00fcnk be az oldal szerkeszt\u00e9s\u00e9re szolg\u00e1l\u00f3 fel\u00fcletre, majd g\u00f6rgess\u00fcnk lejjebb az &#8222;<em><strong>Egyedi mez\u0151k<\/strong><\/em>&#8221; r\u00e9szhez.<\/p>\n<p>Ha ezt nem l\u00e1tjuk, g\u00f6rgess\u00fcnk az oldal tetej\u00e9re, \u00e9s jobb fel\u00fcl kattintsunk a &#8222;<strong>K\u00e9perny\u0151 opci\u00f3k<\/strong>&#8221; (r\u00e9gebben <em>Mit l\u00e1ssunk?<\/em>) leny\u00edl\u00f3 lehet\u0151s\u00e9gre, majd pip\u00e1ljuk be az &#8222;<em><strong>Egyedi mez\u0151k<\/strong><\/em>&#8221; mellett tal\u00e1lhat\u00f3 n\u00e9gyzetet.<\/p>\n<p><a href=\"https:\/\/semmelweis.hu\/wiki\/files\/2020\/07\/firefox_o55MUcarZs.png\"><img loading=\"lazy\" decoding=\"async\" class=\"wp-image-1877 size-large aligncenter\" src=\"https:\/\/semmelweis.hu\/wiki\/files\/2020\/07\/firefox_o55MUcarZs-1024x164.png\" alt=\"\" width=\"753\" height=\"121\" srcset=\"https:\/\/semmelweis.hu\/wiki\/files\/2020\/07\/firefox_o55MUcarZs-1024x164.png 1024w, https:\/\/semmelweis.hu\/wiki\/files\/2020\/07\/firefox_o55MUcarZs-300x48.png 300w, https:\/\/semmelweis.hu\/wiki\/files\/2020\/07\/firefox_o55MUcarZs-150x24.png 150w, https:\/\/semmelweis.hu\/wiki\/files\/2020\/07\/firefox_o55MUcarZs-768x123.png 768w, https:\/\/semmelweis.hu\/wiki\/files\/2020\/07\/firefox_o55MUcarZs-1536x246.png 1536w, https:\/\/semmelweis.hu\/wiki\/files\/2020\/07\/firefox_o55MUcarZs-753x121.png 753w, https:\/\/semmelweis.hu\/wiki\/files\/2020\/07\/firefox_o55MUcarZs.png 1680w\" sizes=\"auto, (max-width: 753px) 100vw, 753px\" \/><\/a><\/p>\n<p>Ha ez megvan, lejjebb g\u00f6rgetve, most m\u00e1r l\u00e1that\u00f3v\u00e1 v\u00e1lt az &#8222;<em><strong>Egyedi mez\u0151k<\/strong><\/em>&#8221; be\u00e1ll\u00edt\u00e1sa.<\/p>\n<p>Itt az &#8222;<em><strong>\u00daj egyedi mez\u0151 hozz\u00e1ad\u00e1sa<\/strong><\/em>&#8221; r\u00e9szen v\u00e1lasszuk az &#8222;<em><strong>\u00daj megad\u00e1sa<\/strong><\/em>&#8221; lehet\u0151s\u00e9get.<br \/>\n<em><strong>N\u00e9v<\/strong><\/em>nek ezt kell megadni:<br \/>\n<em><strong>hide_in_sitemap<\/strong><\/em><br \/>\n<em><strong>\u00c9rt\u00e9k<\/strong><\/em>nek pedig ezt:<br \/>\n<em><strong>1<\/strong><\/em><\/p>\n<p>Majd az &#8222;Egy\u00e9ni mez\u0151 hozz\u00e1ad\u00e1sa&#8221; gombbal, \u00e9s v\u00e9g\u00fcl a Friss\u00edt\u00e9s gombbal, m\u00e1r el is rejtett\u00fck az oldalt a honlapt\u00e9rk\u00e9pr\u0151l.<\/p>\n","protected":false},"excerpt":{"rendered":"<p>A honlapt\u00e9rk\u00e9p (sitemap) egy adott honlapon k\u00f6zz\u00e9tett \u00f6sszes oldal t\u00edpus\u00fa tartalmat kilist\u00e1zza, a be\u00e1ll\u00edtott hierarchia (Sz\u00fcl\u0151 oldalak \u2192 aloldalak \u00e9s sorrend) szerint. Ez a funkci\u00f3 a keres\u0151robotokat \u00e9s a felolvas\u00f3 programokat seg\u00edti a weboldalunk gyors felm\u00e9r\u00e9s\u00e9ben.\u00a0 Az egyetemi honlapokon a sitemap a l\u00e1bl\u00e9c\u00e9b\u0151l \u00e9rhet\u0151 el link form\u00e1ban\u00a0 &#8222;Honlapt\u00e9rk\u00e9p&#8221; n\u00e9ven (l\u00e1sd k\u00e9p). \u00cdgy l\u00e1that\u00f3 az oldalak &hellip;<\/p>\n","protected":false},"author":12,"featured_media":0,"parent":949,"menu_order":13,"comment_status":"closed","ping_status":"closed","template":"","meta":{"_acf_changed":false,"footnotes":""},"categories":[],"tags":[],"class_list":["post-1873","page","type-page","status-publish","hentry"],"acf":[],"publishpress_future_action":{"enabled":false,"date":"1970-01-01 01:00:00","action":"","terms":[],"taxonomy":"","browser_timezone_offset":0},"_links":{"self":[{"href":"https:\/\/semmelweis.hu\/wiki\/wp-json\/wp\/v2\/pages\/1873","targetHints":{"allow":["GET"]}}],"collection":[{"href":"https:\/\/semmelweis.hu\/wiki\/wp-json\/wp\/v2\/pages"}],"about":[{"href":"https:\/\/semmelweis.hu\/wiki\/wp-json\/wp\/v2\/types\/page"}],"author":[{"embeddable":true,"href":"https:\/\/semmelweis.hu\/wiki\/wp-json\/wp\/v2\/users\/12"}],"replies":[{"embeddable":true,"href":"https:\/\/semmelweis.hu\/wiki\/wp-json\/wp\/v2\/comments?post=1873"}],"version-history":[{"count":10,"href":"https:\/\/semmelweis.hu\/wiki\/wp-json\/wp\/v2\/pages\/1873\/revisions"}],"predecessor-version":[{"id":2382,"href":"https:\/\/semmelweis.hu\/wiki\/wp-json\/wp\/v2\/pages\/1873\/revisions\/2382"}],"up":[{"embeddable":true,"href":"https:\/\/semmelweis.hu\/wiki\/wp-json\/wp\/v2\/pages\/949"}],"wp:attachment":[{"href":"https:\/\/semmelweis.hu\/wiki\/wp-json\/wp\/v2\/media?parent=1873"}],"wp:term":[{"taxonomy":"category","embeddable":true,"href":"https:\/\/semmelweis.hu\/wiki\/wp-json\/wp\/v2\/categories?post=1873"},{"taxonomy":"post_tag","embeddable":true,"href":"https:\/\/semmelweis.hu\/wiki\/wp-json\/wp\/v2\/tags?post=1873"}],"curies":[{"name":"wp","href":"https:\/\/api.w.org\/{rel}","templated":true}]}}