{"id":1868,"date":"2020-07-28T11:00:33","date_gmt":"2020-07-28T09:00:33","guid":{"rendered":"https:\/\/semmelweis.hu\/wiki\/?page_id=1868"},"modified":"2026-03-26T15:02:34","modified_gmt":"2026-03-26T14:02:34","slug":"iframe-hasznalata","status":"publish","type":"page","link":"https:\/\/semmelweis.hu\/wiki\/tartalom-kezeles\/iframe-hasznalata\/","title":{"rendered":"iframe haszn\u00e1lata"},"content":{"rendered":"<div class=\"keretes w-100\">\n<p><strong>Az iframe<\/strong> jellemz\u0151en k\u00fcls\u0151 weboldalak \u00e1ltal ny\u00fajtott szolg\u00e1ltat\u00e1sok pl. t\u00e9rk\u00e9pek, kiadv\u00e1nylapoz\u00f3k, egyes vide\u00f3k (YouTube nem! &#8211; a vide\u00f3k be\u00e1gyaz\u00e1s\u00e1r\u00f3l <strong><a href=\"https:\/\/semmelweis.hu\/wiki\/tartalom-kezeles\/video-beagyazas\/\">itt olvashat<\/a> <\/strong>r\u00e9szletesen.) <strong>be\u00e1gyaz\u00e1s\u00e1hoz haszn\u00e1lt HTML tag<\/strong>.\u00a0<\/p>\n<\/div>\n<p><strong>A szolg\u00e1ltat\u00f3 weboldalak k\u00e9szen adj\u00e1k a teljes k\u00f3dot, amit \u00e1ltal\u00e1ban a Share vagy Megoszt\u00e1s \u2192 Embed f\u00fclben lehet kim\u00e1solni. <\/strong>A kapott k\u00f3dot minden esetbena\u00a0 HTML (text) f\u00fclben kell a megfelel\u0151 helyre beilleszteni egy teljesen \u00f6n\u00e1ll\u00f3 bekezd\u00e9sbe.\u00a0<\/p>\n<h4><strong>A kim\u00e1solhat\u00f3 html k\u00f3d\u00a0<\/strong><\/h4>\n<p><strong><span style=\"color: #ff0000\">&lt;<\/span><\/strong>iframe src=&#8221;https:\/\/www.google.com\/maps\/embed?pb=!1m18!1m12!1m3!1d2696.129753350621!2d19.065216315512064!3d47.487385604199154!2m3!1f0!2f0!3f0!3m2!1i1024!2i768!4f13.1!3m3!1m2!1s0x4741dc59ea3ba3cd%3A0xa255183ce04f11de!2sSemmelweis%20Egyetem%20%C3%81ltal%C3%A1nos%20Orvostudom%C3%A1nyi%20Kar!5e0!3m2!1sen!2shu!4v1665046340765!5m2!1sen!2shu&#8221; width=&#8221;600&#8243; height=&#8221;450&#8243; style=&#8221;border:0;&#8221;<strong><span style=\"color: #ff0000\">&gt;&lt;\/iframe&gt;<\/span><\/strong><\/p>\n<p>Az <strong>src<\/strong> (vagyis source = forr\u00e1s) r\u00e9szben a konkr\u00e9t <strong>tartalom linkje szerepel<\/strong>, m\u00edg a tov\u00e1bbiakban a form\u00e1z\u00e1st lehet m\u00f3dos\u00edtani.\u00a0 <strong>A sz\u00e9less\u00e9get \u00e9rdemes sz\u00e1zal\u00e9kra m\u00f3dos\u00edtani<\/strong> (100% vagy amit szeretn\u00e9nk), mert \u00edgy a k\u00e9perny\u0151 m\u00e9ret\u00e9t\u0151l f\u00fcggetlen\u00fcl (pl. mobilm\u00e9ret) mindig azonos ar\u00e1nyban jelenik meg a be\u00e1gyazott tartalom. Az iframe-hez haszn\u00e1lhat\u00f3 tov\u00e1bbi attrib\u00fatumok list\u00e1ja el\u00e9rhet\u0151 <a href=\"https:\/\/www.w3schools.com\/tags\/tag_iframe.asp\">ezen az oldalon<\/a>, lejjebb g\u00f6rgetve.<\/p>\n","protected":false},"excerpt":{"rendered":"<p>Az iframe jellemz\u0151en k\u00fcls\u0151 weboldalak \u00e1ltal ny\u00fajtott szolg\u00e1ltat\u00e1sok pl. t\u00e9rk\u00e9pek, kiadv\u00e1nylapoz\u00f3k, egyes vide\u00f3k (YouTube nem! &#8211; a vide\u00f3k be\u00e1gyaz\u00e1s\u00e1r\u00f3l <a href=\"https:\/\/semmelweis.hu\/wiki\/tartalom-kezeles\/video-beagyazas\/\">itt olvashat<\/a> r\u00e9szletesen.) be\u00e1gyaz\u00e1s\u00e1hoz haszn\u00e1lt HTML tag.\u00a0 A szolg\u00e1ltat\u00f3 weboldalak k\u00e9szen adj\u00e1k a teljes k\u00f3dot, amit \u00e1ltal\u00e1ban a Share vagy Megoszt\u00e1s \u2192 Embed f\u00fclben lehet kim\u00e1solni. A kapott k\u00f3dot minden esetbena\u00a0 HTML (text) f\u00fclben kell a megfelel\u0151 helyre &hellip;<\/p>\n","protected":false},"author":12,"featured_media":0,"parent":949,"menu_order":11,"comment_status":"closed","ping_status":"closed","template":"template-fullwidth.php","meta":{"_acf_changed":false,"footnotes":""},"categories":[],"tags":[],"class_list":["post-1868","page","type-page","status-publish","hentry"],"acf":[],"publishpress_future_action":{"enabled":false,"date":"1970-01-01 01:00:00","action":"","terms":[],"taxonomy":"","browser_timezone_offset":0},"_links":{"self":[{"href":"https:\/\/semmelweis.hu\/wiki\/wp-json\/wp\/v2\/pages\/1868","targetHints":{"allow":["GET"]}}],"collection":[{"href":"https:\/\/semmelweis.hu\/wiki\/wp-json\/wp\/v2\/pages"}],"about":[{"href":"https:\/\/semmelweis.hu\/wiki\/wp-json\/wp\/v2\/types\/page"}],"author":[{"embeddable":true,"href":"https:\/\/semmelweis.hu\/wiki\/wp-json\/wp\/v2\/users\/12"}],"replies":[{"embeddable":true,"href":"https:\/\/semmelweis.hu\/wiki\/wp-json\/wp\/v2\/comments?post=1868"}],"version-history":[{"count":10,"href":"https:\/\/semmelweis.hu\/wiki\/wp-json\/wp\/v2\/pages\/1868\/revisions"}],"predecessor-version":[{"id":3166,"href":"https:\/\/semmelweis.hu\/wiki\/wp-json\/wp\/v2\/pages\/1868\/revisions\/3166"}],"up":[{"embeddable":true,"href":"https:\/\/semmelweis.hu\/wiki\/wp-json\/wp\/v2\/pages\/949"}],"wp:attachment":[{"href":"https:\/\/semmelweis.hu\/wiki\/wp-json\/wp\/v2\/media?parent=1868"}],"wp:term":[{"taxonomy":"category","embeddable":true,"href":"https:\/\/semmelweis.hu\/wiki\/wp-json\/wp\/v2\/categories?post=1868"},{"taxonomy":"post_tag","embeddable":true,"href":"https:\/\/semmelweis.hu\/wiki\/wp-json\/wp\/v2\/tags?post=1868"}],"curies":[{"name":"wp","href":"https:\/\/api.w.org\/{rel}","templated":true}]}}