{"id":1833,"date":"2020-06-24T15:37:49","date_gmt":"2020-06-24T13:37:49","guid":{"rendered":"https:\/\/semmelweis.hu\/wiki\/?page_id=1833"},"modified":"2025-10-21T10:06:43","modified_gmt":"2025-10-21T08:06:43","slug":"appointment-hour-booking-hasznalata-beallitasoke-mailadmin","status":"publish","type":"page","link":"https:\/\/semmelweis.hu\/wiki\/kiegeszito-eszkozok\/appointment-hour-booking-hasznalata-beallitasoke-mailadmin\/","title":{"rendered":"Appointment Hour Booking haszn\u00e1lata (be\u00e1ll\u00edt\u00e1sok,e-mail,admin)"},"content":{"rendered":"<div class=\"keretes w-100\">\n<p><strong><span style=\"color: #ff6600;\">Figyelem!<\/span> <\/strong>Az al\u00e1bbiakban a WordPressben haszn\u00e1lt r\u00e9gi foglal\u00f3rendszer le\u00edr\u00e1sa olvashat\u00f3 \u2013 helyette javasolt az O365-ben el\u00e9rhet\u0151 <a href=\"https:\/\/book.ms\" target=\"_blank\" rel=\"noopener\"><strong>Bookings<\/strong><\/a> alkalmaz\u00e1s haszn\u00e1lata.<\/p>\n<ul>\n<li><strong><a href=\"https:\/\/semmelweis.hu\/wiki\/kiegeszito-eszkozok\/appointment-hour-booking-hasznalata-beallitasoke-mailadmin\/\">Appointment Hour Booking haszn\u00e1lata (be\u00e1ll\u00edt\u00e1sok, e-mail,admin)<\/a> <\/strong>&#8211; MOST EZEN AZ OLDALON \u00c1LLUNK<\/li>\n<li><a href=\"https:\/\/semmelweis.hu\/wiki\/kiegeszito-eszkozok\/appointment-hour-booking-hasznalata-kezeles\/\">Appointment Hour Booking haszn\u00e1lata (kezel\u00e9s)<\/a><\/li>\n<li><a href=\"https:\/\/semmelweis.hu\/wiki\/kiegeszito-eszkozok\/appointment-hour-booking-hasznalata-naptar-szerkesztese\/\">Appointment Hour Booking haszn\u00e1lata (napt\u00e1r szerkeszt\u00e9se)<\/a><\/li>\n<\/ul>\n<\/div>\n<p>El\u0151sz\u00f6r is a legf\u0151bb lehet\u0151s\u00e9gek, amik az Admin sz\u00e1m\u00e1ra megjelennek, a napt\u00e1r m\u00e9g nagyobb fok\u00fa m\u00f3dos\u00edt\u00e1sai:<\/p>\n<p><img loading=\"lazy\" decoding=\"async\" class=\"alignnone size-full wp-image-1839\" src=\"https:\/\/semmelweis.hu\/wiki\/files\/2020\/06\/chrome_g3MYpZWbY9.png\" alt=\"admin buttons\" width=\"1027\" height=\"72\" srcset=\"https:\/\/semmelweis.hu\/wiki\/files\/2020\/06\/chrome_g3MYpZWbY9.png 1027w, https:\/\/semmelweis.hu\/wiki\/files\/2020\/06\/chrome_g3MYpZWbY9-300x21.png 300w, https:\/\/semmelweis.hu\/wiki\/files\/2020\/06\/chrome_g3MYpZWbY9-1024x72.png 1024w, https:\/\/semmelweis.hu\/wiki\/files\/2020\/06\/chrome_g3MYpZWbY9-150x11.png 150w, https:\/\/semmelweis.hu\/wiki\/files\/2020\/06\/chrome_g3MYpZWbY9-768x54.png 768w, https:\/\/semmelweis.hu\/wiki\/files\/2020\/06\/chrome_g3MYpZWbY9-753x53.png 753w\" sizes=\"auto, (max-width: 1027px) 100vw, 1027px\" \/><\/p>\n<p><strong>Rename<\/strong>: \u00c1tnevez\u00e9s. Miut\u00e1n be\u00edrtuk a mez\u0151be az \u00faj nevet, a &#8222;Rename&#8221; gombra kattintva \u00e1tnevezi. Ha nem nyomunk r\u00e1, az eredeti marad. <br \/>\n<strong>Publish<\/strong>: ??<\/p>\n<p><strong>Clone<\/strong>: A napt\u00e1rb\u00f3l egy m\u00e1solat k\u00e9sz\u00edt\u00e9se. Ha egy megl\u00e9v\u0151h\u00f6z nagyon hasonl\u00f3 be\u00e1ll\u00edt\u00e1sokkal rendelkez\u0151 napt\u00e1rat szeretn\u00e9nk, ez lem\u00e1solja annak minden be\u00e1ll\u00edt\u00e1s\u00e1t, \u00edgy el\u00e9g lehet n\u00e9h\u00e1ny apr\u00f3 v\u00e1ltoztat\u00e1s, nem kell null\u00e1r\u00f3l indulni.<\/p>\n<p><strong>Delete:<\/strong> A napt\u00e1r <strong><span style=\"color: #ff0000;\">V\u00c9GLEGES<\/span> <\/strong>t\u00f6rl\u00e9se.<\/p>\n<p>A napt\u00e1r tov\u00e1bbi be\u00e1ll\u00edt\u00e1sait az al\u00e1bbi f\u00fclek egyik\u00e9n tal\u00e1lja:<\/p>\n<div class=\"responsive-tabs\">\n<h2 class=\"tabtitle\">General Settings(napt\u00e1r)<\/h2>\n<div class=\"tabcontent\">\n\n<h3 class=\"hndle\">Confirmation \/ Thank you page<\/h3>\n<p>Az itt megadott linkre fogja k\u00fcldeni a felhaszn\u00e1l\u00f3t a sikeres foglal\u00e1s ut\u00e1n.<\/p>\n<h3 class=\"hndle\">Booking Status<\/h3>\n<p>Default status of new bookings \/ paid bookings<\/p>\n<p>Be\u00e1ll\u00edthatjuk az \u00faj\/fizetett foglal\u00e1sok alap\u00e9rtelmezett \u00e1llapot\u00e1t. (Ami lehet f\u00fcgg\u0151ben, j\u00f3v\u00e1hagyott, elutas\u00edtott,stb.)<\/p>\n<h3 class=\"hndle\">Global Calendar Settings<\/h3>\n<p><strong>Date Format:<\/strong> A d\u00e1tum form\u00e1tuma. alap\u00e9rtelmezetten mm\/dd\/yy vagyis h\u00f3nap\/nap\/\u00e9v.<\/p>\n<p><strong>Calendar Language<\/strong>: Napt\u00e1r nyelve. \u00c9rdemes &#8222;auto-detect&#8221;-en hagyni, \u00edgy automatikusan az a nyelv fog megjelenni, amilyen nyelven az oldalt n\u00e9zik, ha van hozz\u00e1 ford\u00edt\u00e1s.<\/p>\n<p><strong>Include appointment end-time in the confirmation emails?:<\/strong> A visszaigazol\u00f3 e-mailben a foglal\u00e1s befejez\u0151 id\u0151pontja is szerepeljen-e.<\/p>\n<h3 class=\"hndle\">Users with access to the messages list<\/h3>\n<p>Az itt l\u00e1that\u00f3 list\u00e1b\u00f3l kiv\u00e1laszthatjuk azokat akiknek jogosults\u00e1ga van megtekinteni a napt\u00e1rat.<\/p>\n<p><strong>Allow selected users access also to the calendar settings?<\/strong>: Ezt kell &#8222;Yes&#8221;-re \u00e1ll\u00edtani, hogy a megadott felhaszn\u00e1l\u00f3k szerkeszthess\u00e9k is a napt\u00e1rat.<\/p>\n\n<\/div><h2 class=\"tabtitle\">Visszaigazol\u00f3 e-mailek<\/h2>\n<div class=\"tabcontent\">\n\n<p>Itt \u00e1ll\u00edthatjuk be a visszaigazol\u00f3 e-mailek sz\u00f6veg\u00e9t \u00e9s form\u00e1tum\u00e1t:<\/p>\n<h3 class=\"hndle\"><em><span style=\"font-size: 14pt;\"><strong>From \/ To Email Addresses:<\/strong><\/span><\/em><\/h3>\n<p><strong>Send email &#8222;From:<\/strong> Ezt hagyjuk az aj\u00e1nlott be\u00e1ll\u00edt\u00e1son (Recommended option), mert a lejjebb megadott e-mail c\u00edmr\u0151l fog kimenni az e-mail.<\/p>\n<p><strong>&#8222;From&#8221; email (for fixed &#8222;from&#8221; addresses):<\/strong> Ez lesz a Felad\u00f3 a visszaigazol\u00e1skor<\/p>\n<p><strong>Send email &#8222;To&#8221;:<\/strong> Ha a kezel\u0151nek is szeretn\u00e9nk visszaigazol\u00e1st k\u00fcldeni arr\u00f3l, hogy foglaltak id\u0151pontot, azt erre a c\u00edmre fogja k\u00fcldeni a rendszer.<\/p>\n<p><strong>Destination emails (comma separated):<\/strong> Itt adjuk meg azoknak a c\u00edm\u00e9t akik visszaigazol\u00e1st k\u00edv\u00e1nnak kapni a foglal\u00e1sokr\u00f3l. Ha <strong>t\u00f6bb c\u00edmet<\/strong> adunk meg,<strong> vessz\u0151vel v\u00e1lasszuk<\/strong> <strong>el<\/strong> \u0151ket.<\/p>\n<h3 class=\"hndle\"><span style=\"font-size: 14pt;\"><em><strong>Email Notification to Website Administrator:<\/strong><\/em><\/span><\/h3>\n<p>Az oldal kezel\u0151inek k\u00fcld\u00f6tt e-mail be\u00e1ll\u00edt\u00e1sai<\/p>\n<p>Itt fontos a napt\u00e1rban tal\u00e1lhat\u00f3 mez\u0151kn\u00e9l a &#8222;<strong>Field name, tag for the message:<\/strong>&#8221; adat. Az ott l\u00e9v\u0151 &lt;% %&gt; jelekkel k\u00f6rbevett k\u00f3dot bem\u00e1solva, beilleszthetj\u00fck onnan az inform\u00e1ci\u00f3t. Ha a vezet\u00e9kn\u00e9v a &lt;%fieldname2%&gt; \u00e9s a Keresztn\u00e9v a &lt;%fieldname3%&gt;, akkor a t\u00e1rgyba, vagy az \u00fczenet sz\u00f6veg\u00e9be IS \u00edrhatjuk, hogy Kedves &lt;%fieldname2%&gt; &lt;%fieldname3%&gt;!<\/p>\n<p>Ekkor behelyettes\u00edti a felhaszn\u00e1l\u00f3 \u00e1ltal be\u00edrt adatokat ezek hely\u00e9re. <br \/>\nVezet\u00e9kn\u00e9v: &#8222;Mezei&#8221;, Keresztn\u00e9v: &#8222;Vir\u00e1g&#8221; adatok eset\u00e9n \u00edgy fog kezd\u0151dni az \u00fczenet: &#8222;Kedves Mezei Vir\u00e1g!&#8221;.<\/p>\n<p>Email subject: e-mail t\u00e1rgya.<\/p>\n<p><strong>Include additional information?: <\/strong>Ha Yes-re \u00e1ll\u00edtjuk, az IP c\u00edmet \u00e9s a szerver id\u0151t is bele\u00edrja az e-mailbe a k\u00f6vetkez\u0151 form\u00e1ban:<strong><br \/>\n<\/strong><\/p>\n<p><img loading=\"lazy\" decoding=\"async\" class=\"alignnone size-full wp-image-1845\" src=\"https:\/\/semmelweis.hu\/wiki\/files\/2020\/06\/grpwise_Z59N5rx7rK.png\" alt=\"plusz infok\" width=\"262\" height=\"96\" srcset=\"https:\/\/semmelweis.hu\/wiki\/files\/2020\/06\/grpwise_Z59N5rx7rK.png 262w, https:\/\/semmelweis.hu\/wiki\/files\/2020\/06\/grpwise_Z59N5rx7rK-150x55.png 150w\" sizes=\"auto, (max-width: 262px) 100vw, 262px\" \/><\/p>\n<p>Email format?: Lev\u00e9l form\u00e1tuma. Egyszer\u0171 sz\u00f6veg lehet, vagy HTML, ha honlap szer\u0171en HTML k\u00f3ddal form\u00e1zn\u00e1nk.<\/p>\n<p>Message: Maga az \u00fczenet tartalma. Ha nem akarjuk az adatokat k\u00fcl\u00f6n, k\u00fcl\u00f6n beillesztgetni, a &lt;%INFO%&gt; k\u00f3d, egy foglal\u00e1s \u00f6sszes adat\u00e1t tartalmazza.<\/p>\n<h3 class=\"hndle\"><span style=\"font-size: 14pt;\"><strong>Email Copy to the User \/ Customer<\/strong><\/span><\/h3>\n<p>Visszaigazol\u00f3 lev\u00e9l a felhaszn\u00e1l\u00f3nak<\/p>\n<p>Send confirmation\/thank you message to user?: Legyen Yes, ha akarunk ilyen visszaigazol\u00f3 e-mailt k\u00fcldeni neki.<\/p>\n<p>Email field on the form: Melyik mez\u0151be \u00edrt e-mail c\u00edmre k\u00fcldj\u00fck. (Alap esetben csak egy ilyen van)<\/p>\n<p>Email subject, Email format?, Message.<br \/>\nEzek ugyanazok mint a fentin\u00e9l: T\u00e1rgy, form\u00e1tum, \u00e9s \u00fczenet.<\/p>\n\n<\/div><h2 class=\"tabtitle\">Antispam(Captcha)<\/h2>\n<div class=\"tabcontent\">\n\n<p>Itt \u00e1ll\u00edthatjuk be, a &#8222;robotok&#8221; ellen v\u00e9dekez\u0151 k\u00e9pi k\u00f3dot.<\/p>\n<p><strong>Use Captcha Verification?:<\/strong> Be \u00e9s kikapcsolhatjuk<\/p>\n<p><strong>Width\/Height:<\/strong> Sz\u00e9less\u00e9g\/magass\u00e1g<\/p>\n<p><strong>Min Font Size\/Max Font Size:<\/strong> Legkisebb \u00e9s legnagyobb bet\u0171m\u00e9ret<\/p>\n<p><strong>Noise:<\/strong> Ez a k\u00e9pen l\u00e9v\u0151, olvas\u00e1st nehez\u00edt\u0151 cs\u00edkok intenzit\u00e1sa. Ha t\u00fal olvashatatlan, adjunk meg egy kisebb \u00e9rt\u00e9ket.<br \/>\n<strong>Noise Length:<\/strong> A sz\u00f6veget eltakar\u00f3 cs\u00edkok hossza<\/p>\n<p><strong>Background:<\/strong> h\u00e1tt\u00e9rsz\u00edn<\/p>\n<p><strong>Border:<\/strong> keret sz\u00edne<\/p>\n<p><strong>Font:<\/strong> Bet\u0171t\u00edpus<\/p>\n<p><strong>Chars:<\/strong> karakterek sz\u00e1ma<\/p>\n\n<\/div><h2 class=\"tabtitle\">Automatikus Jelent\u00e9s(Reports)<\/h2>\n<div class=\"tabcontent\">\n\n<p>Van lehet\u0151s\u00e9g id\u0151k\u00f6z\u00f6nk\u00e9nt automatikus jelent\u00e9st k\u00fcldeni a foglal\u00e1sokr\u00f3l<\/p>\n<p><strong>Enable Reports?<\/strong>: Ki \u00e9s bekapcsol\u00e1s (enged\u00e9lyez\u00e9s)<\/p>\n<p><strong>Send report every:<\/strong> H\u00e1ny naponta k\u00fcldj\u00f6n jelent\u00e9st (sz\u00e1mot kell be\u00edrni)<\/p>\n<p><strong>Send report after this hour (server time):<\/strong> Szerver id\u0151 szerint, az ide be\u00edrt \u00f3r\u00e1ban k\u00fcldi a jelent\u00e9st<\/p>\n<p><strong>Send the report to the following email addresses (comma separated):<\/strong> Mely e-mail c\u00edmekre k\u00fcldje<\/p>\n<p><strong>E-mail t\u00e1rgya,form\u00e1tuma, sz\u00f6vege<\/strong><\/p>\n<\/div><\/div>\n<p>&nbsp;<\/p>\n","protected":false},"excerpt":{"rendered":"<p>Figyelem! Az al\u00e1bbiakban a WordPressben haszn\u00e1lt r\u00e9gi foglal\u00f3rendszer le\u00edr\u00e1sa olvashat\u00f3 \u2013 helyette javasolt az O365-ben el\u00e9rhet\u0151 <a href=\"https:\/\/book.ms\" target=\"_blank\" rel=\"noopener\">Bookings<\/a> alkalmaz\u00e1s haszn\u00e1lata. <a href=\"https:\/\/semmelweis.hu\/wiki\/kiegeszito-eszkozok\/appointment-hour-booking-hasznalata-beallitasoke-mailadmin\/\">Appointment Hour Booking haszn\u00e1lata (be\u00e1ll\u00edt\u00e1sok, e-mail,admin)<\/a> &#8211; MOST EZEN AZ OLDALON \u00c1LLUNK <a href=\"https:\/\/semmelweis.hu\/wiki\/kiegeszito-eszkozok\/appointment-hour-booking-hasznalata-kezeles\/\">Appointment Hour Booking haszn\u00e1lata (kezel\u00e9s)<\/a> <a href=\"https:\/\/semmelweis.hu\/wiki\/kiegeszito-eszkozok\/appointment-hour-booking-hasznalata-naptar-szerkesztese\/\">Appointment Hour Booking haszn\u00e1lata (napt\u00e1r szerkeszt\u00e9se)<\/a> El\u0151sz\u00f6r is a legf\u0151bb lehet\u0151s\u00e9gek, amik az Admin sz\u00e1m\u00e1ra megjelennek, a napt\u00e1r m\u00e9g nagyobb fok\u00fa m\u00f3dos\u00edt\u00e1sai: Rename: \u00c1tnevez\u00e9s. Miut\u00e1n be\u00edrtuk a mez\u0151be az \u00faj nevet, a &#8222;Rename&#8221; gombra kattintva \u00e1tnevezi. Ha &hellip;<\/p>\n","protected":false},"author":12,"featured_media":0,"parent":951,"menu_order":11,"comment_status":"closed","ping_status":"closed","template":"template-fullwidth.php","meta":{"_acf_changed":false,"footnotes":""},"categories":[],"tags":[],"class_list":["post-1833","page","type-page","status-publish","hentry"],"acf":[],"publishpress_future_action":{"enabled":false,"date":"1970-01-01 01:00:00","action":"","terms":[],"taxonomy":"","browser_timezone_offset":0},"_links":{"self":[{"href":"https:\/\/semmelweis.hu\/wiki\/wp-json\/wp\/v2\/pages\/1833","targetHints":{"allow":["GET"]}}],"collection":[{"href":"https:\/\/semmelweis.hu\/wiki\/wp-json\/wp\/v2\/pages"}],"about":[{"href":"https:\/\/semmelweis.hu\/wiki\/wp-json\/wp\/v2\/types\/page"}],"author":[{"embeddable":true,"href":"https:\/\/semmelweis.hu\/wiki\/wp-json\/wp\/v2\/users\/12"}],"replies":[{"embeddable":true,"href":"https:\/\/semmelweis.hu\/wiki\/wp-json\/wp\/v2\/comments?post=1833"}],"version-history":[{"count":10,"href":"https:\/\/semmelweis.hu\/wiki\/wp-json\/wp\/v2\/pages\/1833\/revisions"}],"predecessor-version":[{"id":3336,"href":"https:\/\/semmelweis.hu\/wiki\/wp-json\/wp\/v2\/pages\/1833\/revisions\/3336"}],"up":[{"embeddable":true,"href":"https:\/\/semmelweis.hu\/wiki\/wp-json\/wp\/v2\/pages\/951"}],"wp:attachment":[{"href":"https:\/\/semmelweis.hu\/wiki\/wp-json\/wp\/v2\/media?parent=1833"}],"wp:term":[{"taxonomy":"category","embeddable":true,"href":"https:\/\/semmelweis.hu\/wiki\/wp-json\/wp\/v2\/categories?post=1833"},{"taxonomy":"post_tag","embeddable":true,"href":"https:\/\/semmelweis.hu\/wiki\/wp-json\/wp\/v2\/tags?post=1833"}],"curies":[{"name":"wp","href":"https:\/\/api.w.org\/{rel}","templated":true}]}}