{"id":168,"date":"2013-02-12T16:19:00","date_gmt":"2013-02-12T15:19:00","guid":{"rendered":"http:\/\/wiki.sote.hu\/?p=168"},"modified":"2025-09-23T13:43:47","modified_gmt":"2025-09-23T11:43:47","slug":"oldalak-atiranyitasa","status":"publish","type":"page","link":"https:\/\/semmelweis.hu\/wiki\/tartalom-kezeles\/oldalak-atiranyitasa\/","title":{"rendered":"\u00c1tir\u00e1ny\u00edt\u00e1s (redirect): oldalak, cikkek tov\u00e1bbir\u00e1ny\u00edt\u00e1sa"},"content":{"rendered":"<p><a class=\"btn btn-secondary\" href=\"https:\/\/kaltura.semmelweis.hu\/media\/1_qcpdsqhs\/\" target=\"_blank\" rel=\"noopener\">Vide\u00f3s \u00fatmutat\u00f3 \u2192<\/a><\/p>\n<h2>Mi az az \u00e1tir\u00e1ny\u00edt\u00e1s?<\/h2>\n<p>Ha sz\u00fcks\u00e9ges, az oldalakat, vagy a cikkeket \u00e1t tudjuk ir\u00e1ny\u00edtani egy m\u00e1sik c\u00edmre (pl. k\u00fcls\u0151 c\u00edmre ir\u00e1ny\u00edtott almen\u00fcpontn\u00e1l, ha a leny\u00edl\u00f3 men\u00fc mellett szeretn\u00e9nk a bal oldali sz\u00fcrke bokszban is megjelen\u00edteni az almen\u00fcpontot; vagy ha az oldal, ill. cikk csak egy pdf-et tartalmaz, akkor annak URL-j\u00e9re, esetleg m\u00e1s k\u00fcls\u0151s honlap tartalm\u00e1ra, stb.), amihez a <strong>Quick Page\/Post Redirect Plugin<\/strong>-t haszn\u00e1ljuk fel <em>(ez minden honlapon egys\u00e9gesen be van kapcsolva)<\/em>.<\/p>\n<p>Minden oldal \u00e9s bejegyz\u00e9s szerkeszt\u0151 m\u00f3dj\u00e1ban egy &#8222;Quick Page\/Post Redirect&#8221; felirat\u00fa ablak \u00a0jelenik meg t\u00f6bbnyire tartalom \u00e9s a kivonat mez\u0151 alatt a k\u00e9pen l\u00e1that\u00f3 m\u00f3don <em>(ha nem l\u00e1tjuk ezt a szakaszt, akkor a szerkeszt\u0151fel\u00fclet jobb fels\u0151 sark\u00e1ban a &#8222;<strong>K\u00e9perny\u0151 opci\u00f3k<\/strong>&#8221; leny\u00edl\u00f3 men\u00fcb\u0151l pip\u00e1ljuk be a <strong>Quick Page\/Post redirect<\/strong> mez\u0151t)<\/em>:<\/p>\n<p style=\"text-align: center;\"><a href=\"https:\/\/semmelweis.hu\/wiki\/files\/2023\/06\/quick-redirect.jpg\"><img loading=\"lazy\" decoding=\"async\" class=\"aligncenter size-large wp-image-2610\" src=\"https:\/\/semmelweis.hu\/wiki\/files\/2023\/06\/quick-redirect-1024x334.jpg\" alt=\"\" width=\"753\" height=\"246\" srcset=\"https:\/\/semmelweis.hu\/wiki\/files\/2023\/06\/quick-redirect-1024x334.jpg 1024w, https:\/\/semmelweis.hu\/wiki\/files\/2023\/06\/quick-redirect-400x130.jpg 400w, https:\/\/semmelweis.hu\/wiki\/files\/2023\/06\/quick-redirect-150x49.jpg 150w, https:\/\/semmelweis.hu\/wiki\/files\/2023\/06\/quick-redirect-768x251.jpg 768w, https:\/\/semmelweis.hu\/wiki\/files\/2023\/06\/quick-redirect-753x246.jpg 753w, https:\/\/semmelweis.hu\/wiki\/files\/2023\/06\/quick-redirect.jpg 1309w\" sizes=\"auto, (max-width: 753px) 100vw, 753px\" \/><\/a><\/p>\n<div class=\"keretes w-100\">\n<h4 style=\"text-align: left;\"><strong>Az \u00e1tir\u00e1ny\u00edt\u00e1s be\u00e1ll\u00edt\u00e1s\u00e1hoz haszn\u00e1lhat\u00f3 opci\u00f3k:<\/strong><\/h4>\n<ul style=\"list-style-type: square;\">\n<li><strong>Make Redirect\u00a0Active.<\/strong> \u00a0&#8211; ezzel tudjuk bekapcsolni az \u00e1tir\u00e1ny\u00edt\u00e1st (ezt mindenk\u00e9pp be kell pip\u00e1lni, mert ez aktiv\u00e1lja az \u00e1tir\u00e1ny\u00edt\u00e1st)<\/li>\n<li><strong>Open redirect link in a\u00a0new window.<\/strong> &#8211; a link megnyit\u00e1sa \u00faj ablakban (akkor \u00e9rdemes bekattintani, ha a saj\u00e1t honlapunkon k\u00edv\u00fclre vezetj\u00fck az olvas\u00f3t)<\/li>\n<li>Add\u00a0rel=&#8221;nofollow&#8221;\u00a0to redirect link. &#8211; link letilt\u00e1sa a keres\u0151programok (Google, stb.) el\u0151l<\/li>\n<li>Show the Redirect URL below in the link &#8211; ha a bejegyz\u00e9s\u00fcnk vagy oldalunk c\u00edme helyett a c\u00e9loldal c\u00edm\u00e9t akarjuk mutatni az olvas\u00f3nak<\/li>\n<\/ul>\n<h5>A kit\u00f6ltend\u0151 mez\u0151:<\/h5>\n<p><strong>Redirect URL:<\/strong> &#8211; ide kell \u00edrni azt a webc\u00edmet, ahova \u00e1t akarjuk ir\u00e1ny\u00edtani az oldalt (m\u00e1sik oldal, cikk, honlap, pdf, stb. teljes URL-je)<\/p>\n<\/div>\n<p><strong>Type of Redirect:<\/strong>\u00a0 ideiglenes (302) vagy v\u00e9gleges \u00e1tir\u00e1ny\u00edt\u00e1s (301), hagyjuk \u00edgy<\/p>\n<p style=\"text-align: left;\">Ha cikket ugratunk \u00e1t m\u00e1s tartalomra (pl. pdf, esem\u00e9nynapt\u00e1ri bejegyz\u00e9s), akkor \u00e9rdemes a szerkeszt\u0151 fel\u00fclet\u00e9n a\u00a0<strong>kivonat<\/strong> mez\u0151be be\u00edrni egy-k\u00e9t mondatot a tartalomr\u00f3l, mert a kateg\u00f3ria list\u00e1ban ez fog megjelenni. (Ha nem l\u00e1tunk kivonat mez\u0151t, akkor a szerkeszt\u0151fel\u00fclet jobb fels\u0151 sark\u00e1ban a &#8222;<strong>K\u00e9perny\u0151 opci\u00f3k<\/strong>&#8221; leny\u00edl\u00f3 men\u00fcb\u0151l pip\u00e1ljuk be a kivonat mez\u0151t).<\/p>\n<h4><strong>T\u00f6r\u00f6lt oldalak \u00e1tir\u00e1ny\u00edt\u00e1sa, r\u00f6vid URL-ek gener\u00e1l\u00e1sa:<\/strong><\/h4>\n<p>Az adminisztr\u00e1torok adhatnak meg \u00e1tir\u00e1ny\u00edt\u00e1sokat a Vez\u00e9rl\u0151pult men\u00fci k\u00f6z\u00f6tt az alul tal\u00e1lhat\u00f3 <strong>Quick Redirects<\/strong> men\u00fcpontban is. Ebben az esetben nem sz\u00fcks\u00e9ges a c\u00edm \u00e1tir\u00e1ny\u00edt\u00e1shoz saj\u00e1t bejegyz\u00e9s vagy oldal se.<\/p>\n<p>Pl. a <strong>https:\/\/semmelweis.hu\/sajathonlap\/valami\/mas-valami<\/strong> c\u00edmet ugrathatjuk <strong>https:\/\/semmelweis.hu\/sajathonlap\/barmi\/<\/strong> c\u00edmre VAGY ak\u00e1r a <strong>https:\/\/masikhonlap.xy<\/strong> c\u00edmre is<\/p>\n<p>A <strong>Vez\u00e9rl\u0151pult &gt; Quick Redirects<\/strong> men\u00fcpontra kattintva Az Add new redirects c\u00edmsor alatt a k\u00f6vetkez\u0151k\u00e9pp \u00e1ll\u00edthatunk be \u00e1tir\u00e1ny\u00edt\u00e1st:<\/p>\n<h5>Request URL mez\u0151<\/h5>\n<p>A<strong> Request URL mez\u0151be<\/strong> \u00edrjuk a saj\u00e1t honlapunk \u00e1tugratni k\u00edv\u00e1nt c\u00edm\u00e9t, ami lehet egy l\u00e9tez\u0151, \u00e1m m\u00e1r t\u00f6r\u00f6lt oldal ak\u00e1r hosszabb hierarchi\u00e1t tartalmaz\u00f3 webc\u00edme, vagy egy nem l\u00e9tez\u0151 c\u00edm is, amit a c\u00edm r\u00f6vid\u00edt\u00e9s\u00e9re akarunk haszn\u00e1lni. A saj\u00e1t honlapunk alapc\u00edm\u00e9t el is hagyhatjuk, \u00edgy:<\/p>\n<p><strong>Ha az eredeti c\u00edm ez:<\/strong> <em>https:\/\/semmelweis.hu\/sajathonlap<span style=\"color: #ff6600;\">\/valami\/mas-valami\/<\/span><\/em> akkor el\u00e9g a narancssz\u00edn\u0171 r\u00e9szt be\u00edrni (fontos, hogy egy per jellel kezd\u0151dj\u00f6n), azaz el\u00e9g azt be\u00edrni a <strong>Request URL<\/strong> mez\u0151be, hogy <span style=\"color: #ff6600;\"><strong>\/valami\/mas-valami\/<\/strong><\/span><\/p>\n<p><strong>Ha viszont egy nem l\u00e9tez\u0151 c\u00edmet akarunk haszn\u00e1lni, pl. ezt:<\/strong> <em>https:\/\/semmelweis.hu\/sajathonlap<span style=\"color: #ff6600;\">\/barmi\/<\/span><\/em> akkor azt a sz\u00f3t kell k\u00e9t perjel k\u00f6z\u00e9 be\u00edrni, amit a saj\u00e1t honlap alapc\u00edm\u00fcnk ut\u00e1n akarunk l\u00e1tni: <strong><span style=\"color: #ff6600;\">\/barmi\/<\/span><\/strong><\/p>\n<h5>Destination URL mez\u0151<\/h5>\n<p>A Destination URL mez\u0151be azt kell be\u00edrni, ahov\u00e1 \u00e9rkeztetni szeretn\u00e9nk a l\u00e1togat\u00f3t, azaz ahol a relev\u00e1ns tartalom van. Ez lehet a saj\u00e1t honlapunk valamelyik tartalma (ilyenkor a<em> https:\/\/semmelweis.hu\/sajathonlap<\/em> r\u00e9sz elhagyhat\u00f3 a webc\u00edmb\u0151l) de lehet b\u00e1rmilyen m\u00e1s honlapr\u00f3l sz\u00e1rmaz\u00f3 webc\u00edm. Ut\u00f3bbi esetben a teljes URL-t be kell m\u00e1solni. Akkor is teljes URL sz\u00fcks\u00e9ges, ha a Semmelweis Egyetem honlaprendszer\u00e9nek valamelyik m\u00e1sik honlapj\u00e1ra k\u00edv\u00e1njuk ugratni a l\u00e1togat\u00f3t.\u00a0<\/p>\n<p>Az \u00e1tir\u00e1ny\u00edt\u00e1st az &#8222;<strong>Add New Redirects<\/strong>&#8221; gombbal mentj\u00fck el.\u00a0<\/p>\n","protected":false},"excerpt":{"rendered":"<p>Ha sz\u00fcks\u00e9ges, oldalunkat \u00e1t tudjuk ir\u00e1ny\u00edtani egy m\u00e1sik c\u00edmre, amihez a Quick Page\/Post Redirect Plugin-t haszn\u00e1ljuk fel. A plugin bekapcsol\u00e1s\u00e1val az oldal szerkeszt\u0151 m\u00f3dj\u00e1ban egy &#8222;Quick Page\/Post Redirect&#8221; felirat\u00fa ablak  jelenik meg a szerkeszt\u0151ablak alatt. <\/p>\n","protected":false},"author":12,"featured_media":0,"parent":949,"menu_order":8,"comment_status":"closed","ping_status":"closed","template":"","meta":{"_acf_changed":false,"footnotes":""},"categories":[106],"tags":[],"class_list":["post-168","page","type-page","status-publish","hentry","category-egyeb"],"acf":[],"publishpress_future_action":{"enabled":false,"date":"1970-01-01 01:00:00","action":"","terms":[],"taxonomy":"","browser_timezone_offset":0},"_links":{"self":[{"href":"https:\/\/semmelweis.hu\/wiki\/wp-json\/wp\/v2\/pages\/168","targetHints":{"allow":["GET"]}}],"collection":[{"href":"https:\/\/semmelweis.hu\/wiki\/wp-json\/wp\/v2\/pages"}],"about":[{"href":"https:\/\/semmelweis.hu\/wiki\/wp-json\/wp\/v2\/types\/page"}],"author":[{"embeddable":true,"href":"https:\/\/semmelweis.hu\/wiki\/wp-json\/wp\/v2\/users\/12"}],"replies":[{"embeddable":true,"href":"https:\/\/semmelweis.hu\/wiki\/wp-json\/wp\/v2\/comments?post=168"}],"version-history":[{"count":10,"href":"https:\/\/semmelweis.hu\/wiki\/wp-json\/wp\/v2\/pages\/168\/revisions"}],"predecessor-version":[{"id":3290,"href":"https:\/\/semmelweis.hu\/wiki\/wp-json\/wp\/v2\/pages\/168\/revisions\/3290"}],"up":[{"embeddable":true,"href":"https:\/\/semmelweis.hu\/wiki\/wp-json\/wp\/v2\/pages\/949"}],"wp:attachment":[{"href":"https:\/\/semmelweis.hu\/wiki\/wp-json\/wp\/v2\/media?parent=168"}],"wp:term":[{"taxonomy":"category","embeddable":true,"href":"https:\/\/semmelweis.hu\/wiki\/wp-json\/wp\/v2\/categories?post=168"},{"taxonomy":"post_tag","embeddable":true,"href":"https:\/\/semmelweis.hu\/wiki\/wp-json\/wp\/v2\/tags?post=168"}],"curies":[{"name":"wp","href":"https:\/\/api.w.org\/{rel}","templated":true}]}}