{"id":1485,"date":"2018-10-03T15:18:51","date_gmt":"2018-10-03T13:18:51","guid":{"rendered":"http:\/\/semmelweis.hu\/wiki\/?page_id=1485"},"modified":"2023-11-20T10:38:45","modified_gmt":"2023-11-20T09:38:45","slug":"az-uj-arculati-sablon-beallitasai","status":"publish","type":"page","link":"https:\/\/semmelweis.hu\/wiki\/megjelenes\/az-uj-arculati-sablon-beallitasai\/","title":{"rendered":"A honlaprendszer arculata"},"content":{"rendered":"<p>Az egyetemi honlapokon a honlap c\u00edmsorainak bet\u0171t\u00edpusa <strong>Montserrat<\/strong>, az egyes bekezd\u00e9sek bet\u0171t\u00edpusa pedig <strong>PT Serif<\/strong>.<\/p>\n<p>Az egyetem k\u00f6zponti honlapjainak meghat\u00e1roz\u00f3 sz\u00edne az <strong>egyetemi k\u00e9k sz\u00edn<\/strong>. Az egy\u00e9b honlapok <strong>karonk\u00e9nt egyedi sz\u00edn<\/strong>nel rendelkeznek. A sz\u00ednek haszn\u00e1lata mellett az egyetemi honlapoknak egys\u00e9ges fej- \u00e9s l\u00e1bl\u00e9ccel kell megjelenni\u00fck, amely azonos a mindenkori k\u00f6zponti honlaprendszerben alkalmazott fej- \u00e9s l\u00e1bl\u00e9ccel.<\/p>\n<table class=\"bottom-border\" width=\"100%\">\n<tbody>\n<tr>\n<td style=\"width: 32%; background-color: #232f61;\">\n<p>&nbsp;<\/p>\n<p>&nbsp;<\/p>\n<p>&nbsp;<\/p>\n<\/td>\n<td style=\"width: 2%;\">\n<p>&nbsp;<\/p>\n<\/td>\n<td style=\"width: 32%; background-color: #4d9de0;\">\n<p>&nbsp;<\/p>\n<\/td>\n<td style=\"width: 2%;\">\n<p>&nbsp;<\/p>\n<\/td>\n<td style=\"width: 32%; background-color: #00c7bb;\">\n<p>&nbsp;<\/p>\n<\/td>\n<\/tr>\n<tr>\n<td style=\"vertical-align: middle;\">\n<p>Az <strong>egyetem k\u00f6zponti honlapjai<\/strong>nak sz\u00edne: #232f61 \/s\u00f6t\u00e9tk\u00e9k\/<\/p>\n<\/td>\n<td>\n<p>&nbsp;<\/p>\n<\/td>\n<td style=\"vertical-align: middle;\">\n<p>Az <strong>\u00c1ltal\u00e1nos Orvostudom\u00e1nyi Kar<\/strong>hoz tartoz\u00f3 honlapok sz\u00edne:\u00a0#4d9de0 \/k\u00e9k\/<\/p>\n<\/td>\n<td>\n<p>&nbsp;<\/p>\n<\/td>\n<td style=\"vertical-align: middle;\" width=\"197\">\n<p>Az <strong>Eg\u00e9szs\u00e9g\u00fcgyi K\u00f6zszolg\u00e1lati Kar<\/strong>hoz tartoz\u00f3 honlapok sz\u00edne: #00c7B9 \/t\u00fcrkiz\/<\/p>\n<\/td>\n<\/tr>\n<tr>\n<td style=\"background-color: #c34242;\">\n<p>&nbsp;<\/p>\n<p>&nbsp;<\/p>\n<p>&nbsp;<\/p>\n<\/td>\n<td>\n<p>&nbsp;<\/p>\n<\/td>\n<td style=\"background-color: #64950b;\">\n<p>&nbsp;<\/p>\n<\/td>\n<td>\n<p>&nbsp;<\/p>\n<\/td>\n<td style=\"background-color: #dd8815;\">\n<p>&nbsp;<\/p>\n<\/td>\n<\/tr>\n<tr>\n<td style=\"vertical-align: middle;\">\n<p>Az <strong>Eg\u00e9szs\u00e9gtudom\u00e1nyi Kar<\/strong>hoz tartoz\u00f3 honlapok sz\u00edne: #c34242 \/s\u00f6t\u00e9tpiros\/<\/p>\n<\/td>\n<td>\n<p>&nbsp;<\/p>\n<\/td>\n<td style=\"vertical-align: middle;\">\n<p>A <strong>Fogorvostudom\u00e1nyi Kar<\/strong>hoz tartoz\u00f3 honlapok sz\u00edne: #64950b \/z\u00f6ld\/<\/p>\n<\/td>\n<td>\n<p>&nbsp;<\/p>\n<\/td>\n<td style=\"vertical-align: middle;\">\n<p>A <strong>Gy\u00f3gyszer\u00e9sztudom\u00e1nyi Kar<\/strong>hoz tartoz\u00f3 honlapok sz\u00edne: #dd8815 \/must\u00e1r\/<\/p>\n<\/td>\n<\/tr>\n<tr>\n<td style=\"background-color: #885053;\">\n<p>&nbsp;<\/p>\n<p>&nbsp;<\/p>\n<p>&nbsp;<\/p>\n<\/td>\n<td>&nbsp;<\/td>\n<td style=\"background-color: #b76ba3;\">\n<p>&nbsp;<\/p>\n<p>&nbsp;<\/p>\n<p>&nbsp;<\/p>\n<\/td>\n<td>&nbsp;<\/td>\n<td style=\"background-color: #778899;\">\n<p>&nbsp;<\/p>\n<p>&nbsp;<\/p>\n<p>&nbsp;<\/p>\n<\/td>\n<\/tr>\n<tr>\n<td>\n<p>A <strong>Pet\u0151 Andr\u00e1s Kar<\/strong>hoz tartoz\u00f3 honlapok sz\u00edne: #885053 \/bord\u00f3\/<\/p>\n<\/td>\n<td>&nbsp;<\/td>\n<td>\n<p><strong>A Doktori Iskol\u00e1<\/strong>hoz tartoz\u00f3 honlapok sz\u00edne: #B76BA3 \/lila\/<\/p>\n<\/td>\n<td>&nbsp;<\/td>\n<td>A <strong>k\u00f6zponti szervezeti egys\u00e9gek<\/strong> sz\u00edne: #778899 \/sz\u00fcrke\/<\/td>\n<\/tr>\n<\/tbody>\n<\/table>\n<p>&nbsp;<\/p>\n<p>&nbsp;<\/p>\n<p>&nbsp;<\/p>\n","protected":false},"excerpt":{"rendered":"<p>Az egyetemi honlapokon a honlap c\u00edmsorainak bet\u0171t\u00edpusa Montserrat, az egyes bekezd\u00e9sek bet\u0171t\u00edpusa pedig PT Serif. Az egyetem k\u00f6zponti honlapjainak meghat\u00e1roz\u00f3 sz\u00edne az egyetemi k\u00e9k sz\u00edn. Az egy\u00e9b honlapok karonk\u00e9nt egyedi sz\u00ednnel rendelkeznek. A sz\u00ednek haszn\u00e1lata mellett az egyetemi honlapoknak egys\u00e9ges fej- \u00e9s l\u00e1bl\u00e9ccel kell megjelenni\u00fck, amely azonos a mindenkori k\u00f6zponti honlaprendszerben alkalmazott fej- \u00e9s l\u00e1bl\u00e9ccel. &hellip;<\/p>\n","protected":false},"author":12,"featured_media":0,"parent":947,"menu_order":9,"comment_status":"closed","ping_status":"closed","template":"","meta":{"_acf_changed":false,"footnotes":""},"categories":[],"tags":[],"class_list":["post-1485","page","type-page","status-publish","hentry"],"acf":[],"publishpress_future_action":{"enabled":false,"date":"1970-01-01 01:00:00","action":"","terms":[],"taxonomy":"","browser_timezone_offset":0},"_links":{"self":[{"href":"https:\/\/semmelweis.hu\/wiki\/wp-json\/wp\/v2\/pages\/1485","targetHints":{"allow":["GET"]}}],"collection":[{"href":"https:\/\/semmelweis.hu\/wiki\/wp-json\/wp\/v2\/pages"}],"about":[{"href":"https:\/\/semmelweis.hu\/wiki\/wp-json\/wp\/v2\/types\/page"}],"author":[{"embeddable":true,"href":"https:\/\/semmelweis.hu\/wiki\/wp-json\/wp\/v2\/users\/12"}],"replies":[{"embeddable":true,"href":"https:\/\/semmelweis.hu\/wiki\/wp-json\/wp\/v2\/comments?post=1485"}],"version-history":[{"count":10,"href":"https:\/\/semmelweis.hu\/wiki\/wp-json\/wp\/v2\/pages\/1485\/revisions"}],"predecessor-version":[{"id":2570,"href":"https:\/\/semmelweis.hu\/wiki\/wp-json\/wp\/v2\/pages\/1485\/revisions\/2570"}],"up":[{"embeddable":true,"href":"https:\/\/semmelweis.hu\/wiki\/wp-json\/wp\/v2\/pages\/947"}],"wp:attachment":[{"href":"https:\/\/semmelweis.hu\/wiki\/wp-json\/wp\/v2\/media?parent=1485"}],"wp:term":[{"taxonomy":"category","embeddable":true,"href":"https:\/\/semmelweis.hu\/wiki\/wp-json\/wp\/v2\/categories?post=1485"},{"taxonomy":"post_tag","embeddable":true,"href":"https:\/\/semmelweis.hu\/wiki\/wp-json\/wp\/v2\/tags?post=1485"}],"curies":[{"name":"wp","href":"https:\/\/api.w.org\/{rel}","templated":true}]}}