{"id":1241,"date":"2017-01-09T11:56:45","date_gmt":"2017-01-09T10:56:45","guid":{"rendered":"http:\/\/semmelweis.hu\/wiki\/?page_id=1241"},"modified":"2024-11-20T15:22:42","modified_gmt":"2024-11-20T14:22:42","slug":"gyakran-ismetelt-kerdesek-azaz-gyik-faq-keszitese","status":"publish","type":"page","link":"https:\/\/semmelweis.hu\/wiki\/kiegeszito-eszkozok\/gyakran-ismetelt-kerdesek-azaz-gyik-faq-keszitese\/","title":{"rendered":"Gyakran ism\u00e9telt k\u00e9rd\u00e9sek: GYIK (FAQ)"},"content":{"rendered":"<p>Ha\u00a0a honlapunkra szeretn\u00e9nk valamilyen t\u00e9m\u00e1ban <strong>Gyakran Ism\u00e9telt K\u00e9rd\u00e9seket<\/strong> (GYIK, vagy angolul FAQ) elhelyezni, akkor erre a\u00a0<strong>Quick and Easy FAQs<\/strong> nev\u0171 b\u0151v\u00edtm\u00e9ny lesz a seg\u00edts\u00e9g\u00fcnkre. (Minta tekinthet\u0151 meg a <a href=\"https:\/\/semmelweis.hu\/neptun\/hu\/gyakran-ismetlodo-kerdesek\/\" target=\"_blank\" rel=\"noopener noreferrer\">Neptun rendszerrr\u0151l ezen az oldalon<\/a>).<\/p>\n<h4><strong>A b\u0151v\u00edtm\u00e9ny bekapcsol\u00e1sa<\/strong><\/h4>\n<p>Els\u0151 l\u00e9p\u00e9sk\u00e9nt be kell kapcsolni a b\u0151v\u00edtm\u00e9nyt a <strong>Vez\u00e9rl\u0151pult &gt; B\u0151v\u00edtm\u00e9nyek<\/strong> oldalon. Az abc sorrendben l\u00e9v\u0151 b\u0151v\u00edtm\u00e9nyek k\u00f6z\u00fcl keress\u00fck ki a <strong>Quick and Easy FAQs<\/strong>\u00a0nev\u0171t \u00e9s kapcsoljuk be. Ekkor megjelenik a balodali WordPress men\u00fcoszlopban egy <strong>FAQs<\/strong> nev\u0171 \u00faj men\u00fcpont. Ez lesz a kiindul\u00f3 pontunk.\u00a0<\/p>\n<h4><strong>Csoportok<\/strong><\/h4>\n<p>A j\u00f3 GYIK alapja, hogy <strong>\u00e1tl\u00e1that\u00f3 \u00e9s j\u00f3l struktur\u00e1lt legyen maga a tartalom<\/strong>. \u00d6nmag\u00e1ban maximum 10-15 k\u00e9rd\u00e9s l\u00e1that\u00f3 \u00e1t\u00a0k\u00f6nnyen, ha enn\u00e9l t\u00f6bb k\u00e9rd\u00e9sre szeretn\u00e9nk v\u00e1laszokat adni, akkor \u00e9rdemes <strong>t\u00f6bb\u00a0t\u00e9mak\u00f6rbe csoportos\u00edtani<\/strong>\u00a0azokat (FAQ groups). Ezt aj\u00e1nlatos a munka elej\u00e9n \u00e1tgondolni, hogy ne ut\u00f3lag kelljen mindent \u00e1tvari\u00e1lni. Ha csak 10-15 k\u00e9rd\u00e9s\u00fcnk van, ami v\u00e1rhat\u00f3an k\u00e9s\u0151bb sem fog v\u00e1ltozni, akkor el\u00e9g egyetlen \u00e1tfog\u00f3 t\u00e9mak\u00f6rt k\u00e9sz\u00edteni.<\/p>\n<p>A <strong>t\u00e9mak\u00f6r\u00f6ket<\/strong> (GYIK csoportokat) a\u00a0<strong>Vez\u00e9rl\u0151pult &gt; FAQs &gt; FAQ Group\u00a0<\/strong>\u00a0men\u00fcpontban tudjuk felvenni, vagy ut\u00f3lag szerkeszteni. A GYIK \u00a0csoportok a kateg\u00f3ri\u00e1khoz hasonl\u00f3 elven m\u0171k\u00f6dnek, a felv\u00e9tel\u00fck is ehhez hasonl\u00f3: adjuk meg a t\u00e9mak\u00f6r teljes nev\u00e9t (ez meg fog a honlapunkon jelenni). A keres\u0151bar\u00e1t nevet a rendszer automatikusan kit\u00f6lti. A t\u00e9mak\u00f6r\u00f6ket is rendezhetj\u00fck hierarchi\u00e1ba, ezt a nagyon bonyolult, t\u00f6bb szint\u0171 GYIK-ok eset\u00e9ben \u00e9rdemes haszn\u00e1lni, vagy, ha a honlapunk eleve t\u00f6bb GYIK-kal rendelkezik. Adhatunk r\u00f6vid le\u00edr\u00e1st (nem k\u00f6telez\u0151) \u00e9s v\u00e9g\u00fcl kattintsunk az <strong>Add New FAQ Group<\/strong> gombra.\u00a0<\/p>\n<h4><strong>\u00daj k\u00e9rd\u00e9s megad\u00e1sa<\/strong><\/h4>\n<p>Ha felvett\u00fck az \u00f6sszes t\u00e9mak\u00f6rt (k\u00e9s\u0151bb is b\u0151v\u00edthet\u0151, m\u00f3dos\u00edthat\u00f3), akkor elkezdhetj\u00fck magukat a k\u00e9rd\u00e9seket felvenni.<\/p>\n<ul>\n<li>Kattintsunk a <strong>Vez\u00e9rl\u0151pult &gt; FAQs &gt; Add New <\/strong>men\u00fcpontra. Mintha egy \u00faj oldalt, vagy bejegyz\u00e9st k\u00e9sz\u00edten\u00e9nk, <strong>a c\u00edmmez\u0151ben adjuk meg a pontos k\u00e9rd\u00e9st<\/strong>, amit szeretn\u00e9nk a GYIK-ban megjelen\u00edteni.<\/li>\n<li>A t\u00e1rgy mez\u0151be helyezz\u00fck a k\u00e9rd\u00e9sre adott v\u00e1laszt.<\/li>\n<li>A jobb oldali FAQ Groups szekci\u00f3ban pip\u00e1ljuk be a v\u00e1lasztott t\u00e9mak\u00f6rt.<\/li>\n<li>Ment\u00e9shez kattintsunk a K\u00f6zz\u00e9t\u00e9tel (Publish) gombra. (Itt is van lehet\u0151s\u00e9g\u00fcnk v\u00e1zlatba menteni \u00e9s k\u00e9s\u0151bb folytatni a szerkeszt\u00e9st, illetve lomt\u00e1rba is tehetj\u00fck a feleslegess\u00e9 v\u00e1lt k\u00e9rd\u00e9st.)<\/li>\n<\/ul>\n<p><strong>A k\u00e9rd\u00e9sek a k\u00f6zz\u00e9t\u00e9teli idej\u00fck sorrendj\u00e9ben jelennek meg: a legfrissebb lesz legel\u00f6l <\/strong><em>(teh\u00e1t a sorrend m\u00f3dos\u00edt\u00e1s\u00e1hoz a k\u00f6zz\u00e9t\u00e9tel id\u0151pontj\u00e1t kell m\u00f3dos\u00edtani).<\/em><\/p>\n<p>Ha k\u00f6zz\u00e9t\u00e9tel ut\u00e1n tov\u00e1bbi m\u00f3dos\u00edt\u00e1sokat szeretn\u00e9nk a k\u00e9rd\u00e9sen illetve v\u00e1laszon, akkor \u00a0a v\u00e1ltoztat\u00e1s ut\u00e1n a ment\u00e9shez kattintsunk a &#8222;K\u00f6zz\u00e9t\u00e9tel&#8221; gomb hely\u00e9n l\u00e9v\u0151\u00a0&#8222;Friss\u00edt\u00e9s&#8221;-re. \u00a0(Ut\u00f3lag minden k\u00e9rd\u00e9s\u00fcnk el\u00e9rhet\u0151 \u00e9s szerkeszthet\u0151 a \u00a0\u00a0<strong>Vez\u00e9rl\u0151pult &gt; FAQs &gt; All\u00a0FAQs<\/strong> men\u00fcpontban.)<\/p>\n<p><a href=\"https:\/\/semmelweis.hu\/wiki\/files\/2017\/01\/FAQ_2.png\"><img loading=\"lazy\" decoding=\"async\" class=\"aligncenter wp-image-1242 size-large\" src=\"https:\/\/semmelweis.hu\/wiki\/files\/2017\/01\/FAQ_2-1024x682.png\" width=\"940\" height=\"626\" srcset=\"https:\/\/semmelweis.hu\/wiki\/files\/2017\/01\/FAQ_2-1024x682.png 1024w, https:\/\/semmelweis.hu\/wiki\/files\/2017\/01\/FAQ_2-150x100.png 150w, https:\/\/semmelweis.hu\/wiki\/files\/2017\/01\/FAQ_2-300x200.png 300w, https:\/\/semmelweis.hu\/wiki\/files\/2017\/01\/FAQ_2-768x512.png 768w, https:\/\/semmelweis.hu\/wiki\/files\/2017\/01\/FAQ_2.png 1052w\" sizes=\"auto, (max-width: 940px) 100vw, 940px\" \/><\/a><\/p>\n<h4><strong>Tegy\u00fck be a k\u00e9rd\u00e9seket egy oldalra<\/strong><\/h4>\n<p>T\u00f6lts\u00fck fel az \u00f6sszes k\u00e9rd\u00e9st \u00e9s v\u00e1laszt, majd <a href=\"https:\/\/semmelweis.hu\/wiki\/tartalom-kezeles\/uj-oldal-letrehozasa\/\" target=\"_blank\" rel=\"noopener noreferrer\">k\u00e9sz\u00edts\u00fcnk a honlapunkra egy \u00faj oldalt<\/a>, amelyen megjelen\u00edtj\u00fck majd a GYIK-ot.<\/p>\n<p>A k\u00f6vetkez\u0151 <strong>r\u00f6vid k\u00f3dok haszn\u00e1lat\u00e1val tudjuk megjelen\u00edteni a k\u00e9rd\u00e9seket \u00e9s v\u00e1laszokat a honlapon<\/strong> (a v\u00e1lasztott r\u00f6vid k\u00f3dot a sz\u00f6gletes z\u00e1r\u00f3jelekkel egy\u00fctt m\u00e1soljuk be az oldalunkba HTML n\u00e9zetben, majd ellen\u0151rizz\u00fck el\u0151n\u00e9zetben. A r\u00f6vid k\u00f3d el\u00e9 \u00edrhatunk sz\u00f6veget is.) :\u00a0<\/p>\n<ul>\n<li>Minden k\u00e9rd\u00e9s megjelen\u00edt\u00e9se leny\u00edl\u00f3-felz\u00e1r\u00f3d\u00f3 m\u00f3don:\u00a0<code>&#91;faqs style=\"toggle\"&#93;<\/code><\/li>\n<li>\n<p>Minden k\u00e9rd\u00e9s megjelen\u00edt\u00e9se leny\u00edl\u00f3-felz\u00e1r\u00f3d\u00f3 m\u00f3don az \u00f6sszes t\u00e9mak\u00f6rben: <code>&#91;faqs style=\"toggle\" grouped=\"yes\"&#93;<\/code><\/p>\n<\/li>\n<li>\n<p>Minden k\u00e9rd\u00e9s megjelen\u00edt\u00e9se leny\u00edl\u00f3-felz\u00e1r\u00f3d\u00f3 m\u00f3don a keres\u0151bar\u00e1t n\u00e9vvel megadott t\u00e9mak\u00f6r\u00f6kben. <em>(<strong>Figyelem:<\/strong> a &#8222;group-slug&#8221; hely\u00e9re a saj\u00e1t csoportunk keres\u0151 bar\u00e1t c\u00edm\u00e9t, azaz slugj\u00e1t kell behelyettes\u00edteni)<\/em>: <code>&#91;faqs style=\"toggle\" filter=\"group-slug\"&#93;<\/code> or <code>&#91;faqs style=\"toggle\" filter=\"group-slug,another-group-slug\"&#93;<\/code><\/p>\n<\/li>\n<li>\n<p>Minden k\u00e9rd\u00e9s megjelen\u00edt\u00e9se sz\u0171rhet\u0151 leny\u00edl\u00f3-felz\u00e1r\u00f3d\u00f3 m\u00f3don: <code>&#91;faqs style=\"filterable-toggle\"&#93;<\/code><\/p>\n<\/li>\n<li>Minden k\u00e9rd\u00e9s megjelen\u00edt\u00e9se leny\u00edl\u00f3-felz\u00e1r\u00f3d\u00f3 m\u00f3don c\u00edm szerinti sorrendben: <code>&#91;faqs style=\"toggle\" order=\"ASC\" orderby=\"title\"&#93;<\/code><\/li>\n<\/ul>\n<p><a href=\"https:\/\/semmelweis.hu\/wiki\/megjelenes\/menuk-letrehozasa-kezelese\/\" target=\"_blank\" rel=\"noopener noreferrer\">A GYIK oldalt helyezz\u00fck el a men\u00fcszerkezetben<\/a> (sz\u00fcl\u0151 be\u00e1ll\u00edt\u00e1s \u00e9s sorrend, majd k\u00f6zz\u00e9t\u00e9tel ut\u00e1n a leny\u00edl\u00f3 men\u00fc be\u00e1ll\u00edt\u00e1sa).<\/p>\n<h4><strong>\u00c1ll\u00edtsuk be a sz\u00edneket<\/strong><\/h4>\n<p>A<strong> Vez\u00e9rl\u0151pult &gt; FAQ &gt; Settings<\/strong> (Be\u00e1ll\u00edt\u00e1sok) fel\u00fcleten kattintsunk a<strong> Typography<\/strong> f\u00fclre.<\/p>\n<p>Els\u0151k\u00e9nt az <strong>FAQ toggle colors<\/strong> leny\u00edl\u00f3 mez\u0151t kell\u00a0 Default colors helyett <strong>Custom Colors<\/strong>-ra \u00e1ll\u00edtani.\u00a0<\/p>\n<p>Ezut\u00e1n az egyes mez\u0151ket jelz\u0151 sz\u00ednekre kattintva kiv\u00e1laszthatunk a palett\u00e1b\u00f3l sz\u00edneket, vagy k\u00e9zzel megadhatjuk a v\u00e1lasztott sz\u00edn webes (\u00fagy nevezett hexadecim\u00e1lis) sz\u00ednk\u00f3dj\u00e1t.\u00a0<\/p>\n<h5>A javasolt sz\u00ednek:<\/h5>\n<p><a href=\"https:\/\/semmelweis.hu\/wiki\/files\/2023\/10\/Kepernyokep-2023-10-06-115028.png\"><img loading=\"lazy\" decoding=\"async\" class=\"aligncenter  wp-image-2646\" src=\"https:\/\/semmelweis.hu\/wiki\/files\/2023\/10\/Kepernyokep-2023-10-06-115028.png\" alt=\"\" width=\"700\" height=\"603\" srcset=\"https:\/\/semmelweis.hu\/wiki\/files\/2023\/10\/Kepernyokep-2023-10-06-115028.png 994w, https:\/\/semmelweis.hu\/wiki\/files\/2023\/10\/Kepernyokep-2023-10-06-115028-400x344.png 400w, https:\/\/semmelweis.hu\/wiki\/files\/2023\/10\/Kepernyokep-2023-10-06-115028-150x129.png 150w, https:\/\/semmelweis.hu\/wiki\/files\/2023\/10\/Kepernyokep-2023-10-06-115028-768x661.png 768w, https:\/\/semmelweis.hu\/wiki\/files\/2023\/10\/Kepernyokep-2023-10-06-115028-753x648.png 753w\" sizes=\"auto, (max-width: 700px) 100vw, 700px\" \/><\/a><\/p>\n<p>&nbsp;<\/p>\n<h4><strong>Rejts\u00fck el, ami nem kell <\/strong>(ha szeretn\u00e9nk)<\/h4>\n<p><strong>Ha szeretn\u00e9nk a program \u00e1ltal automatikusan az oldalra beillesztett linkeket &#8211; pl. ALL kilist\u00e1z\u00e1sa &#8211; elrejteni az oldalunkr\u00f3<\/strong>l, akkor a Vez\u00e9rl\u0151pult &gt; FAQ &gt; Settings (Be\u00e1ll\u00edt\u00e1sok) opci\u00f3ra kell kattintanunk, \u00e9s ott a Typography f\u00fcl\u00f6n az alul tal\u00e1lhat\u00f3 Custom CSS mez\u0151be az al\u00e1bbi k\u00f3dot kell bem\u00e1solni (fontos, hogy a m\u00e1sol\u00e1st a ponttal kezdj\u00fck \u00e9s a v\u00e9g\u00e9r\u0151l a kapcsos z\u00e1r\u00f3jelet se hagyjuk le), majd menteni a be\u00e1ll\u00edt\u00e1sokat.<\/p>\n<pre>.qe-faqs-filters-container {\r\ndisplay: none;\r\n}<\/pre>\n","protected":false},"excerpt":{"rendered":"<p>Ha\u00a0a honlapunkra szeretn\u00e9nk valamilyen t\u00e9m\u00e1ban Gyakran Ism\u00e9telt K\u00e9rd\u00e9seket (GYIK, vagy angolul FAQ) elhelyezni, akkor erre a\u00a0Quick and Easy FAQs nev\u0171 b\u0151v\u00edtm\u00e9ny lesz a seg\u00edts\u00e9g\u00fcnkre. (Minta tekinthet\u0151 meg a <a href=\"https:\/\/semmelweis.hu\/neptun\/hu\/gyakran-ismetlodo-kerdesek\/\" target=\"_blank\" rel=\"noopener noreferrer\">Neptun rendszerrr\u0151l ezen az oldalon<\/a> ). A b\u0151v\u00edtm\u00e9ny bekapcsol\u00e1sa Els\u0151 l\u00e9p\u00e9sk\u00e9nt be kell kapcsolni a b\u0151v\u00edtm\u00e9nyt a Vez\u00e9rl\u0151pult &gt; B\u0151v\u00edtm\u00e9nyek oldalon. Az abc sorrendben l\u00e9v\u0151 b\u0151v\u00edtm\u00e9nyek k\u00f6z\u00fcl keress\u00fck ki a Quick and &hellip;<\/p>\n","protected":false},"author":12,"featured_media":0,"parent":951,"menu_order":2,"comment_status":"closed","ping_status":"closed","template":"","meta":{"_acf_changed":false,"footnotes":""},"categories":[],"tags":[],"class_list":["post-1241","page","type-page","status-publish","hentry"],"acf":[],"publishpress_future_action":{"enabled":false,"date":"1970-01-01 01:00:00","action":"","terms":[],"taxonomy":"","browser_timezone_offset":0},"_links":{"self":[{"href":"https:\/\/semmelweis.hu\/wiki\/wp-json\/wp\/v2\/pages\/1241","targetHints":{"allow":["GET"]}}],"collection":[{"href":"https:\/\/semmelweis.hu\/wiki\/wp-json\/wp\/v2\/pages"}],"about":[{"href":"https:\/\/semmelweis.hu\/wiki\/wp-json\/wp\/v2\/types\/page"}],"author":[{"embeddable":true,"href":"https:\/\/semmelweis.hu\/wiki\/wp-json\/wp\/v2\/users\/12"}],"replies":[{"embeddable":true,"href":"https:\/\/semmelweis.hu\/wiki\/wp-json\/wp\/v2\/comments?post=1241"}],"version-history":[{"count":10,"href":"https:\/\/semmelweis.hu\/wiki\/wp-json\/wp\/v2\/pages\/1241\/revisions"}],"predecessor-version":[{"id":3126,"href":"https:\/\/semmelweis.hu\/wiki\/wp-json\/wp\/v2\/pages\/1241\/revisions\/3126"}],"up":[{"embeddable":true,"href":"https:\/\/semmelweis.hu\/wiki\/wp-json\/wp\/v2\/pages\/951"}],"wp:attachment":[{"href":"https:\/\/semmelweis.hu\/wiki\/wp-json\/wp\/v2\/media?parent=1241"}],"wp:term":[{"taxonomy":"category","embeddable":true,"href":"https:\/\/semmelweis.hu\/wiki\/wp-json\/wp\/v2\/categories?post=1241"},{"taxonomy":"post_tag","embeddable":true,"href":"https:\/\/semmelweis.hu\/wiki\/wp-json\/wp\/v2\/tags?post=1241"}],"curies":[{"name":"wp","href":"https:\/\/api.w.org\/{rel}","templated":true}]}}