{"id":1175,"date":"2016-08-12T14:45:25","date_gmt":"2016-08-12T12:45:25","guid":{"rendered":"http:\/\/semmelweis.hu\/wiki\/?page_id=1175"},"modified":"2024-06-14T16:20:27","modified_gmt":"2024-06-14T14:20:27","slug":"lejaro-bejegyzesek-kezelese","status":"publish","type":"page","link":"https:\/\/semmelweis.hu\/wiki\/kiegeszito-eszkozok\/lejaro-bejegyzesek-kezelese\/","title":{"rendered":"Lej\u00e1r\u00f3 bejegyz\u00e9sek"},"content":{"rendered":"<p>P\u00e1ly\u00e1zati felh\u00edv\u00e1sok, esem\u00e9ny megh\u00edv\u00f3k, id\u0151ben lej\u00e1r\u00f3 tartalommal rendelkez\u0151 cikkeket lehet\u0151s\u00e9g\u00fcnk van egy b\u0151v\u00edtm\u00e9ny seg\u00edts\u00e9g\u00e9vel bizonyos d\u00e1tumhoz k\u00f6t\u00f6tten visszavonni a nyilv\u00e1noss\u00e1gt\u00f3l, vagy egy m\u00e1s kateg\u00f3ri\u00e1ba \u00e1thelyezni. Ehhez a <strong>PublishPress Future<\/strong> (r\u00e9gebben PostExpiratot) <strong>b\u0151v\u00edtm\u00e9ny<\/strong>t haszn\u00e1ljuk.<\/p>\n<div class=\"fontos_div\">\n<p>Ha a honlapon m\u00e1r be van kapcsolva a b\u0151v\u00edtm\u00e9ny, akkor \u00faj lej\u00e1r\u00f3 tartalom l\u00e9trehoz\u00e1s\u00e1nak ismertet\u00e9s\u00e9r\u0151l <a href=\"#new\">lejjebb olvashatunk<\/a>.<\/p>\n<\/div>\n<p>A lehet\u0151s\u00e9g be\u00fczemel\u00e9s\u00e9hez el\u0151sz\u00f6r be kell kapcsolnunk a <strong>Vez\u00e9rl\u0151pult &gt; B\u0151v\u00edtm\u00e9nyek &gt; PublishPress Future<\/strong> b\u0151v\u00edtm\u00e9nyt. Bekapcsol\u00e1s ut\u00e1n kattintsunk a <strong>Vez\u00e9rl\u0151pult &gt; Future &gt; Settings<\/strong>\u00a0men\u00fcpontra.\u00a0<\/p>\n<h4><strong>General f\u00fcl<\/strong> &#8211; \u00c1ltal\u00e1nos be\u00e1ll\u00edt\u00e1sok<\/h4>\n<p>A m\u00f3dos\u00edt\u00e1sokat a lap alj\u00e1n tal\u00e1lhat\u00f3 <strong>Save changes<\/strong> gombbal kell menteni!<\/p>\n<h6><strong>Defaults <\/strong>&#8211; Alap\u00e9rtelmezett param\u00e9terek<\/h6>\n<p>A plugin m\u0171k\u00f6d\u00e9s\u00e9hez kapcsol\u00f3d\u00f3 alapbe\u00e1ll\u00edt\u00e1sokat tudjuk meghat\u00e1rozni, melyek az id\u0151pontok \u00e9s id\u0151intervallumok meghat\u00e1roz\u00e1s\u00e1t, megjelen\u00edt\u00e9s\u00e9t teszik lehet\u0151v\u00e9.<\/p>\n<p style=\"padding-left: 40px;\"><strong>Date format:<\/strong> A megadott helyen a megjelen\u0151 d\u00e1tumform\u00e1tumot tudjuk meghat\u00e1rozni. Az itt tal\u00e1lhat\u00f3 form\u00e1tumot cser\u00e9lj\u00fck a k\u00f6vetkez\u0151re: Y.m.d\u00a0<\/p>\n<p style=\"padding-left: 40px;\"><strong>Time format:<\/strong> A megadott helyen a megjelen\u0151 id\u0151form\u00e1tumot tudjuk meghat\u00e1rozni. Az ide beillesztend\u0151 k\u00f3d a k\u00f6vetkez\u0151: H:i<\/p>\n<p style=\"padding-left: 40px;\"><strong>Default date \/ Time offset:<\/strong> Itt a tartalom lej\u00e1rat\u00e1nak alap\u00e9rtelmezett id\u0151pontj\u00e1t tudjuk m\u00f3dos\u00edtani &#8211; de ezt egy m\u00e1sik f\u00fcl\u00f6n tartalomt\u00edpust\u00f3l f\u00fcgg\u0151en m\u00e9g finom\u00edthatjuk. A megfelel\u0151 form\u00e1tum megad\u00e1sa kiz\u00e1r\u00f3lag angol nyelven lehets\u00e9ges. Lehet\u0151s\u00e9g\u00fcnk van megadni konkr\u00e9t id\u0151tartamot (pl. +1 week 2 days 4 hours 2 seconds) de ak\u00e1r egy adott napot is kijel\u00f6lhet\u00fcnk (next Thursday &#8211; <em>k\u00f6vetkez\u0151 cs\u00fct\u00f6rt\u00f6k<\/em>). Az alapbe\u00e1ll\u00edt\u00e1s +1 month, vagyis 1 h\u00f3nap.\u00a0<\/p>\n<h6><strong>Email Notification<\/strong> \u2013 Email \u00e9rtes\u00edt\u00e9s<\/h6>\n<p>Egy feladat v\u00e9grehajt\u00e1sa kapcs\u00e1n lehet\u0151s\u00e9g\u00fcnk van emailben \u00e9rtes\u00edt\u00e9st k\u00e9rni az elv\u00e9gzett m\u00f3dos\u00edt\u00e1sr\u00f3l.\u00a0<\/p>\n<p style=\"padding-left: 40px;\"><strong>Enable Email Notification?<\/strong> &#8211; Az email \u00e9rtes\u00edt\u00e9sek enged\u00e9lyez\u00e9se. Alap\u00e9rtelmezetten ki vannak kapcsolva, melyet az \u201cenabled\u201d opci\u00f3 bejel\u00f6l\u00e9s\u00e9vel tudunk aktiv\u00e1lni.<\/p>\n<p style=\"padding-left: 40px;\"><strong>Include Blog Administrators?<\/strong> &#8211; A honlap adminisztr\u00e1torok csatol\u00e1sa az email \u00e9rtes\u00edt\u00e9sekhez. Alap\u00e9rtelmezetten ki van kapcsolva, melyet az \u201cenabled\u201d opci\u00f3 bejel\u00f6l\u00e9s\u00e9vel tudunk aktiv\u00e1lni.<\/p>\n<p style=\"padding-left: 40px;\"><strong>Who to Notify<\/strong> \u2013 Az email \u00e9rtes\u00edt\u00e9st t\u00f6bb szem\u00e9lynek is tov\u00e1bb\u00edthatjuk, melyek megad\u00e1sa a konkr\u00e9t email c\u00edmek megad\u00e1s\u00e1val t\u00f6rt\u00e9nik. Alap\u00e9rtelmezetten minden poszt t\u00edpusra \u00e9rv\u00e9nyes.<\/p>\n<h4><strong>Display<\/strong> &#8211; Megjelen\u00e9s<\/h4>\n<p>Egy r\u00f6vidk\u00f3d haszn\u00e1lat\u00e1val lehet\u0151s\u00e9g\u00fcnk van a vonatkoz\u00f3 b\u0151v\u00edtm\u00e9ny be\u00e1ll\u00edt\u00e1sokat megjelen\u00edteni az adott posztokban. &#8211; Ezt ink\u00e1bb ne haszn\u00e1ljuk magyar honlapokon.<\/p>\n<h4><strong>Post types<\/strong> \u2013 Poszt t\u00edpusok<\/h4>\n<p>A m\u00f3dos\u00edt\u00e1sokat a lap alj\u00e1n tal\u00e1lhat\u00f3 <strong>Save changes<\/strong> gombbal kell menteni!<\/p>\n<h6><strong>Default values<\/strong> &#8211; Alap\u00e9rtelmezett \u00e9rt\u00e9kek<\/h6>\n<p>Itt van lehet\u0151s\u00e9g\u00fcnk az egyes poszt t\u00edpusokra vonatkoz\u00f3 alapvet\u0151 be\u00e1ll\u00edt\u00e1sok meghat\u00e1roz\u00e1s\u00e1ra.\u00a0<\/p>\n<p><strong>Bejegyz\u00e9s<\/strong><\/p>\n<ul>\n<li><strong>Active<\/strong> \u2013 Itt tudjuk aktiv\u00e1lni, illetve deaktiv\u00e1lni, hogy a bejegyz\u00e9s t\u00edpus\u00fa posztok eset\u00e9ben megjelenjen-e PublishPress Future be\u00e1ll\u00edt\u00e1sokat tartalmaz\u00f3 fel\u00fclete. Az alap\u00e9rt\u00e9k \u201cakt\u00edv\u201d be\u00e1ll\u00edt\u00e1st tartalmaz, amennyiben ezt szeretn\u00e9nk kikapcsolni, \u00fagy az \u201cinactive\u201d opci\u00f3 kiv\u00e1laszt\u00e1s\u00e1val tehetj\u00fck meg.<\/li>\n<li><strong>Auto-enable<\/strong> \u2013 A PublishPress Future automatikus enged\u00e9lyez\u00e9s\u00e9t tudjuk be\u00e1ll\u00edtani az \u00f6sszes \u00faj bejegyz\u00e9s eset\u00e9re. Az alapbe\u00e1ll\u00edt\u00e1s kikapcsolt funkci\u00f3t tartalmaz, amennyiben szeretn\u00e9nk bekapcsolni, v\u00e1lasszuk ki az \u201cenabled\u201d opci\u00f3t.<\/li>\n<li><strong>Taxonomy<\/strong> \u2013 Itt a csoportos\u00edt\u00e1s t\u00edpus\u00e1t van lehet\u0151s\u00e9g\u00fcnk kiv\u00e1lasztani. Az alap\u00e9rtelmezett be\u00e1ll\u00edt\u00e1s a kateg\u00f3ri\u00e1k, amit nem kell m\u00f3dos\u00edtanunk.<\/li>\n<li><strong>Action<\/strong> \u2013 milyen akci\u00f3t szeretn\u00e9nk \u00e9rv\u00e9nyes\u00edteni a lej\u00e1r\u00f3 cikkekkel\n<ul>\n<li>Change status to Lomt\u00e1r &#8211; A poszt lomt\u00e1rba helyez\u00e9se<\/li>\n<li>Change status to Mag\u00e1njelleg\u0171 &#8211; A poszt Mag\u00e1njelleg\u0171re \u00e1ll\u00edt\u00e1sa<\/li>\n<li>Change status to V\u00e1zlat &#8211; A poszt v\u00e1zlatra \u00e1ll\u00edt\u00e1sa<\/li>\n<li>Delete \u2013 A poszt v\u00e9gleges t\u00f6rl\u00e9se<\/li>\n<li>Keep all current terms and add new terms \u2013 A jelenlegi kateg\u00f3ri\u00e1k\/c\u00edmk\u00e9k megtart\u00e1sa \u00e9s \u00fajak hozz\u00e1ad\u00e1sa<\/li>\n<li>Remove all current terms and add new terms \u2013 A jelenlegi kateg\u00f3ri\u00e1k\/c\u00edmk\u00e9k elt\u00e1vol\u00edt\u00e1sa \u00e9s \u00fajak hozz\u00e1ad\u00e1sa<\/li>\n<li>Remove selected terms \u2013 A kiv\u00e1lasztott kateg\u00f3ri\u00e1k\/c\u00edmk\u00e9k elt\u00e1vol\u00edt\u00e1sa<\/li>\n<li>Stick &#8211; A cikk &#8222;ragad\u00f3ss\u00e1&#8221; alak\u00edt\u00e1sa<\/li>\n<li>Unstick &#8211; A &#8222;ragad\u00f3ss\u00e1g&#8221; megsz\u00fcntet\u00e9se<\/li>\n<\/ul>\n<\/li>\n<li><strong>Default date\/time offset<\/strong> &#8211;\u00a0 l\u00e1sd a General f\u00fcln\u00e9l \u00edrtakat<\/li>\n<li><strong>Who to notify<\/strong> &#8211; Az email \u00e9rtes\u00edt\u00e9st t\u00f6bb szem\u00e9lynek is tov\u00e1bb\u00edthatjuk, melyek megad\u00e1sa a konkr\u00e9t email c\u00edmek megad\u00e1s\u00e1val t\u00f6rt\u00e9nik.\u00a0<\/li>\n<\/ul>\n<p><strong>Oldalak<\/strong><\/p>\n<p><em>L\u00e1sd a bejegyz\u00e9sekn\u00e9l fentebb le\u00edrt be\u00e1ll\u00edt\u00e1si opci\u00f3kat<\/em><\/p>\n<div class=\"fontos_div\">\n<p><strong>A t\u00f6bbi be\u00e1ll\u00edt\u00e1sra nincs sz\u00fcks\u00e9g\u00fcnk.<a id=\"new\"><\/a><\/strong><\/p>\n<\/div>\n<hr \/>\n<h4><strong>\u00daj, lej\u00e1r\u00f3 tartalom l\u00e9trehoz\u00e1sa<\/strong><\/h4>\n<p><a href=\"https:\/\/semmelweis.hu\/wiki\/files\/2024\/06\/PublishPress-Future.png\"><img loading=\"lazy\" decoding=\"async\" class=\"alignright  wp-image-3029\" src=\"https:\/\/semmelweis.hu\/wiki\/files\/2024\/06\/PublishPress-Future.png\" alt=\"\" width=\"286\" height=\"524\" srcset=\"https:\/\/semmelweis.hu\/wiki\/files\/2024\/06\/PublishPress-Future.png 367w, https:\/\/semmelweis.hu\/wiki\/files\/2024\/06\/PublishPress-Future-218x400.png 218w, https:\/\/semmelweis.hu\/wiki\/files\/2024\/06\/PublishPress-Future-82x150.png 82w\" sizes=\"auto, (max-width: 286px) 100vw, 286px\" \/><\/a>Ha a b\u0151v\u00edtm\u00e9ny akt\u00edv a honlapon, akkor b\u00e1rmely \u00faj oldal vagy bejegyz\u00e9s l\u00e9trehoz\u00e1sakor a jobb oldali s\u00e1vban egy &#8222;<strong>PublishPress Future<\/strong>&#8221; doboz tal\u00e1lhat\u00f3 <em>(v\u00e9lhet\u0151en legalul, de a doboz feh\u00e9r keret\u00e9re kattintva \u00e9s az egeret lenyomva tartva a doboz feljebb h\u00fazhat\u00f3 a szerkeszt\u0151 l\u00e9c\u00fcnk\u00f6n)<\/em>.\u00a0<\/p>\n<p>Ha le akarjuk j\u00e1ratni a tartalmunkat, akkor pip\u00e1ljuk be az <em>Enable Future Action <\/em>opci\u00f3t. Ezut\u00e1n a fentiek szerint megadott alap\u00e9rtelmezett be\u00e1ll\u00edt\u00e1sok fognak megjelenni, de ezt minden bejegyz\u00e9s\/oldal eset\u00e9ben egyedileg is megadhatjuk.<\/p>\n<p><strong>Adjuk meg a lej\u00e1rat id\u0151pontj\u00e1t \u00e9s v\u00e1lasszuk ki, hogy mi t\u00f6rt\u00e9njen a bejegyz\u00e9ssel\/cikkel &#8211; ford\u00edt\u00e1sok\u00e9rt l\u00e1sd a fentebb a be\u00e1ll\u00edt\u00e1sokn\u00e1l \u00edrtakat.<\/strong><\/p>\n<p>&nbsp;<\/p>\n","protected":false},"excerpt":{"rendered":"<p>P\u00e1ly\u00e1zati felh\u00edv\u00e1sok, esem\u00e9ny megh\u00edv\u00f3k, id\u0151ben lej\u00e1r\u00f3 tartalommal rendelkez\u0151 cikkeket lehet\u0151s\u00e9g\u00fcnk van egy b\u0151v\u00edtm\u00e9ny seg\u00edts\u00e9g\u00e9vel bizonyos d\u00e1tumhoz k\u00f6t\u00f6tten visszavonni a nyilv\u00e1noss\u00e1gt\u00f3l, vagy egy m\u00e1s kateg\u00f3ri\u00e1ba \u00e1thelyezni. Ehhez a PublishPress Future (r\u00e9gebben PostExpiratot) b\u0151v\u00edtm\u00e9nyt haszn\u00e1ljuk. Ha a honlapon m\u00e1r be van kapcsolva a b\u0151v\u00edtm\u00e9ny, akkor \u00faj lej\u00e1r\u00f3 tartalom l\u00e9trehoz\u00e1s\u00e1nak ismertet\u00e9s\u00e9r\u0151l <a href=\"#new\">lejjebb olvashatunk<\/a> . A lehet\u0151s\u00e9g be\u00fczemel\u00e9s\u00e9hez el\u0151sz\u00f6r be kell &hellip;<\/p>\n","protected":false},"author":12,"featured_media":0,"parent":951,"menu_order":8,"comment_status":"closed","ping_status":"closed","template":"","meta":{"_acf_changed":false,"footnotes":""},"categories":[],"tags":[],"class_list":["post-1175","page","type-page","status-publish","hentry"],"acf":[],"publishpress_future_action":{"enabled":false,"date":"1970-01-01 01:00:00","action":"","terms":[],"taxonomy":"","browser_timezone_offset":0},"_links":{"self":[{"href":"https:\/\/semmelweis.hu\/wiki\/wp-json\/wp\/v2\/pages\/1175","targetHints":{"allow":["GET"]}}],"collection":[{"href":"https:\/\/semmelweis.hu\/wiki\/wp-json\/wp\/v2\/pages"}],"about":[{"href":"https:\/\/semmelweis.hu\/wiki\/wp-json\/wp\/v2\/types\/page"}],"author":[{"embeddable":true,"href":"https:\/\/semmelweis.hu\/wiki\/wp-json\/wp\/v2\/users\/12"}],"replies":[{"embeddable":true,"href":"https:\/\/semmelweis.hu\/wiki\/wp-json\/wp\/v2\/comments?post=1175"}],"version-history":[{"count":10,"href":"https:\/\/semmelweis.hu\/wiki\/wp-json\/wp\/v2\/pages\/1175\/revisions"}],"predecessor-version":[{"id":3030,"href":"https:\/\/semmelweis.hu\/wiki\/wp-json\/wp\/v2\/pages\/1175\/revisions\/3030"}],"up":[{"embeddable":true,"href":"https:\/\/semmelweis.hu\/wiki\/wp-json\/wp\/v2\/pages\/951"}],"wp:attachment":[{"href":"https:\/\/semmelweis.hu\/wiki\/wp-json\/wp\/v2\/media?parent=1175"}],"wp:term":[{"taxonomy":"category","embeddable":true,"href":"https:\/\/semmelweis.hu\/wiki\/wp-json\/wp\/v2\/categories?post=1175"},{"taxonomy":"post_tag","embeddable":true,"href":"https:\/\/semmelweis.hu\/wiki\/wp-json\/wp\/v2\/tags?post=1175"}],"curies":[{"name":"wp","href":"https:\/\/api.w.org\/{rel}","templated":true}]}}