{"id":1146,"date":"2016-08-11T16:32:40","date_gmt":"2016-08-11T14:32:40","guid":{"rendered":"http:\/\/semmelweis.hu\/wiki\/?page_id=1146"},"modified":"2025-11-26T09:24:58","modified_gmt":"2025-11-26T08:24:58","slug":"linkek-keszitese","status":"publish","type":"page","link":"https:\/\/semmelweis.hu\/wiki\/tartalom-kezeles\/linkek-keszitese\/","title":{"rendered":"Linkek (hiperhivatkoz\u00e1sok) \u00e9s gombok k\u00e9sz\u00edt\u00e9se"},"content":{"rendered":"<div class=\"keretes w-100\">\n<h5>Tartalomjegyz\u00e9k:<\/h5>\n<ul style=\"list-style-type: square;\">\n<li><a href=\"#altalanos\">\u00c1ltal\u00e1nos hivatkoz\u00e1sok k\u00e9sz\u00edt\u00e9se<\/a><\/li>\n<li><a href=\"#gombok\">Gombok k\u00e9sz\u00edt\u00e9se<\/a><\/li>\n<li><a href=\"#letoltes\" target=\"_blank\" rel=\"noopener\">Let\u00f6lt\u00e9s link (amikor mindenk\u00e9pp let\u00f6ltet\u00fcnk egy f\u00e1jlt)<\/a><\/li>\n<li><a href=\"#konyvjelzo\">&#8222;K\u00f6nyvjelz\u0151&#8221; vagyis horgony hivatkoz\u00e1sok k\u00e9sz\u00edt\u00e9se<\/a> (pl. oldalon bel\u00fcli linkekhez vagy tartalomjegyz\u00e9khez)<\/li>\n<\/ul>\n<\/div>\n<h2>\u00c1ltal\u00e1nos hivatkoz\u00e1sok k\u00e9sz\u00edt\u00e9se<\/h2>\n<p><a class=\"btn btn-secondary\" href=\"https:\/\/kaltura.semmelweis.hu\/media\/1_pu5tevc0\" target=\"_blank\" rel=\"noopener\">\u00datmutat\u00f3 vide\u00f3 \u2192<\/a><a id=\"altalanos\"><\/a><\/p>\n<p>Ha a sz\u00f6veg\u00fcnkben szeretn\u00e9nk linket elhelyezni pl. egy m\u00e1sik honlapra, cikkre, vagy egy f\u00e1jl webc\u00edm\u00e9re mutat\u00f3 hivatkoz\u00e1st, akkor a sz\u00f6vegben jel\u00f6lj\u00fck ki a linkk\u00e9 alak\u00edtand\u00f3 sz\u00f6vegr\u00e9szletet, vagy \u00edrjunk egy megfelel\u0151 sz\u00f6veget \u00e9s azt jel\u00f6lj\u00fck ki, majd kattintsunk az eszk\u00f6zt\u00e1ron a l\u00e1ncszemet mutat\u00f3 ikonra:<\/p>\n<p><a href=\"https:\/\/semmelweis.hu\/wiki\/files\/2016\/08\/link_keszites.png\"><img loading=\"lazy\" decoding=\"async\" class=\"aligncenter  wp-image-1147\" src=\"https:\/\/semmelweis.hu\/wiki\/files\/2016\/08\/link_keszites-1024x515.png\" alt=\"link_keszites\" width=\"519\" height=\"261\" srcset=\"https:\/\/semmelweis.hu\/wiki\/files\/2016\/08\/link_keszites-1024x515.png 1024w, https:\/\/semmelweis.hu\/wiki\/files\/2016\/08\/link_keszites-150x75.png 150w, https:\/\/semmelweis.hu\/wiki\/files\/2016\/08\/link_keszites-300x151.png 300w, https:\/\/semmelweis.hu\/wiki\/files\/2016\/08\/link_keszites-768x387.png 768w, https:\/\/semmelweis.hu\/wiki\/files\/2016\/08\/link_keszites.png 1065w\" sizes=\"auto, (max-width: 519px) 100vw, 519px\" \/><\/a><\/p>\n<p>A felugr\u00f3 ablakba k\u00f6zvetlen\u00fcl beilleszthetj\u00fck a c\u00e9ltartalom webc\u00edm\u00e9t (URL a http:\/\/ el\u0151taggal egy\u00fctt) majd kattintsunk a <span style=\"color: #0000ff;\">k\u00e9k sz\u00edn\u0171 enter jel\u0171;<\/span> gombra (vagy nyomjuk meg\u00a0a billenty\u0171zeten az enter gombot). Ekkor a sz\u00f6veg linkk\u00e9 alakul. Ezt akkor is meg kell tenn\u00fcnk, ha egy hivatkoz\u00e1s c\u00edm\u00e9t l\u00e1that\u00f3 m\u00f3don beillesztj\u00fck a sz\u00f6vegbe, mert a Worddel ellent\u00e9tben nem alakul automatikusan linkk\u00e9 (sem a webc\u00edm, sem az e-mail c\u00edm). Ilyenkor azonban el\u00e9g a webc\u00edmet\/e-mail c\u00edmet kijel\u00f6lni \u00e9s \u00edgy kattintani a l\u00e1ncszem ikonra. A rendszer \u00edgy m\u00e1r automatikus beilleszti a webc\u00edmet\/mailto: linket az e-mail c\u00edmhez \u00e9s nek\u00fcnk csak az enterre kell kattintani, vagy lenyomni.\u00a0<\/p>\n<p><strong>A hivatkoz\u00e1s is szerkeszthet\u0151, ha a felugr\u00f3 ablakban a fogasker\u00e9k gombra kattintunk:<\/strong><a href=\"https:\/\/semmelweis.hu\/wiki\/files\/2016\/08\/link_keszites_2.png\"><img loading=\"lazy\" decoding=\"async\" class=\"aligncenter wp-image-1148 size-full\" src=\"https:\/\/semmelweis.hu\/wiki\/files\/2016\/08\/link_keszites_2.png\" alt=\"link_keszites_2\" width=\"816\" height=\"152\" srcset=\"https:\/\/semmelweis.hu\/wiki\/files\/2016\/08\/link_keszites_2.png 816w, https:\/\/semmelweis.hu\/wiki\/files\/2016\/08\/link_keszites_2-150x28.png 150w, https:\/\/semmelweis.hu\/wiki\/files\/2016\/08\/link_keszites_2-300x56.png 300w, https:\/\/semmelweis.hu\/wiki\/files\/2016\/08\/link_keszites_2-768x143.png 768w\" sizes=\"auto, (max-width: 816px) 100vw, 816px\" \/><\/a><\/p>\n<p><strong>Ekkor tov\u00e1bbi opci\u00f3k k\u00f6z\u00fcl v\u00e1laszthatunk:<\/strong><\/p>\n<p><a href=\"https:\/\/semmelweis.hu\/wiki\/files\/2024\/03\/link_keszites_3.png\"><img loading=\"lazy\" decoding=\"async\" class=\"aligncenter size-full wp-image-2900\" src=\"https:\/\/semmelweis.hu\/wiki\/files\/2024\/03\/link_keszites_3.png\" alt=\"\" width=\"646\" height=\"622\" srcset=\"https:\/\/semmelweis.hu\/wiki\/files\/2024\/03\/link_keszites_3.png 646w, https:\/\/semmelweis.hu\/wiki\/files\/2024\/03\/link_keszites_3-400x385.png 400w, https:\/\/semmelweis.hu\/wiki\/files\/2024\/03\/link_keszites_3-150x144.png 150w\" sizes=\"auto, (max-width: 646px) 100vw, 646px\" \/><\/a><\/p>\n<p>\u201cHivatkoz\u00e1s sz\u00f6vege\u201d az a sz\u00f6vegr\u00e9sz lesz, amit kijel\u00f6lt\u00fcnk. A c\u00edm alatti kis jel\u00f6l\u0151 n\u00e9gyzetet bekattintva a link\u00fcnk majd egy \u00faj b\u00f6ng\u00e9sz\u0151 f\u00fcl\u00f6n fog megny\u00edlni. Ezt mindig\u00a0c\u00e9lszer\u0171 bejel\u00f6lni, ha a l\u00e1togat\u00f3t k\u00fcls\u0151s honlapra navig\u00e1ljuk a mi weboldalunkr\u00f3l, vagy ha egy f\u00e1jlra ugratjuk, \u00edgy ha az olvas\u00f3 bez\u00e1rja is a m\u00e1sik weboldalt\u00a0(f\u00e1jlt), akkor is visszajut a mi honlapunkra.<a name=\"letoltes\"><\/a><\/p>\n<p>V\u00e1laszthatunk a saj\u00e1t, m\u00e1r elk\u00e9sz\u00edtett tartalmaink k\u00f6z\u00fcl is, ehhez a \u201cvagy hivatkoz\u00e1s l\u00e9tez\u0151 tartalomhoz\u201d sz\u00f6veg alatt a keres\u00e9sre kell\u00a0kattintanunk, majd kiv\u00e1lasztani\u00a0a megfelel\u0151t oldalt\/bejegyz\u00e9st, \u00e9s egy kattint\u00e1ssal az adott tartalmat a linkhez hozz\u00e1adni. V\u00e9g\u00fcl kattintsunk a \u201cHivatkoz\u00e1s hozz\u00e1ad\u00e1sa&#8221; gombra.<\/p>\n<p>Saj\u00e1t f\u00e1jlunkat \u00fagy tudunk belinkelni, ha el\u0151bb a M\u00e9diat\u00e1rba azt bet\u00f6lt\u00f6tt\u00fck, majd onnan a f\u00e1jl URL-j\u00e9t kim\u00e1soljuk \u00e9s a hivatkoz\u00e1s URL-jek\u00e9nt beillesztj\u00fck. <em>Figyelem!\u00a0El\u0151nyben kell r\u00e9szes\u00edteni a honlapokon a k\u00f6zvetlen\u00fcl (let\u00f6lt\u00e9s n\u00e9lk\u00fcl, a b\u00f6ng\u00e9sz\u0151 \u00e1ltal is megjelen\u00edthet\u0151) olvashat\u00f3 \u00e9s kereshet\u0151 tartalmakat.<a name=\"gomb\"><\/a> Azaz a sz\u00f6veget, amit f\u00e1jlban tenn\u00e9nk ki egyszer\u0171en m\u00e1soljuk ki \u00e9s egy \u00faj oldalba vagy bejegyz\u00e9sbe illessz\u00fck be, form\u00e1zzuk meg, esetleg illusztr\u00e1ljuk. (Gondoljunk arra, hogy egyre t\u00f6bb l\u00e1togat\u00f3 okostelefonr\u00f3l keresi fel a honlapunkat, akik sz\u00e1m\u00e1ra a f\u00e1jlok let\u00f6lt\u00e9se neh\u00e9zs\u00e9get jelenthet.)<a id=\"gombok\"><\/a><\/em><\/p>\n<h2>Gombok k\u00e9sz\u00edt\u00e9se<\/h2>\n<p><a class=\"btn btn-secondary\" href=\"https:\/\/kaltura.semmelweis.hu\/media\/1_pu5tevc0\" target=\"_blank\" rel=\"noopener\">\u00datmutat\u00f3 vide\u00f3 \u2192<\/a><\/p>\n<p>Az \u00faj sablonban t\u00f6bbf\u00e9le kattinthat\u00f3 gombot is l\u00e9trehozhatunk.\u00a0 Egy gomb sz\u00f6vege norm\u00e1l esetben r\u00f6vid, t\u00f6m\u00f6r pl. &#8222;let\u00f6lt\u00e9s&#8221;, &#8222;regisztr\u00e1lok&#8221;, &#8222;tov\u00e1bb&#8221;, stb. A gombon majd kapit\u00e1lis bet\u0171kkel jelenik meg a be\u00edrt sz\u00f3.<br \/>\nEl\u0151sz\u00f6r jel\u00f6lj\u00fck ki a gombb\u00e1 alak\u00edtand\u00f3 sz\u00f3t, majd kattintsunk az <strong>Insert \/ Edit Advanced Link<\/strong> ikonra <em>(l\u00e1sd k\u00e9p)<\/em>!<\/p>\n<p><a href=\"https:\/\/semmelweis.hu\/wiki\/files\/2024\/03\/button_uj.jpg\"><img loading=\"lazy\" decoding=\"async\" class=\"aligncenter size-large wp-image-2901\" src=\"https:\/\/semmelweis.hu\/wiki\/files\/2024\/03\/button_uj-1024x357.jpg\" alt=\"\" width=\"753\" height=\"263\" srcset=\"https:\/\/semmelweis.hu\/wiki\/files\/2024\/03\/button_uj-1024x357.jpg 1024w, https:\/\/semmelweis.hu\/wiki\/files\/2024\/03\/button_uj-400x140.jpg 400w, https:\/\/semmelweis.hu\/wiki\/files\/2024\/03\/button_uj-150x52.jpg 150w, https:\/\/semmelweis.hu\/wiki\/files\/2024\/03\/button_uj-768x268.jpg 768w, https:\/\/semmelweis.hu\/wiki\/files\/2024\/03\/button_uj-753x263.jpg 753w, https:\/\/semmelweis.hu\/wiki\/files\/2024\/03\/button_uj.jpg 1026w\" sizes=\"auto, (max-width: 753px) 100vw, 753px\" \/><\/a><\/p>\n<p>A felugr\u00f3 ablakban a &#8222;Link URL&#8221; mez\u0151be illesz\u00fck be azt webc\u00edmet, ahova \u00e9rkezik a l\u00e1togat\u00f3 a gomb megnyom\u00e1sa ut\u00e1n. Ahhoz, hogy a link gomb form\u00e1tumban jelenjen meg a &#8222;Classes&#8221; mez\u0151be <em>(l\u00e1sd k\u00e9p)<\/em> be kell \u00edrnunk a gombst\u00edlus megnevez\u00e9s\u00e9t, <em>(az al\u00e1bb tal\u00e1lhat\u00f3 t\u00e1bl\u00e1zatban megtekinthet\u0151ek a gombok sz\u00ednei \u00e9s a be\u00edrand\u00f3 szavak). <\/em>Amennyiben a beillesztett webc\u00edm elnavig\u00e1l a honlapunkr\u00f3l, \u00e9rdemes m\u00e9g a &#8222;Target&#8221; mez\u0151n\u00e9l a leny\u00edl\u00f3 opci\u00f3k k\u00f6z\u00fcl a &#8222;_blank&#8221;-et kiv\u00e1lasztani, \u00edgy a gombra kattint\u00e1s ut\u00e1n a l\u00e1togat\u00f3 egy \u00faj f\u00fclben fogja majd a landol\u00f3 fel\u00fcletet olvasni. V\u00e9g\u00fcl kattintsunk az &#8222;Insert and Close&#8221; <em>(beilleszt \u00e9s bez\u00e1r)<\/em> gombra.\u00a0<\/p>\n<p><a href=\"https:\/\/semmelweis.hu\/wiki\/files\/2024\/03\/gomb_beillesztese1.jpg\"><img loading=\"lazy\" decoding=\"async\" class=\"aligncenter  wp-image-2902\" src=\"https:\/\/semmelweis.hu\/wiki\/files\/2024\/03\/gomb_beillesztese1.jpg\" alt=\"\" width=\"820\" height=\"439\" srcset=\"https:\/\/semmelweis.hu\/wiki\/files\/2024\/03\/gomb_beillesztese1.jpg 941w, https:\/\/semmelweis.hu\/wiki\/files\/2024\/03\/gomb_beillesztese1-400x214.jpg 400w, https:\/\/semmelweis.hu\/wiki\/files\/2024\/03\/gomb_beillesztese1-150x80.jpg 150w, https:\/\/semmelweis.hu\/wiki\/files\/2024\/03\/gomb_beillesztese1-768x411.jpg 768w, https:\/\/semmelweis.hu\/wiki\/files\/2024\/03\/gomb_beillesztese1-753x403.jpg 753w\" sizes=\"auto, (max-width: 820px) 100vw, 820px\" \/><\/a><\/p>\n<p><span style=\"color: #ffffff;\">.<a id=\"button-styles\"><\/a><\/span><\/p>\n<h4><strong>Gombst\u00edlusok:<\/strong><\/h4>\n<table class=\"bottom-border\" style=\"width: 100%;\">\n<thead>\n<tr>\n<td style=\"width: 40%; text-align: center;\" scope=\"col\"><strong>Class neve:<\/strong><\/td>\n<td style=\"width: 60%; text-align: left;\" scope=\"col\"><strong>Megjelen\u0151 gomb<\/strong><\/td>\n<\/tr>\n<\/thead>\n<tbody>\n<tr>\n<td style=\"text-align: center; vertical-align: middle;\">button<\/td>\n<td style=\"text-align: left; vertical-align: middle;\"><a class=\"button\" href=\"#\">S\u00f6t\u00e9tk\u00e9k gomb<\/a><\/td>\n<\/tr>\n<tr>\n<td style=\"text-align: center; vertical-align: middle;\">btn<\/td>\n<td style=\"background-color: #f1f1f1; text-align: left; vertical-align: middle;\"><a class=\"btn\" href=\"#\">\u00c1tl\u00e1tsz\u00f3 gomb<\/a><\/td>\n<\/tr>\n<tr>\n<td style=\"text-align: center; vertical-align: middle;\">btn btn-secondary<\/td>\n<td style=\"text-align: left; vertical-align: middle;\"><a class=\"btn btn-secondary\" href=\"#\">M\u00e1sodlagos k\u00e9k gomb<\/a><\/td>\n<\/tr>\n<tr>\n<td style=\"text-align: center; vertical-align: middle;\">btn btn-dark<\/td>\n<td style=\"text-align: left; vertical-align: middle;\"><a class=\"btn btn-dark\" href=\"#\">fekete gomb<\/a><\/td>\n<\/tr>\n<tr>\n<td style=\"text-align: center; vertical-align: middle;\">btn btn-light<\/td>\n<td style=\"background-color: #707070; text-align: left; vertical-align: middle;\"><a class=\"btn btn-light\" href=\"#\">Feh\u00e9r gomb<\/a><\/td>\n<\/tr>\n<tr>\n<td style=\"text-align: center; vertical-align: middle;\">btn btn-outline-primary<\/td>\n<td style=\"text-align: left; vertical-align: middle;\"><a class=\"btn btn-outline-primary\" href=\"#\">\u00c1tl\u00e1tsz\u00f3 keretes gomb<\/a><\/td>\n<\/tr>\n<tr>\n<td style=\"text-align: center; vertical-align: middle;\">btn btn-danger<\/td>\n<td style=\"text-align: left; vertical-align: middle;\"><a class=\"btn btn-danger\" href=\"#\">Vesz\u00e9ly gomb<\/a><\/td>\n<\/tr>\n<tr>\n<td style=\"text-align: center; vertical-align: middle;\">btn btn-success<\/td>\n<td style=\"text-align: left; vertical-align: middle;\"><a class=\"btn btn-success\" href=\"#\">Siker<\/a><\/td>\n<\/tr>\n<tr>\n<td style=\"text-align: center; vertical-align: middle;\">btn btn-warning<\/td>\n<td style=\"text-align: left; vertical-align: middle;\"><a class=\"btn btn-warning\" href=\"#\">Figyelmeztet\u00e9s<\/a><\/td>\n<\/tr>\n<\/tbody>\n<\/table>\n<p>&nbsp;<\/p>\n<p><a href=\"https:\/\/getbootstrap.com\/docs\/4.6\/components\/buttons\/\" target=\"_blank\" rel=\"noopener\">Tov\u00e1bbi gombok \u2192<\/a><a id=\"letoltes\"><\/a><\/p>\n<h2>Let\u00f6lt\u00e9s link (amikor mindenk\u00e9pp let\u00f6ltet\u00fcnk egy f\u00e1jlt)<\/h2>\n<h5>PDF k\u00e9nyszer\u00edtett let\u00f6lt\u00e9se<\/h5>\n<p>Ha egy PDF f\u00e1jlt &#8211; amit a b\u00f6ng\u00e9sz\u0151 maga is meg tud nyitni &#8211; szeretn\u00e9nk, ha megnyit\u00e1s helyett mindenk\u00e9pp let\u00f6lts\u00f6n a felhaszn\u00e1l\u00f3, akkor a hivatkoz\u00e1sba egy utas\u00edt\u00e1st kell elhelyezn\u00fcnk. K\u00e9sz\u00edts\u00fck el a szokott m\u00f3don a f\u00e1jlra mutat\u00f3 hivatkoz\u00e1st, majd v\u00e1ltsunk HTML n\u00e9zetbe \u00e9s Ctrl+F seg\u00edts\u00e9g\u00e9vel keress\u00fck meg a hivatkoz\u00e1sunk sz\u00f6veg\u00e9t (azaz amire linkelt\u00fcnk pl. &#8222;a pdf let\u00f6lt\u00e9se&#8221;). Ha megtal\u00e1ltuk, akkor a k\u00f3dba az al\u00e1bbi m\u00f3don kell egy <em>download<\/em> utas\u00edt\u00e1st tenn\u00fcnk:<\/p>\n<pre>&lt;a href=\"https:\/\/fajl-webcime.pdf\" download=\"\"&gt;let\u00f6lt\u00e9s&lt;\/a&gt; <\/pre>\n<h5>K\u00e9p k\u00e9nyszer\u00edtett let\u00f6lt\u00e9se<\/h5>\n<p>Ha k\u00e9pet szeretn\u00e9nk mindenk\u00e9pp let\u00f6ltetni az olvas\u00f3val, akkor el\u0151bb ki kell iktatnunk az egyetemi honlapon haszn\u00e1lt k\u00e9pn\u00e9zeget\u0151t is, \u00e9s \u00edgy a PDF-n\u00e9l haszn\u00e1lt download utas\u00edt\u00e1son k\u00edv\u00fcl m\u00e9g egy shortcode-ot (r\u00f6vidk\u00f3dot) is haszn\u00e1lnunk kell:<a id=\"konyvjelzo\"><\/a><\/p>\n<pre>&#91;slb_exclude&#93;&lt;a href=\"https:\/\/kep-webcime.png\"&gt;let\u00f6lt\u00e9s&lt;\/a&gt;&#91;\/slb_exclude&#93;<\/pre>\n<h2>&#8222;K\u00f6nyvjelz\u0151&#8221; vagy horgony hivatkoz\u00e1sok k\u00e9sz\u00edt\u00e9se\u00a0(pl. tartalomjegyz\u00e9khez):<\/h2>\n<p><a class=\"btn btn-secondary\" href=\"https:\/\/kaltura.semmelweis.hu\/media\/\/1_whl12vsc\" target=\"_blank\" rel=\"noopener\">\u00datmutat\u00f3 vide\u00f3 \u2192<\/a><\/p>\n<div class=\"fontos_div\">\n<p>K\u00e9sz\u00edthet\u00fcnk <strong>egy-egy oldalon bel\u00fcli tartalomhoz (szakaszhoz) ugr\u00f3 hivatkoz\u00e1sokat. <\/strong>Ehhez az \u00fan. horgonyokkal megjel\u00f6lj\u00fck azt a pontot, ahov\u00e1 vezetni szeretn\u00e9nk az olvas\u00f3t, majd a megfelel\u0151 helyre linket\/gombot tesz\u00fcnk, ami az oldalon bel\u00fcl a horgonnyal megjel\u00f6lt pontra ugratja az olvas\u00f3t.\u00a0<\/p>\n<\/div>\n<h5><em>Mire j\u00f3 ez?<\/em><\/h5>\n<p><em>Hossz\u00fa tartalom eset\u00e9n tartalomjegyz\u00e9ket tehet\u00fcnk az oldal tetej\u00e9re, amely egyben az adott &#8222;fejezet&#8221; kezdet\u00e9re ugr\u00f3 link is, mint ahogy ennek az oldalnak a tetej\u00e9n is van. De ez nemcsak tartalomjegyz\u00e9kre alkalmas, hanem b\u00e1rmilyen, az adott oldalon bel\u00fcli tartalomhoz &#8222;gurul\u00f3&#8221; vagy &#8222;ugr\u00f3&#8221; hivatkoz\u00e1st, ak\u00e1r gombot is k\u00e9sz\u00edthet\u00fcnk.Pl. fel az oldal tetej\u00e9re, stb.<\/em><\/p>\n<h5>Els\u0151 l\u00e9p\u00e9sek:\u00a0<\/h5>\n<p>El\u0151sz\u00f6r k\u00e9sz\u00edts\u00fck el az oldalunk tartalm\u00e1t, form\u00e1zzuk meg \u00e9s lehet\u0151leg tagoljuk szakaszokra. \u00c9rdemes a szakaszokat c\u00edmsorokkal ell\u00e1tunk, \u00edgy k\u00f6nnyebb beazonos\u00edtani azokat a sorokat, ahov\u00e1 majd odavezetj\u00fck (ugratjuk) az oldalon bel\u00fcl az olvas\u00f3t.\u00a0<\/p>\n<h5>A horgony elhelyez\u00e9se:<\/h5>\n<p>Minden egyes szakaszhoz, amelyhez az olvas\u00f3t ugratni szeretn\u00e9nk <em>(pl. a tartalomjegyz\u00e9k elemeinek c\u00edmsora)<\/em>, egy horgonyt kell elhelyezni, aminek adunk egy egyedi nevet<em> (nem lehet az oldalon k\u00e9t egyforma nev\u0171 horgony, hiszen a b\u00f6ng\u00e9sz\u0151 nem tudn\u00e1, hogy melyikre is ugorjon)<\/em>.\u00a0<\/p>\n<ul>\n<li>Ehhez els\u0151 l\u00e9p\u00e9sk\u00e9nt \u00e1lljunk a kurzorral szerkeszt\u0151fel\u00fcleten az adott szakasz legelej\u00e9re (pl. a szakasz c\u00edmsor\u00e1nak az elej\u00e9re) \u00e9s mivel a b\u00f6ng\u00e9sz\u0151 a k\u00e9perny\u0151 legtetej\u00e9n fogja mutatni a c\u00edmsorunkat, \u00e9rdemes a horgonyt val\u00f3j\u00e1ban ink\u00e1bb a szakaszunk c\u00edm\u00e9t vagy kezdet\u00e9t <em>megel\u0151z\u0151 bekezd\u00e9s<\/em> v\u00e9g\u00e9re tenni &#8211; teh\u00e1t kattintsunk oda. Ha ez valami\u00e9rt nem lehets\u00e9ges, mert az el\u0151z\u0151 bekezd\u00e9sben olyan tartalom van, amihez nem lehet horgonyt illeszteni, akkor persze j\u00f3 a c\u00edmsorunk legeleje is.\u00a0<\/li>\n<li>A horgonyt vizu\u00e1lis n\u00e9zetben \u00fagy sz\u00farjuk be, hogy r\u00e1kattintunk a horgony ikonra (l\u00e1sd k\u00e9p):<\/li>\n<\/ul>\n<p><a href=\"https:\/\/semmelweis.hu\/wiki\/files\/2023\/06\/horgony-2023-06-21-121139.png\"><img loading=\"lazy\" decoding=\"async\" class=\"aligncenter wp-image-2565 size-large\" src=\"https:\/\/semmelweis.hu\/wiki\/files\/2023\/06\/horgony-2023-06-21-121139-1024x168.png\" alt=\"\" width=\"753\" height=\"124\" srcset=\"https:\/\/semmelweis.hu\/wiki\/files\/2023\/06\/horgony-2023-06-21-121139-1024x168.png 1024w, https:\/\/semmelweis.hu\/wiki\/files\/2023\/06\/horgony-2023-06-21-121139-400x66.png 400w, https:\/\/semmelweis.hu\/wiki\/files\/2023\/06\/horgony-2023-06-21-121139-150x25.png 150w, https:\/\/semmelweis.hu\/wiki\/files\/2023\/06\/horgony-2023-06-21-121139-768x126.png 768w, https:\/\/semmelweis.hu\/wiki\/files\/2023\/06\/horgony-2023-06-21-121139-753x124.png 753w, https:\/\/semmelweis.hu\/wiki\/files\/2023\/06\/horgony-2023-06-21-121139.png 1253w\" sizes=\"auto, (max-width: 753px) 100vw, 753px\" \/><\/a><\/p>\n<ul>\n<li>A felugr\u00f3 ablakban kell megadnunk az elem nagyon r\u00f6vid, de relev\u00e1ns megnevez\u00e9s\u00e9t &#8211; k\u00e9s\u0151bb ebb\u0151l k\u00e9sz\u00edtj\u00fck majd a bels\u0151 link\u00fcnket. <strong>Ezek a nevek nem tartalmazhatnak \u00e9kezetet, vagy sz\u00f3k\u00f6zt \u00e9s nem lehet k\u00e9t szakasznak azonos a neve. <\/strong>Ezut\u00e1n kattintsunk az OK gombra.\n<ul>\n<li>Ha esetleg ink\u00e1bb HTML m\u00f3dban szeret\u00fcnk dolgozni, akkor horgonynak sz\u00e1nt helyre HTML n\u00e9zetben az al\u00e1bbi k\u00f3dot kell beilleszten\u00fcnk:\n<ul>\n<li>\n<pre>&lt;a name=\"megnevezes-1\"&gt;&lt;\/a&gt;<\/pre>\n<\/li>\n<li><em>A name= ut\u00e1n a k\u00e9t id\u00e9z\u0151jel k\u00f6z\u00e9 a tartalomjegyz\u00e9k elem nagyon r\u00f6vid, de relev\u00e1ns megnevez\u00e9s\u00e9t \u00edrjuk. Ezek a nevek nem tartalmazhatnak \u00e9kezetet, vagy sz\u00f3k\u00f6zt!<\/em><\/li>\n<\/ul>\n<\/li>\n<\/ul>\n<\/li>\n<li>A horgonyra mutat\u00f3 linket, <a href=\"#gombok\">vagy ak\u00e1r gombot<\/a> <em>(\u2190 ez is egy horgony link)<\/em> b\u00e1rhol elhelyezhet\u00fcnk az oldalunkon bel\u00fcl. Ehhez jel\u00f6lj\u00fck ki azt a sz\u00f6veget, amit linkk\u00e9 szeretn\u00e9nk alak\u00edtani, majd a fentebb, <a href=\"#altalanos\">a hivatkoz\u00e1sok besz\u00far\u00e1s\u00e1r\u00f3l \u00edrt szakaszban<\/a> <em>(\u2190 \u00e9s m\u00e9g ez is egy horgony link)<\/em> megismert m\u00f3don jel\u00f6lj\u00fck ki a sz\u00f6veget \u00e9s a felugr\u00f3 ablakba illessz\u00fck be a vonatkoz\u00f3 elnevez\u00e9s\u00fcnket egy # jel ut\u00e1n, pl. \u00edgy: #megnevezes-1\u00a0<\/li>\n<\/ul>\n<p>Ezt tegy\u00fck meg minden elemmel \u00e9s minden megnevez\u00e9ssel. Majd ments\u00fck az oldalt.\u00a0<\/p>\n<h5>M\u00e1sik oldal adott szakasz\u00e1hoz (horgony\u00e1hoz) ugrat\u00e1s<\/h5>\n<p>Ezek a horgonylinkek rendes webc\u00edmk\u00e9nt is m\u0171k\u00f6dnek, azaz az egyik oldalamr\u00f3l tudom az olvas\u00f3t egy m\u00e1sik oldal valamelyik adott szakasz\u00e1hoz ugratni. N\u00e9zz\u00fcnk erre egy p\u00e9ld\u00e1t, ha a k\u00e9pek besz\u00far\u00e1s\u00e1r\u00f3l sz\u00f3l\u00f3 le\u00edr\u00e1s\u00e1b\u00f3l egyb\u0151l a k\u00e9pgal\u00e9ri\u00e1kr\u00f3l sz\u00f3l\u00f3 r\u00e9szhez &#8211; ahol m\u00e1r van egy k\u00e9sz horgony &#8211; szeretn\u00e9m vezetni az olvas\u00f3t:<\/p>\n<p><a href=\"https:\/\/semmelweis.hu\/wiki\/tartalom-kezeles\/kepek-egyeb-fajlok-beillesztese\/#gallery\">https:\/\/semmelweis.hu\/wiki\/tartalom-kezeles\/kepek-egyeb-fajlok-beillesztese\/#gallery<\/a><\/p>\n<p>A l\u00e9nyeg, hogy az \u00e9rintett oldal webc\u00edm\u00e9nek a v\u00e9g\u00e9re beker\u00fcl egy # jel \u00e9s az adott szakaszn\u00e1l elhelyezett horgony megnevez\u00e9se.\u00a0<\/p>\n<p>&nbsp;<\/p>\n","protected":false},"excerpt":{"rendered":"<p>Tartalomjegyz\u00e9k: <a href=\"#altalanos\">\u00c1ltal\u00e1nos hivatkoz\u00e1sok k\u00e9sz\u00edt\u00e9se<\/a> <a href=\"#gombok\">Gombok k\u00e9sz\u00edt\u00e9se<\/a> <a href=\"#letoltes\" target=\"_blank\" rel=\"noopener\">Let\u00f6lt\u00e9s link (amikor mindenk\u00e9pp let\u00f6ltet\u00fcnk egy f\u00e1jlt)<\/a> <a href=\"#konyvjelzo\">&#8222;K\u00f6nyvjelz\u0151&#8221; vagyis horgony hivatkoz\u00e1sok k\u00e9sz\u00edt\u00e9se<\/a> (pl. oldalon bel\u00fcli linkekhez vagy tartalomjegyz\u00e9khez) \u00c1ltal\u00e1nos hivatkoz\u00e1sok k\u00e9sz\u00edt\u00e9se <a class=\"btn btn-secondary\" href=\"https:\/\/kaltura.semmelweis.hu\/media\/1_pu5tevc0\" target=\"_blank\" rel=\"noopener\">\u00datmutat\u00f3 vide\u00f3 \u2192<\/a> <a id=\"altalanos\"><\/a> Ha a sz\u00f6veg\u00fcnkben szeretn\u00e9nk linket elhelyezni pl. egy m\u00e1sik honlapra, cikkre, vagy egy f\u00e1jl webc\u00edm\u00e9re mutat\u00f3 hivatkoz\u00e1st, akkor a sz\u00f6vegben jel\u00f6lj\u00fck ki a linkk\u00e9 alak\u00edtand\u00f3 sz\u00f6vegr\u00e9szletet, vagy \u00edrjunk egy megfelel\u0151 sz\u00f6veget \u00e9s azt jel\u00f6lj\u00fck ki, majd kattintsunk az eszk\u00f6zt\u00e1ron a l\u00e1ncszemet mutat\u00f3 ikonra: <a href=\"https:\/\/semmelweis.hu\/wiki\/files\/2016\/08\/link_keszites.png\"><\/a> A felugr\u00f3 &hellip;<\/p>\n","protected":false},"author":12,"featured_media":0,"parent":949,"menu_order":6,"comment_status":"closed","ping_status":"closed","template":"template-fullwidth.php","meta":{"_acf_changed":false,"footnotes":""},"categories":[],"tags":[],"class_list":["post-1146","page","type-page","status-publish","hentry"],"acf":[],"publishpress_future_action":{"enabled":false,"date":"1970-01-01 01:00:00","action":"","terms":[],"taxonomy":"","browser_timezone_offset":0},"_links":{"self":[{"href":"https:\/\/semmelweis.hu\/wiki\/wp-json\/wp\/v2\/pages\/1146","targetHints":{"allow":["GET"]}}],"collection":[{"href":"https:\/\/semmelweis.hu\/wiki\/wp-json\/wp\/v2\/pages"}],"about":[{"href":"https:\/\/semmelweis.hu\/wiki\/wp-json\/wp\/v2\/types\/page"}],"author":[{"embeddable":true,"href":"https:\/\/semmelweis.hu\/wiki\/wp-json\/wp\/v2\/users\/12"}],"replies":[{"embeddable":true,"href":"https:\/\/semmelweis.hu\/wiki\/wp-json\/wp\/v2\/comments?post=1146"}],"version-history":[{"count":11,"href":"https:\/\/semmelweis.hu\/wiki\/wp-json\/wp\/v2\/pages\/1146\/revisions"}],"predecessor-version":[{"id":3346,"href":"https:\/\/semmelweis.hu\/wiki\/wp-json\/wp\/v2\/pages\/1146\/revisions\/3346"}],"up":[{"embeddable":true,"href":"https:\/\/semmelweis.hu\/wiki\/wp-json\/wp\/v2\/pages\/949"}],"wp:attachment":[{"href":"https:\/\/semmelweis.hu\/wiki\/wp-json\/wp\/v2\/media?parent=1146"}],"wp:term":[{"taxonomy":"category","embeddable":true,"href":"https:\/\/semmelweis.hu\/wiki\/wp-json\/wp\/v2\/categories?post=1146"},{"taxonomy":"post_tag","embeddable":true,"href":"https:\/\/semmelweis.hu\/wiki\/wp-json\/wp\/v2\/tags?post=1146"}],"curies":[{"name":"wp","href":"https:\/\/api.w.org\/{rel}","templated":true}]}}