{"id":983,"date":"2024-12-16T08:35:32","date_gmt":"2024-12-16T07:35:32","guid":{"rendered":"https:\/\/semmelweis.hu\/vizsgakozpont\/?page_id=983"},"modified":"2025-11-06T08:53:35","modified_gmt":"2025-11-06T07:53:35","slug":"meghirdetett-vizsgaink-2025-februari-vizsgaidoszak-archiv","status":"publish","type":"page","link":"https:\/\/semmelweis.hu\/vizsgakozpont\/vizsgaidopont-vizsgahelyszin\/meghirdetett-vizsgaink-2025-februari-vizsgaidoszak-archiv\/","title":{"rendered":"Meghirdetett vizsg\u00e1ink &#8211; 2025 febru\u00e1r-m\u00e1rciusi vizsgaid\u0151szak &#8211; ARCH\u00cdV"},"content":{"rendered":"<table style=\"width: 124.9%\" width=\"1244\">\n<tbody>\n<tr>\n<td style=\"width: 100.161%;text-align: center\" colspan=\"8\" width=\"1244\">Szakmai vizsg\u00e1k meghirdet\u00e9se \u2013 2024\/2025-\u00f6s tan\u00e9v febru\u00e1r &#8211; m\u00e1rcius<\/td>\n<\/tr>\n<tr>\n<td style=\"width: 7.66129%\" width=\"96\">Vizsga t\u00edpusa<\/td>\n<td style=\"width: 4.59677%\" width=\"44\">Vizsga ssz.<\/td>\n<td style=\"width: 7.33871%\" width=\"92\">Vizsga helysz\u00edn<\/td>\n<td style=\"width: 38.3845%\" width=\"534\">SZAKMA<\/td>\n<td style=\"width: 10.3221%\" width=\"138\">Interakt\u00edv vizsga id\u0151pont<\/td>\n<td style=\"width: 9.27276%\" width=\"138\">Projektvizsga id\u0151pont<\/td>\n<td style=\"width: 12.2595%\" width=\"131\">Jelentkez\u00e9si hat\u00e1rid\u0151<\/td>\n<td style=\"width: 10.3256%\" width=\"71\">Vizsgad\u00edj<\/td>\n<\/tr>\n<tr>\n<td style=\"width: 7.66129%\" width=\"96\">Szakmai vizsga<\/td>\n<td style=\"width: 4.59677%\" width=\"44\">1<\/td>\n<td style=\"width: 7.33871%\" width=\"92\">Budapest<\/td>\n<td style=\"width: 38.3845%\">5 0914 03 08 &#8211; Radiogr\u00e1fiai szakasszisztens (CT\/MR szakasszisztens szakmair\u00e1ny) (2024.04.18.)<\/td>\n<td style=\"width: 10.3221%\">2024. 02. 11.<\/td>\n<td style=\"width: 9.27276%\">Szervez\u00e9s alatt<\/td>\n<td style=\"width: 12.2595%\">2024. 12. 01.<\/td>\n<td style=\"width: 10.3256%\">55.000,- Ft\/f\u0151<\/td>\n<\/tr>\n<tr>\n<td style=\"width: 7.66129%\" width=\"96\">Szakmai vizsga<\/td>\n<td style=\"width: 4.59677%\" width=\"44\">2<\/td>\n<td style=\"width: 7.33871%\" width=\"92\">Budapest<\/td>\n<td style=\"width: 38.3845%\">5 0914 03 08 &#8211; Radiogr\u00e1fiai szakasszisztens (Intervenci\u00f3s szakasszisztens szakmair\u00e1ny) (2024.04.18.)<\/td>\n<td style=\"width: 10.3221%\">2024. 02. 11.<\/td>\n<td style=\"width: 9.27276%\">Szervez\u00e9s alatt<\/td>\n<td style=\"width: 12.2595%\">2024. 12. 01.<\/td>\n<td style=\"width: 10.3256%\">55.000,- Ft\/f\u0151<\/td>\n<\/tr>\n<tr>\n<td style=\"width: 7.66129%\" width=\"96\">Szakmai vizsga<\/td>\n<td style=\"width: 4.59677%\">3<\/td>\n<td style=\"width: 7.33871%\" width=\"92\">Budapest<\/td>\n<td style=\"width: 38.3845%\">5 0913 03 11 &#8211; Ment\u0151\u00e1pol\u00f3 (2023.11.21.)<\/td>\n<td style=\"width: 10.3221%\">2024. 02. 14.<\/td>\n<td style=\"width: 9.27276%\">Szervez\u00e9s alatt<\/td>\n<td style=\"width: 12.2595%\">2024. 12. 01.<\/td>\n<td style=\"width: 10.3256%\">55.000,- Ft\/f\u0151<\/td>\n<\/tr>\n<\/tbody>\n<\/table>\n","protected":false},"excerpt":{"rendered":"<p>Szakmai vizsg\u00e1k meghirdet\u00e9se \u2013 2024\/2025-\u00f6s tan\u00e9v febru\u00e1r &#8211; m\u00e1rcius Vizsga t\u00edpusa Vizsga ssz. Vizsga helysz\u00edn SZAKMA Interakt\u00edv vizsga id\u0151pont Projektvizsga id\u0151pont Jelentkez\u00e9si hat\u00e1rid\u0151 Vizsgad\u00edj Szakmai vizsga 1 Budapest 5 0914 03 08 &#8211; Radiogr\u00e1fiai szakasszisztens (CT\/MR szakasszisztens szakmair\u00e1ny) (2024.04.18.) 2024. 02. 11. Szervez\u00e9s alatt 2024. 12. 01. 55.000,- Ft\/f\u0151 Szakmai vizsga 2 Budapest 5 0914 &hellip;<\/p>\n","protected":false},"author":102065,"featured_media":0,"parent":81,"menu_order":5,"comment_status":"closed","ping_status":"closed","template":"","meta":{"_acf_changed":false,"footnotes":""},"categories":[],"tags":[],"class_list":["post-983","page","type-page","status-publish","hentry"],"acf":[],"_links":{"self":[{"href":"https:\/\/semmelweis.hu\/vizsgakozpont\/wp-json\/wp\/v2\/pages\/983","targetHints":{"allow":["GET"]}}],"collection":[{"href":"https:\/\/semmelweis.hu\/vizsgakozpont\/wp-json\/wp\/v2\/pages"}],"about":[{"href":"https:\/\/semmelweis.hu\/vizsgakozpont\/wp-json\/wp\/v2\/types\/page"}],"author":[{"embeddable":true,"href":"https:\/\/semmelweis.hu\/vizsgakozpont\/wp-json\/wp\/v2\/users\/102065"}],"replies":[{"embeddable":true,"href":"https:\/\/semmelweis.hu\/vizsgakozpont\/wp-json\/wp\/v2\/comments?post=983"}],"version-history":[{"count":4,"href":"https:\/\/semmelweis.hu\/vizsgakozpont\/wp-json\/wp\/v2\/pages\/983\/revisions"}],"predecessor-version":[{"id":993,"href":"https:\/\/semmelweis.hu\/vizsgakozpont\/wp-json\/wp\/v2\/pages\/983\/revisions\/993"}],"up":[{"embeddable":true,"href":"https:\/\/semmelweis.hu\/vizsgakozpont\/wp-json\/wp\/v2\/pages\/81"}],"wp:attachment":[{"href":"https:\/\/semmelweis.hu\/vizsgakozpont\/wp-json\/wp\/v2\/media?parent=983"}],"wp:term":[{"taxonomy":"category","embeddable":true,"href":"https:\/\/semmelweis.hu\/vizsgakozpont\/wp-json\/wp\/v2\/categories?post=983"},{"taxonomy":"post_tag","embeddable":true,"href":"https:\/\/semmelweis.hu\/vizsgakozpont\/wp-json\/wp\/v2\/tags?post=983"}],"curies":[{"name":"wp","href":"https:\/\/api.w.org\/{rel}","templated":true}]}}