{"id":963,"date":"2024-10-30T15:14:59","date_gmt":"2024-10-30T14:14:59","guid":{"rendered":"https:\/\/semmelweis.hu\/vizsgakozpont\/?page_id=963"},"modified":"2025-09-19T11:10:10","modified_gmt":"2025-09-19T09:10:10","slug":"jelentkezes-szakmai-vizsgara","status":"publish","type":"page","link":"https:\/\/semmelweis.hu\/vizsgakozpont\/vizsgazoknak\/jelentkezes-menete\/jelentkezes-szakmai-vizsgara\/","title":{"rendered":"Jelentkez\u00e9s szakmai vizsg\u00e1ra"},"content":{"rendered":"<p>Meghirdetett vizsg\u00e1inkra\u00a0a\u00a0<a href=\"https:\/\/vizsgakozpont.e-kreta.hu\/vizsgajelentkezes\/meghirdetett-vizsgak\">Meghirdetett vizsgaid\u0151pontok | Vizsgak\u00f6zpont Rendszer (e-kreta.hu)<\/a>\u00a0linken tud regisztr\u00e1lni, majd a regisztr\u00e1ci\u00f3 ut\u00e1n a vizsg\u00e1ra jelentkezni.<\/p>\n<p>A jelentkez\u00e9s menete<\/p>\n<ol>\n<li>A szakmai vizsg\u00e1ra a vizsg\u00e1z\u00f3nak kell jelentkeznie! A jelentkez\u00e9si fel\u00fclet az adott jelentkez\u00e9si hat\u00e1rid\u0151 el\u0151tt \u00e1ltal\u00e1ban m\u00e1r 1 h\u00f3nappal kor\u00e1bban megny\u00edlik.<\/li>\n<li>Jelentkez\u00e9si hat\u00e1rid\u0151k v\u00e9gs\u0151 d\u00e1tuma:<\/li>\n<\/ol>\n<ul>\n<li><strong>december 01:<\/strong> a k\u00f6vetkez\u0151 \u00e9v febru\u00e1r\u2013m\u00e1rciusi vizsgaid\u0151szakra<\/li>\n<li><strong>febru\u00e1r 15:<\/strong> a m\u00e1jus\u2013j\u00faniusi vizsgaid\u0151szakra<\/li>\n<li><strong>augusztus 31:<\/strong> az okt\u00f3ber\u2013novemberi vizsgaid\u0151szakra<\/li>\n<\/ul>\n<ol start=\"3\">\n<li>Jelentkez\u00e9s m\u00f3dja: <strong>pap\u00edr alapon + online<\/strong><\/li>\n<\/ol>\n<p style=\"padding-left: 40px\">A k\u00e9t jelentkez\u00e9si lap adattartalma elt\u00e9r\u0151, ez\u00e9rt k\u00f6telez\u0151 mind a k\u00e9tf\u00e9le m\u00f3don jelentkezni.<\/p>\n<ol start=\"4\">\n<li>\u00edr\u00e1sban pap\u00edr alapon a Vizsg\u00e1z\u00f3i adak\u00f6zl\u0151 lap alkalmaz\u00e1s\u00e1val, mely let\u00f6lthet\u0151 a Vizsgak\u00f6zpont honlapj\u00e1r\u00f3l &#8211; <a href=\"https:\/\/semmelweis.hu\/vizsgakozpont\/vizsgazoknak\/\">https:\/\/semmelweis.hu\/vizsgakozpont\/vizsgazoknak\/-<\/a> \u00a0\u00e9s online is.<\/li>\n<\/ol>\n<p style=\"padding-left: 40px\">A dokumentumok kit\u00f6lt\u00e9sekor a pontoss\u00e1g \u00e9s esetleges hib\u00e1k elker\u00fcl\u00e9se miatt m\u00e1solja a szem\u00e9lyazonos\u00edt\u00f3 k\u00e1rty\u00e1j\u00e1nak az adatait, NE eml\u00e9kezetb\u0151l \u00edrja! Az eredeti jelentkez\u00e9si lapot vagy szem\u00e9lyesen, vagy postai \u00faton juttassa el a Vizsgak\u00f6zpontba.<\/p>\n<p style=\"padding-left: 40px\">Levelez\u00e9si c\u00edm:<\/p>\n<p style=\"padding-left: 80px\"><em>Semmelweis Orsz\u00e1gos Eg\u00e9szs\u00e9g\u00fcgyi \u00e9s Szoci\u00e1lis Vizsgak\u00f6zpont<\/em><\/p>\n<p style=\"padding-left: 80px\"><em>1068 Budapest, Rippl R\u00f3nai utca 22-26.<\/em><\/p>\n<ol start=\"5\">\n<li>T\u00e1j\u00e9koztat\u00f3 tud\u00e1sb\u00e1zis a vizsg\u00e1ra jelentkez\u0151 sz\u00e1m\u00e1ra.<\/li>\n<\/ol>\n<p style=\"padding-left: 40px\"><em>A jelentkez\u00e9si fel\u00fclet kit\u00f6lt\u00e9se el\u0151tte olvassa el a t\u00e1j\u00e9koztat\u00f3t!<\/em><\/p>\n<p style=\"padding-left: 40px\"><a href=\"https:\/\/tudasbazis.ekreta.hu\/download\/attachments\/73171572\/Vizsgarendszer_Felhaszn%C3%A1l%C3%B3i_KK_Vizsgajelentkez%C5%91k.pdf?version=1&amp;modificationDate=1644879791440&amp;api=v2\">Vizsg\u00e1ztat\u00e1s folyamat\u00e1t t\u00e1mogat\u00f3 modulj\u00e1nak felhaszn\u00e1l\u00f3i k\u00e9zik\u00f6nyve Vizsgajelentkez\u0151 felhaszn\u00e1l\u00f3k sz\u00e1m\u00e1ra<\/a><\/p>\n<p style=\"padding-left: 40px\"><a href=\"https:\/\/vizsgakozpont.e-kreta.hu\/vizsgajelentkezes\/meghirdetett-vizsgak\">https:\/\/vizsgakozpont.e-kreta.hu\/vizsgajelentkezes\/meghirdetett-vizsgak<\/a> Jobb als\u00f3 sarokban tal\u00e1lhat\u00f3.<\/p>\n<p style=\"padding-left: 40px\">A linket m\u00e1solja be a keres\u0151be:<\/p>\n<p style=\"padding-left: 40px\"><a href=\"https:\/\/tudasbazis.ekreta.hu\/pages\/viewpage.action?pageId=73171572&amp;preview=\/73171572\/75105609\/Vizsgarendszer_Felhaszn%C3%A1l%C3%B3i_KK_Vizsgajelentkez%C5%91k.pdf\">https:\/\/tudasbazis.ekreta.hu\/pages\/viewpage.action?pageId=73171572&amp;preview=\/73171572\/75105609\/Vizsgarendszer_Felhaszn%C3%A1l%C3%B3i_KK_Vizsgajelentkez%C5%91k.pdf<\/a><\/p>\n<ol start=\"6\">\n<li>Online jelentkez\u00e9s el\u0151tti regisztr\u00e1ci\u00f3: <a href=\"https:\/\/vizsgakozpont.e-kreta.hu\/vizsgajelentkezes\/meghirdetett-vizsgak\">https:\/\/vizsgakozpont.ekreta.hu\/vizsgajelentkezes\/meghirdetett-vizsgak<\/a> (Jobb fels\u0151 sarokban van.)<\/li>\n<\/ol>\n<p style=\"padding-left: 40px\">Az e-mail c\u00edmet \u00e9s a jelszav\u00e1t f\u00e9nyk\u00e9pezze le vagy \u00edrja fel, jegyezze meg a k\u00e9s\u0151bbi bel\u00e9p\u00e9sekhez!<\/p>\n<ol start=\"7\">\n<li>Online jelentkez\u00e9s linkje:<a href=\"https:\/\/vizsgakozpont.e-kreta.hu\/vizsgajelentkezes\/meghirdetett-vizsgak\"> https:\/\/vizsgakozpont.e-kreta.hu\/vizsgajelentkezes\/meghirdetett-vizsgak<\/a><\/li>\n<li>Online jelentkez\u00e9skor a szakm\u00e1n\u00e1l mindig a legutols\u00f3 d\u00e1tummal megjelen\u00edtett verzi\u00f3t v\u00e1lassza ki!<\/li>\n<\/ol>\n<p style=\"padding-left: 40px\">pl.:\u00a0\u00a0\u00a0\u00a0\u00a0 \u00c1ltal\u00e1nos \u00c1pol\u00f3 (2021.09.09) rossz v\u00e1laszt\u00e1s<\/p>\n<p style=\"padding-left: 40px\">\u00a0\u00a0\u00a0\u00a0\u00a0\u00a0\u00a0\u00a0\u00a0\u00a0\u00a0 \u00c1ltal\u00e1nos \u00c1pol\u00f3 (2022.09.12) j\u00f3 v\u00e1laszt\u00e1s<\/p>\n<ol start=\"9\">\n<li>Online jelentkez\u00e9s l\u00e9p\u00e9sei:<\/li>\n<\/ol>\n<p style=\"padding-left: 40px\">Jelentkez\u0151 adatai (pontosan m\u00e1solja le a szem\u00e9lyazonos\u00edt\u00f3j\u00e1r\u00f3l, figyeljen a hossz\u00fa \u00e9s r\u00f6vid \u00e9kezetekre, a k\u00f6t\u0151jelekre, a sz\u00f3k\u00f6z\u00f6kre, ha vannak, \u00e9s amennyiben van m\u00e1sodik keresztneve, azt is \u00edrja be.)<\/p>\n<p style=\"padding-left: 40px\">El\u00e9rhet\u0151s\u00e9gek (telefonsz\u00e1m\u00e1t, e-mail c\u00edm\u00e9t pontosan \u00edrja be)<\/p>\n<p style=\"padding-left: 40px\">K\u00e9pz\u0151int\u00e9zm\u00e9ny \u00e9s k\u00e9pz\u00e9s adatai:<\/p>\n<p style=\"padding-left: 80px\">K\u00e9pz\u00e9s kezdete \u00e1ltal\u00e1ban 20.. 09.01., kereszt\u00e9vfolyam eset\u00e9n k\u00e9rdezze meg a k\u00e9pz\u0151 int\u00e9zm\u00e9ny\u00e9t; k\u00e9pz\u00e9s v\u00e9ge \u00e1ltal\u00e1ban a tan\u00e9v rendje alapj\u00e1n; kereszt\u00e9vfolyam eset\u00e9n k\u00e9rdezze meg a k\u00e9pz\u0151 int\u00e9zm\u00e9ny\u00e9t vagy n\u00e9zze meg az iskol\u00e1ja honlapj\u00e1n szerepl\u0151 d\u00e1tumot.<\/p>\n<p style=\"padding-left: 80px\">K\u00e9pz\u0151int\u00e9zm\u00e9ny adatai: iskol\u00e1ja pontos nev\u00e9t \u00e9s c\u00edm\u00e9t \u00edrja be<\/p>\n<p style=\"padding-left: 80px\">K\u00e9pz\u00e9s t\u00edpusa: Szakmai oktat\u00e1s -KKK-, \/amennyiben 2020 ut\u00e1n kezdte meg tanulm\u00e1nyait\/; inform\u00e1ci\u00f3t az ikk.hu oldal\u00e1n is tal\u00e1l: <a href=\"https:\/\/ikk.hu\/p\/kkk-ptt\">https:\/\/ikk.hu\/p\/kkk-ptt<\/a> (m\u00e1solja be a b\u00f6ng\u00e9sz\u0151be)<\/p>\n<p style=\"padding-left: 80px\">Munkarend: v\u00e1lassza ki, hogy nappal vagy nem nappal j\u00e1rt a k\u00e9pz\u00e9sre<\/p>\n<p style=\"padding-left: 80px\">K\u00e9pz\u00e9s finansz\u00edroz\u00e1sa: fizetett \u00e9rte vagy nem (\u00e1llamilag finansz\u00edrozott)<\/p>\n<p style=\"padding-left: 40px\">Vizsg\u00e1ra bocs\u00e1t\u00e1s felt\u00e9telei:<\/p>\n<p style=\"padding-left: 80px\">Csatolja a <strong>Bizony\u00edtv\u00e1ny<\/strong>\u00e1t els\u0151 vizsga eset\u00e9n\/ <strong>T\u00f6rzslapkivonat<\/strong>\u00e1t sikertelen vizsga eset\u00e9n<\/p>\n<p style=\"padding-left: 80px\">Csatolja PDF form\u00e1tum\u00fa portf\u00f3li\u00f3j\u00e1t a KKK alapj\u00e1n<\/p>\n<p style=\"padding-left: 80px\">Csatolja kit\u00f6lt\u00f6tt, al\u00e1\u00edrt, lepecs\u00e9telt gyakorlati munkanapl\u00f3j\u00e1t<\/p>\n<p style=\"padding-left: 40px\">K\u00e9relmek<\/p>\n<p style=\"padding-left: 80px\">A leg\u00f6rd\u00fcl\u0151 s\u00e1vb\u00f3l v\u00e1lassza ki azt\/azokat, amelye \u00d6nre vonatkoznak<\/p>\n<p style=\"padding-left: 80px\">Vizsgar\u00e9sz-besz\u00e1m\u00edt\u00e1s ir\u00e1nti k\u00e9relem: amennyiben els\u0151 vizsg\u00e1z\u00f3, nincs teend\u0151je<\/p>\n<p style=\"padding-left: 80px\">Vizsgar\u00e9sz-besz\u00e1m\u00edt\u00e1s ir\u00e1nti k\u00e9relem: Amennyiben m\u00e1sodik (vagy harmadik, negyedik\u2026) vizsg\u00e1ja, abban az esetben t\u00f6ltse le a k\u00e9relmet, t\u00f6ltse ki, \u00edrja al\u00e1 \u00e9s t\u00f6ltse vissza -csatolja-<\/p>\n<p style=\"padding-left: 80px\">Al\u00e1t\u00e1maszt\u00f3 dokumentum: az el\u0151z\u0151 sikertelen vizsg\u00e1r\u00f3l kapott T\u00f6rzslapkivonat fot\u00f3j\u00e1t vagy szkennelt form\u00e1j\u00e1t t\u00f6ltse fel<\/p>\n<p style=\"padding-left: 80px\">Felment\u00e9s ir\u00e1nti k\u00e9relem: OSZTV, WordSkills, EuroSkills; ehhez az igazol\u00f3 dokumentumot is csatolja<\/p>\n<p style=\"padding-left: 80px\">M\u00e9lt\u00e1nyoss\u00e1g ir\u00e1nti k\u00e9relem: seg\u00edts\u00e9gny\u00fajt\u00e1s \u00e9s speci\u00e1lis k\u00e9rem eset\u00e9n ehhez az igazol\u00f3 dokumentumot\/szak\u00e9rt\u0151i v\u00e9lem\u00e9nyt is csatolja<\/p>\n<p style=\"padding-left: 40px\">Nyilatkozatok<\/p>\n<p style=\"padding-left: 40px\">Jelentkez\u00e9s bek\u00fcld\u00e9se:<\/p>\n<p style=\"padding-left: 80px\">Egy\u00e9ni vizsgajelentkez\u00e9s: v\u00e1lasztott idegen nyelv: magyar (mivel magyar nyelven vizsg\u00e1zik; amennyiben m\u00e1s idegen nyelven vizsg\u00e1zik, akkor v\u00e1lassza azt)<\/p>\n<p style=\"padding-left: 80px\">Itt tudja a let\u00f6lteni a kinyomtathat\u00f3 jelentkez\u00e9si lapot<\/p>\n<p style=\"padding-left: 80px\">Nyomtassa ki, k\u00e9zzel \u00edrja al\u00e1, szkennelje vagy f\u00e9nyk\u00e9pezze le \u00e9s t\u00f6ltse fel<\/p>\n<p style=\"padding-left: 80px\">Amennyiben van \u00fcgyf\u00e9lkapuja, t\u00f6ltse le, az \u00fcgyf\u00e9lkapun digit\u00e1lisan hiteles\u00edtse, majd t\u00f6ltse fel. Sikeres hiteles\u00edt\u00e9s eset\u00e9n a jobb fels\u0151 sarokban megjelenik a jelentkez\u00e9si lapj\u00e1n a \u201eHiteles\u00edtett\u201d log\u00f3. Ekkor nem kell kinyomtatnia \u00e9s k\u00e9zzel al\u00e1\u00edrnia!<\/p>\n<p style=\"padding-left: 80px\">Amennyiben jav\u00edt\u00f3vizsg\u00e1ra vagy p\u00f3tl\u00f3vizsg\u00e1ra jelentkezik, jel\u00f6lje a \u201ekis\u201d n\u00e9gyzetben<\/p>\n<p style=\"padding-left: 80px\">Vizsga t\u00edpus\u00e1t a leg\u00f6rd\u00fcl\u0151 s\u00e1vb\u00f3l v\u00e1lassza ki (jav\u00edt\u00f3, ha m\u00e1r egyszer valamib\u0151l bukott vagy sikertelen\u00fcl vizsg\u00e1zott, mert igazolatlanul nem jelent meg a vizsg\u00e1n; p\u00f3tl\u00f3vizsg\u00e1t jel\u00f6lje, ha jelentkezett vagy volt m\u00e1r vizsg\u00e1zni, de nem tudott megjelenni\/r\u00e9szt venni azon \u00e9s orvosi igazol\u00e1ssal ezt bizony\u00edtotta is. Minden esetben \u00edrja be a T\u00f6rzslapsz\u00e1mot, amit az el\u0151z\u0151 vizsg\u00e1n kapott T\u00f6rzslapkivonat tartalmaz, illetve az akkori vizsga d\u00e1tum\u00e1t.<\/p>\n<p style=\"padding-left: 80px\">Ha mindennel k\u00e9sz, nyomjon r\u00e1 a \u201ejelentkez\u00e9s bek\u00fcld\u00e9se\u201d gombra.<\/p>\n<ol start=\"10\">\n<li>Jav\u00edt\u00f3vizsga 1 alkalommal tehet\u0151 t\u00e9r\u00edt\u00e9si d\u00edj n\u00e9lk\u00fcl, minden tov\u00e1bbi jav\u00edt\u00f3vizsga d\u00edjk\u00f6teles, melynek \u00f6sszeg\u00e9r\u0151l a vizsg\u00e1z\u00f3 e-mail-en t\u00e1j\u00e9koztat\u00e1st kap.<\/li>\n<\/ol>\n<p style=\"padding-left: 40px\">A szakmai vizsg\u00e1k maximum d\u00edj\u00e1t jogszab\u00e1ly szab\u00e1lyozza. A honlapon k\u00f6zz\u00e9tett <a href=\"https:\/\/semmelweis.hu\/vizsgakozpont\/files\/2025\/09\/SE-VK-FN-07-04_V02-20250912-Vizsgadij-tablazat.pdf\">Vizsgad\u00edj t\u00e1bl\u00e1zat<\/a> visszavon\u00e1sig, \u00e9s az aktualiz\u00e1lt v\u00e1ltozat <a href=\"https:\/\/semmelweis.hu\/vizsgakozpont\">https:\/\/semmelweis.hu\/vizsgakozpont<\/a> honlapon t\u00f6rt\u00e9n\u0151 k\u00f6zz\u00e9t\u00e9tel\u00e9ig, de legk\u00e9s\u0151bb a szakmai vizsg\u00e1k d\u00edjaz\u00e1s\u00e1ban bek\u00f6vetkez\u0151 v\u00e1ltoz\u00e1sig \u00e9rv\u00e9nyes.<\/p>\n<ol start=\"11\">\n<li>A jelentkez\u00e9si dokumentumok ellen\u0151rz\u00e9s\u00e9t a vizsgaszervez\u0151 koll\u00e9g\u00e1k a jelentkez\u00e9si hat\u00e1rid\u0151 lej\u00e1rta ut\u00e1n kezdik meg. Az ellen\u0151rz\u00e9s eredm\u00e9ny\u00e9r\u0151l a rendszer \u00fczenetet k\u00fcld.<\/li>\n<li>Az a vizsg\u00e1z\u00f3, aki a m\u00e1sodik jav\u00edt\u00f3vizsg\u00e1ra jelentkezik, annak a vizsg\u00e1ra jelentkez\u00e9si hat\u00e1rid\u0151 lej\u00e1rta ut\u00e1n elektronikus lev\u00e9lben k\u00fcldj\u00fck a sz\u00e1ml\u00e1t a vizsga d\u00edj\u00e1r\u00f3l a jelentkez\u00e9si lapon megjel\u00f6lt vizsgad\u00edj k\u00f6lts\u00e9gvisel\u0151 nev\u00e9re ki\u00e1ll\u00edtva. K\u00e9rj\u00fck a sz\u00e1ml\u00e1n jelzett hat\u00e1rid\u0151ig fizesse be a d\u00edjat, \u00e9s a banki befizet\u00e9sr\u0151l sz\u00f3l\u00f3 tranzakci\u00f3 igazol\u00e1st az el\u0151zetesen megadott e-mail c\u00edmre k\u00fcldje el!<\/li>\n<\/ol>\n","protected":false},"excerpt":{"rendered":"<p>Meghirdetett vizsg\u00e1inkra\u00a0a\u00a0 <a href=\"https:\/\/vizsgakozpont.e-kreta.hu\/vizsgajelentkezes\/meghirdetett-vizsgak\">Meghirdetett vizsgaid\u0151pontok | Vizsgak\u00f6zpont Rendszer (e-kreta.hu)<\/a> \u00a0linken tud regisztr\u00e1lni, majd a regisztr\u00e1ci\u00f3 ut\u00e1n a vizsg\u00e1ra jelentkezni. A jelentkez\u00e9s menete A szakmai vizsg\u00e1ra a vizsg\u00e1z\u00f3nak kell jelentkeznie! A jelentkez\u00e9si fel\u00fclet az adott jelentkez\u00e9si hat\u00e1rid\u0151 el\u0151tt \u00e1ltal\u00e1ban m\u00e1r 1 h\u00f3nappal kor\u00e1bban megny\u00edlik. Jelentkez\u00e9si hat\u00e1rid\u0151k v\u00e9gs\u0151 d\u00e1tuma: december 01: a k\u00f6vetkez\u0151 \u00e9v febru\u00e1r\u2013m\u00e1rciusi vizsgaid\u0151szakra febru\u00e1r 15: a m\u00e1jus\u2013j\u00faniusi vizsgaid\u0151szakra augusztus 31: az &hellip;<\/p>\n","protected":false},"author":102065,"featured_media":0,"parent":328,"menu_order":1,"comment_status":"closed","ping_status":"closed","template":"","meta":{"_acf_changed":false,"footnotes":""},"categories":[],"tags":[],"class_list":["post-963","page","type-page","status-publish","hentry"],"acf":[],"_links":{"self":[{"href":"https:\/\/semmelweis.hu\/vizsgakozpont\/wp-json\/wp\/v2\/pages\/963","targetHints":{"allow":["GET"]}}],"collection":[{"href":"https:\/\/semmelweis.hu\/vizsgakozpont\/wp-json\/wp\/v2\/pages"}],"about":[{"href":"https:\/\/semmelweis.hu\/vizsgakozpont\/wp-json\/wp\/v2\/types\/page"}],"author":[{"embeddable":true,"href":"https:\/\/semmelweis.hu\/vizsgakozpont\/wp-json\/wp\/v2\/users\/102065"}],"replies":[{"embeddable":true,"href":"https:\/\/semmelweis.hu\/vizsgakozpont\/wp-json\/wp\/v2\/comments?post=963"}],"version-history":[{"count":9,"href":"https:\/\/semmelweis.hu\/vizsgakozpont\/wp-json\/wp\/v2\/pages\/963\/revisions"}],"predecessor-version":[{"id":1188,"href":"https:\/\/semmelweis.hu\/vizsgakozpont\/wp-json\/wp\/v2\/pages\/963\/revisions\/1188"}],"up":[{"embeddable":true,"href":"https:\/\/semmelweis.hu\/vizsgakozpont\/wp-json\/wp\/v2\/pages\/328"}],"wp:attachment":[{"href":"https:\/\/semmelweis.hu\/vizsgakozpont\/wp-json\/wp\/v2\/media?parent=963"}],"wp:term":[{"taxonomy":"category","embeddable":true,"href":"https:\/\/semmelweis.hu\/vizsgakozpont\/wp-json\/wp\/v2\/categories?post=963"},{"taxonomy":"post_tag","embeddable":true,"href":"https:\/\/semmelweis.hu\/vizsgakozpont\/wp-json\/wp\/v2\/tags?post=963"}],"curies":[{"name":"wp","href":"https:\/\/api.w.org\/{rel}","templated":true}]}}