{"id":81,"date":"2022-05-09T15:34:34","date_gmt":"2022-05-09T13:34:34","guid":{"rendered":"https:\/\/semmelweis.hu\/vizsgakozpont\/?page_id=81"},"modified":"2026-03-24T14:11:32","modified_gmt":"2026-03-24T13:11:32","slug":"vizsgaidopont-vizsgahelyszin","status":"publish","type":"page","link":"https:\/\/semmelweis.hu\/vizsgakozpont\/vizsgaidopont-vizsgahelyszin\/","title":{"rendered":"Vizsgaid\u0151pont, vizsgahelysz\u00edn"},"content":{"rendered":"<p>Vizsgak\u00f6zpontunk k\u00e9pes\u00edt\u0151 vizsg\u00e1kat folyamatosan, m\u00edg szakmai vizsg\u00e1kat vizsgaid\u0151szakhoz k\u00f6t\u00f6tten hirdet meg. A jelentkez\u00e9si hat\u00e1rid\u0151k lej\u00e1rt\u00e1t k\u00f6vet\u0151en a meghirdetett vizsg\u00e1ink az ARCH\u00cdV fel\u00fcletre ker\u00fclnek \u00e1t, azonban az azokra jelentkezett vizsg\u00e1z\u00f3knak tov\u00e1bbra is informat\u00edv adatokat tartalmazhatnak, \u00edgy konkr\u00e9t vizsg\u00e1ra jelentkez\u00e9st k\u00f6vet\u0151en az adott vizsgatev\u00e9kenys\u00e9g megkezd\u00e9s\u00e9ig tart\u00f3 id\u0151szakban is \u00e9rdemes visszal\u00e1togatni ezen oldalra \u00e9s t\u00e1j\u00e9koz\u00f3dni az aktualit\u00e1sokr\u00f3l.<\/p>\n<p><a href=\"https:\/\/semmelweis.hu\/vizsgakozpont\/vizsgaidopont-vizsgahelyszin\/kepesito-vizsgak-meghirdetese\/\">Meghirdetett k\u00e9pes\u00edt\u0151 vizsg\u00e1ink<\/a><\/p>\n<p>ARCH\u00cdV (a jelentkez\u00e9si hat\u00e1rid\u0151 lej\u00e1rt)<\/p>\n<p><a href=\"https:\/\/semmelweis.hu\/vizsgakozpont\/vizsgaidopont-vizsgahelyszin\/meghirdetett-vizsgaink-2026-majus-juniusi-vizsgaidoszak\/\">Meghirdetett vizsg\u00e1ink &#8211; 2026 m\u00e1jus-j\u00faniusi vizsgaid\u0151szak &#8211; ARCH\u00cdV<\/a><\/p>\n<p><a href=\"https:\/\/semmelweis.hu\/vizsgakozpont\/vizsgaidopont-vizsgahelyszin\/meghirdetett-vizsgaink-2026-februar-marciusi-vizsgaidoszak\/\">Meghirdetett vizsg\u00e1ink &#8211; 2026 febru\u00e1r-m\u00e1rciusi vizsgaid\u0151szak &#8211; ARCH\u00cdV<\/a><\/p>\n<p><a href=\"https:\/\/semmelweis.hu\/vizsgakozpont\/vizsgaidopont-vizsgahelyszin\/meghirdetett-vizsgaink-2025-oktober-novemberi-vizsgaidoszak\/\">Meghirdetett vizsg\u00e1ink \u2013 2025 okt\u00f3ber-novemberi vizsgaid\u0151szak &#8211; ARCH\u00cdV<\/a>\u00a0<\/p>\n<p><a href=\"https:\/\/semmelweis.hu\/vizsgakozpont\/vizsgaidopont-vizsgahelyszin\/meghirdetett-vizsgaink-2025-majus-juniusi-vizsgaidoszak\/\">Meghirdetett vizsg\u00e1ink \u2013 2025 m\u00e1jus-j\u00faniusi vizsgaid\u0151szak &#8211; ARCH\u00cdV<\/a><\/p>\n<p><a href=\"https:\/\/semmelweis.hu\/vizsgakozpont\/vizsgaidopont-vizsgahelyszin\/meghirdetett-vizsgaink-2025-februari-vizsgaidoszak-archiv\/\">Meghirdetett vizsg\u00e1ink &#8211; 2025 febru\u00e1r-m\u00e1rciusi vizsgaid\u0151szak &#8211; ARCH\u00cdV<\/a><\/p>\n<p><a href=\"https:\/\/semmelweis.hu\/vizsgakozpont\/vizsgaidopont-vizsgahelyszin\/meghirdetett-vizsgaink-2024-oktober-novemberi-vizsgaidoszak-archiv\/\">Meghirdetett vizsg\u00e1ink &#8211; 2024 okt\u00f3ber-novemberi vizsgaid\u0151szak &#8211; ARCH\u00cdV<\/a>\u00a0<\/p>\n<p><a href=\"https:\/\/semmelweis.hu\/vizsgakozpont\/vizsgaidopont-vizsgahelyszin\/meghirdetett-vizsgaink-2024-majus-juniusi-vizsgaidoszak\/\">Meghirdetett vizsg\u00e1ink &#8211; 2024 m\u00e1jus-j\u00faniusi vizsgaid\u0151szak &#8211; ARCH\u00cdV<\/a>\u00a0<\/p>\n<p><a href=\"https:\/\/semmelweis.hu\/vizsgakozpont\/vizsgaidopont-vizsgahelyszin\/meghirdetett-vizsgaink-2024-februari-vizsgaidoszak-archiv\/\">Meghirdetett vizsg\u00e1ink &#8211; 2024 febru\u00e1r-m\u00e1rciusi vizsgaid\u0151szak &#8211; ARCH\u00cdV<\/a><\/p>\n<p><a href=\"https:\/\/semmelweis.hu\/vizsgakozpont\/vizsgaidopont-vizsgahelyszin\/meghirdetett-vizsgaink-2023-oktoberi-vizsgaidoszak-archiv\/\">Meghirdetett vizsg\u00e1ink &#8211; 2023 okt\u00f3ber-novemberi vizsgaid\u0151szak &#8211; ARCH\u00cdV<\/a><\/p>\n<p><a href=\"https:\/\/semmelweis.hu\/vizsgakozpont\/vizsgaidopont-vizsgahelyszin\/meghirdetett-vizsgaink-2023-majus-juniusi-vizsgaidoszak\/\">Meghirdetett vizsg\u00e1ink &#8211; 2023 m\u00e1jus-j\u00faniusi vizsgaid\u0151szak &#8211; ARCH\u00cdV<\/a><\/p>\n<p><a href=\"https:\/\/semmelweis.hu\/vizsgakozpont\/vizsgaidopont-vizsgahelyszin\/meghirdetett-vizsgaink-2023-februari-vizsgaidoszak\/\">Meghirdetett vizsg\u00e1ink &#8211; 2023 febru\u00e1r-m\u00e1rciusi vizsgaid\u0151szak &#8211; ARCH\u00cdV<\/a><\/p>\n<p><a href=\"https:\/\/semmelweis.hu\/vizsgakozpont\/vizsgaidopont-vizsgahelyszin\/kepesito-vizsgak-archiv\/\">Meghirdetett k\u00e9pes\u00edt\u0151 vizsg\u00e1ink &#8211; ARCH\u00cdV<\/a><\/p>\n<p><img loading=\"lazy\" decoding=\"async\" class=\"alignnone size-medium wp-image-8\" src=\"https:\/\/semmelweis.hu\/vizsgakozpont\/files\/2022\/05\/66540_transform-1-m-400x325.jpg\" alt=\"\" width=\"400\" height=\"325\" srcset=\"https:\/\/semmelweis.hu\/vizsgakozpont\/files\/2022\/05\/66540_transform-1-m-400x325.jpg 400w, https:\/\/semmelweis.hu\/vizsgakozpont\/files\/2022\/05\/66540_transform-1-m.jpg 480w\" sizes=\"auto, (max-width: 400px) 100vw, 400px\" \/><\/p>\n","protected":false},"excerpt":{"rendered":"<p>Vizsgak\u00f6zpontunk k\u00e9pes\u00edt\u0151 vizsg\u00e1kat folyamatosan, m\u00edg szakmai vizsg\u00e1kat vizsgaid\u0151szakhoz k\u00f6t\u00f6tten hirdet meg. A jelentkez\u00e9si hat\u00e1rid\u0151k lej\u00e1rt\u00e1t k\u00f6vet\u0151en a meghirdetett vizsg\u00e1ink az ARCH\u00cdV fel\u00fcletre ker\u00fclnek \u00e1t, azonban az azokra jelentkezett vizsg\u00e1z\u00f3knak tov\u00e1bbra is informat\u00edv adatokat tartalmazhatnak, \u00edgy konkr\u00e9t vizsg\u00e1ra jelentkez\u00e9st k\u00f6vet\u0151en az adott vizsgatev\u00e9kenys\u00e9g megkezd\u00e9s\u00e9ig tart\u00f3 id\u0151szakban is \u00e9rdemes visszal\u00e1togatni ezen oldalra \u00e9s t\u00e1j\u00e9koz\u00f3dni az aktualit\u00e1sokr\u00f3l. <a href=\"https:\/\/semmelweis.hu\/vizsgakozpont\/vizsgaidopont-vizsgahelyszin\/kepesito-vizsgak-meghirdetese\/\">Meghirdetett k\u00e9pes\u00edt\u0151 vizsg\u00e1ink<\/a> ARCH\u00cdV &hellip;<\/p>\n","protected":false},"author":102058,"featured_media":0,"parent":0,"menu_order":3,"comment_status":"closed","ping_status":"closed","template":"","meta":{"_acf_changed":false,"footnotes":""},"categories":[],"tags":[],"class_list":["post-81","page","type-page","status-publish","hentry"],"acf":[],"_links":{"self":[{"href":"https:\/\/semmelweis.hu\/vizsgakozpont\/wp-json\/wp\/v2\/pages\/81","targetHints":{"allow":["GET"]}}],"collection":[{"href":"https:\/\/semmelweis.hu\/vizsgakozpont\/wp-json\/wp\/v2\/pages"}],"about":[{"href":"https:\/\/semmelweis.hu\/vizsgakozpont\/wp-json\/wp\/v2\/types\/page"}],"author":[{"embeddable":true,"href":"https:\/\/semmelweis.hu\/vizsgakozpont\/wp-json\/wp\/v2\/users\/102058"}],"replies":[{"embeddable":true,"href":"https:\/\/semmelweis.hu\/vizsgakozpont\/wp-json\/wp\/v2\/comments?post=81"}],"version-history":[{"count":11,"href":"https:\/\/semmelweis.hu\/vizsgakozpont\/wp-json\/wp\/v2\/pages\/81\/revisions"}],"predecessor-version":[{"id":1286,"href":"https:\/\/semmelweis.hu\/vizsgakozpont\/wp-json\/wp\/v2\/pages\/81\/revisions\/1286"}],"wp:attachment":[{"href":"https:\/\/semmelweis.hu\/vizsgakozpont\/wp-json\/wp\/v2\/media?parent=81"}],"wp:term":[{"taxonomy":"category","embeddable":true,"href":"https:\/\/semmelweis.hu\/vizsgakozpont\/wp-json\/wp\/v2\/categories?post=81"},{"taxonomy":"post_tag","embeddable":true,"href":"https:\/\/semmelweis.hu\/vizsgakozpont\/wp-json\/wp\/v2\/tags?post=81"}],"curies":[{"name":"wp","href":"https:\/\/api.w.org\/{rel}","templated":true}]}}