{"id":764,"date":"2024-01-11T14:07:12","date_gmt":"2024-01-11T13:07:12","guid":{"rendered":"https:\/\/semmelweis.hu\/vizsgakozpont\/?page_id=764"},"modified":"2025-11-06T08:55:08","modified_gmt":"2025-11-06T07:55:08","slug":"meghirdetett-vizsgaink-2024-februari-vizsgaidoszak-archiv","status":"publish","type":"page","link":"https:\/\/semmelweis.hu\/vizsgakozpont\/vizsgaidopont-vizsgahelyszin\/meghirdetett-vizsgaink-2024-februari-vizsgaidoszak-archiv\/","title":{"rendered":"Meghirdetett vizsg\u00e1ink &#8211; 2024 febru\u00e1r-m\u00e1rciusi vizsgaid\u0151szak &#8211; ARCH\u00cdV"},"content":{"rendered":"<table style=\"width: 70.9098%;height: 493px\" width=\"750\">\n<tbody>\n<tr style=\"height: 31px\">\n<td style=\"height: 31px;width: 99.8663%;text-align: center\" colspan=\"7\" width=\"750\">Szakmai vizsg\u00e1k meghirdet\u00e9se \u2013 2023\/2024-es tan\u00e9v febru\u00e1r &#8211; m\u00e1rcius<\/td>\n<\/tr>\n<tr style=\"height: 93px\">\n<td style=\"height: 93px;width: 9.62567%;text-align: center\" width=\"64\">Vizsga t\u00edpusa<\/td>\n<td style=\"height: 93px;width: 8.28877%;text-align: center\" width=\"64\">Vizsga ssz.<\/td>\n<td style=\"height: 93px;width: 10.2941%;text-align: center\" width=\"64\">Vizsga helysz\u00edn<\/td>\n<td style=\"height: 93px;width: 30.7487%;text-align: center\" width=\"285\">SZAKMA<\/td>\n<td style=\"height: 93px;width: 12.4332%;text-align: center\" width=\"88\">Interakt\u00edv vizsga id\u0151pont<\/td>\n<td style=\"height: 93px;width: 15.107%;text-align: center\" width=\"114\">Projektvizsga id\u0151pont<\/td>\n<td style=\"height: 93px;width: 13.369%;text-align: center\" width=\"71\">Jelentkez\u00e9si hat\u00e1rid\u0151<\/td>\n<\/tr>\n<tr style=\"height: 123px\">\n<td style=\"height: 123px;width: 9.62567%\" width=\"64\">Szakmai vizsga<\/td>\n<td style=\"height: 123px;width: 8.28877%\" width=\"64\">1.\u00a0<\/td>\n<td style=\"height: 123px;width: 10.2941%\" width=\"64\">Budapest<\/td>\n<td style=\"height: 123px;width: 30.7487%\" width=\"285\">5 0914 03 08 &#8211; Radiogr\u00e1fiai szakasszisztens (CT\/MR szakasszisztens szakmair\u00e1ny)<\/td>\n<td style=\"height: 123px;width: 12.4332%\" width=\"88\">2024.02.06<\/td>\n<td style=\"height: 123px;width: 15.107%\" width=\"114\">2024.02.20 , 28, 29<\/td>\n<td style=\"height: 123px;width: 13.369%\" width=\"71\">2023.12.01<\/td>\n<\/tr>\n<tr style=\"height: 123px\">\n<td style=\"height: 123px;width: 9.62567%\" width=\"64\">Szakmai vizsga<\/td>\n<td style=\"height: 123px;width: 8.28877%\" width=\"64\">2.<\/td>\n<td style=\"height: 123px;width: 10.2941%\" width=\"64\">Budapest<\/td>\n<td style=\"height: 123px;width: 30.7487%\" width=\"285\">5 0913 03 02 &#8211; Eg\u00e9szs\u00e9g\u00fcgyi asszisztens (Radiogr\u00e1fiai asszisztens szakmair\u00e1ny)<\/td>\n<td style=\"height: 123px;width: 12.4332%\" width=\"88\">2024.02.13<\/td>\n<td style=\"height: 123px;width: 15.107%\" width=\"114\">2024.02.14, 19<\/td>\n<td style=\"height: 123px;width: 13.369%\" width=\"71\">2023.12.01<\/td>\n<\/tr>\n<tr style=\"height: 123px\">\n<td style=\"height: 123px;width: 9.62567%\" width=\"64\">Szakmai vizsga<\/td>\n<td style=\"height: 123px;width: 8.28877%\" width=\"64\">3.\u00a0<\/td>\n<td style=\"height: 123px;width: 10.2941%\" width=\"64\">Budapest<\/td>\n<td style=\"height: 123px;width: 30.7487%\" width=\"285\">5 0913 03 02 &#8211; Eg\u00e9szs\u00e9g\u00fcgyi asszisztens (Radiogr\u00e1fiai asszisztens szakmair\u00e1ny)<\/td>\n<td style=\"height: 123px;width: 12.4332%\" width=\"88\">2024.02.13<\/td>\n<td style=\"height: 123px;width: 15.107%\" width=\"114\">2024.02.14, 19<\/td>\n<td style=\"height: 123px;width: 13.369%;text-align: center\" width=\"71\">2023.12.01<\/td>\n<\/tr>\n<\/tbody>\n<\/table>\n","protected":false},"excerpt":{"rendered":"<p>Szakmai vizsg\u00e1k meghirdet\u00e9se \u2013 2023\/2024-es tan\u00e9v febru\u00e1r &#8211; m\u00e1rcius Vizsga t\u00edpusa Vizsga ssz. Vizsga helysz\u00edn SZAKMA Interakt\u00edv vizsga id\u0151pont Projektvizsga id\u0151pont Jelentkez\u00e9si hat\u00e1rid\u0151 Szakmai vizsga 1.\u00a0 Budapest 5 0914 03 08 &#8211; Radiogr\u00e1fiai szakasszisztens (CT\/MR szakasszisztens szakmair\u00e1ny) 2024.02.06 2024.02.20 , 28, 29 2023.12.01 Szakmai vizsga 2. Budapest 5 0913 03 02 &#8211; Eg\u00e9szs\u00e9g\u00fcgyi asszisztens (Radiogr\u00e1fiai &hellip;<\/p>\n","protected":false},"author":102065,"featured_media":0,"parent":81,"menu_order":8,"comment_status":"closed","ping_status":"closed","template":"","meta":{"_acf_changed":false,"footnotes":""},"categories":[],"tags":[],"class_list":["post-764","page","type-page","status-publish","hentry"],"acf":[],"_links":{"self":[{"href":"https:\/\/semmelweis.hu\/vizsgakozpont\/wp-json\/wp\/v2\/pages\/764","targetHints":{"allow":["GET"]}}],"collection":[{"href":"https:\/\/semmelweis.hu\/vizsgakozpont\/wp-json\/wp\/v2\/pages"}],"about":[{"href":"https:\/\/semmelweis.hu\/vizsgakozpont\/wp-json\/wp\/v2\/types\/page"}],"author":[{"embeddable":true,"href":"https:\/\/semmelweis.hu\/vizsgakozpont\/wp-json\/wp\/v2\/users\/102065"}],"replies":[{"embeddable":true,"href":"https:\/\/semmelweis.hu\/vizsgakozpont\/wp-json\/wp\/v2\/comments?post=764"}],"version-history":[{"count":5,"href":"https:\/\/semmelweis.hu\/vizsgakozpont\/wp-json\/wp\/v2\/pages\/764\/revisions"}],"predecessor-version":[{"id":992,"href":"https:\/\/semmelweis.hu\/vizsgakozpont\/wp-json\/wp\/v2\/pages\/764\/revisions\/992"}],"up":[{"embeddable":true,"href":"https:\/\/semmelweis.hu\/vizsgakozpont\/wp-json\/wp\/v2\/pages\/81"}],"wp:attachment":[{"href":"https:\/\/semmelweis.hu\/vizsgakozpont\/wp-json\/wp\/v2\/media?parent=764"}],"wp:term":[{"taxonomy":"category","embeddable":true,"href":"https:\/\/semmelweis.hu\/vizsgakozpont\/wp-json\/wp\/v2\/categories?post=764"},{"taxonomy":"post_tag","embeddable":true,"href":"https:\/\/semmelweis.hu\/vizsgakozpont\/wp-json\/wp\/v2\/tags?post=764"}],"curies":[{"name":"wp","href":"https:\/\/api.w.org\/{rel}","templated":true}]}}