{"id":7,"date":"2022-05-02T09:57:43","date_gmt":"2022-05-02T07:57:43","guid":{"rendered":"https:\/\/semmelweis.hu\/vizsgakozpont\/?page_id=7"},"modified":"2024-07-02T10:44:30","modified_gmt":"2024-07-02T08:44:30","slug":"rolunk","status":"publish","type":"page","link":"https:\/\/semmelweis.hu\/vizsgakozpont\/rolunk\/","title":{"rendered":"R\u00f3lunk"},"content":{"rendered":"<p style=\"font-weight: 400\">A szakk\u00e9pz\u00e9si strukt\u00fara \u00e1talakul\u00e1s\u00e1nak eredm\u00e9nyek\u00e9nt szakmai vizsg\u00e1kat, illetve k\u00e9pes\u00edt\u0151 vizsg\u00e1kat akkredit\u00e1lt szakk\u00e9pz\u00e9si vizsgak\u00f6zpont szervezhet. <a href=\"https:\/\/semmelweis.hu\/jogigfoig\/files\/2021\/09\/83_2021_a-Semmelweis-Orsz%C3%A1gos-Eg%C3%A9szs%C3%A9g%C3%BCgyi-%C3%A9s-Szoci%C3%A1lis-Akkredit%C3%A1lt-Vizsgak%C3%B6zpont-l%C3%A9trehoz%C3%A1s%C3%A1r%C3%B3l.pdf\">A Semmelweis Orsz\u00e1gos Eg\u00e9szs\u00e9g\u00fcgyi \u00e9s Szoci\u00e1lis Vizsgak\u00f6zpont e vizsg\u00e1ztat\u00e1si tev\u00e9kenys\u00e9gek folytat\u00e1s\u00e1ra j\u00f6tt l\u00e9tre. <\/a><em>(Semmelweis Egyetem Szen\u00e1tus\u00e1nak 83\/2021. (VIII.26.) sz\u00e1m\u00fa Hat\u00e1rozata.)<\/em><\/p>\n<p style=\"font-weight: 400\">K\u00fcldet\u00e9s\u00fcnk, hogy szakszer\u0171 vizsgaszervez\u00e9ssel, korszer\u0171 infrastrukt\u00far\u00e1val felszerelt vizsgahelysz\u00edneken, magasan k\u00e9pzett szak\u00e9rt\u0151kkel egy\u00fcttm\u0171k\u00f6dve t\u00f6rt\u00e9njen a szakmai vagy k\u00e9pes\u00edt\u0151 vizsg\u00e1ra jelentkez\u0151k tud\u00e1s\u00e1nak min\u0151s\u00e9gi m\u00e9r\u00e9si \u00e9s \u00e9rt\u00e9kel\u00e9si tev\u00e9kenys\u00e9ge, \u00edgy t\u00e9ve lehet\u0151v\u00e9 a sz\u00e1mukra az \u00e1ltaluk v\u00e1lasztott v\u00e9gzetts\u00e9g megszerz\u00e9s\u00e9t oly m\u00f3don, hogy val\u00f3di felk\u00e9sz\u00fclts\u00e9g\u00fcknek megfelel\u0151 teljes\u00edtm\u00e9nyt ny\u00fajtsanak. Vizsgak\u00f6zpontunk mindezt objekt\u00edven, tisztess\u00e9gesen, minden k\u00fcls\u0151 k\u00f6r\u00fclm<span style=\"font-size: 1rem\">\u00e9nyt\u0151l f\u00fcggetlen\u00fcl, r\u00e9szrehajl\u00e1s n\u00e9lk\u00fcl \u00e9s megb\u00edzhat\u00f3an hivatott biztos\u00edtani.<\/span><\/p>\n<p style=\"font-weight: 400\">A Vizsgak\u00f6zpont minden alkalmazottja, valamint a vizsgatev\u00e9kenys\u00e9gben r\u00e9szt vev\u0151k munk\u00e1jukat annak szellem\u00e9ben v\u00e9gzik, hogy a szem\u00e9lytan\u00fas\u00edt\u00e1si tev\u00e9kenys\u00e9g t\u00fckr\u00f6zze a min\u0151s\u00e9ggel kapcsolatos elk\u00f6telezetts\u00e9g\u00fcket \u00e9s felel\u0151ss\u00e9g\u00fcket.<\/p>\n<p style=\"font-weight: 400\">Biztos\u00edtjuk teh\u00e1t, hogy rendszer\u00fcnk az el\u00e9rt tanul\u00e1si eredm\u00e9nyeket, illetve a megl\u00e9v\u0151 szakmai kompetenci\u00e1t objekt\u00edven m\u00e9rje, \u00e9s ez\u00e9rt megb\u00edzhat\u00f3, \u00f6sszehasonl\u00edthat\u00f3 vizsgaeredm\u00e9nyeket ny\u00fajtson.<\/p>\n<p style=\"font-weight: 400\">Ennek megfelel\u0151en rendszer\u00fcnket folyamatosan alak\u00edtjuk \u00e9s tov\u00e1bb fejlesztj\u00fck, vagyis ellen\u0151rizz\u00fck a vizsgafolyamatokat, folyamatosan figyelemmel k\u00eds\u00e9rj\u00fck c\u00e9lkit\u0171z\u00e9seink megval\u00f3sul\u00e1s\u00e1t, illetve a fejleszt\u00e9seinkbe be\u00e9p\u00edtj\u00fck a vizsgafolyamatban r\u00e9sztvev\u0151k \u00e9s munkat\u00e1rsaink v\u00e9lem\u00e9ny\u00e9t.<\/p>\n<p style=\"text-align: center\">***<\/p>\n<p><iframe loading=\"lazy\" title=\"A Raoul Wallenberg Szakgimn\u00e1zium \u00e9s Szakk\u00f6z\u00e9piskola iskola\u00e1tad\u00f3 \u00fcnneps\u00e9ge\" width=\"753\" height=\"424\" src=\"https:\/\/www.youtube.com\/embed\/RhPAWCO4RWw?feature=oembed\" frameborder=\"0\" allow=\"accelerometer; autoplay; clipboard-write; encrypted-media; gyroscope; picture-in-picture; web-share\" referrerpolicy=\"strict-origin-when-cross-origin\" allowfullscreen><\/iframe><\/p>\n","protected":false},"excerpt":{"rendered":"<p>Ide tehet\u0151 egy r\u00f6vid \u00f6sszefoglal\u00f3 sz\u00f6veg a bemutatkoz\u00f3 oldalr\u00f3l. Ezt a r\u00e9szt az al\u00e1bb belinkelt oldal szerkeszt\u00e9s\u00e9vel, az \u00fan. kivonat mez\u0151 m\u00f3dos\u00edt\u00e1s\u00e1val tudjuk szerkeszteni, ugyanott m\u00f3dos\u00edthat\u00f3 a k\u00e9p is.<\/p>\n","protected":false},"author":102058,"featured_media":87,"parent":0,"menu_order":0,"comment_status":"closed","ping_status":"closed","template":"","meta":{"_acf_changed":false,"footnotes":""},"categories":[],"tags":[],"class_list":["post-7","page","type-page","status-publish","has-post-thumbnail","hentry"],"acf":[],"_links":{"self":[{"href":"https:\/\/semmelweis.hu\/vizsgakozpont\/wp-json\/wp\/v2\/pages\/7","targetHints":{"allow":["GET"]}}],"collection":[{"href":"https:\/\/semmelweis.hu\/vizsgakozpont\/wp-json\/wp\/v2\/pages"}],"about":[{"href":"https:\/\/semmelweis.hu\/vizsgakozpont\/wp-json\/wp\/v2\/types\/page"}],"author":[{"embeddable":true,"href":"https:\/\/semmelweis.hu\/vizsgakozpont\/wp-json\/wp\/v2\/users\/102058"}],"replies":[{"embeddable":true,"href":"https:\/\/semmelweis.hu\/vizsgakozpont\/wp-json\/wp\/v2\/comments?post=7"}],"version-history":[{"count":11,"href":"https:\/\/semmelweis.hu\/vizsgakozpont\/wp-json\/wp\/v2\/pages\/7\/revisions"}],"predecessor-version":[{"id":866,"href":"https:\/\/semmelweis.hu\/vizsgakozpont\/wp-json\/wp\/v2\/pages\/7\/revisions\/866"}],"wp:featuredmedia":[{"embeddable":true,"href":"https:\/\/semmelweis.hu\/vizsgakozpont\/wp-json\/wp\/v2\/media\/87"}],"wp:attachment":[{"href":"https:\/\/semmelweis.hu\/vizsgakozpont\/wp-json\/wp\/v2\/media?parent=7"}],"wp:term":[{"taxonomy":"category","embeddable":true,"href":"https:\/\/semmelweis.hu\/vizsgakozpont\/wp-json\/wp\/v2\/categories?post=7"},{"taxonomy":"post_tag","embeddable":true,"href":"https:\/\/semmelweis.hu\/vizsgakozpont\/wp-json\/wp\/v2\/tags?post=7"}],"curies":[{"name":"wp","href":"https:\/\/api.w.org\/{rel}","templated":true}]}}