{"id":697,"date":"2023-09-11T08:28:22","date_gmt":"2023-09-11T06:28:22","guid":{"rendered":"https:\/\/semmelweis.hu\/vizsgakozpont\/?page_id=697"},"modified":"2025-11-06T08:55:24","modified_gmt":"2025-11-06T07:55:24","slug":"meghirdetett-vizsgaink-2023-oktoberi-vizsgaidoszak-archiv","status":"publish","type":"page","link":"https:\/\/semmelweis.hu\/vizsgakozpont\/vizsgaidopont-vizsgahelyszin\/meghirdetett-vizsgaink-2023-oktoberi-vizsgaidoszak-archiv\/","title":{"rendered":"Meghirdetett vizsg\u00e1ink \u2013 2023 okt\u00f3ber-novemberi vizsgaid\u0151szak \u2013 ARCH\u00cdV"},"content":{"rendered":"<table width=\"1080\">\n<tbody>\n<tr>\n<td style=\"text-align: center\" colspan=\"7\" width=\"1080\"><strong>Szakmai vizsg\u00e1k meghirdet\u00e9se \u2013 2023\/2024-es tan\u00e9v okt\u00f3ber &#8211; november<\/strong><\/td>\n<\/tr>\n<tr>\n<td style=\"text-align: center\" width=\"98\"><strong>Vizsga t\u00edpusa<\/strong><\/td>\n<td style=\"text-align: center\" width=\"59\"><strong>Vizsga ssz.<\/strong><\/td>\n<td style=\"text-align: center\" width=\"109\"><strong>Vizsga helysz\u00edn<\/strong><\/td>\n<td style=\"text-align: center\" width=\"490\"><strong>SZAKMA<\/strong><\/td>\n<td style=\"text-align: center\" width=\"108\"><strong>Interakt\u00edv vizsga id\u0151pont<\/strong><\/td>\n<td style=\"text-align: center\" width=\"115\"><strong>Projektvizsga id\u0151pont<\/strong><\/td>\n<td style=\"text-align: center\" width=\"101\"><strong>Jelentkez\u00e9si hat\u00e1rid\u0151<\/strong><\/td>\n<\/tr>\n<tr>\n<td width=\"98\">Szakmai vizsga<\/td>\n<td width=\"59\">1.\u00a0<\/td>\n<td width=\"109\">Budapest<\/td>\n<td width=\"490\">5 0910 03 07 &#8211; Perioperat\u00edv szakasszisztens (M\u0171t\u00e9ti szakasszisztens szakmair\u00e1ny)\u00a0<\/td>\n<td width=\"108\">2023.10.03. 11:00 &#8211; 12:00\u00a0<\/td>\n<td width=\"115\">Szervez\u00e9s alatt<\/td>\n<td width=\"101\">2023.08.31<\/td>\n<\/tr>\n<tr>\n<td width=\"98\">Szakmai vizsga<\/td>\n<td width=\"59\">2.<\/td>\n<td width=\"109\">Budapest<\/td>\n<td width=\"490\">5 0913 03 02 &#8211; Eg\u00e9szs\u00e9g\u00fcgyi asszisztens (Fog\u00e1szati asszisztens szakmair\u00e1ny)<\/td>\n<td width=\"108\">2023.10.04. 09:00 &#8211; 10:00<\/td>\n<td width=\"115\">Szervez\u00e9s alatt<\/td>\n<td width=\"101\">2023.08.31<\/td>\n<\/tr>\n<tr>\n<td width=\"98\">Szakmai vizsga<\/td>\n<td width=\"59\">3.\u00a0<\/td>\n<td width=\"109\">Budapest<\/td>\n<td width=\"490\">5 0913 03 02 &#8211; Eg\u00e9szs\u00e9g\u00fcgyi asszisztens (Gy\u00f3gyszert\u00e1ri asszisztens szakmair\u00e1ny)<\/td>\n<td width=\"108\">2023.10.05. 09:00 &#8211; 10:00<\/td>\n<td width=\"115\">Szervez\u00e9s alatt<\/td>\n<td width=\"101\">2023.08.31<\/td>\n<\/tr>\n<tr>\n<td width=\"98\">Szakmai vizsga<\/td>\n<td width=\"59\">4.\u00a0<\/td>\n<td width=\"109\">Budapest<\/td>\n<td width=\"490\">5 0913 03 11 &#8211; Ment\u0151\u00e1pol\u00f3<\/td>\n<td width=\"108\">2023.10.06. 09:00 &#8211; 10:00<\/td>\n<td width=\"115\">Szervez\u00e9s alatt<\/td>\n<td width=\"101\">2023.08.31<\/td>\n<\/tr>\n<tr>\n<td width=\"98\">Szakmai vizsga<\/td>\n<td width=\"59\">5.\u00a0<\/td>\n<td width=\"109\">Budapest<\/td>\n<td width=\"490\">5 0913 03 02 &#8211; Eg\u00e9szs\u00e9g\u00fcgyi asszisztens (Perioperat\u00edv asszisztens szakmair\u00e1ny)<\/td>\n<td width=\"108\">2023.10.06. 12:00 &#8211; 13:00<\/td>\n<td width=\"115\">Szervez\u00e9s alatt<\/td>\n<td width=\"101\">2023.08.31<\/td>\n<\/tr>\n<tr>\n<td width=\"98\">Szakmai vizsga<\/td>\n<td width=\"59\">6.\u00a0<\/td>\n<td width=\"109\">Budapest<\/td>\n<td width=\"490\">5 0923 03 09 &#8211; Rehabilit\u00e1ci\u00f3s terapeuta (Gy\u00f3gymassz\u0151r szakmair\u00e1ny)<\/td>\n<td width=\"108\">2023.10.09. 09:00 &#8211; 10:00<\/td>\n<td width=\"115\">Szervez\u00e9s alatt<\/td>\n<td width=\"101\">2023.08.31<\/td>\n<\/tr>\n<tr>\n<td width=\"98\">Szakmai vizsga<\/td>\n<td width=\"59\">7.\u00a0<\/td>\n<td width=\"109\">Budapest<\/td>\n<td width=\"490\">5 0923 03 09 &#8211; Rehabilit\u00e1ci\u00f3s terapeuta (Fizioter\u00e1pi\u00e1s asszisztens szakmair\u00e1ny)<\/td>\n<td width=\"108\">2023.10.09. 11:00 &#8211; 12:00<\/td>\n<td width=\"115\">Szervez\u00e9s alatt<\/td>\n<td width=\"101\">2023.08.31<\/td>\n<\/tr>\n<tr>\n<td width=\"98\">Szakmai vizsga<\/td>\n<td width=\"59\">8.\u00a0<\/td>\n<td width=\"109\">Budapest<\/td>\n<td width=\"490\">5 0913 03 02 &#8211; Eg\u00e9szs\u00e9g\u00fcgyi asszisztens (Radiogr\u00e1fiai asszisztens szakmair\u00e1ny)\u00a0<\/td>\n<td width=\"108\">2023.10.10. 11:00 &#8211; 12:00<\/td>\n<td width=\"115\">Szervez\u00e9s alatt<\/td>\n<td width=\"101\">2023.08.31<\/td>\n<\/tr>\n<tr>\n<td width=\"98\">Szakmai vizsga<\/td>\n<td width=\"59\">9.\u00a0<\/td>\n<td width=\"109\">Budapest<\/td>\n<td width=\"490\">5 0913 03 01 &#8211; \u00c1ltal\u00e1nos \u00c1pol\u00f3<\/td>\n<td width=\"108\">2023.10.11. 11:00 &#8211; 12:00<\/td>\n<td width=\"115\">Szervez\u00e9s alatt<\/td>\n<td width=\"101\">2023.08.31<\/td>\n<\/tr>\n<tr>\n<td width=\"98\">Szakmai vizsga<\/td>\n<td width=\"59\">10.\u00a0<\/td>\n<td width=\"109\">Budapest<\/td>\n<td width=\"490\">5 0913 03 04 &#8211; Csecsem\u0151- \u00e9s gyermek\u00e1pol\u00f3<\/td>\n<td width=\"108\">2023.10.11. 13.00-14:00\u00a0<\/td>\n<td width=\"115\">Szervez\u00e9s alatt<\/td>\n<td width=\"101\">2023.08.31<\/td>\n<\/tr>\n<tr>\n<td width=\"98\">Szakmai vizsga<\/td>\n<td width=\"59\">11.\u00a0<\/td>\n<td width=\"109\">Budapest<\/td>\n<td width=\"490\">5 0914 03 10 &#8211; Sz\u00f6vettani szakasszisztens (Citol\u00f3giai szakasszisztens szakmair\u00e1ny)<\/td>\n<td width=\"108\">2023.10.13. 12:00 &#8211; 13:00<\/td>\n<td width=\"115\">Szervez\u00e9s alatt<\/td>\n<td width=\"101\">2023.08.31<\/td>\n<\/tr>\n<\/tbody>\n<\/table>\n","protected":false},"excerpt":{"rendered":"<p>Szakmai vizsg\u00e1k meghirdet\u00e9se \u2013 2023\/2024-es tan\u00e9v okt\u00f3ber &#8211; november Vizsga t\u00edpusa Vizsga ssz. Vizsga helysz\u00edn SZAKMA Interakt\u00edv vizsga id\u0151pont Projektvizsga id\u0151pont Jelentkez\u00e9si hat\u00e1rid\u0151 Szakmai vizsga 1.\u00a0 Budapest 5 0910 03 07 &#8211; Perioperat\u00edv szakasszisztens (M\u0171t\u00e9ti szakasszisztens szakmair\u00e1ny)\u00a0 2023.10.03. 11:00 &#8211; 12:00\u00a0 Szervez\u00e9s alatt 2023.08.31 Szakmai vizsga 2. Budapest 5 0913 03 02 &#8211; Eg\u00e9szs\u00e9g\u00fcgyi asszisztens &hellip;<\/p>\n","protected":false},"author":102065,"featured_media":0,"parent":81,"menu_order":9,"comment_status":"closed","ping_status":"closed","template":"","meta":{"_acf_changed":false,"footnotes":""},"categories":[],"tags":[],"class_list":["post-697","page","type-page","status-publish","hentry"],"acf":[],"_links":{"self":[{"href":"https:\/\/semmelweis.hu\/vizsgakozpont\/wp-json\/wp\/v2\/pages\/697","targetHints":{"allow":["GET"]}}],"collection":[{"href":"https:\/\/semmelweis.hu\/vizsgakozpont\/wp-json\/wp\/v2\/pages"}],"about":[{"href":"https:\/\/semmelweis.hu\/vizsgakozpont\/wp-json\/wp\/v2\/types\/page"}],"author":[{"embeddable":true,"href":"https:\/\/semmelweis.hu\/vizsgakozpont\/wp-json\/wp\/v2\/users\/102065"}],"replies":[{"embeddable":true,"href":"https:\/\/semmelweis.hu\/vizsgakozpont\/wp-json\/wp\/v2\/comments?post=697"}],"version-history":[{"count":4,"href":"https:\/\/semmelweis.hu\/vizsgakozpont\/wp-json\/wp\/v2\/pages\/697\/revisions"}],"predecessor-version":[{"id":995,"href":"https:\/\/semmelweis.hu\/vizsgakozpont\/wp-json\/wp\/v2\/pages\/697\/revisions\/995"}],"up":[{"embeddable":true,"href":"https:\/\/semmelweis.hu\/vizsgakozpont\/wp-json\/wp\/v2\/pages\/81"}],"wp:attachment":[{"href":"https:\/\/semmelweis.hu\/vizsgakozpont\/wp-json\/wp\/v2\/media?parent=697"}],"wp:term":[{"taxonomy":"category","embeddable":true,"href":"https:\/\/semmelweis.hu\/vizsgakozpont\/wp-json\/wp\/v2\/categories?post=697"},{"taxonomy":"post_tag","embeddable":true,"href":"https:\/\/semmelweis.hu\/vizsgakozpont\/wp-json\/wp\/v2\/tags?post=697"}],"curies":[{"name":"wp","href":"https:\/\/api.w.org\/{rel}","templated":true}]}}