{"id":627,"date":"2023-07-03T12:12:50","date_gmt":"2023-07-03T10:12:50","guid":{"rendered":"https:\/\/semmelweis.hu\/vizsgakozpont\/?page_id=627"},"modified":"2025-01-22T10:40:47","modified_gmt":"2025-01-22T09:40:47","slug":"aktualis-informaciok-oklevel-szakmai-bizonyitvany-kepesito-bizonyitvany-es-vizsgatorzslap-atvetelerol","status":"publish","type":"page","link":"https:\/\/semmelweis.hu\/vizsgakozpont\/vizsgazoknak\/aktualis-informaciok-oklevel-szakmai-bizonyitvany-kepesito-bizonyitvany-es-vizsgatorzslap-atvetelerol\/","title":{"rendered":"Aktu\u00e1lis inform\u00e1ci\u00f3k Oklev\u00e9l\/Szakmai Bizony\u00edtv\u00e1ny\/K\u00e9pes\u00edt\u0151 Bizony\u00edtv\u00e1ny \u00e9s vizsgat\u00f6rzslap \u00e1tv\u00e9tel\u00e9r\u0151l"},"content":{"rendered":"<p>Jelenleg nem relev\u00e1ns.<\/p>\n","protected":false},"excerpt":{"rendered":"<p>Jelenleg nem relev\u00e1ns.<\/p>\n","protected":false},"author":102065,"featured_media":0,"parent":26,"menu_order":5,"comment_status":"closed","ping_status":"closed","template":"","meta":{"_acf_changed":false,"footnotes":""},"categories":[],"tags":[],"class_list":["post-627","page","type-page","status-publish","hentry"],"acf":[],"_links":{"self":[{"href":"https:\/\/semmelweis.hu\/vizsgakozpont\/wp-json\/wp\/v2\/pages\/627","targetHints":{"allow":["GET"]}}],"collection":[{"href":"https:\/\/semmelweis.hu\/vizsgakozpont\/wp-json\/wp\/v2\/pages"}],"about":[{"href":"https:\/\/semmelweis.hu\/vizsgakozpont\/wp-json\/wp\/v2\/types\/page"}],"author":[{"embeddable":true,"href":"https:\/\/semmelweis.hu\/vizsgakozpont\/wp-json\/wp\/v2\/users\/102065"}],"replies":[{"embeddable":true,"href":"https:\/\/semmelweis.hu\/vizsgakozpont\/wp-json\/wp\/v2\/comments?post=627"}],"version-history":[{"count":3,"href":"https:\/\/semmelweis.hu\/vizsgakozpont\/wp-json\/wp\/v2\/pages\/627\/revisions"}],"predecessor-version":[{"id":1038,"href":"https:\/\/semmelweis.hu\/vizsgakozpont\/wp-json\/wp\/v2\/pages\/627\/revisions\/1038"}],"up":[{"embeddable":true,"href":"https:\/\/semmelweis.hu\/vizsgakozpont\/wp-json\/wp\/v2\/pages\/26"}],"wp:attachment":[{"href":"https:\/\/semmelweis.hu\/vizsgakozpont\/wp-json\/wp\/v2\/media?parent=627"}],"wp:term":[{"taxonomy":"category","embeddable":true,"href":"https:\/\/semmelweis.hu\/vizsgakozpont\/wp-json\/wp\/v2\/categories?post=627"},{"taxonomy":"post_tag","embeddable":true,"href":"https:\/\/semmelweis.hu\/vizsgakozpont\/wp-json\/wp\/v2\/tags?post=627"}],"curies":[{"name":"wp","href":"https:\/\/api.w.org\/{rel}","templated":true}]}}