{"id":595,"date":"2023-06-05T08:19:19","date_gmt":"2023-06-05T06:19:19","guid":{"rendered":"https:\/\/semmelweis.hu\/vizsgakozpont\/?page_id=595"},"modified":"2025-01-02T11:13:03","modified_gmt":"2025-01-02T10:13:03","slug":"oklevel-szakmai-bizonyitvany-kepesito-bizonyitvany-es-vizsgatorzslap-atvetele","status":"publish","type":"page","link":"https:\/\/semmelweis.hu\/vizsgakozpont\/vizsgazoknak\/oklevel-szakmai-bizonyitvany-kepesito-bizonyitvany-es-vizsgatorzslap-atvetele\/","title":{"rendered":"Oklev\u00e9l\/Szakmai Bizony\u00edtv\u00e1ny\/K\u00e9pes\u00edt\u0151 Bizony\u00edtv\u00e1ny \u00e9s vizsgat\u00f6rzslap \u00e1tv\u00e9tele"},"content":{"rendered":"<p style=\"text-align: justify\">Vizsg\u00e1inkat k\u00f6vet\u0151en az Oklev\u00e9l, Szakmai Bizony\u00edtv\u00e1ny vagy K\u00e9pes\u00edt\u0151 Bizony\u00edtv\u00e1ny \u00e1tv\u00e9tel\u00e9re egy alkalommal k\u00f6zponti id\u0151pontot biztos\u00edtunk, mely id\u0151pontr\u00f3l az utols\u00f3 vizsgatev\u00e9kenys\u00e9g lez\u00e1rul\u00e1s\u00e1t k\u00f6vet\u0151en, a vizsgaeredm\u00e9nyek Vizsgak\u00f6zponti Rendszer \u00e1ltal automatiz\u00e1lt kihirdet\u00e9s\u00e9vel egy id\u0151ben t\u00f6rt\u00e9nik t\u00e1j\u00e9koztat\u00e1s ny\u00fajt\u00e1s.<\/p>\n<p style=\"text-align: justify\">Amennyiben ezen id\u0151pont a vizsg\u00e1z\u00f3nak nem megfelel\u0151, ezt k\u00f6vet\u0151en az al\u00e1bbiak szerint adhat\u00f3 ki az oklev\u00e9l, bizony\u00edtv\u00e1ny:<\/p>\n<p>Az okm\u00e1ny \u00e1tv\u00e9tel\u00e9nek<\/p>\n<ul>\n<li>lehets\u00e9ges id\u0151pontjai: H\u00e9tf\u0151t\u0151l Cs\u00fct\u00f6rt\u00f6kig 10:00 &#8211; 15:00 \u00f3ra k\u00f6z\u00f6tt<\/li>\n<li style=\"text-align: justify\">helye: Semmelweis Orsz\u00e1gos Eg\u00e9szs\u00e9g\u00fcgyi \u00e9s Szoci\u00e1lis Vizsgak\u00f6zpont, 1068 Budapest, VI. Rippl-R\u00f3nai utca 22-26. III. emelet 333. iroda.<\/li>\n<\/ul>\n<p>Az \u00e1tv\u00e9telre tervezett id\u0151pontot minden esetben javasolt e-mailben el\u0151re egyeztetni a komar.pal.miklos@semmelweis.hu e-mail c\u00edmen.<\/p>\n<p>Az okm\u00e1ny \u00e1tv\u00e9tel\u00e9re meghatalmazott \u00fatj\u00e1n is lehet\u0151s\u00e9get biztos\u00edtunk, ez esetben <a href=\"https:\/\/semmelweis.hu\/vizsgakozpont\/files\/2025\/01\/SE-VK-FN-07-23_V01-20250101-Meghatalmazas_oklevel_bizonyitvany_torzslap_atvetelere.docx\">Meghatalmaz\u00e1s<\/a> bemutat\u00e1sa \u00e9s beny\u00fajt\u00e1sa sz\u00fcks\u00e9ges.<\/p>\n<p>A fentiekben meghat\u00e1rozott elj\u00e1r\u00e1s \u00e9rv\u00e9nyes a sikertelen vizsg\u00e1z\u00f3knak \u00e1tadand\u00f3 Vizsgat\u00f6rzslap \u00e1tv\u00e9tele vonatkoz\u00e1s\u00e1ban is.<\/p>\n","protected":false},"excerpt":{"rendered":"<p>Vizsg\u00e1inkat k\u00f6vet\u0151en az Oklev\u00e9l, Szakmai Bizony\u00edtv\u00e1ny vagy K\u00e9pes\u00edt\u0151 Bizony\u00edtv\u00e1ny \u00e1tv\u00e9tel\u00e9re egy alkalommal k\u00f6zponti id\u0151pontot biztos\u00edtunk, mely id\u0151pontr\u00f3l az utols\u00f3 vizsgatev\u00e9kenys\u00e9g lez\u00e1rul\u00e1s\u00e1t k\u00f6vet\u0151en, a vizsgaeredm\u00e9nyek Vizsgak\u00f6zponti Rendszer \u00e1ltal automatiz\u00e1lt kihirdet\u00e9s\u00e9vel egy id\u0151ben t\u00f6rt\u00e9nik t\u00e1j\u00e9koztat\u00e1s ny\u00fajt\u00e1s. Amennyiben ezen id\u0151pont a vizsg\u00e1z\u00f3nak nem megfelel\u0151, ezt k\u00f6vet\u0151en az al\u00e1bbiak szerint adhat\u00f3 ki az oklev\u00e9l, bizony\u00edtv\u00e1ny: Az okm\u00e1ny \u00e1tv\u00e9tel\u00e9nek lehets\u00e9ges &hellip;<\/p>\n","protected":false},"author":102065,"featured_media":0,"parent":26,"menu_order":4,"comment_status":"closed","ping_status":"closed","template":"","meta":{"_acf_changed":false,"footnotes":""},"categories":[],"tags":[],"class_list":["post-595","page","type-page","status-publish","hentry"],"acf":[],"_links":{"self":[{"href":"https:\/\/semmelweis.hu\/vizsgakozpont\/wp-json\/wp\/v2\/pages\/595","targetHints":{"allow":["GET"]}}],"collection":[{"href":"https:\/\/semmelweis.hu\/vizsgakozpont\/wp-json\/wp\/v2\/pages"}],"about":[{"href":"https:\/\/semmelweis.hu\/vizsgakozpont\/wp-json\/wp\/v2\/types\/page"}],"author":[{"embeddable":true,"href":"https:\/\/semmelweis.hu\/vizsgakozpont\/wp-json\/wp\/v2\/users\/102065"}],"replies":[{"embeddable":true,"href":"https:\/\/semmelweis.hu\/vizsgakozpont\/wp-json\/wp\/v2\/comments?post=595"}],"version-history":[{"count":7,"href":"https:\/\/semmelweis.hu\/vizsgakozpont\/wp-json\/wp\/v2\/pages\/595\/revisions"}],"predecessor-version":[{"id":1016,"href":"https:\/\/semmelweis.hu\/vizsgakozpont\/wp-json\/wp\/v2\/pages\/595\/revisions\/1016"}],"up":[{"embeddable":true,"href":"https:\/\/semmelweis.hu\/vizsgakozpont\/wp-json\/wp\/v2\/pages\/26"}],"wp:attachment":[{"href":"https:\/\/semmelweis.hu\/vizsgakozpont\/wp-json\/wp\/v2\/media?parent=595"}],"wp:term":[{"taxonomy":"category","embeddable":true,"href":"https:\/\/semmelweis.hu\/vizsgakozpont\/wp-json\/wp\/v2\/categories?post=595"},{"taxonomy":"post_tag","embeddable":true,"href":"https:\/\/semmelweis.hu\/vizsgakozpont\/wp-json\/wp\/v2\/tags?post=595"}],"curies":[{"name":"wp","href":"https:\/\/api.w.org\/{rel}","templated":true}]}}