{"id":505,"date":"2023-02-13T10:13:25","date_gmt":"2023-02-13T09:13:25","guid":{"rendered":"https:\/\/semmelweis.hu\/vizsgakozpont\/?page_id=505"},"modified":"2026-03-24T12:21:12","modified_gmt":"2026-03-24T11:21:12","slug":"kepesito-vizsgak-meghirdetese","status":"publish","type":"page","link":"https:\/\/semmelweis.hu\/vizsgakozpont\/vizsgaidopont-vizsgahelyszin\/kepesito-vizsgak-meghirdetese\/","title":{"rendered":"K\u00e9pes\u00edt\u0151 vizsg\u00e1k meghirdet\u00e9se"},"content":{"rendered":"<table width=\"989\">\n<tbody>\n<tr>\n<td style=\"text-align: center\" colspan=\"8\" width=\"989\">K\u00e9pes\u00edt\u0151 vizsg\u00e1k meghirdet\u00e9se<\/td>\n<\/tr>\n<tr>\n<td style=\"text-align: center\" width=\"96\">Vizsga t\u00edpusa<\/td>\n<td style=\"text-align: center\" width=\"44\">Vizsga ssz.<\/td>\n<td style=\"text-align: center\" width=\"92\">Vizsga helysz\u00edn<\/td>\n<td style=\"text-align: center\" width=\"246\">SZAKK\u00c9PES\u00cdT\u00c9S<\/td>\n<td style=\"text-align: center\" width=\"138\">\u00cdr\u00e1sbeli vizsga id\u0151pont<\/td>\n<td style=\"text-align: center\" width=\"154\">Projektvizsga id\u0151pont<\/td>\n<td style=\"text-align: center\" width=\"131\">Jelentkez\u00e9si hat\u00e1rid\u0151<\/td>\n<td style=\"text-align: center\" width=\"88\">Vizsga d\u00edja<\/td>\n<\/tr>\n<tr>\n<td style=\"text-align: center\" width=\"96\">\n<p data-ccp-timestamp=\"1774351136162\">K\u00e9pes\u00edt\u0151 vizsga<\/p>\n<\/td>\n<td style=\"text-align: center\" width=\"44\">1<\/td>\n<td style=\"text-align: center\" width=\"92\">Budapest<\/td>\n<td width=\"246\">01193003 &#8211; Dajka (2023.10.13)<\/td>\n<td width=\"138\">nem relev\u00e1ns<\/td>\n<td width=\"154\">2026.04.20\u00a0 2026.04.21.<\/td>\n<td width=\"131\">2026.04.03<\/td>\n<td style=\"text-align: right\">60.000,- Ft\/f\u0151<\/td>\n<\/tr>\n<tr>\n<td style=\"text-align: center\" width=\"96\">K\u00e9pes\u00edt\u0151 vizsga<\/td>\n<td style=\"text-align: center\" width=\"44\">2<\/td>\n<td style=\"text-align: center\" width=\"92\">Budapest<\/td>\n<td width=\"246\">09133001 &#8211; Betegk\u00eds\u00e9r\u0151 (2021.01.08)<\/td>\n<td width=\"138\">2026.04.20\u00a0 8:00 \u00f3ra<\/td>\n<td width=\"154\">2026.04.20\u00a0 2026.04.21.<\/td>\n<td width=\"131\">2026.04.03<\/td>\n<td style=\"text-align: right\">60.000,- Ft\/f\u0151<\/td>\n<\/tr>\n<tr>\n<td style=\"text-align: center\" width=\"96\">\n<p data-ccp-timestamp=\"1774351149640\">K\u00e9pes\u00edt\u0151 vizsga<\/p>\n<\/td>\n<td style=\"text-align: center\" width=\"44\">3<\/td>\n<td style=\"text-align: center\" width=\"92\">Budapest<\/td>\n<td width=\"246\">09135003 &#8211; Feln\u0151tt intenz\u00edv szak\u00e1pol\u00f3 (2021.03.05)<\/td>\n<td width=\"138\">2026.06.15 08:00 \u00f3ra<\/td>\n<td width=\"154\">2026.06.15\u00a0 2026.06.16.<\/td>\n<td width=\"131\">2026.05.29<\/td>\n<td style=\"text-align: right\">60.000,- Ft\/f\u0151<\/td>\n<\/tr>\n<\/tbody>\n<\/table>\n","protected":false},"excerpt":{"rendered":"<p>K\u00e9pes\u00edt\u0151 vizsg\u00e1k meghirdet\u00e9se Vizsga t\u00edpusa Vizsga ssz. Vizsga helysz\u00edn SZAKK\u00c9PES\u00cdT\u00c9S \u00cdr\u00e1sbeli vizsga id\u0151pont Projektvizsga id\u0151pont Jelentkez\u00e9si hat\u00e1rid\u0151 Vizsga d\u00edja K\u00e9pes\u00edt\u0151 vizsga 1 Budapest 01193003 &#8211; Dajka (2023.10.13) nem relev\u00e1ns 2026.04.20\u00a0 2026.04.21. 2026.04.03 60.000,- Ft\/f\u0151 K\u00e9pes\u00edt\u0151 vizsga 2 Budapest 09133001 &#8211; Betegk\u00eds\u00e9r\u0151 (2021.01.08) 2026.04.20\u00a0 8:00 \u00f3ra 2026.04.20\u00a0 2026.04.21. 2026.04.03 60.000,- Ft\/f\u0151 K\u00e9pes\u00edt\u0151 vizsga 3 Budapest 09135003 &hellip;<\/p>\n","protected":false},"author":102065,"featured_media":0,"parent":81,"menu_order":1,"comment_status":"closed","ping_status":"closed","template":"","meta":{"_acf_changed":false,"footnotes":""},"categories":[],"tags":[],"class_list":["post-505","page","type-page","status-publish","hentry"],"acf":[],"_links":{"self":[{"href":"https:\/\/semmelweis.hu\/vizsgakozpont\/wp-json\/wp\/v2\/pages\/505","targetHints":{"allow":["GET"]}}],"collection":[{"href":"https:\/\/semmelweis.hu\/vizsgakozpont\/wp-json\/wp\/v2\/pages"}],"about":[{"href":"https:\/\/semmelweis.hu\/vizsgakozpont\/wp-json\/wp\/v2\/types\/page"}],"author":[{"embeddable":true,"href":"https:\/\/semmelweis.hu\/vizsgakozpont\/wp-json\/wp\/v2\/users\/102065"}],"replies":[{"embeddable":true,"href":"https:\/\/semmelweis.hu\/vizsgakozpont\/wp-json\/wp\/v2\/comments?post=505"}],"version-history":[{"count":10,"href":"https:\/\/semmelweis.hu\/vizsgakozpont\/wp-json\/wp\/v2\/pages\/505\/revisions"}],"predecessor-version":[{"id":1285,"href":"https:\/\/semmelweis.hu\/vizsgakozpont\/wp-json\/wp\/v2\/pages\/505\/revisions\/1285"}],"up":[{"embeddable":true,"href":"https:\/\/semmelweis.hu\/vizsgakozpont\/wp-json\/wp\/v2\/pages\/81"}],"wp:attachment":[{"href":"https:\/\/semmelweis.hu\/vizsgakozpont\/wp-json\/wp\/v2\/media?parent=505"}],"wp:term":[{"taxonomy":"category","embeddable":true,"href":"https:\/\/semmelweis.hu\/vizsgakozpont\/wp-json\/wp\/v2\/categories?post=505"},{"taxonomy":"post_tag","embeddable":true,"href":"https:\/\/semmelweis.hu\/vizsgakozpont\/wp-json\/wp\/v2\/tags?post=505"}],"curies":[{"name":"wp","href":"https:\/\/api.w.org\/{rel}","templated":true}]}}