{"id":492,"date":"2023-02-08T12:58:00","date_gmt":"2023-02-08T11:58:00","guid":{"rendered":"https:\/\/semmelweis.hu\/vizsgakozpont\/?page_id=492"},"modified":"2025-11-06T08:55:57","modified_gmt":"2025-11-06T07:55:57","slug":"meghirdetett-vizsgaink-2023-majus-juniusi-vizsgaidoszak","status":"publish","type":"page","link":"https:\/\/semmelweis.hu\/vizsgakozpont\/vizsgaidopont-vizsgahelyszin\/meghirdetett-vizsgaink-2023-majus-juniusi-vizsgaidoszak\/","title":{"rendered":"Meghirdetett vizsg\u00e1ink &#8211; 2023 m\u00e1jus-j\u00faniusi vizsgaid\u0151szak &#8211; ARCH\u00cdV"},"content":{"rendered":"<table width=\"957\">\n<tbody>\n<tr>\n<td style=\"text-align: center\" colspan=\"7\" width=\"957\"><strong>Szakmai vizsg\u00e1k meghirdet\u00e9se &#8211; 2022\/2023-as tan\u00e9v m\u00e1jus-j\u00fanius<\/strong><\/td>\n<\/tr>\n<tr>\n<td style=\"text-align: center\"><strong>Vizsga t\u00edpusa<\/strong><\/td>\n<td style=\"text-align: center\" width=\"59\"><strong>Vizsga ssz.<\/strong><\/td>\n<td style=\"text-align: center\" width=\"75\"><strong>Vizsga helysz\u00edn<\/strong><\/td>\n<td style=\"text-align: center\"><strong>SZAKMA<\/strong><\/td>\n<td style=\"text-align: center\" width=\"146\"><strong>Interakt\u00edv vizsga id\u0151pont<\/strong><\/td>\n<td style=\"text-align: center\" width=\"109\"><strong>Projektvizsga id\u0151pont<\/strong><\/td>\n<td style=\"text-align: center\" width=\"94\"><strong>Jelentkez\u00e9si hat\u00e1rid\u0151<\/strong><\/td>\n<\/tr>\n<tr>\n<td>Szakmai vizsga<\/td>\n<td>1.\u00a0<\/td>\n<td>Salg\u00f3tarj\u00e1n<\/td>\n<td width=\"375\">\u00c1ltal\u00e1nos \u00e1pol\u00f3\u00a0<\/td>\n<td>2023.05.23 9:00<\/td>\n<td>Szervez\u00e9s alatt<\/td>\n<td>2023.02.15<\/td>\n<\/tr>\n<tr>\n<td>Szakmai vizsga<\/td>\n<td>2.<\/td>\n<td>Budapest<\/td>\n<td width=\"375\">\u00c1ltal\u00e1nos \u00e1pol\u00f3\u00a0<\/td>\n<td>2023.05.23 9:00<\/td>\n<td>Szervez\u00e9s alatt<\/td>\n<td>2023.02.15<\/td>\n<\/tr>\n<tr>\n<td>Szakmai vizsga<\/td>\n<td>3.\u00a0<\/td>\n<td>Budapest<\/td>\n<td width=\"375\">\u00c1ltal\u00e1nos \u00e1pol\u00f3<\/td>\n<td>2023.05.23 9:00<\/td>\n<td>Szervez\u00e9s alatt<\/td>\n<td>2023.02.15<\/td>\n<\/tr>\n<tr>\n<td>Szakmai vizsga<\/td>\n<td>4.\u00a0<\/td>\n<td>Budapest<\/td>\n<td width=\"375\">\u00c1ltal\u00e1nos \u00e1pol\u00f3<\/td>\n<td>2023.05.23 9:00<\/td>\n<td>Szervez\u00e9s alatt<\/td>\n<td>2023.02.15<\/td>\n<\/tr>\n<tr>\n<td>Szakmai vizsga<\/td>\n<td>5.\u00a0<\/td>\n<td>Budapest<\/td>\n<td width=\"375\">Csecsem\u0151-\u00e9s gyermek\u00e1pol\u00f3\u00a0<\/td>\n<td>2023.05.19 11:00<\/td>\n<td>Szervez\u00e9s alatt<\/td>\n<td>2023.02.15<\/td>\n<\/tr>\n<tr>\n<td>Szakmai vizsga<\/td>\n<td>6.\u00a0<\/td>\n<td>Budapest<\/td>\n<td width=\"375\">Csecsem\u0151 \u00e9s gyermek\u00e1pol\u00f3<\/td>\n<td>2023.05.19 11:00<\/td>\n<td>Szervez\u00e9s alatt<\/td>\n<td>2023.02.15<\/td>\n<\/tr>\n<tr>\n<td>Szakmai vizsga<\/td>\n<td>7.\u00a0<\/td>\n<td>Budapest<\/td>\n<td width=\"375\">Eg\u00e9szs\u00e9g\u00fcgyi asszisztens (Fog\u00e1szati asszisztens)<\/td>\n<td>2023.05.19 9:00<\/td>\n<td>Szervez\u00e9s alatt<\/td>\n<td>2023.02.15<\/td>\n<\/tr>\n<tr>\n<td>Szakmai vizsga<\/td>\n<td>8.\u00a0<\/td>\n<td>Budapest<\/td>\n<td width=\"375\">Eg\u00e9szs\u00e9g\u00fcgyi asszisztens (Fog\u00e1szati asszisztens)<\/td>\n<td>2023.05.19 9:00<\/td>\n<td>Szervez\u00e9s alatt<\/td>\n<td>2023.02.15<\/td>\n<\/tr>\n<tr>\n<td>Szakmai vizsga<\/td>\n<td>9.\u00a0<\/td>\n<td>Budapest<\/td>\n<td width=\"375\">Eg\u00e9szs\u00e9g\u00fcgyi asszisztens (Gy\u00f3gyszert\u00e1ri asszisztens)<\/td>\n<td>2023.05.19 9:00<\/td>\n<td>Szervez\u00e9s alatt<\/td>\n<td>2023.02.15<\/td>\n<\/tr>\n<tr>\n<td>Szakmai vizsga<\/td>\n<td>10.\u00a0<\/td>\n<td>Budapest<\/td>\n<td width=\"375\">Eg\u00e9szs\u00e9g\u00fcgyi asszisztens (Radiogr\u00e1fiai asszisztens)<\/td>\n<td>2023.05.19 9:00<\/td>\n<td>Szervez\u00e9s alatt<\/td>\n<td>2023.02.15<\/td>\n<\/tr>\n<tr>\n<td>Szakmai vizsga<\/td>\n<td>11.\u00a0<\/td>\n<td>Budapest<\/td>\n<td width=\"375\">Eg\u00e9szs\u00e9g\u00fcgyi asszisztens (Perioperat\u00edv asszisztens szakmair\u00e1ny)<\/td>\n<td>2023.05.19 9:00<\/td>\n<td>Szervez\u00e9s alatt<\/td>\n<td>2023.02.15<\/td>\n<\/tr>\n<tr>\n<td>Szakmai vizsga<\/td>\n<td>12.\u00a0<\/td>\n<td>Budapest<\/td>\n<td width=\"375\">Kisgyermekgondoz\u00f3-, nevel\u0151<\/td>\n<td>2023.05.26 9:00<\/td>\n<td>Szervez\u00e9s alatt<\/td>\n<td>2023.02.15<\/td>\n<\/tr>\n<tr>\n<td>Szakmai vizsga<\/td>\n<td>13.\u00a0<\/td>\n<td>Budapest<\/td>\n<td width=\"375\">Kisgyermekgondoz\u00f3,-nevel\u0151<\/td>\n<td>2023.05.26 9:00<\/td>\n<td>Szervez\u00e9s alatt<\/td>\n<td>2023.02.15<\/td>\n<\/tr>\n<tr>\n<td>Szakmai vizsga<\/td>\n<td>14.\u00a0<\/td>\n<td>Budapest<\/td>\n<td width=\"375\">Klinikai laborat\u00f3riumi szakasszisztens (Hematol\u00f3giai \u00e9s transzf\u00faziol\u00f3giai szakasszisztens)<\/td>\n<td>2023.05.30 9:00<\/td>\n<td>Szervez\u00e9s alatt<\/td>\n<td>2023.02.15<\/td>\n<\/tr>\n<tr>\n<td>Szakmai vizsga<\/td>\n<td>15.\u00a0<\/td>\n<td>Budapest<\/td>\n<td width=\"375\">Klinikai laborat\u00f3riumi szakasszisztens (K\u00e9miai laborat\u00f3rumi szakassziszens)<\/td>\n<td>2023.05.30 9:00<\/td>\n<td>Szervez\u00e9s alatt<\/td>\n<td>2023.02.15<\/td>\n<\/tr>\n<tr>\n<td>Szakmai vizsga<\/td>\n<td>16.\u00a0<\/td>\n<td>Budapest<\/td>\n<td width=\"375\">Ment\u0151\u00e1pol\u00f3<\/td>\n<td>2023.05.15 9:00<\/td>\n<td>Szervez\u00e9s alatt<\/td>\n<td>2023.02.15<\/td>\n<\/tr>\n<tr>\n<td>Szakmai vizsga<\/td>\n<td>17.\u00a0<\/td>\n<td>Salg\u00f3tarj\u00e1n<\/td>\n<td width=\"375\">Rehabilit\u00e1ci\u00f3s terapeuta (Fizioter\u00e1pi\u00e1s asszisztens)<\/td>\n<td>2023.05.24 9:00<\/td>\n<td>Szervez\u00e9s alatt<\/td>\n<td>2023.02.15<\/td>\n<\/tr>\n<tr>\n<td>Szakmai vizsga<\/td>\n<td>18.\u00a0<\/td>\n<td>Budapest<\/td>\n<td width=\"375\">Rehabilit\u00e1ci\u00f3s terapeuta (Fizioter\u00e1pi\u00e1s asszisztens)<\/td>\n<td>2023.05.24 9:00<\/td>\n<td>Szervez\u00e9s alatt<\/td>\n<td>2023.02.15<\/td>\n<\/tr>\n<tr>\n<td>Szakmai vizsga<\/td>\n<td>19.\u00a0<\/td>\n<td>Budapest<\/td>\n<td width=\"375\">Rehabilit\u00e1ci\u00f3s terapeuta (Gy\u00f3gymassz\u0151r)<\/td>\n<td>2023.05.24 9:00<\/td>\n<td>Szervez\u00e9s alatt<\/td>\n<td>2023.02.15<\/td>\n<\/tr>\n<tr>\n<td>Szakmai vizsga<\/td>\n<td>20.\u00a0<\/td>\n<td>Budapest<\/td>\n<td width=\"375\">Rehabilit\u00e1ci\u00f3s terapeuta (Gy\u00f3gymassz\u0151r)<\/td>\n<td>2023.05.24 9:00<\/td>\n<td>Szervez\u00e9s alatt<\/td>\n<td>2023.02.15<\/td>\n<\/tr>\n<tr>\n<td>Szakmai vizsga<\/td>\n<td>21.\u00a0<\/td>\n<td>Salg\u00f3tarj\u00e1n<\/td>\n<td width=\"375\">Szoci\u00e1lis \u00e1pol\u00f3 \u00e9s gondoz\u00f3\u00a0<\/td>\n<td>2023.05.18 11:00<\/td>\n<td>Szervez\u00e9s alatt<\/td>\n<td>2023.02.15<\/td>\n<\/tr>\n<tr>\n<td>Szakmai vizsga<\/td>\n<td>22.\u00a0<\/td>\n<td>Budapest<\/td>\n<td width=\"375\">Sz\u00f6vettani szakasszisztens (Citol\u00f3giai szakasszisztens)<\/td>\n<td>2023.05.30 9:00<\/td>\n<td>Szervez\u00e9s alatt<\/td>\n<td>2023.02.15<\/td>\n<\/tr>\n<tr>\n<td style=\"text-align: center\" colspan=\"7\"><strong>K\u00e9pes\u00edt\u0151 vizsg\u00e1k meghirdet\u00e9se &#8211; 2022\/2023-as tan\u00e9v m\u00e1jus-j\u00fanius<\/strong><\/td>\n<\/tr>\n<tr>\n<td style=\"text-align: center\"><strong>Vizsga t\u00edpusa<\/strong><\/td>\n<td style=\"text-align: center\" width=\"59\"><strong>Vizsga ssz.<\/strong><\/td>\n<td style=\"text-align: center\" width=\"75\"><strong>Vizsga helysz\u00edn<\/strong><\/td>\n<td style=\"text-align: center\"><strong>SZAKK\u00c9PES\u00cdT\u00c9S<\/strong><\/td>\n<td style=\"text-align: center\" width=\"146\"><strong>\u00cdr\u00e1sbeli vizsga id\u0151pont<\/strong><\/td>\n<td style=\"text-align: center\" width=\"109\"><strong>Projektvizsga id\u0151pont<\/strong><\/td>\n<td style=\"text-align: center\" width=\"94\"><strong>Jelentkez\u00e9si hat\u00e1rid\u0151<\/strong><\/td>\n<\/tr>\n<tr>\n<td>K\u00e9pes\u00edt\u0151 vizsga<\/td>\n<td>1.<\/td>\n<td>Budapest<\/td>\n<td width=\"375\">Pedag\u00f3giai munkat\u00e1rs (Gy\u00f3gypedag\u00f3giai asszisztens)<\/td>\n<td>2023.06.12 10:00<\/td>\n<td>Szervez\u00e9s alatt<\/td>\n<td>2023.04.12<\/td>\n<\/tr>\n<tr>\n<td>K\u00e9pes\u00edt\u0151 vizsga<\/td>\n<td>2.<\/td>\n<td>Budapest<\/td>\n<td width=\"375\">Pedag\u00f3giai munkat\u00e1rs (Gy\u00f3gypedag\u00f3giai asszisztens)<\/td>\n<td>2023.06.12 10:00<\/td>\n<td>Szervez\u00e9s alatt<\/td>\n<td>2023.04.12<\/td>\n<\/tr>\n<tr>\n<td>K\u00e9pes\u00edt\u0151 vizsga<\/td>\n<td>3.<\/td>\n<td>Budapest<\/td>\n<td width=\"375\">Pedag\u00f3giai munkat\u00e1rs (Pedag\u00f3giai asszisztens)<\/td>\n<td>2023.06.12 10:00<\/td>\n<td>Szervez\u00e9s alatt<\/td>\n<td>2023.04.12<\/td>\n<\/tr>\n<tr>\n<td>K\u00e9pes\u00edt\u0151 vizsga<\/td>\n<td>4.<\/td>\n<td>Budapest<\/td>\n<td width=\"375\">Pedag\u00f3giai munkat\u00e1rs (Pedag\u00f3giai asszisztens)<\/td>\n<td>2023.06.12 10:00<\/td>\n<td>Szervez\u00e9s alatt<\/td>\n<td>2023.04.12<\/td>\n<\/tr>\n<\/tbody>\n<\/table>\n<p>&nbsp;<\/p>\n<p>A tanul\u00f3nak, illetve a k\u00e9pz\u00e9sben r\u00e9szt vev\u0151 szem\u00e9lynek az \u00e1ltala tanult szakma vagy szakk\u00e9pes\u00edt\u00e9s vizsg\u00e1j\u00e1ra elektronikusan, illetve \u00edr\u00e1sban egyar\u00e1nt jelentkeznie sz\u00fcks\u00e9ges.<\/p>\n<p>\u00cdr\u00e1sban t\u00f6rt\u00e9n\u0151 jelentkez\u00e9s:<\/p>\n<p>a jelentkez\u00e9st a vizsgak\u00f6zponthoz sz\u00fcks\u00e9ges beny\u00fajtani (1068 Budapest, Rippl-R\u00f3nai utca 22-26.) a vizsgak\u00f6zpont &#8222;<a href=\"https:\/\/semmelweis.hu\/vizsgakozpont\/files\/2022\/11\/VK_II_04_01_Jelentkezesi_lap_szakmai_vizsg-Semmelweis_V03_20220914.docx\">jelentkez\u00e9si lap szakmai vizsg\u00e1ra<\/a>&#8222;, vagy &#8222;<a href=\"https:\/\/semmelweis.hu\/vizsgakozpont\/files\/2022\/11\/VK_II_04_02_Jelentkezesi_lap_kepesito_vizsg-Semmelweis_V03_20220914.docx\">jelentkez\u00e9si lap k\u00e9pes\u00edt\u0151 vizsg\u00e1ra<\/a>&#8221; form\u00e1t haszn\u00e1lva (kit\u00f6ltve \u00e9s al\u00e1\u00edrva). A jelentkez\u00e9si laphoz csatolni kell a vizsg\u00e1val kapcsolatos k\u00e9relmeket \u00e9s az ilyen k\u00e9relem alapj\u00e1ul szolg\u00e1l\u00f3 okiratok m\u00e1solat\u00e1t. A jelentkez\u0151 a vizsga megkezd\u00e9s\u00e9ig igazolja, hogy a vizsg\u00e1ra bocs\u00e1t\u00e1shoz sz\u00fcks\u00e9ges, a k\u00e9pz\u00e9si \u00e9s kimeneti k\u00f6vetelm\u00e9nyekben vagy programk\u00f6vetelm\u00e9nyekben meghat\u00e1rozott felt\u00e9telekkel rendelkezik. Ha a jelentkez\u0151 a vizsga megkezd\u00e9s\u00e9ig nem teljes\u00edti vagy nem igazolja, hogy megfelel a vizsg\u00e1ra bocs\u00e1t\u00e1s k\u00e9pz\u00e9si \u00e9s kimeneti k\u00f6vetelm\u00e9nyekben vagy programk\u00f6vetelm\u00e9nyekben meghat\u00e1rozott felt\u00e9teleinek, a jelentkez\u00e9s\u00e9t t\u00f6r\u00f6lni kell.<\/p>\n<p>A jelentkez\u00e9ssel kapcsolatos tov\u00e1bbi inform\u00e1ci\u00f3kr\u00f3l a <a href=\"https:\/\/semmelweis.hu\/vizsgakozpont\/vizsgazoknak\/jelentkezes-menete\/\">jelentkez\u00e9s menete<\/a> men\u00fcpont alatt t\u00e1j\u00e9koz\u00f3dhat.<\/p>\n<p>Elektronikus jelentkez\u00e9s:<\/p>\n<p>Az elektronikus jelentkez\u00e9s a <a href=\"https:\/\/vizsgakozpont.e-kreta.hu\/\">Vizsgak\u00f6zponti Rendszerben<\/a> t\u00f6rt\u00e9nik. A jelentkez\u00e9s megt\u00e9tel\u00e9hez k\u00e9rj\u00fck, k\u00f6vesse a fel\u00fclet utas\u00edt\u00e1sait, illetve t\u00f6ltse fel a sz\u00fcks\u00e9ges adatokat.<\/p>\n","protected":false},"excerpt":{"rendered":"<p>Szakmai vizsg\u00e1k meghirdet\u00e9se &#8211; 2022\/2023-as tan\u00e9v m\u00e1jus-j\u00fanius Vizsga t\u00edpusa Vizsga ssz. Vizsga helysz\u00edn SZAKMA Interakt\u00edv vizsga id\u0151pont Projektvizsga id\u0151pont Jelentkez\u00e9si hat\u00e1rid\u0151 Szakmai vizsga 1.\u00a0 Salg\u00f3tarj\u00e1n \u00c1ltal\u00e1nos \u00e1pol\u00f3\u00a0 2023.05.23 9:00 Szervez\u00e9s alatt 2023.02.15 Szakmai vizsga 2. Budapest \u00c1ltal\u00e1nos \u00e1pol\u00f3\u00a0 2023.05.23 9:00 Szervez\u00e9s alatt 2023.02.15 Szakmai vizsga 3.\u00a0 Budapest \u00c1ltal\u00e1nos \u00e1pol\u00f3 2023.05.23 9:00 Szervez\u00e9s alatt 2023.02.15 Szakmai &hellip;<\/p>\n","protected":false},"author":102065,"featured_media":0,"parent":81,"menu_order":10,"comment_status":"closed","ping_status":"closed","template":"","meta":{"_acf_changed":false,"footnotes":""},"categories":[],"tags":[],"class_list":["post-492","page","type-page","status-publish","hentry"],"acf":[],"_links":{"self":[{"href":"https:\/\/semmelweis.hu\/vizsgakozpont\/wp-json\/wp\/v2\/pages\/492","targetHints":{"allow":["GET"]}}],"collection":[{"href":"https:\/\/semmelweis.hu\/vizsgakozpont\/wp-json\/wp\/v2\/pages"}],"about":[{"href":"https:\/\/semmelweis.hu\/vizsgakozpont\/wp-json\/wp\/v2\/types\/page"}],"author":[{"embeddable":true,"href":"https:\/\/semmelweis.hu\/vizsgakozpont\/wp-json\/wp\/v2\/users\/102065"}],"replies":[{"embeddable":true,"href":"https:\/\/semmelweis.hu\/vizsgakozpont\/wp-json\/wp\/v2\/comments?post=492"}],"version-history":[{"count":10,"href":"https:\/\/semmelweis.hu\/vizsgakozpont\/wp-json\/wp\/v2\/pages\/492\/revisions"}],"predecessor-version":[{"id":623,"href":"https:\/\/semmelweis.hu\/vizsgakozpont\/wp-json\/wp\/v2\/pages\/492\/revisions\/623"}],"up":[{"embeddable":true,"href":"https:\/\/semmelweis.hu\/vizsgakozpont\/wp-json\/wp\/v2\/pages\/81"}],"wp:attachment":[{"href":"https:\/\/semmelweis.hu\/vizsgakozpont\/wp-json\/wp\/v2\/media?parent=492"}],"wp:term":[{"taxonomy":"category","embeddable":true,"href":"https:\/\/semmelweis.hu\/vizsgakozpont\/wp-json\/wp\/v2\/categories?post=492"},{"taxonomy":"post_tag","embeddable":true,"href":"https:\/\/semmelweis.hu\/vizsgakozpont\/wp-json\/wp\/v2\/tags?post=492"}],"curies":[{"name":"wp","href":"https:\/\/api.w.org\/{rel}","templated":true}]}}