{"id":477,"date":"2022-11-18T10:12:45","date_gmt":"2022-11-18T09:12:45","guid":{"rendered":"https:\/\/semmelweis.hu\/vizsgakozpont\/?page_id=477"},"modified":"2025-11-06T08:56:08","modified_gmt":"2025-11-06T07:56:08","slug":"meghirdetett-vizsgaink-2023-februari-vizsgaidoszak","status":"publish","type":"page","link":"https:\/\/semmelweis.hu\/vizsgakozpont\/vizsgaidopont-vizsgahelyszin\/meghirdetett-vizsgaink-2023-februari-vizsgaidoszak\/","title":{"rendered":"Meghirdetett vizsg\u00e1ink &#8211; 2023 febru\u00e1r-m\u00e1rciusi vizsgaid\u0151szak &#8211; ARCH\u00cdV"},"content":{"rendered":"<table style=\"width: 95.0467%;height: 1457px\" width=\"953\">\n<tbody>\n<tr style=\"height: 53px\">\n<td style=\"height: 53px;width: 99.8948%\" colspan=\"7\" width=\"953\">\n<p style=\"text-align: center\"><strong>Szakmai vizsg\u00e1k meghirdet\u00e9se &#8211; 2022\/2023-as tan\u00e9v febru\u00e1r &#8211; m\u00e1rcius<\/strong><\/p>\n<\/td>\n<\/tr>\n<tr style=\"height: 10px\">\n<td style=\"text-align: center;height: 10px;width: 12.4211%\" width=\"101\">\n<p><strong><em>Vizsga t\u00edpusa<\/em><\/strong><\/p>\n<\/td>\n<td style=\"text-align: center;height: 10px;width: 3.89474%\" width=\"59\">\n<p><strong><em>Vizsga ssz.<\/em><\/strong><\/p>\n<\/td>\n<td style=\"text-align: center;height: 10px;width: 7.78947%\" width=\"74\">\n<p><strong><em>Vizsga helysz\u00edn<\/em><\/strong><\/p>\n<\/td>\n<td style=\"text-align: center;height: 10px;width: 48.5263%\" width=\"397\">\n<p><strong><em>SZAKMA<\/em><\/strong><\/p>\n<\/td>\n<td style=\"text-align: center;height: 10px;width: 12.8422%\" width=\"142\">\n<p><strong><em>Interakt\u00edv vizsga id\u0151pont<\/em><\/strong><\/p>\n<\/td>\n<td style=\"text-align: center;height: 10px;width: 3.68418%\" width=\"98\">\n<p><strong><em>Projektvizsga id\u0151pont<\/em><\/strong><\/p>\n<\/td>\n<td style=\"text-align: center;height: 10px;width: 10.7368%\" width=\"83\">\n<p><strong><em>Jelentkez\u00e9si hat\u00e1rid\u0151<\/em><\/strong><\/p>\n<\/td>\n<\/tr>\n<tr style=\"height: 83px\">\n<td style=\"height: 83px;width: 12.4211%\" width=\"101\">\n<p><span style=\"font-size: 12pt\">Szakmai vizsga<\/span><\/p>\n<\/td>\n<td style=\"height: 83px;width: 3.89474%;text-align: center\" width=\"59\">\n<p><span style=\"font-size: 12pt\">1.<\/span><\/p>\n<\/td>\n<td style=\"height: 83px;width: 7.78947%\" width=\"74\">\n<p><span style=\"font-size: 12pt\">Budapest<\/span><\/p>\n<\/td>\n<td style=\"height: 83px;width: 48.5263%\" width=\"397\">\n<p><span style=\"font-size: 12pt\">Eg\u00e9szs\u00e9g\u00fcgyi asszisztens (perioperat\u00edv asszisztens)<\/span><\/p>\n<\/td>\n<td style=\"height: 83px;width: 12.8422%\" width=\"142\">\n<p><span style=\"font-size: 12pt\">2023.02.15. 11.00<\/span><\/p>\n<\/td>\n<td style=\"height: 1328px;width: 3.68418%\" rowspan=\"16\" width=\"98\">\n<p><span style=\"font-size: 12pt\">Szervez\u00e9s<\/span><\/p>\n<p><span style=\"font-size: 12pt\">alatt<\/span><\/p>\n<\/td>\n<td style=\"height: 1328px;width: 10.7368%\" rowspan=\"16\" width=\"83\">\n<p><span style=\"font-size: 12pt\">2022.12.01<\/span><\/p>\n<\/td>\n<\/tr>\n<tr style=\"height: 83px\">\n<td style=\"height: 83px;width: 12.4211%\" width=\"101\">\n<p><span style=\"font-size: 12pt\">Szakmai vizsga<\/span><\/p>\n<\/td>\n<td style=\"height: 83px;width: 3.89474%;text-align: center\" width=\"59\">\n<p><span style=\"font-size: 12pt\">2.<\/span><\/p>\n<\/td>\n<td style=\"height: 83px;width: 7.78947%\" width=\"74\">\n<p><span style=\"font-size: 12pt\">Budapest<\/span><\/p>\n<\/td>\n<td style=\"height: 83px;width: 48.5263%\" width=\"397\">\n<p><span style=\"font-size: 12pt\">Eg\u00e9szs\u00e9g\u00fcgyi asszisztens (klinikai neurofiziol\u00f3giai asszisztens)<\/span><\/p>\n<\/td>\n<td style=\"height: 83px;width: 12.8422%\" width=\"142\">\n<p><span style=\"font-size: 12pt\">2023.02.15. 11.00<\/span><\/p>\n<\/td>\n<\/tr>\n<tr style=\"height: 83px\">\n<td style=\"height: 83px;width: 12.4211%\" width=\"101\">\n<p><span style=\"font-size: 12pt\">Szakmai vizsga<\/span><\/p>\n<\/td>\n<td style=\"height: 83px;width: 3.89474%;text-align: center\" width=\"59\">\n<p><span style=\"font-size: 12pt\">3.<\/span><\/p>\n<\/td>\n<td style=\"height: 83px;width: 7.78947%\" width=\"74\">\n<p><span style=\"font-size: 12pt\">Budapest<\/span><\/p>\n<\/td>\n<td style=\"height: 83px;width: 48.5263%\" width=\"397\">\n<p><span style=\"font-size: 12pt\">Eg\u00e9szs\u00e9g\u00fcgyi asszisztens (endoszk\u00f3pos asszisztens)<\/span><\/p>\n<\/td>\n<td style=\"height: 83px;width: 12.8422%\" width=\"142\">\n<p><span style=\"font-size: 12pt\">2023.02.15. 11.00<\/span><\/p>\n<\/td>\n<\/tr>\n<tr style=\"height: 83px\">\n<td style=\"height: 83px;width: 12.4211%\" width=\"101\">\n<p><span style=\"font-size: 12pt\">Szakmai vizsga<\/span><\/p>\n<\/td>\n<td style=\"height: 83px;width: 3.89474%;text-align: center\" width=\"59\">\n<p><span style=\"font-size: 12pt\">4.<\/span><\/p>\n<\/td>\n<td style=\"height: 83px;width: 7.78947%\" width=\"74\">\n<p><span style=\"font-size: 12pt\">Budapest<\/span><\/p>\n<\/td>\n<td style=\"height: 83px;width: 48.5263%\" width=\"397\">\n<p><span style=\"font-size: 12pt\">Eg\u00e9szs\u00e9g\u00fcgyi asszisztens (radiogr\u00e1fiai asszisztens)<\/span><\/p>\n<\/td>\n<td style=\"height: 83px;width: 12.8422%\" width=\"142\">\n<p><span style=\"font-size: 12pt\">2023.02.15. 11.00<\/span><\/p>\n<\/td>\n<\/tr>\n<tr style=\"height: 83px\">\n<td style=\"height: 83px;width: 12.4211%\" width=\"101\">\n<p><span style=\"font-size: 12pt\">Szakmai vizsga<\/span><\/p>\n<\/td>\n<td style=\"height: 83px;width: 3.89474%;text-align: center\" width=\"59\">\n<p><span style=\"font-size: 12pt\">5.<\/span><\/p>\n<\/td>\n<td style=\"height: 83px;width: 7.78947%\" width=\"74\">\n<p><span style=\"font-size: 12pt\">Budapest<\/span><\/p>\n<\/td>\n<td style=\"height: 83px;width: 48.5263%\" width=\"397\">\n<p><span style=\"font-size: 12pt\">Radiogr\u00e1fiai szakasszisztens (CTMR)<\/span><\/p>\n<\/td>\n<td style=\"height: 83px;width: 12.8422%\" width=\"142\">\n<p><span style=\"font-size: 12pt\">2023.02.08. 9.00<\/span><\/p>\n<\/td>\n<\/tr>\n<tr style=\"height: 83px\">\n<td style=\"height: 83px;width: 12.4211%\" width=\"101\">\n<p><span style=\"font-size: 12pt\">Szakmai vizsga<\/span><\/p>\n<\/td>\n<td style=\"height: 83px;width: 3.89474%;text-align: center\" width=\"59\">\n<p><span style=\"font-size: 12pt\">6.<\/span><\/p>\n<\/td>\n<td style=\"height: 83px;width: 7.78947%\" width=\"74\">\n<p><span style=\"font-size: 12pt\">Budapest<\/span><\/p>\n<\/td>\n<td style=\"height: 83px;width: 48.5263%\" width=\"397\">\n<p><span style=\"font-size: 12pt\">Radiogr\u00e1fiai szakasszisztens (intervenci\u00f3s)<\/span><\/p>\n<\/td>\n<td style=\"height: 83px;width: 12.8422%\" width=\"142\">\n<p><span style=\"font-size: 12pt\">2023.02.08. 9.00<\/span><\/p>\n<\/td>\n<\/tr>\n<tr style=\"height: 83px\">\n<td style=\"height: 83px;width: 12.4211%\" width=\"101\">\n<p><span style=\"font-size: 12pt\">Szakmai vizsga<\/span><\/p>\n<\/td>\n<td style=\"height: 83px;width: 3.89474%;text-align: center\" width=\"59\">\n<p><span style=\"font-size: 12pt\">7.<\/span><\/p>\n<\/td>\n<td style=\"height: 83px;width: 7.78947%\" width=\"74\">\n<p><span style=\"font-size: 12pt\">Budapest<\/span><\/p>\n<\/td>\n<td style=\"height: 83px;width: 48.5263%\" width=\"397\">\n<p><span style=\"font-size: 12pt\">Eg\u00e9szs\u00e9g\u00fcgyi asszisztens (kardiol\u00f3giai \u00e9s angiol\u00f3giai asszisztens)<\/span><\/p>\n<\/td>\n<td style=\"height: 83px;width: 12.8422%\" width=\"142\">\n<p><span style=\"font-size: 12pt\">2023.02.15. 11.00<\/span><\/p>\n<\/td>\n<\/tr>\n<tr style=\"height: 83px\">\n<td style=\"height: 83px;width: 12.4211%\" width=\"101\">\n<p><span style=\"font-size: 12pt\">Szakmai vizsga<\/span><\/p>\n<\/td>\n<td style=\"height: 83px;width: 3.89474%;text-align: center\" width=\"59\">\n<p><span style=\"font-size: 12pt\">8.<\/span><\/p>\n<\/td>\n<td style=\"height: 83px;width: 7.78947%\" width=\"74\">\n<p><span style=\"font-size: 12pt\">Budapest<\/span><\/p>\n<\/td>\n<td style=\"height: 83px;width: 48.5263%\" width=\"397\">\n<p><span style=\"font-size: 12pt\">Eg\u00e9szs\u00e9g\u00fcgyi asszisztens (perioperat\u00edv asszisztens)<\/span><\/p>\n<\/td>\n<td style=\"height: 83px;width: 12.8422%\" width=\"142\">\n<p><span style=\"font-size: 12pt\">2023.02.15. 11.00<\/span><\/p>\n<\/td>\n<\/tr>\n<tr style=\"height: 83px\">\n<td style=\"height: 83px;width: 12.4211%\" width=\"101\">\n<p><span style=\"font-size: 12pt\">Szakmai vizsga<\/span><\/p>\n<\/td>\n<td style=\"height: 83px;width: 3.89474%;text-align: center\" width=\"59\">\n<p><span style=\"font-size: 12pt\">9.<\/span><\/p>\n<\/td>\n<td style=\"height: 83px;width: 7.78947%\" width=\"74\">\n<p><span style=\"font-size: 12pt\">Budapest<\/span><\/p>\n<\/td>\n<td style=\"height: 83px;width: 48.5263%\" width=\"397\">\n<p><span style=\"font-size: 12pt\">Csecsem\u0151- \u00e9s gyermek\u00e1pol\u00f3<\/span><\/p>\n<\/td>\n<td style=\"height: 83px;width: 12.8422%\" width=\"142\">\n<p><span style=\"font-size: 12pt\">2023.02.07. 9.00<\/span><\/p>\n<\/td>\n<\/tr>\n<tr style=\"height: 83px\">\n<td style=\"height: 83px;width: 12.4211%\" width=\"101\">\n<p><span style=\"font-size: 12pt\">Szakmai vizsga<\/span><\/p>\n<\/td>\n<td style=\"height: 83px;width: 3.89474%;text-align: center\" width=\"59\">\n<p><span style=\"font-size: 12pt\">10.<\/span><\/p>\n<\/td>\n<td style=\"height: 83px;width: 7.78947%\" width=\"74\">\n<p><span style=\"font-size: 12pt\">Budapest<\/span><\/p>\n<\/td>\n<td style=\"height: 83px;width: 48.5263%\" width=\"397\">\n<p><span style=\"font-size: 12pt\">Perioperat\u00edv szakasszisztens (aneszteziol\u00f3giai szakasszisztens)<\/span><\/p>\n<\/td>\n<td style=\"height: 83px;width: 12.8422%\" width=\"142\">\n<p><span style=\"font-size: 12pt\">2023.02.06. 9.00<\/span><\/p>\n<\/td>\n<\/tr>\n<tr style=\"height: 83px\">\n<td style=\"height: 83px;width: 12.4211%\" width=\"101\">\n<p><span style=\"font-size: 12pt\">Szakmai vizsga<\/span><\/p>\n<\/td>\n<td style=\"height: 83px;width: 3.89474%;text-align: center\" width=\"59\">\n<p><span style=\"font-size: 12pt\">11.<\/span><\/p>\n<\/td>\n<td style=\"height: 83px;width: 7.78947%\" width=\"74\">\n<p><span style=\"font-size: 12pt\">Budapest<\/span><\/p>\n<\/td>\n<td style=\"height: 83px;width: 48.5263%\" width=\"397\">\n<p><span style=\"font-size: 12pt\">Eg\u00e9szs\u00e9g\u00fcgyi asszisztens (radiogr\u00e1fiai asszisztens)<\/span><\/p>\n<\/td>\n<td style=\"height: 83px;width: 12.8422%\" width=\"142\">\n<p><span style=\"font-size: 12pt\">2023.02.15. 11.00<\/span><\/p>\n<\/td>\n<\/tr>\n<tr style=\"height: 83px\">\n<td style=\"height: 83px;width: 12.4211%\" width=\"101\">\n<p><span style=\"font-size: 12pt\">Szakmai vizsga<\/span><\/p>\n<\/td>\n<td style=\"height: 83px;width: 3.89474%;text-align: center\" width=\"59\">\n<p><span style=\"font-size: 12pt\">12.<\/span><\/p>\n<\/td>\n<td style=\"height: 83px;width: 7.78947%\" width=\"74\">\n<p><span style=\"font-size: 12pt\">Budapest<\/span><\/p>\n<\/td>\n<td style=\"height: 83px;width: 48.5263%\" width=\"397\">\n<p><span style=\"font-size: 12pt\">Perioperat\u00edv szakasszisztens (m\u0171t\u00e9ti szakasszisztens)<\/span><\/p>\n<\/td>\n<td style=\"height: 83px;width: 12.8422%\" width=\"142\">\n<p><span style=\"font-size: 12pt\">2023.02.06. 9.00<\/span><\/p>\n<\/td>\n<\/tr>\n<tr style=\"height: 83px\">\n<td style=\"height: 83px;width: 12.4211%\" width=\"101\">\n<p><span style=\"font-size: 12pt\">Szakmai vizsga<\/span><\/p>\n<\/td>\n<td style=\"height: 83px;width: 3.89474%;text-align: center\" width=\"59\">\n<p><span style=\"font-size: 12pt\">13.<\/span><\/p>\n<\/td>\n<td style=\"height: 83px;width: 7.78947%\" width=\"74\">\n<p><span style=\"font-size: 12pt\">Budapest<\/span><\/p>\n<\/td>\n<td style=\"height: 83px;width: 48.5263%\" width=\"397\">\n<p><span style=\"font-size: 12pt\">Ment\u0151\u00e1pol\u00f3<\/span><\/p>\n<\/td>\n<td style=\"height: 83px;width: 12.8422%\" width=\"142\">\n<p><span style=\"font-size: 12pt\">2023.02.13. 9.00<\/span><\/p>\n<\/td>\n<\/tr>\n<tr style=\"height: 83px\">\n<td style=\"height: 83px;width: 12.4211%\" width=\"101\">\n<p><span style=\"font-size: 12pt\">Szakmai vizsga<\/span><\/p>\n<\/td>\n<td style=\"height: 83px;width: 3.89474%;text-align: center\" width=\"59\">\n<p><span style=\"font-size: 12pt\">14.<\/span><\/p>\n<\/td>\n<td style=\"height: 83px;width: 7.78947%\" width=\"74\">\n<p><span style=\"font-size: 12pt\">Budapest<\/span><\/p>\n<\/td>\n<td style=\"height: 83px;width: 48.5263%\" width=\"397\">\n<p><span style=\"font-size: 12pt\">\u00c1ltal\u00e1nos \u00e1pol\u00f3<\/span><\/p>\n<\/td>\n<td style=\"height: 83px;width: 12.8422%\" width=\"142\">\n<p><span style=\"font-size: 12pt\">2023.02.14.11.00<\/span><\/p>\n<\/td>\n<\/tr>\n<tr style=\"height: 83px\">\n<td style=\"height: 83px;width: 12.4211%\" width=\"101\">\n<p><span style=\"font-size: 12pt\">Szakmai vizsga<\/span><\/p>\n<\/td>\n<td style=\"height: 83px;width: 3.89474%;text-align: center\" width=\"59\">\n<p><span style=\"font-size: 12pt\">15.<\/span><\/p>\n<\/td>\n<td style=\"height: 83px;width: 7.78947%\" width=\"74\">\n<p><span style=\"font-size: 12pt\">Budapest<\/span><\/p>\n<\/td>\n<td style=\"height: 83px;width: 48.5263%\" width=\"397\">\n<p><span style=\"font-size: 12pt\">Rehabilit\u00e1ci\u00f3s terapeuta (gy\u00f3gymassz\u0151r)<\/span><\/p>\n<\/td>\n<td style=\"height: 83px;width: 12.8422%\" width=\"142\">\n<p><span style=\"font-size: 12pt\">2023.02.06 9.00<\/span><\/p>\n<\/td>\n<\/tr>\n<tr style=\"height: 83px\">\n<td style=\"height: 83px;width: 12.4211%\" width=\"101\">\n<p><span style=\"font-size: 12pt\">Szakmai vizsga<\/span><\/p>\n<\/td>\n<td style=\"height: 83px;width: 3.89474%;text-align: center\" width=\"59\">\n<p><span style=\"font-size: 12pt\">16.<\/span><\/p>\n<\/td>\n<td style=\"height: 83px;width: 7.78947%\" width=\"74\">\n<p><span style=\"font-size: 12pt\">Budapest<\/span><\/p>\n<\/td>\n<td style=\"height: 83px;width: 48.5263%\" width=\"397\">\n<p><span style=\"font-size: 12pt\">Eg\u00e9szs\u00e9g\u00fcgyi asszisztens (fog\u00e1szati asszisztens)<\/span><\/p>\n<\/td>\n<td style=\"height: 83px;width: 12.8422%\" width=\"142\">\n<p><span style=\"font-size: 12pt\">2023.02.15. 11.00<\/span><\/p>\n<\/td>\n<\/tr>\n<\/tbody>\n<\/table>\n<p>&nbsp;<\/p>\n<p>A tanul\u00f3nak, illetve a k\u00e9pz\u00e9sben r\u00e9szt vev\u0151 szem\u00e9lynek az \u00e1ltala tanult szakma szakmai vizsg\u00e1j\u00e1ra elektronikusan, illetve \u00edr\u00e1sban egyar\u00e1nt jelentkeznie sz\u00fcks\u00e9ges.<\/p>\n<p><u>\u00cdr\u00e1sban t\u00f6rt\u00e9n\u0151 jelentkez\u00e9s:<\/u><\/p>\n<p>a jelentkez\u00e9st az akkredit\u00e1lt vizsgak\u00f6zponthoz sz\u00fcks\u00e9ges beny\u00fajtani (1068 Budapest, Rippl-R\u00f3nai utca 22-26.) az akkredit\u00e1lt vizsgak\u00f6zpont <a href=\"https:\/\/semmelweis.hu\/vizsgakozpont\/files\/2022\/11\/VK_II_04_01_Jelentkezesi_lap_szakmai_vizsg-Semmelweis_V03_20220914.docx\">jelentkez\u00e9si lap<\/a> form\u00e1t haszn\u00e1lva (kit\u00f6ltve \u00e9s al\u00e1\u00edrva). A jelentkez\u00e9si laphoz csatolni kell a szakmai vizsg\u00e1val kapcsolatos k\u00e9relmeket \u00e9s az ilyen k\u00e9relem alapj\u00e1ul szolg\u00e1l\u00f3 okiratok m\u00e1solat\u00e1t. A jelentkez\u0151 a szakmai vizsga megkezd\u00e9s\u00e9ig igazolja, hogy a szakmai vizsg\u00e1ra bocs\u00e1t\u00e1shoz sz\u00fcks\u00e9ges, a k\u00e9pz\u00e9si \u00e9s kimeneti k\u00f6vetelm\u00e9nyekben meghat\u00e1rozott felt\u00e9telekkel rendelkezik. Ha a jelentkez\u0151 a szakmai vizsga megkezd\u00e9s\u00e9ig nem teljes\u00edti vagy nem igazolja, hogy megfelel a szakmai vizsg\u00e1ra bocs\u00e1t\u00e1s k\u00e9pz\u00e9si \u00e9s kimeneti k\u00f6vetelm\u00e9nyekben meghat\u00e1rozott felt\u00e9teleinek, a jelentkez\u00e9s\u00e9t t\u00f6r\u00f6lni kell.<\/p>\n<p>A jelentkez\u00e9ssel kapcsolatos tov\u00e1bbi inform\u00e1ci\u00f3kr\u00f3l a <a href=\"https:\/\/semmelweis.hu\/vizsgakozpont\/vizsgazoknak\/jelentkezes-menete\/\">jelentkez\u00e9s menete<\/a> men\u00fcpont alatt t\u00e1j\u00e9koz\u00f3dhat.<\/p>\n<p><u>Elektronikus jelentkez\u00e9s:<\/u><\/p>\n<p>Az elektronikus jelentkez\u00e9s a <a href=\"https:\/\/vizsgakozpont.e-kreta.hu\/vizsgajelentkezes\/meghirdetett-vizsgak\">Vizsgak\u00f6zponti Rendszerben<\/a> t\u00f6rt\u00e9nik. a jelentkez\u00e9s megt\u00e9tel\u00e9hez k\u00e9rj\u00fck, k\u00f6vesse a fel\u00fclet utas\u00edt\u00e1sait, illetve t\u00f6ltse fel a sz\u00fcks\u00e9ges adatokat.<\/p>\n","protected":false},"excerpt":{"rendered":"<p>Szakmai vizsg\u00e1k meghirdet\u00e9se &#8211; 2022\/2023-as tan\u00e9v febru\u00e1r &#8211; m\u00e1rcius Vizsga t\u00edpusa Vizsga ssz. Vizsga helysz\u00edn SZAKMA Interakt\u00edv vizsga id\u0151pont Projektvizsga id\u0151pont Jelentkez\u00e9si hat\u00e1rid\u0151 Szakmai vizsga 1. Budapest Eg\u00e9szs\u00e9g\u00fcgyi asszisztens (perioperat\u00edv asszisztens) 2023.02.15. 11.00 Szervez\u00e9s alatt 2022.12.01 Szakmai vizsga 2. Budapest Eg\u00e9szs\u00e9g\u00fcgyi asszisztens (klinikai neurofiziol\u00f3giai asszisztens) 2023.02.15. 11.00 Szakmai vizsga 3. Budapest Eg\u00e9szs\u00e9g\u00fcgyi asszisztens (endoszk\u00f3pos asszisztens) &hellip;<\/p>\n","protected":false},"author":102065,"featured_media":0,"parent":81,"menu_order":11,"comment_status":"closed","ping_status":"closed","template":"","meta":{"_acf_changed":false,"footnotes":""},"categories":[],"tags":[],"class_list":["post-477","page","type-page","status-publish","hentry"],"acf":[],"_links":{"self":[{"href":"https:\/\/semmelweis.hu\/vizsgakozpont\/wp-json\/wp\/v2\/pages\/477","targetHints":{"allow":["GET"]}}],"collection":[{"href":"https:\/\/semmelweis.hu\/vizsgakozpont\/wp-json\/wp\/v2\/pages"}],"about":[{"href":"https:\/\/semmelweis.hu\/vizsgakozpont\/wp-json\/wp\/v2\/types\/page"}],"author":[{"embeddable":true,"href":"https:\/\/semmelweis.hu\/vizsgakozpont\/wp-json\/wp\/v2\/users\/102065"}],"replies":[{"embeddable":true,"href":"https:\/\/semmelweis.hu\/vizsgakozpont\/wp-json\/wp\/v2\/comments?post=477"}],"version-history":[{"count":8,"href":"https:\/\/semmelweis.hu\/vizsgakozpont\/wp-json\/wp\/v2\/pages\/477\/revisions"}],"predecessor-version":[{"id":996,"href":"https:\/\/semmelweis.hu\/vizsgakozpont\/wp-json\/wp\/v2\/pages\/477\/revisions\/996"}],"up":[{"embeddable":true,"href":"https:\/\/semmelweis.hu\/vizsgakozpont\/wp-json\/wp\/v2\/pages\/81"}],"wp:attachment":[{"href":"https:\/\/semmelweis.hu\/vizsgakozpont\/wp-json\/wp\/v2\/media?parent=477"}],"wp:term":[{"taxonomy":"category","embeddable":true,"href":"https:\/\/semmelweis.hu\/vizsgakozpont\/wp-json\/wp\/v2\/categories?post=477"},{"taxonomy":"post_tag","embeddable":true,"href":"https:\/\/semmelweis.hu\/vizsgakozpont\/wp-json\/wp\/v2\/tags?post=477"}],"curies":[{"name":"wp","href":"https:\/\/api.w.org\/{rel}","templated":true}]}}