{"id":340,"date":"2022-07-14T10:13:03","date_gmt":"2022-07-14T08:13:03","guid":{"rendered":"https:\/\/semmelweis.hu\/vizsgakozpont\/?page_id=340"},"modified":"2022-09-22T15:22:44","modified_gmt":"2022-09-22T13:22:44","slug":"szakertoi-jegyzoi-tovabbkepzes","status":"publish","type":"page","link":"https:\/\/semmelweis.hu\/vizsgakozpont\/vizsgaztatoknak-szakertoknek-jegyzoknek\/szakertoi-jegyzoi-tovabbkepzes\/","title":{"rendered":"Szak\u00e9rt\u0151i, jegyz\u0151i tov\u00e1bbk\u00e9pz\u00e9s"},"content":{"rendered":"<p>Felt\u00f6lt\u00e9s, szervez\u00e9s alatt!<\/p>\n<p><img loading=\"lazy\" decoding=\"async\" class=\"\" src=\"https:\/\/semmelweis.hu\/vizsgakozpont\/files\/2022\/09\/IMG_20220909_140055_HDR-scaled.jpg\" alt=\"\" width=\"594\" height=\"446\" \/><\/p>\n","protected":false},"excerpt":{"rendered":"<p>Felt\u00f6lt\u00e9s, szervez\u00e9s alatt!<\/p>\n","protected":false},"author":102065,"featured_media":0,"parent":28,"menu_order":2,"comment_status":"closed","ping_status":"closed","template":"","meta":{"_acf_changed":false,"footnotes":""},"categories":[],"tags":[],"class_list":["post-340","page","type-page","status-publish","hentry"],"acf":[],"_links":{"self":[{"href":"https:\/\/semmelweis.hu\/vizsgakozpont\/wp-json\/wp\/v2\/pages\/340","targetHints":{"allow":["GET"]}}],"collection":[{"href":"https:\/\/semmelweis.hu\/vizsgakozpont\/wp-json\/wp\/v2\/pages"}],"about":[{"href":"https:\/\/semmelweis.hu\/vizsgakozpont\/wp-json\/wp\/v2\/types\/page"}],"author":[{"embeddable":true,"href":"https:\/\/semmelweis.hu\/vizsgakozpont\/wp-json\/wp\/v2\/users\/102065"}],"replies":[{"embeddable":true,"href":"https:\/\/semmelweis.hu\/vizsgakozpont\/wp-json\/wp\/v2\/comments?post=340"}],"version-history":[{"count":3,"href":"https:\/\/semmelweis.hu\/vizsgakozpont\/wp-json\/wp\/v2\/pages\/340\/revisions"}],"predecessor-version":[{"id":406,"href":"https:\/\/semmelweis.hu\/vizsgakozpont\/wp-json\/wp\/v2\/pages\/340\/revisions\/406"}],"up":[{"embeddable":true,"href":"https:\/\/semmelweis.hu\/vizsgakozpont\/wp-json\/wp\/v2\/pages\/28"}],"wp:attachment":[{"href":"https:\/\/semmelweis.hu\/vizsgakozpont\/wp-json\/wp\/v2\/media?parent=340"}],"wp:term":[{"taxonomy":"category","embeddable":true,"href":"https:\/\/semmelweis.hu\/vizsgakozpont\/wp-json\/wp\/v2\/categories?post=340"},{"taxonomy":"post_tag","embeddable":true,"href":"https:\/\/semmelweis.hu\/vizsgakozpont\/wp-json\/wp\/v2\/tags?post=340"}],"curies":[{"name":"wp","href":"https:\/\/api.w.org\/{rel}","templated":true}]}}