{"id":330,"date":"2022-07-14T09:56:23","date_gmt":"2022-07-14T07:56:23","guid":{"rendered":"https:\/\/semmelweis.hu\/vizsgakozpont\/?page_id=330"},"modified":"2022-09-22T15:03:57","modified_gmt":"2022-09-22T13:03:57","slug":"osszeferhetetlenseg","status":"publish","type":"page","link":"https:\/\/semmelweis.hu\/vizsgakozpont\/vizsgaztatoknak-szakertoknek-jegyzoknek\/osszeferhetetlenseg\/","title":{"rendered":"\u00d6sszef\u00e9rhetetlens\u00e9g"},"content":{"rendered":"<p style=\"text-align: justify\"><span style=\"font-size: 14pt\">A Semmelweis Orsz\u00e1gos Eg\u00e9szs\u00e9g\u00fcgyi \u00e9s Szoci\u00e1lis Vizsgak\u00f6zponttal munkaviszonyban vagy megb\u00edz\u00e1sos jogviszonyban \u00e1ll\u00f3 szem\u00e9lyeknek e jogviszonyuk kapcs\u00e1n v\u00e1llalniuk sz\u00fcks\u00e9ges, hogy munk\u00e1juk sor\u00e1n p\u00e1rtatlanul j\u00e1rnak el, melynek keret\u00e9ben nem tesznek k\u00fcl\u00f6nbs\u00e9get az egyes vizsg\u00e1z\u00f3k k\u00f6z\u00f6tt, munk\u00e1jukat minden esetben, illetve minden vizsg\u00e1z\u00f3 tekintet\u00e9ben azonos szakmai sz\u00ednvonalon l\u00e1tj\u00e1k el.<\/span><\/p>\n<p style=\"text-align: justify\"><span style=\"font-size: 14pt\">Amennyiben a munkav\u00e9gz\u00e9s sor\u00e1n kider\u00fcl, hogy a Vizsgak\u00f6zpont munkat\u00e1rsa vagy megb\u00edzottja olyan ismer\u0151si viszonyban \u00e1ll a vizsg\u00e1z\u00f3val, illetve olyan potenci\u00e1lis \u00e9rdekellent\u00e9t \u00e1ll fent, ami befoly\u00e1solja az objekt\u00edv feladatell\u00e1t\u00e1st, azt halad\u00e9ktalanul jeleznie sz\u00fcks\u00e9ges.<\/span><\/p>\n<p style=\"text-align: justify\"><span style=\"font-size: 14pt\">Fentiek vonatkoz\u00e1s\u00e1ban a munkat\u00e1rsaknak \u00e9s a megb\u00edzottaknak P\u00e1rtatlans\u00e1gi \u00e9s titoktart\u00e1si nyilatkozatot sz\u00fcks\u00e9ges tenni\u00fck, mely az al\u00e1bbi linkr\u0151l let\u00f6lthet\u0151:<\/span><\/p>\n<ul>\n<li style=\"text-align: justify\"><a href=\"https:\/\/semmelweis.hu\/vizsgakozpont\/files\/2022\/09\/VK_III_04_Partatlansagi_es_titoktartasi_nyilatkozat-Semmelweis_V03_20220914.pdf\"><span style=\"font-size: 14pt\">P\u00e1rtatlans\u00e1gi \u00e9s titoktart\u00e1si nyilatkozat<\/span><\/a><\/li>\n<\/ul>\n","protected":false},"excerpt":{"rendered":"<p>A Semmelweis Orsz\u00e1gos Eg\u00e9szs\u00e9g\u00fcgyi \u00e9s Szoci\u00e1lis Vizsgak\u00f6zponttal munkaviszonyban vagy megb\u00edz\u00e1sos jogviszonyban \u00e1ll\u00f3 szem\u00e9lyeknek e jogviszonyuk kapcs\u00e1n v\u00e1llalniuk sz\u00fcks\u00e9ges, hogy munk\u00e1juk sor\u00e1n p\u00e1rtatlanul j\u00e1rnak el, melynek keret\u00e9ben nem tesznek k\u00fcl\u00f6nbs\u00e9get az egyes vizsg\u00e1z\u00f3k k\u00f6z\u00f6tt, munk\u00e1jukat minden esetben, illetve minden vizsg\u00e1z\u00f3 tekintet\u00e9ben azonos szakmai sz\u00ednvonalon l\u00e1tj\u00e1k el. Amennyiben a munkav\u00e9gz\u00e9s sor\u00e1n kider\u00fcl, hogy a Vizsgak\u00f6zpont munkat\u00e1rsa vagy &hellip;<\/p>\n","protected":false},"author":102065,"featured_media":0,"parent":28,"menu_order":0,"comment_status":"closed","ping_status":"closed","template":"","meta":{"_acf_changed":false,"footnotes":""},"categories":[],"tags":[],"class_list":["post-330","page","type-page","status-publish","hentry"],"acf":[],"_links":{"self":[{"href":"https:\/\/semmelweis.hu\/vizsgakozpont\/wp-json\/wp\/v2\/pages\/330","targetHints":{"allow":["GET"]}}],"collection":[{"href":"https:\/\/semmelweis.hu\/vizsgakozpont\/wp-json\/wp\/v2\/pages"}],"about":[{"href":"https:\/\/semmelweis.hu\/vizsgakozpont\/wp-json\/wp\/v2\/types\/page"}],"author":[{"embeddable":true,"href":"https:\/\/semmelweis.hu\/vizsgakozpont\/wp-json\/wp\/v2\/users\/102065"}],"replies":[{"embeddable":true,"href":"https:\/\/semmelweis.hu\/vizsgakozpont\/wp-json\/wp\/v2\/comments?post=330"}],"version-history":[{"count":6,"href":"https:\/\/semmelweis.hu\/vizsgakozpont\/wp-json\/wp\/v2\/pages\/330\/revisions"}],"predecessor-version":[{"id":403,"href":"https:\/\/semmelweis.hu\/vizsgakozpont\/wp-json\/wp\/v2\/pages\/330\/revisions\/403"}],"up":[{"embeddable":true,"href":"https:\/\/semmelweis.hu\/vizsgakozpont\/wp-json\/wp\/v2\/pages\/28"}],"wp:attachment":[{"href":"https:\/\/semmelweis.hu\/vizsgakozpont\/wp-json\/wp\/v2\/media?parent=330"}],"wp:term":[{"taxonomy":"category","embeddable":true,"href":"https:\/\/semmelweis.hu\/vizsgakozpont\/wp-json\/wp\/v2\/categories?post=330"},{"taxonomy":"post_tag","embeddable":true,"href":"https:\/\/semmelweis.hu\/vizsgakozpont\/wp-json\/wp\/v2\/tags?post=330"}],"curies":[{"name":"wp","href":"https:\/\/api.w.org\/{rel}","templated":true}]}}