{"id":322,"date":"2022-07-14T09:45:32","date_gmt":"2022-07-14T07:45:32","guid":{"rendered":"https:\/\/semmelweis.hu\/vizsgakozpont\/?page_id=322"},"modified":"2025-08-18T08:31:59","modified_gmt":"2025-08-18T06:31:59","slug":"fontos-hataridok","status":"publish","type":"page","link":"https:\/\/semmelweis.hu\/vizsgakozpont\/vizsgazoknak\/fontos-hataridok\/","title":{"rendered":"Fontos hat\u00e1rid\u0151k"},"content":{"rendered":"<p><strong><u>A vizsg\u00e1ra t\u00f6rt\u00e9n\u0151 jelentkez\u00e9si hat\u00e1rid\u0151<\/u><\/strong><\/p>\n<p>A <strong>szakmai vizsg\u00e1ra<\/strong> t\u00f6rt\u00e9n\u0151 jelentkez\u00e9s hat\u00e1rideje, vagyis a jelentkez\u00e9si lap beny\u00fajt\u00e1s\u00e1nak v\u00e9gs\u0151 id\u0151pontja:<\/p>\n<p>Szakma megszerz\u00e9s\u00e9re ir\u00e1nyul\u00f3 vizsga eset\u00e9n:<\/p>\n<table>\n<tbody>\n<tr>\n<td style=\"text-align: center\" width=\"353\">\n<p><strong>Vizsgaid\u0151szak<\/strong><\/p>\n<\/td>\n<td style=\"text-align: center\" width=\"366\">\n<p><strong>Jelentkez\u00e9si hat\u00e1rid\u0151<\/strong><\/p>\n<\/td>\n<\/tr>\n<tr>\n<td style=\"text-align: center\" width=\"353\">\n<p>Febru\u00e1r\u2013m\u00e1rciusi vizsgaid\u0151szak<\/p>\n<\/td>\n<td style=\"text-align: center\" width=\"366\">\n<p>el\u0151z\u0151 \u00e9v december 1.<\/p>\n<\/td>\n<\/tr>\n<tr>\n<td style=\"text-align: center\" width=\"353\">\n<p>M\u00e1jus\u2013j\u00faniusi vizsgaid\u0151szak<\/p>\n<\/td>\n<td style=\"text-align: center\" width=\"366\">\n<p>t\u00e1rgy\u00e9v febru\u00e1r 15.<\/p>\n<\/td>\n<\/tr>\n<tr>\n<td style=\"text-align: center\" width=\"353\">\n<p>Okt\u00f3ber\u2013novemberi vizsgaid\u0151szak<\/p>\n<\/td>\n<td style=\"text-align: center\" width=\"366\">\n<p>t\u00e1rgy\u00e9v augusztus 31.<\/p>\n<\/td>\n<\/tr>\n<\/tbody>\n<\/table>\n<p style=\"text-align: justify\">Amennyiben a jelentkez\u00e9si hat\u00e1rid\u0151 fent megjel\u00f6lt id\u0151pontja nem munkanapra esik, akkor az id\u0151pontot megel\u0151z\u0151 utols\u00f3 munkanap tekintend\u0151 a hat\u00e1rid\u0151 napj\u00e1nak.<\/p>\n<p style=\"text-align: justify\">R\u00e9szszakma megszerz\u00e9s\u00e9re ir\u00e1nyul\u00f3 vizsga eset\u00e9n a <a href=\"https:\/\/semmelweis.hu\/vizsgakozpont\/vizsgaidopont-vizsgahelyszin\/\"><u>Vizsgaid\u0151pont, vizsgahelysz\u00edn<\/u><\/a> men\u00fcpontban az adott vizsga vonatkoz\u00e1s\u00e1ban jelzett id\u0151pont.<\/p>\n<p style=\"text-align: justify\">A <strong>k\u00e9pes\u00edt\u0151 vizsg\u00e1ra<\/strong> t\u00f6rt\u00e9n\u0151 jelentkez\u00e9s hat\u00e1rideje, vagyis a jelentkez\u00e9si lap beny\u00fajt\u00e1s\u00e1nak v\u00e9gs\u0151 id\u0151pontja a <a href=\"https:\/\/semmelweis.hu\/vizsgakozpont\/vizsgaidopont-vizsgahelyszin\/\"><u>Vizsgaid\u0151pont, vizsgahelysz\u00edn<\/u><\/a> men\u00fcpontban az adott vizsga vonatkoz\u00e1s\u00e1ban jelzett id\u0151pont.<\/p>\n<p><strong><u>Felment\u00e9si k\u00e9relmek beny\u00fajt\u00e1s\u00e1nak hat\u00e1rideje:<\/u><\/strong><\/p>\n<ul>\n<li style=\"text-align: justify\">felment\u00e9si k\u00e9relem beny\u00fajt\u00e1sa: a vizsg\u00e1ra val\u00f3 jelentkez\u00e9ssel egyidej\u0171leg,<\/li>\n<li style=\"text-align: justify\">a k\u00e9relmek alapj\u00e1ul szolg\u00e1l\u00f3 dokumentumok beny\u00fajt\u00e1sa: a vizsga els\u0151 vizsgatev\u00e9kenys\u00e9g\u00e9nek megkezd\u00e9se el\u0151tt t\u00edz nappal.<\/li>\n<\/ul>\n<p style=\"text-align: justify\">A felment\u00e9s lehet\u0151s\u00e9g\u00e9r\u0151l, annak felt\u00e9teleir\u0151l b\u0151vebb t\u00e1j\u00e9koztat\u00e1s a <a href=\"https:\/\/semmelweis.hu\/vizsgakozpont\/vizsgaztatoknak-szakertoknek-jegyzoknek\/\"><u>Szab\u00e1lyzatok<\/u><\/a> men\u00fcpont alatt a Vizsgaszervez\u00e9si \u00e9s lebonyol\u00edt\u00e1si szab\u00e1lyzatban tal\u00e1lhat\u00f3.<\/p>\n<p style=\"text-align: justify\"><strong><u>K\u00fcl\u00f6nleges ig\u00e9nyek, egyedi rendk\u00edv\u00fcli sz\u00fcks\u00e9gletek jelz\u00e9s\u00e9nek hat\u00e1rideje:<\/u><\/strong><\/p>\n<p style=\"text-align: justify\"><strong>Vizsgar\u00e9sz besz\u00e1m\u00edt\u00e1s\u00e1ra vonatkoz\u00f3 k\u00e9relem:<\/strong> a jelentkez\u00e9ssel egyidej\u0171leg<\/p>\n<p style=\"text-align: justify\"><strong>M\u00e9lt\u00e1nyoss\u00e1gi k\u00e9relem:<\/strong> a jelentkez\u00e9ssel egyidej\u0171leg<\/p>\n<p style=\"text-align: justify\">Fenti k\u00fcl\u00f6nleges ig\u00e9nyekr\u0151l b\u0151vebb t\u00e1j\u00e9koztat\u00e1s a <a href=\"https:\/\/semmelweis.hu\/vizsgakozpont\/vizsgaztatoknak-szakertoknek-jegyzoknek\/\"><u>Szab\u00e1lyzatok<\/u><\/a> men\u00fcpont alatt a Vizsgaszervez\u00e9si \u00e9s lebonyol\u00edt\u00e1si szab\u00e1lyzatban tal\u00e1lhat\u00f3.<\/p>\n<p>A 2025-2026-os tan\u00e9v interakt\u00edv vizsgaid\u0151pontjai:<\/p>\n<p>Forr\u00e1s: <a href=\"https:\/\/www.nive.hu\/index.php?option=com_content&amp;view=article&amp;id=540&amp;Itemid=101\">NSZFH | Szakmai vizsg\u00e1k vizsgaid\u0151pontjai<\/a><\/p>\n\r\n        [slb_exclude]\r\n        <div class=\"row galeria-wrapper mx-0 h-auto\">\r\n            <div class=\"col-9 pl-0 pr-2\">\r\n            <span class=\"gallery-item frame\">\r\n\t\t\t\t<div class=\"galeria-left-img\"><a href=\"https:\/\/semmelweis.hu\/vizsgakozpont\/files\/2025\/08\/Masolat-Vizsgaidopontok_2025_2026a_page-0001.jpg\"><img src=https:\/\/semmelweis.hu\/vizsgakozpont\/files\/2025\/08\/Masolat-Vizsgaidopontok_2025_2026a_page-0001.jpg  \r\n                            alt=\"\" \r\n                            class=\"attachment-sote-gallery-big size-sote-gallery-big\" \r\n                            srcset=\"https:\/\/semmelweis.hu\/vizsgakozpont\/files\/2025\/08\/Masolat-Vizsgaidopontok_2025_2026a_page-0001-400x283.jpg 400w, https:\/\/semmelweis.hu\/vizsgakozpont\/files\/2025\/08\/Masolat-Vizsgaidopontok_2025_2026a_page-0001-1024x724.jpg 1024w, https:\/\/semmelweis.hu\/vizsgakozpont\/files\/2025\/08\/Masolat-Vizsgaidopontok_2025_2026a_page-0001-768x543.jpg 768w, https:\/\/semmelweis.hu\/vizsgakozpont\/files\/2025\/08\/Masolat-Vizsgaidopontok_2025_2026a_page-0001-1536x1086.jpg 1536w, https:\/\/semmelweis.hu\/vizsgakozpont\/files\/2025\/08\/Masolat-Vizsgaidopontok_2025_2026a_page-0001-753x532.jpg 753w, https:\/\/semmelweis.hu\/vizsgakozpont\/files\/2025\/08\/Masolat-Vizsgaidopontok_2025_2026a_page-0001.jpg 1755w\" ><\/a><\/div>\r\n            <\/span>\r\n\r\n            <\/div>\r\n\r\n\t\t\t<div class=\"col-3 pl-0 pr-0\">\r\n\t\t\t\t<div class=\"galeria-right-img d-flex justify-content-between flex-column h-100 w-100 px-0 mx-0 \">\r\n                <div class=\"galeria-box\">\r\n\t\t\t\t\t<h3 class=\"galeria-title\">Gal\u00e9ria<\/h3>\r\n\t\t\t\t\t<div class=\"galeria-subtitle\">\r\n\r\n\t\t\t\t\t\t<div class=\"galeria-page-counter\"><span>3<\/span>k\u00e9p<\/div>\r\n                    <\/div> <\/div>\r\n                    <span class=\"gallery-item frame d-none d-md-flex\">\r\n\t\t\t\t\t<div class=\"galeria-small-img mt-0\"><a href=\"https:\/\/semmelweis.hu\/vizsgakozpont\/files\/2025\/08\/Masolat-Vizsgaidopontok_2025_2026a_page-0002.jpg\"><img src=https:\/\/semmelweis.hu\/vizsgakozpont\/files\/2025\/08\/Masolat-Vizsgaidopontok_2025_2026a_page-0002.jpg \r\n                                alt=\"\"  \r\n                                class=\"attachment-sote-gallery-small size-sote-gallery-small\" \r\n                                srcset=\"https:\/\/semmelweis.hu\/vizsgakozpont\/files\/2025\/08\/Masolat-Vizsgaidopontok_2025_2026a_page-0002-400x283.jpg 400w, https:\/\/semmelweis.hu\/vizsgakozpont\/files\/2025\/08\/Masolat-Vizsgaidopontok_2025_2026a_page-0002-1024x724.jpg 1024w, https:\/\/semmelweis.hu\/vizsgakozpont\/files\/2025\/08\/Masolat-Vizsgaidopontok_2025_2026a_page-0002-768x543.jpg 768w, https:\/\/semmelweis.hu\/vizsgakozpont\/files\/2025\/08\/Masolat-Vizsgaidopontok_2025_2026a_page-0002-1536x1086.jpg 1536w, https:\/\/semmelweis.hu\/vizsgakozpont\/files\/2025\/08\/Masolat-Vizsgaidopontok_2025_2026a_page-0002-753x532.jpg 753w, https:\/\/semmelweis.hu\/vizsgakozpont\/files\/2025\/08\/Masolat-Vizsgaidopontok_2025_2026a_page-0002.jpg 1755w\" ><\/a><\/div>\r\n                    <\/span>\r\n                    <span class=\"gallery-item frame d-none d-md-flex\">\r\n\t\t\t\t\t<div class=\"galeria-small-img mt-0\"><a href=\"https:\/\/semmelweis.hu\/vizsgakozpont\/files\/2025\/08\/Masolat-Vizsgaidopontok_2025_2026a_page-0003.jpg\"><img src=https:\/\/semmelweis.hu\/vizsgakozpont\/files\/2025\/08\/Masolat-Vizsgaidopontok_2025_2026a_page-0003.jpg \r\n                                alt=\"\" \r\n                                class=\"attachment-sote-gallery-small size-sote-gallery-small\" \r\n                                srcset=\"https:\/\/semmelweis.hu\/vizsgakozpont\/files\/2025\/08\/Masolat-Vizsgaidopontok_2025_2026a_page-0003-400x283.jpg 400w, https:\/\/semmelweis.hu\/vizsgakozpont\/files\/2025\/08\/Masolat-Vizsgaidopontok_2025_2026a_page-0003-1024x724.jpg 1024w, https:\/\/semmelweis.hu\/vizsgakozpont\/files\/2025\/08\/Masolat-Vizsgaidopontok_2025_2026a_page-0003-768x543.jpg 768w, https:\/\/semmelweis.hu\/vizsgakozpont\/files\/2025\/08\/Masolat-Vizsgaidopontok_2025_2026a_page-0003-1536x1086.jpg 1536w, https:\/\/semmelweis.hu\/vizsgakozpont\/files\/2025\/08\/Masolat-Vizsgaidopontok_2025_2026a_page-0003-753x532.jpg 753w, https:\/\/semmelweis.hu\/vizsgakozpont\/files\/2025\/08\/Masolat-Vizsgaidopontok_2025_2026a_page-0003.jpg 1755w\" ><\/a><\/div>\r\n                    <\/span>\r\n\r\n                <\/div>\r\n\r\n            <\/div>\r\n\r\n            \r\n            <\/div>\r\n\r\n            [\/slb_exclude]\r\n\t\n","protected":false},"excerpt":{"rendered":"<p>A vizsg\u00e1ra t\u00f6rt\u00e9n\u0151 jelentkez\u00e9si hat\u00e1rid\u0151 A szakmai vizsg\u00e1ra t\u00f6rt\u00e9n\u0151 jelentkez\u00e9s hat\u00e1rideje, vagyis a jelentkez\u00e9si lap beny\u00fajt\u00e1s\u00e1nak v\u00e9gs\u0151 id\u0151pontja: Szakma megszerz\u00e9s\u00e9re ir\u00e1nyul\u00f3 vizsga eset\u00e9n: Vizsgaid\u0151szak Jelentkez\u00e9si hat\u00e1rid\u0151 Febru\u00e1r\u2013m\u00e1rciusi vizsgaid\u0151szak el\u0151z\u0151 \u00e9v december 1. M\u00e1jus\u2013j\u00faniusi vizsgaid\u0151szak t\u00e1rgy\u00e9v febru\u00e1r 15. Okt\u00f3ber\u2013novemberi vizsgaid\u0151szak t\u00e1rgy\u00e9v augusztus 31. Amennyiben a jelentkez\u00e9si hat\u00e1rid\u0151 fent megjel\u00f6lt id\u0151pontja nem munkanapra esik, akkor az id\u0151pontot &hellip;<\/p>\n","protected":false},"author":102058,"featured_media":0,"parent":26,"menu_order":2,"comment_status":"closed","ping_status":"closed","template":"","meta":{"_acf_changed":false,"footnotes":""},"categories":[],"tags":[],"class_list":["post-322","page","type-page","status-publish","hentry"],"acf":[],"_links":{"self":[{"href":"https:\/\/semmelweis.hu\/vizsgakozpont\/wp-json\/wp\/v2\/pages\/322","targetHints":{"allow":["GET"]}}],"collection":[{"href":"https:\/\/semmelweis.hu\/vizsgakozpont\/wp-json\/wp\/v2\/pages"}],"about":[{"href":"https:\/\/semmelweis.hu\/vizsgakozpont\/wp-json\/wp\/v2\/types\/page"}],"author":[{"embeddable":true,"href":"https:\/\/semmelweis.hu\/vizsgakozpont\/wp-json\/wp\/v2\/users\/102058"}],"replies":[{"embeddable":true,"href":"https:\/\/semmelweis.hu\/vizsgakozpont\/wp-json\/wp\/v2\/comments?post=322"}],"version-history":[{"count":7,"href":"https:\/\/semmelweis.hu\/vizsgakozpont\/wp-json\/wp\/v2\/pages\/322\/revisions"}],"predecessor-version":[{"id":1168,"href":"https:\/\/semmelweis.hu\/vizsgakozpont\/wp-json\/wp\/v2\/pages\/322\/revisions\/1168"}],"up":[{"embeddable":true,"href":"https:\/\/semmelweis.hu\/vizsgakozpont\/wp-json\/wp\/v2\/pages\/26"}],"wp:attachment":[{"href":"https:\/\/semmelweis.hu\/vizsgakozpont\/wp-json\/wp\/v2\/media?parent=322"}],"wp:term":[{"taxonomy":"category","embeddable":true,"href":"https:\/\/semmelweis.hu\/vizsgakozpont\/wp-json\/wp\/v2\/categories?post=322"},{"taxonomy":"post_tag","embeddable":true,"href":"https:\/\/semmelweis.hu\/vizsgakozpont\/wp-json\/wp\/v2\/tags?post=322"}],"curies":[{"name":"wp","href":"https:\/\/api.w.org\/{rel}","templated":true}]}}