{"id":320,"date":"2022-07-14T09:42:41","date_gmt":"2022-07-14T07:42:41","guid":{"rendered":"https:\/\/semmelweis.hu\/vizsgakozpont\/?page_id=320"},"modified":"2022-07-14T10:11:28","modified_gmt":"2022-07-14T08:11:28","slug":"portfoliokeszites","status":"publish","type":"page","link":"https:\/\/semmelweis.hu\/vizsgakozpont\/vizsgazoknak\/portfoliokeszites\/","title":{"rendered":"Portf\u00f3li\u00f3k\u00e9sz\u00edt\u00e9s"},"content":{"rendered":"<p style=\"text-align: justify\"><span style=\"font-size: 14pt\"><strong>A szakk\u00e9pz\u00e9sr\u0151l sz\u00f3l\u00f3 2019. \u00e9vi LXXX. t\u00f6rv\u00e9ny<\/strong>\u00a0\u00e9s\u00a0<strong>a szakk\u00e9pz\u00e9sr\u0151l sz\u00f3l\u00f3 t\u00f6rv\u00e9ny v\u00e9grehajt\u00e1s\u00e1r\u00f3l sz\u00f3l\u00f3 12\/2020 (II. 7.) Korm. rendelet<\/strong>\u00a0alapj\u00e1n a K\u00e9pz\u00e9si \u00e9s Kimeneti K\u00f6vetelm\u00e9nyekben meghat\u00e1rozottak szerint\u00a0<strong>a szakmai vizsg\u00e1ra bocs\u00e1t\u00e1s felt\u00e9tele<\/strong>\u00a0a valamennyi el\u0151\u00edrt k\u00e9pz\u00e9si \u00e9vfolyam \u00e9s az egybef\u00fcgg\u0151 szakmai gyakorlat eredm\u00e9nyes teljes\u00edt\u00e9s\u00e9n t\u00fal tov\u00e1bbi saj\u00e1tos k\u00f6vetelm\u00e9nyk\u00e9nt\u00a0<strong>a portf\u00f3li\u00f3 lead\u00e1sa<\/strong>, amely a vizsg\u00e1z\u00f3 halad\u00e1s\u00e1r\u00f3l \u00e9s\/vagy eredm\u00e9nyeir\u0151l, munk\u00e1ib\u00f3l \u00f6ssze\u00e1ll\u00edtott dokumentum.<\/span><\/p>\n<p><span style=\"font-size: 14pt\">(Az <a href=\"https:\/\/www.enkk.hu\/index.php\/hun\/sake-pedmod-2\/szakkepzes-hirei\/913-ajanlas-a-portfoliok-keszitesehez-2\">Orsz\u00e1gos K\u00f3rh\u00e1zi F\u0151igazgat\u00f3s\u00e1g sablonmint\u00e1i<\/a> el\u00e9rhet\u0151k egyes szakm\u00e1khoz, amelyek seg\u00edthetik a felk\u00e9sz\u00fcl\u00e9st.)<\/span><\/p>\n","protected":false},"excerpt":{"rendered":"<p>A szakk\u00e9pz\u00e9sr\u0151l sz\u00f3l\u00f3 2019. \u00e9vi LXXX. t\u00f6rv\u00e9ny\u00a0\u00e9s\u00a0a szakk\u00e9pz\u00e9sr\u0151l sz\u00f3l\u00f3 t\u00f6rv\u00e9ny v\u00e9grehajt\u00e1s\u00e1r\u00f3l sz\u00f3l\u00f3 12\/2020 (II. 7.) Korm. rendelet\u00a0alapj\u00e1n a K\u00e9pz\u00e9si \u00e9s Kimeneti K\u00f6vetelm\u00e9nyekben meghat\u00e1rozottak szerint\u00a0a szakmai vizsg\u00e1ra bocs\u00e1t\u00e1s felt\u00e9tele\u00a0a valamennyi el\u0151\u00edrt k\u00e9pz\u00e9si \u00e9vfolyam \u00e9s az egybef\u00fcgg\u0151 szakmai gyakorlat eredm\u00e9nyes teljes\u00edt\u00e9s\u00e9n t\u00fal tov\u00e1bbi saj\u00e1tos k\u00f6vetelm\u00e9nyk\u00e9nt\u00a0a portf\u00f3li\u00f3 lead\u00e1sa, amely a vizsg\u00e1z\u00f3 halad\u00e1s\u00e1r\u00f3l \u00e9s\/vagy eredm\u00e9nyeir\u0151l, munk\u00e1ib\u00f3l \u00f6ssze\u00e1ll\u00edtott dokumentum. (Az &hellip;<\/p>\n","protected":false},"author":102065,"featured_media":0,"parent":26,"menu_order":3,"comment_status":"closed","ping_status":"closed","template":"","meta":{"_acf_changed":false,"footnotes":""},"categories":[],"tags":[],"class_list":["post-320","page","type-page","status-publish","hentry"],"acf":[],"_links":{"self":[{"href":"https:\/\/semmelweis.hu\/vizsgakozpont\/wp-json\/wp\/v2\/pages\/320","targetHints":{"allow":["GET"]}}],"collection":[{"href":"https:\/\/semmelweis.hu\/vizsgakozpont\/wp-json\/wp\/v2\/pages"}],"about":[{"href":"https:\/\/semmelweis.hu\/vizsgakozpont\/wp-json\/wp\/v2\/types\/page"}],"author":[{"embeddable":true,"href":"https:\/\/semmelweis.hu\/vizsgakozpont\/wp-json\/wp\/v2\/users\/102065"}],"replies":[{"embeddable":true,"href":"https:\/\/semmelweis.hu\/vizsgakozpont\/wp-json\/wp\/v2\/comments?post=320"}],"version-history":[{"count":2,"href":"https:\/\/semmelweis.hu\/vizsgakozpont\/wp-json\/wp\/v2\/pages\/320\/revisions"}],"predecessor-version":[{"id":324,"href":"https:\/\/semmelweis.hu\/vizsgakozpont\/wp-json\/wp\/v2\/pages\/320\/revisions\/324"}],"up":[{"embeddable":true,"href":"https:\/\/semmelweis.hu\/vizsgakozpont\/wp-json\/wp\/v2\/pages\/26"}],"wp:attachment":[{"href":"https:\/\/semmelweis.hu\/vizsgakozpont\/wp-json\/wp\/v2\/media?parent=320"}],"wp:term":[{"taxonomy":"category","embeddable":true,"href":"https:\/\/semmelweis.hu\/vizsgakozpont\/wp-json\/wp\/v2\/categories?post=320"},{"taxonomy":"post_tag","embeddable":true,"href":"https:\/\/semmelweis.hu\/vizsgakozpont\/wp-json\/wp\/v2\/tags?post=320"}],"curies":[{"name":"wp","href":"https:\/\/api.w.org\/{rel}","templated":true}]}}