{"id":30,"date":"2022-05-03T11:08:05","date_gmt":"2022-05-03T09:08:05","guid":{"rendered":"https:\/\/semmelweis.hu\/vizsgakozpont\/?page_id=30"},"modified":"2025-07-28T09:32:57","modified_gmt":"2025-07-28T07:32:57","slug":"kozerdeku-informaciok","status":"publish","type":"page","link":"https:\/\/semmelweis.hu\/vizsgakozpont\/kozerdeku-informaciok\/","title":{"rendered":"K\u00f6z\u00e9rdek\u0171 inform\u00e1ci\u00f3k"},"content":{"rendered":"<ul>\n<li style=\"list-style-type: none\">\n<ul>\n<li><a href=\"https:\/\/semmelweis.hu\/vizsgakozpont\/files\/2025\/02\/SE-VK-MP-01-01_V01-20250101-Minosegpolitika.pdf\">Min\u0151s\u00e9gpolitika<\/a><\/li>\n<li><a href=\"https:\/\/semmelweis.hu\/vizsgakozpont\/files\/2025\/02\/SE-VK-SZ-02-11_V01-20250101-Vizsgakozponti-Etikai-szabalyzat-es-Etikai-kodex.pdf\">Vizsgak\u00f6zponti Etikai szab\u00e1lyzat \u00e9s Etikai k\u00f3dex<\/a><\/li>\n<li>Adatkezel\u00e9si t\u00e1j\u00e9koztat\u00f3k\n<ul>\n<li><a href=\"https:\/\/semmelweis.hu\/vizsgakozpont\/files\/2025\/01\/SE-VK-FN-09-01_V01-20250101-Adatkezelesi-tajekoztato-jelentkezok-jeloltek-vizsgazok-reszere.docx\">Adatkezel\u00e9si t\u00e1j\u00e9koztat\u00f3 jelentkez\u0151k, jel\u00f6ltek, vizsg\u00e1z\u00f3k r\u00e9sz\u00e9re<\/a><\/li>\n<li><a href=\"https:\/\/semmelweis.hu\/vizsgakozpont\/files\/2025\/01\/SE-VK-FN-09-02_V01-20250101-Adatkezelesi-tajekoztato-vizsgaszereplok-reszere.docx\">Adatkezel\u00e9si t\u00e1j\u00e9koztat\u00f3 vizsgaszerepl\u0151k r\u00e9sz\u00e9re<\/a><\/li>\n<li><a href=\"https:\/\/semmelweis.hu\/vizsgakozpont\/files\/2025\/07\/SE-VK-FN-09-03_V01-20250101-Adatkezelesi-tajekoztato-panaszkezelest-kerok-reszere.docx\">Adatkezel\u00e9si t\u00e1j\u00e9koztat\u00f3 panaszkezel\u00e9st k\u00e9r\u0151k r\u00e9sz\u00e9re<\/a><\/li>\n<\/ul>\n<\/li>\n<li><a href=\"https:\/\/semmelweis.hu\/vizsgakozpont\/files\/2025\/02\/SE-VK-SZ-02-10_V01-20250101-Panaszkezelesi-es-jogorvoslati-eljarasrend.pdf\">Panaszkezel\u00e9si \u00e9s jogorvoslati elj\u00e1r\u00e1srend<\/a>\n<ul>\n<li><a href=\"https:\/\/semmelweis.hu\/vizsgakozpont\/files\/2025\/01\/SE-VK-FN-08-01_V01-20250101-Panaszkezelesi-jegyzokonyv.docx\">Panaszkezel\u00e9si jegyz\u0151k\u00f6nyv<\/a><\/li>\n<\/ul>\n<\/li>\n<li><a href=\"https:\/\/semmelweis.hu\/vizsgakozpont\/files\/2025\/07\/SE-VK-SZ-02-12_V01-20250101-Vizsgakozponti-Adatvedelmi-szabalyzat.pdf\">Vizsgak\u00f6zponti Adatv\u00e9delmi szab\u00e1lyzat<\/a><\/li>\n<\/ul>\n<\/li>\n<\/ul>\n<p>&nbsp;<\/p>\n<figure id=\"attachment_144\" aria-describedby=\"caption-attachment-144\" style=\"width: 753px\" class=\"wp-caption aligncenter\"><a href=\"https:\/\/semmelweis.hu\/vizsgakozpont\/files\/2022\/07\/DSC03465-scaled.jpg\"><img loading=\"lazy\" decoding=\"async\" class=\"wp-image-144 size-large\" src=\"https:\/\/semmelweis.hu\/vizsgakozpont\/files\/2022\/07\/DSC03465-1024x576.jpg\" alt=\"\" width=\"753\" height=\"424\" srcset=\"https:\/\/semmelweis.hu\/vizsgakozpont\/files\/2022\/07\/DSC03465-1024x576.jpg 1024w, https:\/\/semmelweis.hu\/vizsgakozpont\/files\/2022\/07\/DSC03465-400x225.jpg 400w, https:\/\/semmelweis.hu\/vizsgakozpont\/files\/2022\/07\/DSC03465-768x432.jpg 768w, https:\/\/semmelweis.hu\/vizsgakozpont\/files\/2022\/07\/DSC03465-1536x864.jpg 1536w, https:\/\/semmelweis.hu\/vizsgakozpont\/files\/2022\/07\/DSC03465-2048x1152.jpg 2048w, https:\/\/semmelweis.hu\/vizsgakozpont\/files\/2022\/07\/DSC03465-753x424.jpg 753w\" sizes=\"auto, (max-width: 753px) 100vw, 753px\" \/><\/a><figcaption id=\"caption-attachment-144\" class=\"wp-caption-text\">2022. j\u00fanius 28-i konferencia k\u00e9pe.<\/figcaption><\/figure>\n<p>&nbsp;<\/p>\n","protected":false},"excerpt":{"rendered":"<p><a href=\"https:\/\/semmelweis.hu\/vizsgakozpont\/files\/2025\/02\/SE-VK-MP-01-01_V01-20250101-Minosegpolitika.pdf\">Min\u0151s\u00e9gpolitika<\/a><br \/>\n<a href=\"https:\/\/semmelweis.hu\/vizsgakozpont\/files\/2025\/02\/SE-VK-SZ-02-11_V01-20250101-Vizsgakozponti-Etikai-szabalyzat-es-Etikai-kodex.pdf\">Vizsgak\u00f6zponti Etikai szab\u00e1lyzat \u00e9s Etikai k\u00f3dex<\/a><br \/>\nAdatkezel\u00e9si t\u00e1j\u00e9koztat\u00f3k<\/p>\n<p><a href=\"https:\/\/semmelweis.hu\/vizsgakozpont\/files\/2025\/01\/SE-VK-FN-09-01_V01-20250101-Adatkezelesi-tajekoztato-jelentkezok-jeloltek-vizsgazok-reszere.docx\">Adatkezel\u00e9si t\u00e1j\u00e9koztat\u00f3 jelentkez\u0151k, jel\u00f6ltek, vizsg\u00e1z\u00f3k r\u00e9sz\u00e9re<\/a><br \/>\n<a href=\"https:\/\/semmelweis.hu\/vizsgakozpont\/files\/2025\/01\/SE-VK-FN-09-02_V01-20250101-Adatkezelesi-tajekoztato-vizsgaszereplok-reszere.docx\">Adatkezel\u00e9si t\u00e1j\u00e9koztat\u00f3 vizsgaszerepl\u0151k r\u00e9sz\u00e9re<\/a><br \/>\n<a href=\"https:\/\/semmelweis.hu\/vizsgakozpont\/files\/2025\/07\/SE-VK-FN-09-03_V01-20250101-Adatkezelesi-tajekoztato-panaszkezelest-kerok-reszere.docx\">Adatkezel\u00e9si t\u00e1j\u00e9koztat\u00f3 panaszkezel\u00e9st k\u00e9r\u0151k r\u00e9sz\u00e9re<\/a><\/p>\n<p><a href=\"https:\/\/semmelweis.hu\/vizsgakozpont\/files\/2025\/02\/SE-VK-SZ-02-10_V01-20250101-Panaszkezelesi-es-jogorvoslati-eljarasrend.pdf\">Panaszkezel\u00e9si \u00e9s jogorvoslati elj\u00e1r\u00e1srend<\/a><\/p>\n<p><a href=\"https:\/\/semmelweis.hu\/vizsgakozpont\/files\/2025\/01\/SE-VK-FN-08-01_V01-20250101-Panaszkezelesi-jegyzokonyv.docx\">Panaszkezel\u00e9si jegyz\u0151k\u00f6nyv<\/a><\/p>\n<p><a href=\"https:\/\/semmelweis.hu\/vizsgakozpont\/files\/2025\/07\/SE-VK-SZ-02-12_V01-20250101-Vizsgakozponti-Adatvedelmi-szabalyzat.pdf\">Vizsgak\u00f6zponti Adatv\u00e9delmi szab\u00e1lyzat<\/a><\/p>\n<p>&nbsp;<br \/>\n&nbsp;<\/p>\n","protected":false},"author":102058,"featured_media":0,"parent":0,"menu_order":4,"comment_status":"closed","ping_status":"closed","template":"","meta":{"_acf_changed":false,"footnotes":""},"categories":[],"tags":[],"class_list":["post-30","page","type-page","status-publish","hentry"],"acf":[],"_links":{"self":[{"href":"https:\/\/semmelweis.hu\/vizsgakozpont\/wp-json\/wp\/v2\/pages\/30","targetHints":{"allow":["GET"]}}],"collection":[{"href":"https:\/\/semmelweis.hu\/vizsgakozpont\/wp-json\/wp\/v2\/pages"}],"about":[{"href":"https:\/\/semmelweis.hu\/vizsgakozpont\/wp-json\/wp\/v2\/types\/page"}],"author":[{"embeddable":true,"href":"https:\/\/semmelweis.hu\/vizsgakozpont\/wp-json\/wp\/v2\/users\/102058"}],"replies":[{"embeddable":true,"href":"https:\/\/semmelweis.hu\/vizsgakozpont\/wp-json\/wp\/v2\/comments?post=30"}],"version-history":[{"count":11,"href":"https:\/\/semmelweis.hu\/vizsgakozpont\/wp-json\/wp\/v2\/pages\/30\/revisions"}],"predecessor-version":[{"id":1156,"href":"https:\/\/semmelweis.hu\/vizsgakozpont\/wp-json\/wp\/v2\/pages\/30\/revisions\/1156"}],"wp:attachment":[{"href":"https:\/\/semmelweis.hu\/vizsgakozpont\/wp-json\/wp\/v2\/media?parent=30"}],"wp:term":[{"taxonomy":"category","embeddable":true,"href":"https:\/\/semmelweis.hu\/vizsgakozpont\/wp-json\/wp\/v2\/categories?post=30"},{"taxonomy":"post_tag","embeddable":true,"href":"https:\/\/semmelweis.hu\/vizsgakozpont\/wp-json\/wp\/v2\/tags?post=30"}],"curies":[{"name":"wp","href":"https:\/\/api.w.org\/{rel}","templated":true}]}}