{"id":28,"date":"2022-05-03T11:05:59","date_gmt":"2022-05-03T09:05:59","guid":{"rendered":"https:\/\/semmelweis.hu\/vizsgakozpont\/?page_id=28"},"modified":"2025-10-13T10:43:22","modified_gmt":"2025-10-13T08:43:22","slug":"vizsgaztatoknak-szakertoknek-jegyzoknek","status":"publish","type":"page","link":"https:\/\/semmelweis.hu\/vizsgakozpont\/vizsgaztatoknak-szakertoknek-jegyzoknek\/","title":{"rendered":"Vizsg\u00e1ztat\u00f3knak &#8211; szak\u00e9rt\u0151knek, jegyz\u0151knek"},"content":{"rendered":"<h4><strong>P\u00e1ly\u00e1zati felh\u00edv\u00e1sok<\/strong><\/h4>\n<ul>\n<li><a href=\"https:\/\/semmelweis.hu\/vizsgakozpont\/files\/2025\/01\/SE-VK-FN-05-05_V01-20250101-Palyazati-felhivas-vizsgabizottsagi-tagi-es-feladatfejlesztesi-szakertoi-nevjegyzekre-kerulesre-vonatkozoan.docx\">P\u00e1ly\u00e1zati felh\u00edv\u00e1s vizsg\u00e1ztat\u00f3knak, szak\u00e9rt\u0151knek<\/a><\/li>\n<li><a href=\"https:\/\/semmelweis.hu\/vizsgakozpont\/files\/2025\/01\/SE-VK-FN-05-10_V01-20250101-Palyazati-felhivas-jegyzoi-nevjegyzekre-kerulesre-vonatkozoan.docx\">P\u00e1ly\u00e1zati felh\u00edv\u00e1s jegyz\u0151knek<\/a><\/li>\n<\/ul>\n<h4><strong>\u00d6sszef\u00e9rhetetlens\u00e9g<\/strong><\/h4>\n<ul>\n<li><a href=\"https:\/\/semmelweis.hu\/vizsgakozpont\/vizsgaztatoknak-szakertoknek-jegyzoknek\/osszeferhetetlenseg\/\">\u00d6sszef\u00e9rhetetlens\u00e9g jelz\u00e9se<\/a><\/li>\n<\/ul>\n<h4><strong>Szab\u00e1lyzatok<\/strong><\/h4>\n<ul>\n<li><a href=\"https:\/\/semmelweis.hu\/vizsgakozpont\/files\/2025\/10\/SE-VK-SZ-02-09_V02-20251013-Vizsgaszabalyzat.pdf\">Vizsgaszab\u00e1lyzat<\/a><\/li>\n<li><a href=\"https:\/\/semmelweis.hu\/vizsgakozpont\/files\/2025\/03\/SE-VK-UT-04-01_V01-20250101-Vizsgaztatasban-resztvevo-szemelyek-kivalasztasanak-kovetelmenyei.pdf\">Vizsg\u00e1ztat\u00e1sban r\u00e9sztvev\u0151 szem\u00e9lyek kiv\u00e1laszt\u00e1s\u00e1nak k\u00f6vetelm\u00e9nyei<\/a><\/li>\n<li><a href=\"https:\/\/semmelweis.hu\/vizsgakozpont\/files\/2025\/03\/SE-VK-UT-04-02_V01-20250101-Vizsgafeladat-keszito-szakertok-kivalasztasanak-kovetelmenyei.pdf\">Vizsgafeladat k\u00e9sz\u00edt\u0151 szak\u00e9rt\u0151k kiv\u00e1laszt\u00e1s\u00e1nak k\u00f6vetelm\u00e9nyei<\/a><\/li>\n<li><a href=\"https:\/\/semmelweis.hu\/vizsgakozpont\/files\/2025\/02\/SE-VK-SZ-02-05_V01-20250101-Vizsgafeladatok-keszitese-eljarasrend-1.pdf\">Vizsgafeladatok k\u00e9sz\u00edt\u00e9se elj\u00e1r\u00e1srend<\/a><\/li>\n<\/ul>\n<h4><strong>tov\u00e1bbk\u00e9pz\u00e9sek<\/strong><\/h4>\n<ul>\n<li><a href=\"https:\/\/semmelweis.hu\/vizsgakozpont\/vizsgaztatoknak-szakertoknek-jegyzoknek\/szakertoi-jegyzoi-tovabbkepzes\/\">Szak\u00e9rt\u0151i, jegyz\u0151i tov\u00e1bbk\u00e9pz\u00e9s<\/a>\u00a0<\/li>\n<\/ul>\n","protected":false},"excerpt":{"rendered":"<p>P\u00e1ly\u00e1zati felh\u00edv\u00e1sok<\/p>\n<p><a href=\"https:\/\/semmelweis.hu\/vizsgakozpont\/files\/2025\/01\/SE-VK-FN-05-05_V01-20250101-Palyazati-felhivas-vizsgabizottsagi-tagi-es-feladatfejlesztesi-szakertoi-nevjegyzekre-kerulesre-vonatkozoan.docx\">P\u00e1ly\u00e1zati felh\u00edv\u00e1s vizsg\u00e1ztat\u00f3knak, szak\u00e9rt\u0151knek<\/a><br \/>\n<a href=\"https:\/\/semmelweis.hu\/vizsgakozpont\/files\/2025\/01\/SE-VK-FN-05-10_V01-20250101-Palyazati-felhivas-jegyzoi-nevjegyzekre-kerulesre-vonatkozoan.docx\">P\u00e1ly\u00e1zati felh\u00edv\u00e1s jegyz\u0151knek<\/a><\/p>\n<p>\u00d6sszef\u00e9rhetetlens\u00e9g<\/p>\n<p><a href=\"https:\/\/semmelweis.hu\/vizsgakozpont\/vizsgaztatoknak-szakertoknek-jegyzoknek\/osszeferhetetlenseg\/\">\u00d6sszef\u00e9rhetetlens\u00e9g jelz\u00e9se<\/a><\/p>\n<p>Szab\u00e1lyzatok<\/p>\n<p><a href=\"https:\/\/semmelweis.hu\/vizsgakozpont\/files\/2025\/10\/SE-VK-SZ-02-09_V02-20251013-Vizsgaszabalyzat.pdf\">Vizsgaszab\u00e1lyzat<\/a><br \/>\n<a href=\"https:\/\/semmelweis.hu\/vizsgakozpont\/files\/2025\/03\/SE-VK-UT-04-01_V01-20250101-Vizsgaztatasban-resztvevo-szemelyek-kivalasztasanak-kovetelmenyei.pdf\">Vizsg\u00e1ztat\u00e1sban r\u00e9sztvev\u0151 szem\u00e9lyek kiv\u00e1laszt\u00e1s\u00e1nak k\u00f6vetelm\u00e9nyei<\/a><br \/>\n<a href=\"https:\/\/semmelweis.hu\/vizsgakozpont\/files\/2025\/03\/SE-VK-UT-04-02_V01-20250101-Vizsgafeladat-keszito-szakertok-kivalasztasanak-kovetelmenyei.pdf\">Vizsgafeladat k\u00e9sz\u00edt\u0151 szak\u00e9rt\u0151k kiv\u00e1laszt\u00e1s\u00e1nak k\u00f6vetelm\u00e9nyei<\/a><br \/>\n<a href=\"https:\/\/semmelweis.hu\/vizsgakozpont\/files\/2025\/02\/SE-VK-SZ-02-05_V01-20250101-Vizsgafeladatok-keszitese-eljarasrend-1.pdf\">Vizsgafeladatok k\u00e9sz\u00edt\u00e9se elj\u00e1r\u00e1srend<\/a><\/p>\n<p>tov\u00e1bbk\u00e9pz\u00e9sek<\/p>\n<p><a href=\"https:\/\/semmelweis.hu\/vizsgakozpont\/vizsgaztatoknak-szakertoknek-jegyzoknek\/szakertoi-jegyzoi-tovabbkepzes\/\">Szak\u00e9rt\u0151i, jegyz\u0151i tov\u00e1bbk\u00e9pz\u00e9s<\/a>\u00a0<\/p>\n","protected":false},"author":102058,"featured_media":0,"parent":0,"menu_order":2,"comment_status":"closed","ping_status":"closed","template":"","meta":{"_acf_changed":false,"footnotes":""},"categories":[],"tags":[],"class_list":["post-28","page","type-page","status-publish","hentry"],"acf":[],"_links":{"self":[{"href":"https:\/\/semmelweis.hu\/vizsgakozpont\/wp-json\/wp\/v2\/pages\/28","targetHints":{"allow":["GET"]}}],"collection":[{"href":"https:\/\/semmelweis.hu\/vizsgakozpont\/wp-json\/wp\/v2\/pages"}],"about":[{"href":"https:\/\/semmelweis.hu\/vizsgakozpont\/wp-json\/wp\/v2\/types\/page"}],"author":[{"embeddable":true,"href":"https:\/\/semmelweis.hu\/vizsgakozpont\/wp-json\/wp\/v2\/users\/102058"}],"replies":[{"embeddable":true,"href":"https:\/\/semmelweis.hu\/vizsgakozpont\/wp-json\/wp\/v2\/comments?post=28"}],"version-history":[{"count":11,"href":"https:\/\/semmelweis.hu\/vizsgakozpont\/wp-json\/wp\/v2\/pages\/28\/revisions"}],"predecessor-version":[{"id":1205,"href":"https:\/\/semmelweis.hu\/vizsgakozpont\/wp-json\/wp\/v2\/pages\/28\/revisions\/1205"}],"wp:attachment":[{"href":"https:\/\/semmelweis.hu\/vizsgakozpont\/wp-json\/wp\/v2\/media?parent=28"}],"wp:term":[{"taxonomy":"category","embeddable":true,"href":"https:\/\/semmelweis.hu\/vizsgakozpont\/wp-json\/wp\/v2\/categories?post=28"},{"taxonomy":"post_tag","embeddable":true,"href":"https:\/\/semmelweis.hu\/vizsgakozpont\/wp-json\/wp\/v2\/tags?post=28"}],"curies":[{"name":"wp","href":"https:\/\/api.w.org\/{rel}","templated":true}]}}