{"id":1259,"date":"2026-01-12T11:37:33","date_gmt":"2026-01-12T10:37:33","guid":{"rendered":"https:\/\/semmelweis.hu\/vizsgakozpont\/?page_id=1259"},"modified":"2026-03-25T09:29:57","modified_gmt":"2026-03-25T08:29:57","slug":"meghirdetett-vizsgaink-2026-majus-juniusi-vizsgaidoszak","status":"publish","type":"page","link":"https:\/\/semmelweis.hu\/vizsgakozpont\/vizsgaidopont-vizsgahelyszin\/meghirdetett-vizsgaink-2026-majus-juniusi-vizsgaidoszak\/","title":{"rendered":"Meghirdetett vizsg\u00e1ink &#8211; 2026 m\u00e1jus-j\u00faniusi vizsgaid\u0151szak &#8211; ARCH\u00cdV"},"content":{"rendered":"<table style=\"width: 101.125%\" width=\"905\">\n<tbody>\n<tr>\n<td style=\"width: 108.488%;text-align: center\" colspan=\"8\" width=\"905\"><strong>Szakmai vizsg\u00e1k meghirdet\u00e9se \u2013 2025\/2026-\u00f6s tan\u00e9v m\u00e1jus-j\u00fanius &#8211; ARCH\u00cdV<\/strong><\/td>\n<\/tr>\n<tr>\n<td style=\"width: 7.77538%;text-align: center\" width=\"64\"><strong>Vizsga t\u00edpusa<\/strong><\/td>\n<td style=\"width: 6.15551%;text-align: center\" width=\"64\"><strong>Vizsga ssz.<\/strong><\/td>\n<td style=\"width: 8.31533%;text-align: center\" width=\"64\"><strong>Vizsga helysz\u00edn<\/strong><\/td>\n<td style=\"width: 18.7905%;text-align: center\" width=\"221\"><strong>SZAKMA<\/strong><\/td>\n<td style=\"width: 10.0432%;text-align: center\" width=\"186\"><strong>Interakt\u00edv vizsga id\u0151pont<\/strong><\/td>\n<td style=\"width: 16.619%;text-align: center\" width=\"114\"><strong>Projektvizsga id\u0151pontok<\/strong><\/td>\n<td style=\"width: 16.0664%;text-align: center\" width=\"98\"><strong>Jelentkez\u00e9si hat\u00e1rid\u0151<\/strong><\/td>\n<td style=\"width: 24.7228%;text-align: center\" width=\"94\"><strong>Vizsgad\u00edj<\/strong><\/td>\n<\/tr>\n<tr>\n<td style=\"width: 7.77538%\" width=\"64\">Szakmai vizsga<\/td>\n<td style=\"width: 6.15551%;text-align: center\" width=\"64\">1.<\/td>\n<td style=\"width: 8.31533%\" width=\"64\">Budapest<\/td>\n<td style=\"width: 18.7905%\" width=\"221\">5 0913 03 01 \u2013 \u00c1ltal\u00e1nos \u00e1pol\u00f3 (2024.04.18.)<\/td>\n<td style=\"width: 10.0432%;text-align: center\" width=\"186\">2026.05.13<\/td>\n<td style=\"width: 16.619%;text-align: center\" width=\"114\">2026.05.14-15<br \/>\n2026.05.18-19<br \/>\n2026.05.19<br \/>\n2026.05.28<br \/>\n2026.05.20-21<br \/>\n2026.06.09-10<\/td>\n<td style=\"width: 16.0664%;text-align: center\" width=\"98\">2026.02.15<\/td>\n<td style=\"width: 24.7228%\" width=\"94\">55.000,- Ft\/f\u0151<\/td>\n<\/tr>\n<tr>\n<td style=\"width: 7.77538%\" width=\"64\">Szakmai vizsga<\/td>\n<td style=\"width: 6.15551%;text-align: center\" width=\"64\">2.<\/td>\n<td style=\"width: 8.31533%\" width=\"64\">Budapest<\/td>\n<td style=\"width: 18.7905%\" width=\"221\">5 0913 03 13 \u2013 Csecsem\u0151- \u00e9s gyermek\u00e1pol\u00f3 (2024.07.01.)<\/td>\n<td style=\"width: 10.0432%;text-align: center\" width=\"186\">2026.05.13<\/td>\n<td style=\"width: 16.619%;text-align: center\" width=\"114\">2026.05.14-15<br \/>\n2026.05.18-19<br \/>\n2026.05.20-21<br \/>\n2026.06.10-11<\/td>\n<td style=\"width: 16.0664%;text-align: center\" width=\"98\">2026.02.15<\/td>\n<td style=\"width: 24.7228%\" width=\"94\">55.000,- Ft\/f\u0151<\/td>\n<\/tr>\n<tr>\n<td style=\"width: 7.77538%\" width=\"64\">Szakmai vizsga<\/td>\n<td style=\"width: 6.15551%;text-align: center\" width=\"64\">3.<\/td>\n<td style=\"width: 8.31533%\" width=\"64\">Budapest<\/td>\n<td style=\"width: 18.7905%\" width=\"221\">5 0913 03 02 \u2013 Eg\u00e9szs\u00e9g\u00fcgyi asszisztens (Fog\u00e1szati asszisztens szakmair\u00e1ny) (2024.01.16.)<\/td>\n<td style=\"width: 10.0432%;text-align: center\" width=\"186\">2026.05.13<\/td>\n<td style=\"width: 16.619%;text-align: center\" width=\"114\">2026.05.14-15<br \/>\n2026.05.18-19<br \/>\n2026.05.20-21<br \/>\n2026.06.08-09<\/td>\n<td style=\"width: 16.0664%;text-align: center\" width=\"98\">2026.02.15<\/td>\n<td style=\"width: 24.7228%\" width=\"94\">55.000,- Ft\/f\u0151<\/td>\n<\/tr>\n<tr>\n<td style=\"width: 7.77538%\" width=\"64\">Szakmai vizsga<\/td>\n<td style=\"width: 6.15551%;text-align: center\" width=\"64\">4.<\/td>\n<td style=\"width: 8.31533%\" width=\"64\">Budapest<\/td>\n<td style=\"width: 18.7905%\" width=\"221\">5 0914 03 05 \u2013 Klinikai laborat\u00f3riumi szakasszisztens (Mikrobiol\u00f3giai szakasszisztens szakmair\u00e1ny) (2024.04.18.)<\/td>\n<td style=\"width: 10.0432%;text-align: center\" width=\"186\">2026.05.13<\/td>\n<td style=\"width: 16.619%;text-align: center\" width=\"114\">2026.05.14<\/td>\n<td style=\"width: 16.0664%;text-align: center\" width=\"98\">2026.02.15<\/td>\n<td style=\"width: 24.7228%\" width=\"94\">55.000,- Ft\/f\u0151<\/td>\n<\/tr>\n<tr>\n<td style=\"width: 7.77538%\" width=\"64\">Szakmai vizsga<\/td>\n<td style=\"width: 6.15551%;text-align: center\" width=\"64\">5.<\/td>\n<td style=\"width: 8.31533%\" width=\"64\">Budapest<\/td>\n<td style=\"width: 18.7905%\" width=\"221\">5 0922 22 02 \u2013 Kisgyermekgondoz\u00f3, -nevel\u0151 (2024.01.16.)<\/td>\n<td style=\"width: 10.0432%;text-align: center\" width=\"186\">2026.05.14<\/td>\n<td style=\"width: 16.619%;text-align: center\" width=\"114\">2026.05.18-19-20<br \/>\n2026.05.19<br \/>\n2026.05.26<br \/>\n2026.05.27-28<br \/>\n2026.06.09<\/td>\n<td style=\"width: 16.0664%;text-align: center\" width=\"98\">2026.02.15<\/td>\n<td style=\"width: 24.7228%\" width=\"94\">55.000,- Ft\/f\u0151<\/td>\n<\/tr>\n<tr>\n<td style=\"width: 7.77538%\" width=\"64\">Szakmai vizsga<\/td>\n<td style=\"width: 6.15551%;text-align: center\" width=\"64\">6.<\/td>\n<td style=\"width: 8.31533%\" width=\"64\">Budapest<\/td>\n<td style=\"width: 18.7905%\" width=\"221\">5 0923 03 09 \u2013 Rehabilit\u00e1ci\u00f3s terapeuta (Fizioter\u00e1pi\u00e1s asszisztens szakmair\u00e1ny) (2023.11.21.)<\/td>\n<td style=\"width: 10.0432%;text-align: center\" width=\"186\">2026.05.19<\/td>\n<td style=\"width: 16.619%;text-align: center\" width=\"114\">2026.06.08-09<\/td>\n<td style=\"width: 16.0664%;text-align: center\" width=\"98\">2026.02.15<\/td>\n<td style=\"width: 24.7228%\" width=\"94\">55.000,- Ft\/f\u0151<\/td>\n<\/tr>\n<tr>\n<td style=\"width: 7.77538%\" width=\"64\">Szakmai vizsga<\/td>\n<td style=\"width: 6.15551%;text-align: center\" width=\"64\">7.<\/td>\n<td style=\"width: 8.31533%\" width=\"64\">Budapest<\/td>\n<td style=\"width: 18.7905%\" width=\"221\">5 0914 03 05 \u2013 Klinikai laborat\u00f3riumi szakasszisztens (K\u00e9miai laborat\u00f3riumi szakasszisztens szakmair\u00e1ny) (2024.04.18.)<\/td>\n<td style=\"width: 10.0432%;text-align: center\" width=\"186\">2026.05.20<\/td>\n<td style=\"width: 16.619%;text-align: center\" width=\"114\">2026.06.10-11<\/td>\n<td style=\"width: 16.0664%;text-align: center\" width=\"98\">2026.02.15<\/td>\n<td style=\"width: 24.7228%\" width=\"94\">55.000,- Ft\/f\u0151<\/td>\n<\/tr>\n<tr>\n<td style=\"width: 7.77538%\" width=\"64\">Szakmai vizsga<\/td>\n<td style=\"width: 6.15551%;text-align: center\" width=\"64\">8.<\/td>\n<td style=\"width: 8.31533%\" width=\"64\">Budapest<\/td>\n<td style=\"width: 18.7905%\" width=\"221\">4 0913 03 12 \u2013 Alap\u00e1pol\u00e1si munkat\u00e1rs (2023.11.21.)<\/td>\n<td style=\"width: 10.0432%;text-align: center\" width=\"186\">2026.05.22<\/td>\n<td style=\"width: 16.619%;text-align: center\" width=\"114\">2026.06.01-02-03<\/td>\n<td style=\"width: 16.0664%;text-align: center\" width=\"98\">2026.02.15<\/td>\n<td style=\"width: 24.7228%\" width=\"94\">55.000,- Ft\/f\u0151<\/td>\n<\/tr>\n<tr>\n<td style=\"width: 7.77538%\" width=\"64\">Szakmai vizsga<\/td>\n<td style=\"width: 6.15551%;text-align: center\" width=\"64\">9.<\/td>\n<td style=\"width: 8.31533%\" width=\"64\">Budapest<\/td>\n<td style=\"width: 18.7905%\" width=\"221\">5 0910 03 07 \u2013 Perioperat\u00edv szakasszisztens (M\u0171t\u00e9ti szakasszisztens szakmair\u00e1ny) (2024.04.18.)<\/td>\n<td style=\"width: 10.0432%;text-align: center\" width=\"186\">2026.05.26<\/td>\n<td style=\"width: 16.619%;text-align: center\" width=\"114\">2026.06.16-17-18<\/td>\n<td style=\"width: 16.0664%;text-align: center\" width=\"98\">2026.02.15<\/td>\n<td style=\"width: 24.7228%\" width=\"94\">55.000,- Ft\/f\u0151<\/td>\n<\/tr>\n<tr>\n<td style=\"width: 7.77538%\" width=\"64\">Szakmai vizsga<\/td>\n<td style=\"width: 6.15551%;text-align: center\" width=\"64\">10.<\/td>\n<td style=\"width: 8.31533%\" width=\"64\">Budapest<\/td>\n<td style=\"width: 18.7905%\" width=\"221\">5 0913 03 02 \u2013 Eg\u00e9szs\u00e9g\u00fcgyi asszisztens (Gy\u00f3gyszert\u00e1ri asszisztens szakmair\u00e1ny) (2024.01.16.)<\/td>\n<td style=\"width: 10.0432%;text-align: center\" width=\"186\">2026.05.27<\/td>\n<td style=\"width: 16.619%;text-align: center\" width=\"114\">\n<p>2026.05.28-29-06.01<\/p>\n<p>2026.06.15-16<\/p>\n<\/td>\n<td style=\"width: 16.0664%;text-align: center\" width=\"98\">2026.02.15<\/td>\n<td style=\"width: 24.7228%\" width=\"94\">55.000,- Ft\/f\u0151<\/td>\n<\/tr>\n<tr>\n<td style=\"width: 7.77538%\" width=\"64\">Szakmai vizsga<\/td>\n<td style=\"width: 6.15551%;text-align: center\" width=\"64\">11.<\/td>\n<td style=\"width: 8.31533%\" width=\"64\">Budapest<\/td>\n<td style=\"width: 18.7905%\" width=\"221\">5 0923 03 09 \u2013 Rehabilit\u00e1ci\u00f3s terapeuta (Gy\u00f3gymassz\u0151r szakmair\u00e1ny) (2023.11.21.)<\/td>\n<td style=\"width: 10.0432%;text-align: center\" width=\"186\">2026.05.27<\/td>\n<td style=\"width: 16.619%;text-align: center\" width=\"114\">\n<p>2026.06.02-03-04<\/p>\n<p>2026.06.16-17-18<\/p>\n<\/td>\n<td style=\"width: 16.0664%;text-align: center\" width=\"98\">2026.02.15<\/td>\n<td style=\"width: 24.7228%\" width=\"94\">55.000,- Ft\/f\u0151<\/td>\n<\/tr>\n<tr>\n<td style=\"width: 7.77538%\" width=\"64\">Szakmai vizsga<\/td>\n<td style=\"width: 6.15551%;text-align: center\" width=\"64\">12.<\/td>\n<td style=\"width: 8.31533%\" width=\"64\">Budapest<\/td>\n<td style=\"width: 18.7905%\" width=\"221\">5 0913 03 02 \u2013 Eg\u00e9szs\u00e9g\u00fcgyi asszisztens (Kardiol\u00f3giai \u00e9s angiol\u00f3giai asszisztens szakmair\u00e1ny) (2024.01.16)<\/td>\n<td style=\"width: 10.0432%;text-align: center\" width=\"186\">2026.05.27<\/td>\n<td style=\"width: 16.619%;text-align: center\" width=\"114\">2026.06.22<\/td>\n<td style=\"width: 16.0664%;text-align: center\" width=\"98\">2026.02.15<\/td>\n<td style=\"width: 24.7228%\" width=\"94\">55.000,- Ft\/f\u0151<\/td>\n<\/tr>\n<tr>\n<td style=\"width: 7.77538%\" width=\"64\">Szakmai vizsga<\/td>\n<td style=\"width: 6.15551%;text-align: center\" width=\"64\">13.<\/td>\n<td style=\"width: 8.31533%\" width=\"64\">Budapest<\/td>\n<td style=\"width: 18.7905%\" width=\"221\">5 0910 03 07 \u2013 Perioperat\u00edv szakasszisztens (Aneszteziol\u00f3giai szakasszisztens szakmair\u00e1ny) (2024.04.18.)<\/td>\n<td style=\"width: 10.0432%;text-align: center\" width=\"186\">2026.05.28<\/td>\n<td style=\"width: 16.619%;text-align: center\" width=\"114\">2026.06.08-09<\/td>\n<td style=\"width: 16.0664%;text-align: center\" width=\"98\">2026.02.15<\/td>\n<td style=\"width: 24.7228%\" width=\"94\">55.000,- Ft\/f\u0151<\/td>\n<\/tr>\n<tr>\n<td style=\"width: 7.77538%\" width=\"64\">Szakmai vizsga<\/td>\n<td style=\"width: 6.15551%;text-align: center\" width=\"64\">14.<\/td>\n<td style=\"width: 8.31533%\" width=\"64\">Budapest<\/td>\n<td style=\"width: 18.7905%\" width=\"221\">5 0913 03 02 \u2013 Eg\u00e9szs\u00e9g\u00fcgyi asszisztens (Radiogr\u00e1fiai asszisztens szakmair\u00e1ny) (2024.01.16.)<\/td>\n<td style=\"width: 10.0432%;text-align: center\" width=\"186\">2026.05.28<\/td>\n<td style=\"width: 16.619%;text-align: center\" width=\"114\">2026.02.03<\/td>\n<td style=\"width: 16.0664%;text-align: center\" width=\"98\">2026.02.15<\/td>\n<td style=\"width: 24.7228%\" width=\"94\">55.000,- Ft\/f\u0151<\/td>\n<\/tr>\n<tr>\n<td style=\"width: 7.77538%\" width=\"64\">Szakmai vizsga<\/td>\n<td style=\"width: 6.15551%;text-align: center\" width=\"64\">15.<\/td>\n<td style=\"width: 8.31533%\" width=\"64\">Budapest<\/td>\n<td style=\"width: 18.7905%\" width=\"221\">5 0911 02 01 \u2013 Fogtechnikus (2024.04.18.)<\/td>\n<td style=\"width: 10.0432%;text-align: center\" width=\"186\">2026.05.28<\/td>\n<td style=\"width: 16.619%;text-align: center\" width=\"114\">2026.06.22-23-24<\/td>\n<td style=\"width: 16.0664%;text-align: center\" width=\"98\">2026.02.15<\/td>\n<td style=\"width: 24.7228%\" width=\"94\">71.250,- Ft\/f\u0151<\/td>\n<\/tr>\n<tr>\n<td style=\"width: 7.77538%\" width=\"64\">Szakmai vizsga<\/td>\n<td style=\"width: 6.15551%;text-align: center\" width=\"64\">16.<\/td>\n<td style=\"width: 8.31533%\" width=\"64\">Budapest<\/td>\n<td style=\"width: 18.7905%\" width=\"221\">5 0913 03 11 \u2013 Ment\u0151\u00e1pol\u00f3 (2023.11.21.)<\/td>\n<td style=\"width: 10.0432%;text-align: center\" width=\"186\">2026.05.29<\/td>\n<td style=\"width: 16.619%;text-align: center\" width=\"114\">\n<p>2026.06.08-09<\/p>\n<p>2026.06.23-24<\/p>\n<p>2026.06.25<\/p>\n<\/td>\n<td style=\"width: 16.0664%;text-align: center\" width=\"98\">2026.02.15<\/td>\n<td style=\"width: 24.7228%\" width=\"94\">55.000,- Ft\/f\u0151<\/td>\n<\/tr>\n<tr>\n<td style=\"width: 7.77538%\" width=\"64\">Szakmai vizsga<\/td>\n<td style=\"width: 6.15551%;text-align: center\" width=\"64\">17.<\/td>\n<td style=\"width: 8.31533%\" width=\"64\">Budapest<\/td>\n<td style=\"width: 18.7905%\" width=\"221\">5 0914 03 05 \u2013 Klinikai laborat\u00f3riumi szakasszisztens (Hematol\u00f3giai \u00e9s transzfuziol\u00f3giai szakasszisztens szakmair\u00e1ny) (2024.04.18.)<\/td>\n<td style=\"width: 10.0432%;text-align: center\" width=\"186\">2026.05.29<\/td>\n<td style=\"width: 16.619%;text-align: center\" width=\"114\">2026.06.24-25<\/td>\n<td style=\"width: 16.0664%;text-align: center\" width=\"98\">2026.02.15<\/td>\n<td style=\"width: 24.7228%\" width=\"94\">55.000,- Ft\/f\u0151<\/td>\n<\/tr>\n<\/tbody>\n<\/table>\n","protected":false},"excerpt":{"rendered":"<p>Szakmai vizsg\u00e1k meghirdet\u00e9se \u2013 2025\/2026-\u00f6s tan\u00e9v m\u00e1jus-j\u00fanius &#8211; ARCH\u00cdV Vizsga t\u00edpusa Vizsga ssz. Vizsga helysz\u00edn SZAKMA Interakt\u00edv vizsga id\u0151pont Projektvizsga id\u0151pontok Jelentkez\u00e9si hat\u00e1rid\u0151 Vizsgad\u00edj Szakmai vizsga 1. Budapest 5 0913 03 01 \u2013 \u00c1ltal\u00e1nos \u00e1pol\u00f3 (2024.04.18.) 2026.05.13 2026.05.14-15 2026.05.18-19 2026.05.19 2026.05.28 2026.05.20-21 2026.06.09-10 2026.02.15 55.000,- Ft\/f\u0151 Szakmai vizsga 2. Budapest 5 0913 03 13 \u2013 &hellip;<\/p>\n","protected":false},"author":102065,"featured_media":0,"parent":81,"menu_order":2,"comment_status":"closed","ping_status":"closed","template":"","meta":{"_acf_changed":false,"footnotes":""},"categories":[],"tags":[],"class_list":["post-1259","page","type-page","status-publish","hentry"],"acf":[],"_links":{"self":[{"href":"https:\/\/semmelweis.hu\/vizsgakozpont\/wp-json\/wp\/v2\/pages\/1259","targetHints":{"allow":["GET"]}}],"collection":[{"href":"https:\/\/semmelweis.hu\/vizsgakozpont\/wp-json\/wp\/v2\/pages"}],"about":[{"href":"https:\/\/semmelweis.hu\/vizsgakozpont\/wp-json\/wp\/v2\/types\/page"}],"author":[{"embeddable":true,"href":"https:\/\/semmelweis.hu\/vizsgakozpont\/wp-json\/wp\/v2\/users\/102065"}],"replies":[{"embeddable":true,"href":"https:\/\/semmelweis.hu\/vizsgakozpont\/wp-json\/wp\/v2\/comments?post=1259"}],"version-history":[{"count":8,"href":"https:\/\/semmelweis.hu\/vizsgakozpont\/wp-json\/wp\/v2\/pages\/1259\/revisions"}],"predecessor-version":[{"id":1290,"href":"https:\/\/semmelweis.hu\/vizsgakozpont\/wp-json\/wp\/v2\/pages\/1259\/revisions\/1290"}],"up":[{"embeddable":true,"href":"https:\/\/semmelweis.hu\/vizsgakozpont\/wp-json\/wp\/v2\/pages\/81"}],"wp:attachment":[{"href":"https:\/\/semmelweis.hu\/vizsgakozpont\/wp-json\/wp\/v2\/media?parent=1259"}],"wp:term":[{"taxonomy":"category","embeddable":true,"href":"https:\/\/semmelweis.hu\/vizsgakozpont\/wp-json\/wp\/v2\/categories?post=1259"},{"taxonomy":"post_tag","embeddable":true,"href":"https:\/\/semmelweis.hu\/vizsgakozpont\/wp-json\/wp\/v2\/tags?post=1259"}],"curies":[{"name":"wp","href":"https:\/\/api.w.org\/{rel}","templated":true}]}}