{"id":1227,"date":"2025-11-06T08:50:26","date_gmt":"2025-11-06T07:50:26","guid":{"rendered":"https:\/\/semmelweis.hu\/vizsgakozpont\/?page_id=1227"},"modified":"2026-01-12T11:32:40","modified_gmt":"2026-01-12T10:32:40","slug":"meghirdetett-vizsgaink-2026-februar-marciusi-vizsgaidoszak","status":"publish","type":"page","link":"https:\/\/semmelweis.hu\/vizsgakozpont\/vizsgaidopont-vizsgahelyszin\/meghirdetett-vizsgaink-2026-februar-marciusi-vizsgaidoszak\/","title":{"rendered":"Meghirdetett vizsg\u00e1ink \u2013 2026 febru\u00e1r-m\u00e1rciusi vizsgaid\u0151szak &#8211; ARCH\u00cdV"},"content":{"rendered":"<table style=\"width: 99.6317%\" width=\"1345\">\n<tbody>\n<tr>\n<td style=\"text-align: center;width: 101.399%\" colspan=\"8\" width=\"1345\">Szakmai vizsg\u00e1k meghirdet\u00e9se \u2013 2025\/2026-os tan\u00e9v febru\u00e1r &#8211; m\u00e1rcius<\/td>\n<\/tr>\n<tr>\n<td style=\"text-align: center;width: 7.11638%\" width=\"96\">Vizsga t\u00edpusa<\/td>\n<td style=\"text-align: center;width: 4.22535%\" width=\"44\">Vizsga ssz.<\/td>\n<td style=\"text-align: center;width: 6.81987%\" width=\"92\">Vizsga helysz\u00edn<\/td>\n<td style=\"text-align: center;width: 41.1416%\" width=\"589\">SZAKMA<\/td>\n<td style=\"text-align: center;width: 14.0809%\" width=\"151\">Interakt\u00edv vizsga id\u0151pont<\/td>\n<td style=\"text-align: center;width: 9.26969%\" width=\"138\">Projektvizsga id\u0151pont<\/td>\n<td style=\"text-align: center;width: 9.7109%\" width=\"131\">Jelentkez\u00e9si hat\u00e1rid\u0151<\/td>\n<td style=\"text-align: center;width: 9.03464%\" width=\"104\">Vizsgad\u00edj<\/td>\n<\/tr>\n<tr>\n<td style=\"width: 7.11638%\" width=\"96\">Szakmai vizsga<\/td>\n<td style=\"text-align: center;width: 4.22535%\" width=\"44\">1<\/td>\n<td style=\"width: 6.81987%\" width=\"92\">Budapest<\/td>\n<td style=\"width: 41.1416%\">\n<p data-ccp-timestamp=\"1762414913064\">5 0910 03 07 &#8211; Perioperat\u00edv szakasszisztens (M\u0171t\u00e9ti szakasszisztens szakmair\u00e1ny) (2024.04.18.)<\/p>\n<\/td>\n<td style=\"width: 14.0809%\">\n<p data-ccp-timestamp=\"1762414938580\">2026.02.10. 11:00 \u00f3ra<\/p>\n<\/td>\n<td style=\"width: 9.26969%\">\n<p data-ccp-timestamp=\"1762415059972\">2026. 02. 11.<\/p>\n<\/td>\n<td style=\"width: 9.7109%\">2025. 12. 01.<\/td>\n<td style=\"width: 9.03464%\">55.000,- Ft\/f\u0151<\/td>\n<\/tr>\n<tr>\n<td style=\"width: 7.11638%\" width=\"96\">Szakmai vizsga<\/td>\n<td style=\"text-align: center;width: 4.22535%\" width=\"44\">2<\/td>\n<td style=\"width: 6.81987%\" width=\"92\">Budapest<\/td>\n<td style=\"width: 41.1416%\">5 0913 03 02 &#8211; Eg\u00e9szs\u00e9g\u00fcgyi asszisztens (Gy\u00f3gyszert\u00e1ri asszisztens szakmair\u00e1ny) (2024.01.16.)<\/td>\n<td style=\"width: 14.0809%\">2026.02.12. 09:00 \u00f3ra<\/td>\n<td style=\"width: 9.26969%\">2026. 02. 16.<\/td>\n<td style=\"width: 9.7109%\">2025. 12. 01.<\/td>\n<td style=\"width: 9.03464%\">55.000,- Ft\/f\u0151<\/td>\n<\/tr>\n<tr>\n<td style=\"width: 7.11638%\" width=\"96\">Szakmai vizsga<\/td>\n<td style=\"text-align: center;width: 4.22535%\">3<\/td>\n<td style=\"width: 6.81987%\" width=\"92\">Budapest<\/td>\n<td style=\"width: 41.1416%\">5 0913 03 02 &#8211; Eg\u00e9szs\u00e9g\u00fcgyi asszisztens (Perioperat\u00edv asszisztens szakmair\u00e1ny) (2024.01.16.)<\/td>\n<td style=\"width: 14.0809%\">2026.02.13. 12:00 \u00f3ra<\/td>\n<td style=\"width: 9.26969%\">2026. 02. 16.<\/td>\n<td style=\"width: 9.7109%\">2025. 12. 01.<\/td>\n<td style=\"width: 9.03464%\">55.000,- Ft\/f\u0151<\/td>\n<\/tr>\n<tr>\n<td style=\"width: 7.11638%\" width=\"96\">Szakmai vizsga<\/td>\n<td style=\"text-align: center;width: 4.22535%\" width=\"44\">4<\/td>\n<td style=\"width: 6.81987%\" width=\"92\">Budapest<\/td>\n<td style=\"width: 41.1416%\">5 0913 03 11 &#8211; Ment\u0151\u00e1pol\u00f3 (2023.11.21.)\u00a0\u00a0\u00a0<\/td>\n<td style=\"width: 14.0809%\">2026.02.13. 09:00 \u00f3ra<\/td>\n<td style=\"width: 9.26969%\">2026. 02. 17.<\/td>\n<td style=\"width: 9.7109%\">2025. 12. 01.<\/td>\n<td style=\"width: 9.03464%\">55.000,- Ft\/f\u0151<\/td>\n<\/tr>\n<tr>\n<td style=\"width: 7.11638%\" width=\"96\">Szakmai vizsga<\/td>\n<td style=\"text-align: center;width: 4.22535%\" width=\"44\">5<\/td>\n<td style=\"width: 6.81987%\" width=\"92\">Budapest<\/td>\n<td style=\"width: 41.1416%\">5 0913 03 13 &#8211; Csecsem\u0151- \u00e9s gyermek\u00e1pol\u00f3 (2024.07.01)<\/td>\n<td style=\"width: 14.0809%\">2026.02.18. 13:00 \u00f3ra<\/td>\n<td style=\"width: 9.26969%\">2026. 02. 19.<\/td>\n<td style=\"width: 9.7109%\">2025. 12. 01.<\/td>\n<td style=\"width: 9.03464%\">55.000,- Ft\/f\u0151<\/td>\n<\/tr>\n<tr>\n<td style=\"width: 7.11638%\" width=\"96\">Szakmai vizsga<\/td>\n<td style=\"text-align: center;width: 4.22535%\">6<\/td>\n<td style=\"width: 6.81987%\" width=\"92\">Budapest<\/td>\n<td style=\"width: 41.1416%\">5 0923 03 09 &#8211; Rehabilit\u00e1ci\u00f3s terapeuta (Gy\u00f3gymassz\u0151r szakmair\u00e1ny) (2023.11.21)<\/td>\n<td style=\"width: 14.0809%\">2026.02.16. 09:00 \u00f3ra<\/td>\n<td style=\"width: 9.26969%\">2026. 02. 17.<\/td>\n<td style=\"width: 9.7109%\">2025. 12. 01.<\/td>\n<td style=\"width: 9.03464%\">55.000,- Ft\/f\u0151<\/td>\n<\/tr>\n<tr>\n<td style=\"width: 7.11638%\" width=\"96\">Szakmai vizsga<\/td>\n<td style=\"text-align: center;width: 4.22535%\" width=\"44\">7<\/td>\n<td style=\"width: 6.81987%\" width=\"92\">Budapest<\/td>\n<td style=\"width: 41.1416%\">5 0913 03 02 &#8211; Eg\u00e9szs\u00e9g\u00fcgyi asszisztens (Radiogr\u00e1fiai asszisztens szakmair\u00e1ny) (2024.01.16)<\/td>\n<td style=\"width: 14.0809%\">2026.02.17. 11:00 \u00f3ra<\/td>\n<td style=\"width: 9.26969%\">2026. 02. 18.<\/td>\n<td style=\"width: 9.7109%\">2025. 12. 01.<\/td>\n<td style=\"width: 9.03464%\">55.000,- Ft\/f\u0151<\/td>\n<\/tr>\n<\/tbody>\n<\/table>\n","protected":false},"excerpt":{"rendered":"<p>Szakmai vizsg\u00e1k meghirdet\u00e9se \u2013 2025\/2026-os tan\u00e9v febru\u00e1r &#8211; m\u00e1rcius Vizsga t\u00edpusa Vizsga ssz. Vizsga helysz\u00edn SZAKMA Interakt\u00edv vizsga id\u0151pont Projektvizsga id\u0151pont Jelentkez\u00e9si hat\u00e1rid\u0151 Vizsgad\u00edj Szakmai vizsga 1 Budapest 5 0910 03 07 &#8211; Perioperat\u00edv szakasszisztens (M\u0171t\u00e9ti szakasszisztens szakmair\u00e1ny) (2024.04.18.) 2026.02.10. 11:00 \u00f3ra 2026. 02. 11. 2025. 12. 01. 55.000,- Ft\/f\u0151 Szakmai vizsga 2 Budapest 5 &hellip;<\/p>\n","protected":false},"author":102065,"featured_media":0,"parent":81,"menu_order":2,"comment_status":"closed","ping_status":"closed","template":"","meta":{"_acf_changed":false,"footnotes":""},"categories":[],"tags":[],"class_list":["post-1227","page","type-page","status-publish","hentry"],"acf":[],"_links":{"self":[{"href":"https:\/\/semmelweis.hu\/vizsgakozpont\/wp-json\/wp\/v2\/pages\/1227","targetHints":{"allow":["GET"]}}],"collection":[{"href":"https:\/\/semmelweis.hu\/vizsgakozpont\/wp-json\/wp\/v2\/pages"}],"about":[{"href":"https:\/\/semmelweis.hu\/vizsgakozpont\/wp-json\/wp\/v2\/types\/page"}],"author":[{"embeddable":true,"href":"https:\/\/semmelweis.hu\/vizsgakozpont\/wp-json\/wp\/v2\/users\/102065"}],"replies":[{"embeddable":true,"href":"https:\/\/semmelweis.hu\/vizsgakozpont\/wp-json\/wp\/v2\/comments?post=1227"}],"version-history":[{"count":3,"href":"https:\/\/semmelweis.hu\/vizsgakozpont\/wp-json\/wp\/v2\/pages\/1227\/revisions"}],"predecessor-version":[{"id":1257,"href":"https:\/\/semmelweis.hu\/vizsgakozpont\/wp-json\/wp\/v2\/pages\/1227\/revisions\/1257"}],"up":[{"embeddable":true,"href":"https:\/\/semmelweis.hu\/vizsgakozpont\/wp-json\/wp\/v2\/pages\/81"}],"wp:attachment":[{"href":"https:\/\/semmelweis.hu\/vizsgakozpont\/wp-json\/wp\/v2\/media?parent=1227"}],"wp:term":[{"taxonomy":"category","embeddable":true,"href":"https:\/\/semmelweis.hu\/vizsgakozpont\/wp-json\/wp\/v2\/categories?post=1227"},{"taxonomy":"post_tag","embeddable":true,"href":"https:\/\/semmelweis.hu\/vizsgakozpont\/wp-json\/wp\/v2\/tags?post=1227"}],"curies":[{"name":"wp","href":"https:\/\/api.w.org\/{rel}","templated":true}]}}