{"id":1146,"date":"2025-07-15T07:53:38","date_gmt":"2025-07-15T05:53:38","guid":{"rendered":"https:\/\/semmelweis.hu\/vizsgakozpont\/?page_id=1146"},"modified":"2025-11-06T08:52:21","modified_gmt":"2025-11-06T07:52:21","slug":"meghirdetett-vizsgaink-2025-oktober-novemberi-vizsgaidoszak","status":"publish","type":"page","link":"https:\/\/semmelweis.hu\/vizsgakozpont\/vizsgaidopont-vizsgahelyszin\/meghirdetett-vizsgaink-2025-oktober-novemberi-vizsgaidoszak\/","title":{"rendered":"Meghirdetett vizsg\u00e1ink \u2013 2025 okt\u00f3ber-novemberi vizsgaid\u0151szak &#8211; ARCH\u00cdV"},"content":{"rendered":"<table width=\"1045\">\n<tbody>\n<tr>\n<td colspan=\"8\" width=\"1045\">Szakmai vizsg\u00e1k meghirdet\u00e9se \u2013 2025\/2026-os tan\u00e9v okt\u00f3ber-november &#8211; Arch\u00edv<\/td>\n<\/tr>\n<tr>\n<td width=\"125\">Vizsga t\u00edpusa<\/td>\n<td width=\"126\">Vizsga ssz.<\/td>\n<td width=\"122\">Vizsga helysz\u00edn<\/td>\n<td width=\"198\">SZAKMA<\/td>\n<td width=\"127\">Interakt\u00edv vizsga id\u0151pont<\/td>\n<td width=\"130\">Projektvizsga id\u0151pont<\/td>\n<td width=\"116\">Jelentkez\u00e9si hat\u00e1rid\u0151<\/td>\n<td width=\"101\">Vizsgad\u00edj<\/td>\n<\/tr>\n<tr>\n<td width=\"125\">Szakmai vizsga<\/td>\n<td width=\"126\">1.<\/td>\n<td width=\"122\">Budapest<\/td>\n<td width=\"198\">5 0913 03 02 \u2013 Eg\u00e9szs\u00e9g\u00fcgyi asszisztens (Gy\u00f3gyszert\u00e1ri asszisztens szakmair\u00e1ny) (2024.01.16.)<\/td>\n<td width=\"127\">Szervez\u00e9s alatt<\/td>\n<td width=\"130\">Szervez\u00e9s alatt<\/td>\n<td width=\"116\">2025.08.29<\/td>\n<td width=\"101\">55.000,- Ft\/f\u0151<\/td>\n<\/tr>\n<tr>\n<td width=\"125\">Szakmai vizsga<\/td>\n<td width=\"126\">2.<\/td>\n<td width=\"122\">Budapest<\/td>\n<td width=\"198\">5 0913 03 02 \u2013 Eg\u00e9szs\u00e9g\u00fcgyi asszisztens (Perioperat\u00edv asszisztens szakmair\u00e1ny) (2024.01.16.)<\/td>\n<td width=\"127\">Szervez\u00e9s alatt<\/td>\n<td width=\"130\">Szervez\u00e9s alatt<\/td>\n<td width=\"116\">2025.08.29<\/td>\n<td width=\"101\">55.000,- Ft\/f\u0151<\/td>\n<\/tr>\n<tr>\n<td width=\"125\">Szakmai vizsga<\/td>\n<td width=\"126\">3.<\/td>\n<td width=\"122\">Budapest<\/td>\n<td width=\"198\">5 0913 03 02 \u2013 Eg\u00e9szs\u00e9g\u00fcgyi asszisztens (Fog\u00e1szati asszisztens szakmair\u00e1ny) (2024.01.16.)<\/td>\n<td width=\"127\">Szervez\u00e9s alatt<\/td>\n<td width=\"130\">Szervez\u00e9s alatt<\/td>\n<td width=\"116\">2025.08.29<\/td>\n<td width=\"101\">55.000,- Ft\/f\u0151<\/td>\n<\/tr>\n<tr>\n<td width=\"125\">Szakmai vizsga<\/td>\n<td width=\"126\">4.<\/td>\n<td width=\"122\">Budapest<\/td>\n<td width=\"198\">5 0913 03 02 &#8211; Eg\u00e9szs\u00e9g\u00fcgyi asszisztens (Klinikai neurofiziol\u00f3giai asszisztens szakmair\u00e1ny) (2024.01.16.)<\/td>\n<td width=\"127\">Szervez\u00e9s alatt<\/td>\n<td width=\"130\">Szervez\u00e9s alatt<\/td>\n<td width=\"116\">2025.08.29<\/td>\n<td width=\"101\">55.000,- Ft\/f\u0151<\/td>\n<\/tr>\n<tr>\n<td width=\"125\">Szakmai vizsga<\/td>\n<td width=\"126\">5.<\/td>\n<td width=\"122\">Budapest<\/td>\n<td width=\"198\">5 0913 03 02 \u2013 Eg\u00e9szs\u00e9g\u00fcgyi asszisztens (Radiogr\u00e1fiai asszisztens szakmair\u00e1ny) (2024.01.16.)<\/td>\n<td width=\"127\">Szervez\u00e9s alatt<\/td>\n<td width=\"130\">Szervez\u00e9s alatt<\/td>\n<td width=\"116\">2025.08.29<\/td>\n<td width=\"101\">55.000,- Ft\/f\u0151<\/td>\n<\/tr>\n<tr>\n<td width=\"125\">Szakmai vizsga<\/td>\n<td width=\"126\">6.<\/td>\n<td width=\"122\">Budapest<\/td>\n<td width=\"198\">5 0913 03 11 \u2013 Ment\u0151\u00e1pol\u00f3 (2023.11.21.)<\/td>\n<td width=\"127\">Szervez\u00e9s alatt<\/td>\n<td width=\"130\">Szervez\u00e9s alatt<\/td>\n<td width=\"116\">2025.08.29<\/td>\n<td width=\"101\">55.000,- Ft\/f\u0151<\/td>\n<\/tr>\n<tr>\n<td width=\"125\">Szakmai vizsga<\/td>\n<td width=\"126\">7.<\/td>\n<td width=\"122\">Budapest<\/td>\n<td width=\"198\">5 0913 03 01 \u2013 \u00c1ltal\u00e1nos \u00e1pol\u00f3 (2024.04.18.)<\/td>\n<td width=\"127\">Szervez\u00e9s alatt<\/td>\n<td width=\"130\">Szervez\u00e9s alatt<\/td>\n<td width=\"116\">2025.08.29<\/td>\n<td width=\"101\">55.000,- Ft\/f\u0151<\/td>\n<\/tr>\n<tr>\n<td width=\"125\">Szakmai vizsga<\/td>\n<td width=\"126\">8.<\/td>\n<td width=\"122\">Budapest<\/td>\n<td width=\"198\">5 0913 03 13 \u2013 Csecsem\u0151- \u00e9s gyermek\u00e1pol\u00f3 (2024.07.01.)<\/td>\n<td width=\"127\">Szervez\u00e9s alatt<\/td>\n<td width=\"130\">Szervez\u00e9s alatt<\/td>\n<td width=\"116\">2025.08.29<\/td>\n<td width=\"101\">55.000,- Ft\/f\u0151<\/td>\n<\/tr>\n<tr>\n<td width=\"125\">Szakmai vizsga<\/td>\n<td width=\"126\">9.<\/td>\n<td width=\"122\">Budapest<\/td>\n<td width=\"198\">5 0923 03 09 \u2013 Rehabilit\u00e1ci\u00f3s terapeuta (Gy\u00f3gymassz\u0151r szakmair\u00e1ny) (2023.11.21.)<\/td>\n<td width=\"127\">Szervez\u00e9s alatt<\/td>\n<td width=\"130\">Szervez\u00e9s alatt<\/td>\n<td width=\"116\">2025.08.29<\/td>\n<td width=\"101\">55.000,- Ft\/f\u0151<\/td>\n<\/tr>\n<tr>\n<td width=\"125\">Szakmai vizsga<\/td>\n<td width=\"126\">10.<\/td>\n<td width=\"122\">Budapest<\/td>\n<td width=\"198\">5 0914 03 05 \u2013 Klinikai laborat\u00f3riumi szakasszisztens (K\u00e9miai laborat\u00f3riumi szakasszisztens szakmair\u00e1ny) (2024.04.18.)<\/td>\n<td width=\"127\">Szervez\u00e9s alatt<\/td>\n<td width=\"130\">Szervez\u00e9s alatt<\/td>\n<td width=\"116\">2025.08.29<\/td>\n<td width=\"101\">55.000,- Ft\/f\u0151<\/td>\n<\/tr>\n<tr>\n<td width=\"125\">Szakmai vizsga<\/td>\n<td width=\"126\">11.<\/td>\n<td width=\"122\">Budapest<\/td>\n<td width=\"198\">5 0914 03 05 \u2013 Klinikai laborat\u00f3riumi szakasszisztens (Mikrobiol\u00f3giai szakasszisztens szakmair\u00e1ny) (2024.04.18.)<\/td>\n<td width=\"127\">Szervez\u00e9s alatt<\/td>\n<td width=\"130\">Szervez\u00e9s alatt<\/td>\n<td width=\"116\">2025.08.29<\/td>\n<td width=\"101\">55.000,- Ft\/f\u0151<\/td>\n<\/tr>\n<tr>\n<td width=\"125\">Szakmai vizsga<\/td>\n<td width=\"126\">12.<\/td>\n<td width=\"122\">Budapest<\/td>\n<td width=\"198\">5 0910 03 07 \u2013 Perioperat\u00edv szakasszisztens (Aneszteziol\u00f3giai szakasszisztens szakmair\u00e1ny) (2024.04.18.)<\/td>\n<td width=\"127\">Szervez\u00e9s alatt<\/td>\n<td width=\"130\">Szervez\u00e9s alatt<\/td>\n<td width=\"116\">2025.08.29<\/td>\n<td width=\"101\">55.000,- Ft\/f\u0151<\/td>\n<\/tr>\n<tr>\n<td width=\"125\">Szakmai vizsga<\/td>\n<td width=\"126\">13.<\/td>\n<td width=\"122\">Budapest<\/td>\n<td width=\"198\">5 0910 03 07 \u2013 Perioperat\u00edv szakasszisztens (M\u0171t\u00e9ti szakasszisztens szakmair\u00e1ny) (2024.04.18.)<\/td>\n<td width=\"127\">Szervez\u00e9s alatt<\/td>\n<td width=\"130\">Szervez\u00e9s alatt<\/td>\n<td width=\"116\">2025.08.29<\/td>\n<td width=\"101\">55.000,- Ft\/f\u0151<\/td>\n<\/tr>\n<\/tbody>\n<\/table>\n","protected":false},"excerpt":{"rendered":"<p>Szakmai vizsg\u00e1k meghirdet\u00e9se \u2013 2025\/2026-os tan\u00e9v okt\u00f3ber-november &#8211; Arch\u00edv Vizsga t\u00edpusa Vizsga ssz. Vizsga helysz\u00edn SZAKMA Interakt\u00edv vizsga id\u0151pont Projektvizsga id\u0151pont Jelentkez\u00e9si hat\u00e1rid\u0151 Vizsgad\u00edj Szakmai vizsga 1. Budapest 5 0913 03 02 \u2013 Eg\u00e9szs\u00e9g\u00fcgyi asszisztens (Gy\u00f3gyszert\u00e1ri asszisztens szakmair\u00e1ny) (2024.01.16.) Szervez\u00e9s alatt Szervez\u00e9s alatt 2025.08.29 55.000,- Ft\/f\u0151 Szakmai vizsga 2. Budapest 5 0913 03 02 \u2013 &hellip;<\/p>\n","protected":false},"author":102065,"featured_media":0,"parent":81,"menu_order":3,"comment_status":"closed","ping_status":"closed","template":"","meta":{"_acf_changed":false,"footnotes":""},"categories":[],"tags":[],"class_list":["post-1146","page","type-page","status-publish","hentry"],"acf":[],"_links":{"self":[{"href":"https:\/\/semmelweis.hu\/vizsgakozpont\/wp-json\/wp\/v2\/pages\/1146","targetHints":{"allow":["GET"]}}],"collection":[{"href":"https:\/\/semmelweis.hu\/vizsgakozpont\/wp-json\/wp\/v2\/pages"}],"about":[{"href":"https:\/\/semmelweis.hu\/vizsgakozpont\/wp-json\/wp\/v2\/types\/page"}],"author":[{"embeddable":true,"href":"https:\/\/semmelweis.hu\/vizsgakozpont\/wp-json\/wp\/v2\/users\/102065"}],"replies":[{"embeddable":true,"href":"https:\/\/semmelweis.hu\/vizsgakozpont\/wp-json\/wp\/v2\/comments?post=1146"}],"version-history":[{"count":2,"href":"https:\/\/semmelweis.hu\/vizsgakozpont\/wp-json\/wp\/v2\/pages\/1146\/revisions"}],"predecessor-version":[{"id":1196,"href":"https:\/\/semmelweis.hu\/vizsgakozpont\/wp-json\/wp\/v2\/pages\/1146\/revisions\/1196"}],"up":[{"embeddable":true,"href":"https:\/\/semmelweis.hu\/vizsgakozpont\/wp-json\/wp\/v2\/pages\/81"}],"wp:attachment":[{"href":"https:\/\/semmelweis.hu\/vizsgakozpont\/wp-json\/wp\/v2\/media?parent=1146"}],"wp:term":[{"taxonomy":"category","embeddable":true,"href":"https:\/\/semmelweis.hu\/vizsgakozpont\/wp-json\/wp\/v2\/categories?post=1146"},{"taxonomy":"post_tag","embeddable":true,"href":"https:\/\/semmelweis.hu\/vizsgakozpont\/wp-json\/wp\/v2\/tags?post=1146"}],"curies":[{"name":"wp","href":"https:\/\/api.w.org\/{rel}","templated":true}]}}