{"id":1083,"date":"2025-02-27T14:37:22","date_gmt":"2025-02-27T13:37:22","guid":{"rendered":"https:\/\/semmelweis.hu\/vizsgakozpont\/?page_id=1083"},"modified":"2026-03-09T08:58:59","modified_gmt":"2026-03-09T07:58:59","slug":"az-europass-bizonyitvany-kiegeszito-es-annak-igenylese","status":"publish","type":"page","link":"https:\/\/semmelweis.hu\/vizsgakozpont\/vizsgazoknak\/az-europass-bizonyitvany-kiegeszito-es-annak-igenylese\/","title":{"rendered":"Az Europass bizony\u00edtv\u00e1ny-kieg\u00e9sz\u00edt\u0151 \u00e9s annak ig\u00e9nyl\u00e9se"},"content":{"rendered":"<p>Az Europass bizony\u00edtv\u00e1ny-kieg\u00e9sz\u00edt\u0151 \u00f6nmag\u00e1ban nem b\u00edr jogi \u00e9rv\u00e9nnyel, csak a szakk\u00e9pzetts\u00e9get igazol\u00f3 bizony\u00edtv\u00e1nnyal egy\u00fctt \u00e9rv\u00e9nyes. Form\u00e1tuma az Eur\u00f3pai Uni\u00f3 \u00e1ltal meghat\u00e1rozott szabv\u00e1nyt k\u00f6veti, nem egy\u00e9nre, hanem szakk\u00e9pes\u00edt\u00e9sre vonatkozik. Az Eur\u00f3pai Uni\u00f3 tagorsz\u00e1gai a szakk\u00e9pzetts\u00e9get igazol\u00f3 bizony\u00edtv\u00e1ny \u00e1tv\u00e9tele ut\u00e1n \u2013 a sikeres vizsg\u00e1t tett szem\u00e9ly \u00edr\u00e1sbeli, adatlapon t\u00f6rt\u00e9n\u0151 k\u00e9relm\u00e9re \u2013 adj\u00e1k ki az \u00fan. bizony\u00edtv\u00e1ny-kieg\u00e9sz\u00edt\u0151t, amely a szakk\u00e9pes\u00edt\u00e9sek kompetenci\u00e1kon alapul\u00f3 le\u00edr\u00e1s\u00e1t foglalja mag\u00e1ba.<\/p>\n<p>Az Europass bizony\u00edtv\u00e1ny-kieg\u00e9sz\u00edt\u0151 ki\u00e1ll\u00edt\u00e1sa a sikeres vizsg\u00e1t tett vizsg\u00e1z\u00f3, mint ig\u00e9nyl\u0151 k\u00e9relme alapj\u00e1n t\u00f6rt\u00e9nik. A k\u00e9relem beny\u00fatj\u00e1s\u00e1nak: <br \/>\n1. m\u00f3dja: e-mailben megk\u00fcldve<br \/>\n2. form\u00e1ja: \u00edr\u00e1sban, a vizsgak\u00f6zpont \u00e1ltal alkalmazott, <a href=\"https:\/\/semmelweis.hu\/vizsgakozpont\/files\/2026\/03\/SE-VK-FN-07-27_V02-20260309-Kerelem-Europass-bizonyitvany-kiegeszito-kiallitasara.docx\">itt<\/a> el\u00e9rhet\u0151 nyomtatv\u00e1ny sablon kit\u00f6lt\u00e9s\u00e9vel \u00e9s a kit\u00f6lt\u00f6tt v\u00e1ltozat sarkozi.stefania@semmelweis.hu e-mail c\u00edmre t\u00f6rt\u00e9n\u0151 megk\u00fcld\u00e9s\u00e9vel. A k\u00e9relem \u00e9rv\u00e9nyess\u00e9g\u00e9nek krit\u00e9riumai:<\/p>\n<ol style=\"list-style-type: lower-alpha\">\n<li>hi\u00e1nytalanul kit\u00f6lt\u00f6tt,<\/li>\n<li>helyesen kit\u00f6lt\u00f6tt,<\/li>\n<li>a k\u00e9relmez\u0151 azonos\u00edt\u00e1s\u00e1ra alkalmas.<\/li>\n<\/ol>\n<p>Az ig\u00e9nyl\u0151lap elektronikus kit\u00f6lt\u00e9s \u00e9s e-mailes megk\u00fcld\u00e9s \u00fatj\u00e1n, al\u00e1\u00edr\u00e1s n\u00e9lk\u00fcl \u00e9rv\u00e9nyes.<br \/>\nAz ig\u00e9nyl\u0151 a k\u00e9relemben bocs\u00e1jtja a vizsgak\u00f6zpont rendelkez\u00e9s\u00e9re a pontos szem\u00e9lyi \u00e9s k\u00e9pz\u00e9si adatokat, illetve el\u00e9rhet\u0151s\u00e9geit (postac\u00edm, telefonsz\u00e1m).<br \/>\nAz Europass bizony\u00edtv\u00e1ny-kieg\u00e9sz\u00edt\u0151 ki\u00e1ll\u00edt\u00e1sa vizsg\u00e1z\u00f3i k\u00e9relem alapj\u00e1n, annak be\u00e9rkez\u00e9se ut\u00e1n, az \u00e1ltal\u00e1nos \u00fcgyint\u00e9z\u00e9si hat\u00e1rid\u0151n (30 napon) bel\u00fcl t\u00f6rt\u00e9nik, a dokumentum elk\u00e9sz\u00edt\u00e9s\u00e9t a vizsgak\u00f6zpont vezet\u0151je \u00e1ltal kijel\u00f6lt munkat\u00e1rs v\u00e9gzi, az elk\u00e9sz\u00fclt kieg\u00e9sz\u00edt\u0151t a vizsgak\u00f6zpont vezet\u0151je \u00edrja al\u00e1.<br \/>\nAz Europass bizony\u00edtv\u00e1ny-kieg\u00e9sz\u00edt\u0151 kiad\u00e1sa szem\u00e9lyesen, \u00e1tad\u00e1s-\u00e1tv\u00e9teli jegyz\u00e9k alkalmaz\u00e1s\u00e1val, vagy postai \u00faton, t\u00e9rtivev\u00e9ny alkalmaz\u00e1sa mellett t\u00f6rt\u00e9nik.<br \/>\nA kiad\u00e1s\u00e1\u00e9rt fizetend\u0151 t\u00e9r\u00edt\u00e9si d\u00edjak \u00e9s azok megfizet\u00e9s\u00e9nek igazol\u00e1sa:<\/p>\n<ol style=\"list-style-type: lower-alpha\">\n<li>A bizony\u00edtv\u00e1ny-kieg\u00e9sz\u00edt\u0151 magyar \u00e9s angol nyelven t\u00f6rt\u00e9n\u0151 kiad\u00e1sa t\u00e9r\u00edt\u00e9smentes, m\u00e1s hivatalos nyelveken (olasz, n\u00e9met, francia, spanyol) t\u00f6rt\u00e9n\u0151 ig\u00e9nyl\u00e9s eset\u00e9n annak d\u00edja a mindenkor \u00e9rv\u00e9nyes jogszab\u00e1ly szerinti \u00f6sszeg.<\/li>\n<li>Amennyiben az ig\u00e9nyl\u00e9s a k\u00e9relem alapj\u00e1n d\u00edjk\u00f6teles, annak megfizet\u00e9s\u00e9re a vizsgak\u00f6zpont postai \u00faton csekket bocs\u00e1t az ig\u00e9nyl\u0151 rendelkez\u00e9s\u00e9re. A csekk befizet\u00e9s\u00e9t k\u00f6vet\u0151en a postai felad\u00f3vev\u00e9nyt elektronikusan a k\u00e9relem kapcs\u00e1n relev\u00e1ns e-mail c\u00edmre sz\u00fcks\u00e9ges megk\u00fcldeni, annak be\u00e9rkez\u00e9se az az Europass bizony\u00edtv\u00e1ny-kieg\u00e9sz\u00edt\u0151 ki\u00e1ll\u00edt\u00e1s\u00e1nak el\u0151felt\u00e9tele.<\/li>\n<\/ol>\n","protected":false},"excerpt":{"rendered":"<p>Az Europass bizony\u00edtv\u00e1ny-kieg\u00e9sz\u00edt\u0151 \u00f6nmag\u00e1ban nem b\u00edr jogi \u00e9rv\u00e9nnyel, csak a szakk\u00e9pzetts\u00e9get igazol\u00f3 bizony\u00edtv\u00e1nnyal egy\u00fctt \u00e9rv\u00e9nyes. Form\u00e1tuma az Eur\u00f3pai Uni\u00f3 \u00e1ltal meghat\u00e1rozott szabv\u00e1nyt k\u00f6veti, nem egy\u00e9nre, hanem szakk\u00e9pes\u00edt\u00e9sre vonatkozik. Az Eur\u00f3pai Uni\u00f3 tagorsz\u00e1gai a szakk\u00e9pzetts\u00e9get igazol\u00f3 bizony\u00edtv\u00e1ny \u00e1tv\u00e9tele ut\u00e1n \u2013 a sikeres vizsg\u00e1t tett szem\u00e9ly \u00edr\u00e1sbeli, adatlapon t\u00f6rt\u00e9n\u0151 k\u00e9relm\u00e9re \u2013 adj\u00e1k ki az \u00fan. bizony\u00edtv\u00e1ny-kieg\u00e9sz\u00edt\u0151t, amely &hellip;<\/p>\n","protected":false},"author":102065,"featured_media":0,"parent":26,"menu_order":6,"comment_status":"closed","ping_status":"closed","template":"","meta":{"_acf_changed":false,"footnotes":""},"categories":[],"tags":[],"class_list":["post-1083","page","type-page","status-publish","hentry"],"acf":[],"_links":{"self":[{"href":"https:\/\/semmelweis.hu\/vizsgakozpont\/wp-json\/wp\/v2\/pages\/1083","targetHints":{"allow":["GET"]}}],"collection":[{"href":"https:\/\/semmelweis.hu\/vizsgakozpont\/wp-json\/wp\/v2\/pages"}],"about":[{"href":"https:\/\/semmelweis.hu\/vizsgakozpont\/wp-json\/wp\/v2\/types\/page"}],"author":[{"embeddable":true,"href":"https:\/\/semmelweis.hu\/vizsgakozpont\/wp-json\/wp\/v2\/users\/102065"}],"replies":[{"embeddable":true,"href":"https:\/\/semmelweis.hu\/vizsgakozpont\/wp-json\/wp\/v2\/comments?post=1083"}],"version-history":[{"count":4,"href":"https:\/\/semmelweis.hu\/vizsgakozpont\/wp-json\/wp\/v2\/pages\/1083\/revisions"}],"predecessor-version":[{"id":1281,"href":"https:\/\/semmelweis.hu\/vizsgakozpont\/wp-json\/wp\/v2\/pages\/1083\/revisions\/1281"}],"up":[{"embeddable":true,"href":"https:\/\/semmelweis.hu\/vizsgakozpont\/wp-json\/wp\/v2\/pages\/26"}],"wp:attachment":[{"href":"https:\/\/semmelweis.hu\/vizsgakozpont\/wp-json\/wp\/v2\/media?parent=1083"}],"wp:term":[{"taxonomy":"category","embeddable":true,"href":"https:\/\/semmelweis.hu\/vizsgakozpont\/wp-json\/wp\/v2\/categories?post=1083"},{"taxonomy":"post_tag","embeddable":true,"href":"https:\/\/semmelweis.hu\/vizsgakozpont\/wp-json\/wp\/v2\/tags?post=1083"}],"curies":[{"name":"wp","href":"https:\/\/api.w.org\/{rel}","templated":true}]}}